{"id":100,"date":"2007-02-20T18:06:56","date_gmt":"2007-02-20T16:06:56","guid":{"rendered":"https:\/\/www.lepeuplequimanque.org\/festival\/equipepartenairesremerciements\/"},"modified":"2023-11-04T15:19:53","modified_gmt":"2023-11-04T14:19:53","slug":"equipepartenairesremerciements","status":"publish","type":"page","link":"https:\/\/www.lepeuplequimanque.org\/en\/festival-queer-2007\/equipepartenairesremerciements\/","title":{"rendered":"Equipe\/Partenaires\/Remerciements"},"content":{"rendered":"<div align=\"center\">\n<p><font size=\"4\">Equipe<\/font><\/p>\n<p>Le peuple qui manque \/ Watashitachi<\/p>\n<p>Direction du festival, programmation, textes, communication, conception graphique, site internet :<br \/>\n  <br \/>Kantuta Quiros &amp; Aliocha Imhoff<\/p>\n<p>Les traducteurs :<br \/>\n  <br \/>Erika Blondel, Gustavo Gomez-Mejia,<br \/>\n  <br \/>Xavier Rose, Harriet Hirshorn,<br \/>\n  Sonia Rocio Mukoda de la Pe\u00f1a,<br \/>Oksana Milmeyster, Katharina Witkowska,<\/p>\n<p>Accueil public et enregistrement vid\u00e9o:<br \/>\n  <br \/>Julie Alfonsi.<br \/>\n  \n<\/p>\n<\/div>\n<p>\n  \n<\/p>\n<div align=\"center\"><font size=\"4\">Partenaires<\/font><br \/>\n  <br \/><a href=\"https:\/\/www.lentrepot.fr\/\"><br \/>\n  <img decoding=\"async\" vspace=\"5\" hspace=\"5\" border=\"0\" src=\"https:\/\/www.lepeuplequimanque.org\/festivalqueer\/entrepot.jpg\" \/><\/a><br \/>\n  <br \/> <a href=\"https:\/\/www.paris.fr\/\"><br \/>\n  <img decoding=\"async\" vspace=\"5\" hspace=\"5\" border=\"0\" src=\"https:\/\/www.lepeuplequimanque.org\/festivalqueer\/paris.jpg\" \/><\/a><br \/>\n  <img decoding=\"async\" vspace=\"5\" hspace=\"5\" border=\"0\" src=\"https:\/\/www.lepeuplequimanque.org\/festivalqueer\/parisjeune.jpg\" \/> <a href=\"https:\/\/www.crous-creteil.fr\/\"><br \/>\n  <img decoding=\"async\" vspace=\"5\" hspace=\"5\" border=\"0\" src=\"https:\/\/www.lepeuplequimanque.org\/festivalqueer\/crous.gif\" \/><\/a> <a href=\"https:\/\/www.univ-paris8.fr\/\"><br \/>\n  <img decoding=\"async\" vspace=\"5\" hspace=\"5\" border=\"0\" src=\"https:\/\/www.lepeuplequimanque.org\/festivalqueer\/fsdie.jpg\" \/><\/a> <a href=\"https:\/\/www.critikat.com\/\"><br \/>\n  <img decoding=\"async\" vspace=\"5\" hspace=\"5\" border=\"0\" src=\"https:\/\/www.lepeuplequimanque.org\/festivalqueer\/critikat.gif\" \/><\/a> <a href=\"https:\/\/www.pinktv.fr\/\"><br \/>\n  <img decoding=\"async\" vspace=\"5\" hspace=\"5\" border=\"0\" src=\"https:\/\/www.lepeuplequimanque.org\/festivalqueer\/pink.jpg\" \/><\/a> <a href=\"https:\/\/www.gayvox.com\/\"><br \/>\n  <img decoding=\"async\" vspace=\"5\" hspace=\"5\" border=\"0\" src=\"https:\/\/www.lepeuplequimanque.org\/festivalqueer\/gayvox.gif\" \/><\/a>\n<\/div>\n<div align=\"center\">&nbsp;<br \/>\n  \n<\/div>\n<div align=\"center\"><font size=\"4\">Remerciements<\/font><\/p>\n<\/div>\n<div align=\"justify\">Pierre Nicolas (cin\u00e9ma l\u2019Entrep\u00f4t),<br \/>\n  <br \/>Mairie de Paris (Sandrine Mazetier, Evelyne Harari, Estelle Bazireau), Paris Jeune association (Cl\u00e9mentine Autain, Isabelle Coubrun, Emmanuel Dufour)<br \/>\n  <br \/><strong>Ainsi que : <\/strong><br \/>\n  <br \/>Addoc, Advitam, Alessandro Avellis, Alternatives th\u00e9\u00e2trales (Chantal Hurault), AquaHomo, L&#8217;Artmaniaque (Antoine Jeanjean), Artfactories, Le blog du corps, <span style=\"font-size: 12pt;\"><\/span>Sylvie Ananos, Annexia (Laurent), les Archives Lesbiennes, Judith Cahen, Carrefour des festivals (Maud Amson), Centre Simone de Beauvoir (Nicole Fernandez Ferrer, Laeticia Puertas), Cineguns, cin\u00e9-super8.net, Cineffable (Virginie Martinez, Delphine Lassiaille, l\u2019\u00e9quipe de traduction), commeaucinema.com, Critikat (Clement Graminies, Fabien Reyre), Cin\u00e9math\u00e8que Afrique (Jeanick Le Naour), Le Cube (Carine Le Malet),&nbsp; Jean Den\u00e8gre, La Dixi\u00e8me Muse (Val\u00e9rie), DocNet, Victoire Dubruel, Dykeplanet, L\u2019Etna, Festival de Films Gay et Lesbien de Paris (Florence Fradelizi), Festival Tels Quels de Bruxelles (Martial Kairet, Wattier Melanie), Les Films de la Croisade, Fluctuat, l\u2019INA (Brigitte Dieu), Gabriele Ferluga, Galaxies, Gayvox, Michka Gorki, Guidaltern (Esteban), Nathalie Magnan, Jean-Claude Moineau, Brice Hebert, Heure exquise ! (V\u00e9ronique Thellier et Thierry Destrez), Homme qui danse (Didier Moulinier), Homofesty, Indymedia Paris et Suisse, Catherine Librini, Light Cone (Christophe Bichon, Claire Gausse), Maman a tort &#8211; Radio Campus Paris (Emily), Marielle (Dead Prince), Marions les homos, Multitudes, Ninja Magazine, Les Panth\u00e8res Roses de Paris (Rikita Piole, Sandra), Les Panth\u00e8res Roses de Montr\u00e9al (Julien Boisvert, V\u00e9ro), Liens-socio, paris-gay.com, Les p\u00e9riph\u00e9riques vous parlent (Hors champ, Federica Bertelli), Pinkscreen (Soizic), Catherine Philippot, PinkTV (David R\u00e9gnier), Nad\u00e8ge Piton, Point Ligne Plan (Christian Merlhiot), Positifs.org, Post-\u00f4-Porno, Pourinfos, pr\u00e9f\u00e9rencesmag.com, les Queer MC, Radio Libertaire \/P\u00e9d\u00e9rama (Coco du Bois Joli), Reel Revolution Films (Beth Harrison Prado), Rencontres Paris\/Berlin (Jean-Fran\u00e7ois Rettig), Carlos Quintero, Fr\u00e9d\u00e9ric Rambeau, Brice Rocton, Sc\u00e9nographies urbaines (Fran\u00e7ois Duconseille), Barbara Schuch, Alberto Sorbelli, Supertapette, T\u00eatu et t\u00eatu.com (Charlotte Bourgeois), Third World Newsreel (Roselly A. Torres Rojas), David TV, Ulrike Ottinger Office (Ulla Niehaus, Silja Lex), No\u00ebl V\u00e9ry, Visuelimage, Vue Mer (Gay Provence), Samuel Wahl (Micro-Cassandre), R\u00e9my Yadan, Elvan Zabunyan.<\/p>\n<p><strong>Les auteurs : <\/strong><br \/>\n  <br \/>Anne Lescot et Laurence Magloire, Barbara Hammer, Catherine Corringer, Charles Atlas, Del LaGrace Volcano, Gabriel Baur, GAT (Maxime), Gina Lamb, Hans Scheirl, Jennifer Abod, Jean-Louis Costes, Jean-Pierre Bekolo, Judith Cahen, Kurt Kren, Lee Adams, Mara Mattuschka, Maria Galindo et Mujeres Creando, Maria Klonaris et Katerina Thomadaki, Nexus, Nil Yalter, Oreet Ashery, Rapha\u00ebl Vincent,&nbsp; Roger Danel, Steven Cohen, Shari Frilot, Sonja de Vries et Rhonda Collins, Sothean Nhieim, Stuart Gaffney, Ulrike Ottinger, Usama Alshaibi, Violeta Salvatierra, Yann Le Masson.<\/p>\n<p><strong>Les intervenants :<\/strong><br \/>\n  <br \/>Elsa Dorlin, Eric Fassin, H\u00e9l\u00e8ne Fleckinger, Louis Georges Tin, Jean-Claude Moineau, Les Panth\u00e8res Roses<\/p>\n<p>Ainsi que tous ceux qui nous ont envoy\u00e9 leurs films et que nous n\u2019avons pas pu programmer dans le cadre de ce festival.<\/p>\n<p><strong>Cr\u00e9dits photos affiches: <\/strong><br \/>\n  <br \/>&#8211; Venus Boyz de Gabriel Baur<br \/>\n  <br \/>&#8211; Jacobs Pilger, 1981, \u00a9 Ulrike Ottinger<\/p>\n<div align=\"center\"><a href=\"https:\/\/www.gayvox.com\/\"><br \/>\n    <img decoding=\"async\" vspace=\"5\" hspace=\"5\" border=\"0\" src=\"https:\/\/www.lepeuplequimanque.org\/festivalqueer\/partenaires\/ban_gayvox.gif\" style=\"display: none;\" \/><\/a>\n  <\/div>\n<\/div>\n<p>","protected":false},"excerpt":{"rendered":"<p>Equipe Le peuple qui manque \/ Watashitachi Direction du festival, programmation, textes, communication, conception graphique, site internet :&#8230;<\/p>\n","protected":false},"author":1,"featured_media":0,"parent":80,"menu_order":9,"comment_status":"closed","ping_status":"closed","template":"page-left-sidebar-parents.php","meta":{"footnotes":""},"categories":[],"tags":[],"class_list":["post-100","page","type-page","status-publish"],"aioseo_notices":[],"_links":{"self":[{"href":"https:\/\/www.lepeuplequimanque.org\/en\/wp-json\/wp\/v2\/pages\/100","targetHints":{"allow":["GET"]}}],"collection":[{"href":"https:\/\/www.lepeuplequimanque.org\/en\/wp-json\/wp\/v2\/pages"}],"about":[{"href":"https:\/\/www.lepeuplequimanque.org\/en\/wp-json\/wp\/v2\/types\/page"}],"author":[{"embeddable":true,"href":"https:\/\/www.lepeuplequimanque.org\/en\/wp-json\/wp\/v2\/users\/1"}],"replies":[{"embeddable":true,"href":"https:\/\/www.lepeuplequimanque.org\/en\/wp-json\/wp\/v2\/comments?post=100"}],"version-history":[{"count":0,"href":"https:\/\/www.lepeuplequimanque.org\/en\/wp-json\/wp\/v2\/pages\/100\/revisions"}],"up":[{"embeddable":true,"href":"https:\/\/www.lepeuplequimanque.org\/en\/wp-json\/wp\/v2\/pages\/80"}],"wp:attachment":[{"href":"https:\/\/www.lepeuplequimanque.org\/en\/wp-json\/wp\/v2\/media?parent=100"}],"wp:term":[{"taxonomy":"category","embeddable":true,"href":"https:\/\/www.lepeuplequimanque.org\/en\/wp-json\/wp\/v2\/categories?post=100"},{"taxonomy":"post_tag","embeddable":true,"href":"https:\/\/www.lepeuplequimanque.org\/en\/wp-json\/wp\/v2\/tags?post=100"}],"curies":[{"name":"wp","href":"https:\/\/api.w.org\/{rel}","templated":true}]}}