{"id":1136,"date":"2015-01-15T16:41:30","date_gmt":"2015-01-15T15:41:30","guid":{"rendered":"https:\/\/www.lepeuplequimanque.org\/?page_id=1136"},"modified":"2024-03-10T11:21:53","modified_gmt":"2024-03-10T10:21:53","slug":"partenaires","status":"publish","type":"page","link":"https:\/\/www.lepeuplequimanque.org\/en\/magiciens\/partenaires\/","title":{"rendered":"Supports and Staff &#8211; Beyond the Magiciens Effect"},"content":{"rendered":"[vc_row type=&#8221;in_container&#8221; full_screen_row_position=&#8221;middle&#8221; column_margin=&#8221;default&#8221; column_direction=&#8221;default&#8221; column_direction_tablet=&#8221;default&#8221; column_direction_phone=&#8221;default&#8221; scene_position=&#8221;center&#8221; text_color=&#8221;dark&#8221; text_align=&#8221;left&#8221; row_border_radius=&#8221;none&#8221; row_border_radius_applies=&#8221;bg&#8221; overflow=&#8221;visible&#8221; overlay_strength=&#8221;0.3&#8243; gradient_direction=&#8221;left_to_right&#8221; shape_divider_position=&#8221;bottom&#8221; bg_image_animation=&#8221;none&#8221;][vc_column column_padding=&#8221;no-extra-padding&#8221; column_padding_tablet=&#8221;inherit&#8221; column_padding_phone=&#8221;inherit&#8221; column_padding_position=&#8221;all&#8221; column_element_direction_desktop=&#8221;default&#8221; column_element_spacing=&#8221;default&#8221; desktop_text_alignment=&#8221;default&#8221; tablet_text_alignment=&#8221;default&#8221; phone_text_alignment=&#8221;default&#8221; background_color_opacity=&#8221;1&#8243; background_hover_color_opacity=&#8221;1&#8243; column_backdrop_filter=&#8221;none&#8221; column_shadow=&#8221;none&#8221; column_border_radius=&#8221;none&#8221; column_link_target=&#8221;_self&#8221; column_position=&#8221;default&#8221; gradient_direction=&#8221;left_to_right&#8221; overlay_strength=&#8221;0.3&#8243; width=&#8221;1\/1&#8243; tablet_width_inherit=&#8221;default&#8221; animation_type=&#8221;default&#8221; bg_image_animation=&#8221;none&#8221; border_type=&#8221;simple&#8221; column_border_width=&#8221;none&#8221; column_border_style=&#8221;solid&#8221;][nectar_global_section id=&#8221;4773&#8243;][\/vc_column][\/vc_row][vc_row type=&#8221;in_container&#8221; full_screen_row_position=&#8221;middle&#8221; column_margin=&#8221;default&#8221; column_direction=&#8221;default&#8221; column_direction_tablet=&#8221;default&#8221; column_direction_phone=&#8221;default&#8221; scene_position=&#8221;center&#8221; text_color=&#8221;dark&#8221; text_align=&#8221;left&#8221; row_border_radius=&#8221;none&#8221; row_border_radius_applies=&#8221;bg&#8221; overflow=&#8221;visible&#8221; overlay_strength=&#8221;0.3&#8243; gradient_direction=&#8221;left_to_right&#8221; shape_divider_position=&#8221;bottom&#8221; bg_image_animation=&#8221;none&#8221;][vc_column column_padding=&#8221;no-extra-padding&#8221; column_padding_tablet=&#8221;inherit&#8221; column_padding_phone=&#8221;inherit&#8221; column_padding_position=&#8221;all&#8221; column_element_direction_desktop=&#8221;default&#8221; column_element_spacing=&#8221;default&#8221; desktop_text_alignment=&#8221;default&#8221; tablet_text_alignment=&#8221;default&#8221; phone_text_alignment=&#8221;default&#8221; background_color_opacity=&#8221;1&#8243; background_hover_color_opacity=&#8221;1&#8243; column_backdrop_filter=&#8221;none&#8221; column_shadow=&#8221;none&#8221; column_border_radius=&#8221;none&#8221; column_link_target=&#8221;_self&#8221; column_position=&#8221;default&#8221; gradient_direction=&#8221;left_to_right&#8221; overlay_strength=&#8221;0.3&#8243; width=&#8221;1\/4&#8243; tablet_width_inherit=&#8221;default&#8221; animation_type=&#8221;default&#8221; bg_image_animation=&#8221;none&#8221; border_type=&#8221;simple&#8221; column_border_width=&#8221;none&#8221; column_border_style=&#8221;solid&#8221;][\/vc_column][vc_column column_padding=&#8221;no-extra-padding&#8221; column_padding_tablet=&#8221;inherit&#8221; column_padding_phone=&#8221;inherit&#8221; column_padding_position=&#8221;all&#8221; column_element_direction_desktop=&#8221;default&#8221; column_element_spacing=&#8221;default&#8221; desktop_text_alignment=&#8221;default&#8221; tablet_text_alignment=&#8221;default&#8221; phone_text_alignment=&#8221;default&#8221; background_color_opacity=&#8221;1&#8243; background_hover_color_opacity=&#8221;1&#8243; column_backdrop_filter=&#8221;none&#8221; column_shadow=&#8221;none&#8221; column_border_radius=&#8221;none&#8221; column_link_target=&#8221;_self&#8221; column_position=&#8221;default&#8221; gradient_direction=&#8221;left_to_right&#8221; overlay_strength=&#8221;0.3&#8243; width=&#8221;1\/2&#8243; tablet_width_inherit=&#8221;default&#8221; animation_type=&#8221;default&#8221; bg_image_animation=&#8221;none&#8221; border_type=&#8221;simple&#8221; column_border_width=&#8221;none&#8221; column_border_style=&#8221;solid&#8221;][vc_column_text]\n<p>&nbsp;<\/p>\n<h3>Staff and partners<\/h3>\n<p><strong><strong>Production<\/strong>:<br \/>\nle peuple qui manque<br \/>\n<\/strong><strong>Curating and direction<\/strong>: Aliocha Imhoff &amp; Kantuta Quiros<br \/>\n<strong>Scenography<\/strong>: Adel Cersaque<br \/>\n<strong>Coordination<\/strong>: Isabelle Montin, Helena Hattmannsdorfer, Viola Giulia Milocco<br \/>\n<strong>Simultaneous translations<\/strong>: Yves Tixier, Samantha Pellmann,\u00a0Axelle Dallot,\u00a0Sabino Pena Arcia<br \/>\nTranslators :\u00a0Isabelle Montin<br \/>\nActors\u00a0:\u00a0Marie Zabukobec, Alain Dzukam Simo, Bams, Jephte<span class=\"fbPhotoTagListTag tagItem\">\u00a0Carmil<\/span>, P<span class=\"fbPhotoTagListTag tagItem\">atrick Fondjo<\/span><br \/>\nCameramen: Gael Gomez, Adrien Pavie, Riccardo Ferrante<br \/>\nPresident : Carlos Quintero<\/p>\n<p>With the support of\u00a0<strong>Mairie de Paris<\/strong>,\u00a0<strong>R\u00e9gion Ile-de-France<\/strong>, <strong>Fondation Calouste Gulbenkian \u2013 D\u00e9l\u00e9gation en France<\/strong>, <strong>Laboratoires d\u2019Aubervilliers<\/strong>.\u00a0A publication will follow, supported by the <strong>Ecole Nationale Sup\u00e9rieure des Beaux-Arts de Nantes M\u00e9tropole\/Ecole Nationale Sup\u00e9rieure d\u2019Architecture<\/strong>\u00a0and the <strong>Presses Universitaires de Rennes<\/strong>.<\/p>\n<p><img loading=\"lazy\" decoding=\"async\" class=\"aligncenter wp-image-1034 size-full\" src=\"https:\/\/www.lepeuplequimanque.org\/wp-content\/uploads\/2014\/12\/logos-magiciens.png\" alt=\"Magiciens de la Terre Logos Partenaires\" width=\"548\" height=\"161\" srcset=\"https:\/\/www.lepeuplequimanque.org\/wp-content\/uploads\/2014\/12\/logos-magiciens.png 548w, https:\/\/www.lepeuplequimanque.org\/wp-content\/uploads\/2014\/12\/logos-magiciens-150x44.png 150w, https:\/\/www.lepeuplequimanque.org\/wp-content\/uploads\/2014\/12\/logos-magiciens-300x88.png 300w\" sizes=\"auto, (max-width: 548px) 100vw, 548px\" \/><\/p>\n<hr \/>\n<p><strong><br \/>\n<strong>We would like to particularly thank<\/strong>:<br \/>\n<\/strong><\/p>\n<p><strong>La R\u00e9gion Ile-de-France<\/strong><br \/>\nJean-Paul Huchon<br \/>\n<strong>Unit\u00e9 Soci\u00e9t\u00e9\/Culture, Tourisme, sports, loisirs \u2013 Action culturelle et arts plastiques<\/strong><br \/>\nV\u00e9ronique Martin<\/p>\n<p><strong>Mairie de Paris<\/strong><br \/>\nBruno Julliard<br \/>\nAnne Lehut<br \/>\nBarbara Wolffer<br \/>\nGuilhem Chabas<br \/>\nLily Matras<\/p>\n<p><strong>Fondation Gulbenkian <\/strong><br \/>\nJo\u00e3o Cara\u00e7a<br \/>\nMiguel Magalhaes<br \/>\nainsi que toute l&#8217;\u00e9quipe de la Fondation<\/p>\n<p><strong>Les Laboratoires d&#8217;Aubervilliers<\/strong><br \/>\nAlexandra Baudelot<br \/>\nDora Garc\u00eda<br \/>\nMathilde Villeneuve<br \/>\nAnne Millet<br \/>\nAmaury Seval<br \/>\nMarie-Laure Lapeyr\u00e8re<br \/>\nainsi que toute l&#8217;\u00e9quipe<\/p>\n<p><strong>Ecole Sup\u00e9rieure des Beaux-Arts de Nantes M\u00e9tropole \u00a0<\/strong><br \/>\n<strong>Ecole Nationale Sup\u00e9rieure d\u2019Architecture de Nantes\u00a0<\/strong><br \/>\nPierre-Jean Galdin<br \/>\nChristian Dautel<br \/>\nEmmanuelle Ch\u00e9rel<br \/>\nLaurent Devisme<\/p>\n<p><strong>Presses Universitaires de Rennes\u00a0<\/strong><br \/>\nPierre Corbel<br \/>\nChristophe Viard<\/p>\n<p><strong>and<\/strong><\/p>\n<p>Carlos Quintero, Christophe Girard, Philippe-Alain Michaud, Claire Moul\u00e8ne, Christine Jamart, A\u00efnhoa Jean-Calmettes, Alain Berland, Anne Sauvagnargues, Isabelle Montin,\u00a0Viola Giulia Milocco, Margaux Bonopera, Marie-Laure Allain Bonilla, Wagner Morales, Florence Guilbot, Simon Lucciani, Marie Bechetoille, Cesar Delgado Wixan.<\/p>\n<p>Translations :\u00a0Isabelle Montin, Mireille &amp; Marco-Antonio Quiros<\/p>\n[\/vc_column_text][\/vc_column][vc_column column_padding=&#8221;no-extra-padding&#8221; column_padding_tablet=&#8221;inherit&#8221; column_padding_phone=&#8221;inherit&#8221; column_padding_position=&#8221;all&#8221; column_element_direction_desktop=&#8221;default&#8221; column_element_spacing=&#8221;default&#8221; desktop_text_alignment=&#8221;default&#8221; tablet_text_alignment=&#8221;default&#8221; phone_text_alignment=&#8221;default&#8221; background_color_opacity=&#8221;1&#8243; background_hover_color_opacity=&#8221;1&#8243; column_backdrop_filter=&#8221;none&#8221; column_shadow=&#8221;none&#8221; column_border_radius=&#8221;none&#8221; column_link_target=&#8221;_self&#8221; column_position=&#8221;default&#8221; gradient_direction=&#8221;left_to_right&#8221; overlay_strength=&#8221;0.3&#8243; width=&#8221;1\/4&#8243; tablet_width_inherit=&#8221;default&#8221; animation_type=&#8221;default&#8221; bg_image_animation=&#8221;none&#8221; border_type=&#8221;simple&#8221; column_border_width=&#8221;none&#8221; column_border_style=&#8221;solid&#8221;][\/vc_column][\/vc_row]","protected":false},"excerpt":{"rendered":"<p>[vc_row type=&#8221;in_container&#8221; full_screen_row_position=&#8221;middle&#8221; column_margin=&#8221;default&#8221; column_direction=&#8221;default&#8221; column_direction_tablet=&#8221;default&#8221; column_direction_phone=&#8221;default&#8221; scene_position=&#8221;center&#8221; text_color=&#8221;dark&#8221; text_align=&#8221;left&#8221; row_border_radius=&#8221;none&#8221; row_border_radius_applies=&#8221;bg&#8221; overflow=&#8221;visible&#8221; overlay_strength=&#8221;0.3&#8243; gradient_direction=&#8221;left_to_right&#8221; shape_divider_position=&#8221;bottom&#8221; bg_image_animation=&#8221;none&#8221;][vc_column column_padding=&#8221;no-extra-padding&#8221;&#8230;<\/p>\n","protected":false},"author":1,"featured_media":0,"parent":1029,"menu_order":5,"comment_status":"closed","ping_status":"closed","template":"page-no-sidebar.php","meta":{"footnotes":""},"categories":[],"tags":[],"class_list":["post-1136","page","type-page","status-publish"],"aioseo_notices":[],"_links":{"self":[{"href":"https:\/\/www.lepeuplequimanque.org\/en\/wp-json\/wp\/v2\/pages\/1136","targetHints":{"allow":["GET"]}}],"collection":[{"href":"https:\/\/www.lepeuplequimanque.org\/en\/wp-json\/wp\/v2\/pages"}],"about":[{"href":"https:\/\/www.lepeuplequimanque.org\/en\/wp-json\/wp\/v2\/types\/page"}],"author":[{"embeddable":true,"href":"https:\/\/www.lepeuplequimanque.org\/en\/wp-json\/wp\/v2\/users\/1"}],"replies":[{"embeddable":true,"href":"https:\/\/www.lepeuplequimanque.org\/en\/wp-json\/wp\/v2\/comments?post=1136"}],"version-history":[{"count":0,"href":"https:\/\/www.lepeuplequimanque.org\/en\/wp-json\/wp\/v2\/pages\/1136\/revisions"}],"up":[{"embeddable":true,"href":"https:\/\/www.lepeuplequimanque.org\/en\/wp-json\/wp\/v2\/pages\/1029"}],"wp:attachment":[{"href":"https:\/\/www.lepeuplequimanque.org\/en\/wp-json\/wp\/v2\/media?parent=1136"}],"wp:term":[{"taxonomy":"category","embeddable":true,"href":"https:\/\/www.lepeuplequimanque.org\/en\/wp-json\/wp\/v2\/categories?post=1136"},{"taxonomy":"post_tag","embeddable":true,"href":"https:\/\/www.lepeuplequimanque.org\/en\/wp-json\/wp\/v2\/tags?post=1136"}],"curies":[{"name":"wp","href":"https:\/\/api.w.org\/{rel}","templated":true}]}}