{"id":1183,"date":"2015-01-18T17:33:53","date_gmt":"2015-01-18T16:33:53","guid":{"rendered":"https:\/\/www.lepeuplequimanque.org\/?page_id=1183"},"modified":"2024-03-10T11:21:10","modified_gmt":"2024-03-10T10:21:10","slug":"6-fevrier-2015","status":"publish","type":"page","link":"https:\/\/www.lepeuplequimanque.org\/en\/magiciens\/6-fevrier-2015\/","title":{"rendered":"Day 1 &#8211; Beyond the Magiciens Effect &#8211; February 6th, 2015"},"content":{"rendered":"[vc_row type=&#8221;in_container&#8221; full_screen_row_position=&#8221;middle&#8221; column_margin=&#8221;default&#8221; column_direction=&#8221;default&#8221; column_direction_tablet=&#8221;default&#8221; column_direction_phone=&#8221;default&#8221; scene_position=&#8221;center&#8221; text_color=&#8221;dark&#8221; text_align=&#8221;left&#8221; row_border_radius=&#8221;none&#8221; row_border_radius_applies=&#8221;bg&#8221; overflow=&#8221;visible&#8221; overlay_strength=&#8221;0.3&#8243; gradient_direction=&#8221;left_to_right&#8221; shape_divider_position=&#8221;bottom&#8221; bg_image_animation=&#8221;none&#8221;][vc_column column_padding=&#8221;no-extra-padding&#8221; column_padding_tablet=&#8221;inherit&#8221; column_padding_phone=&#8221;inherit&#8221; column_padding_position=&#8221;all&#8221; column_element_direction_desktop=&#8221;default&#8221; column_element_spacing=&#8221;default&#8221; desktop_text_alignment=&#8221;default&#8221; tablet_text_alignment=&#8221;default&#8221; phone_text_alignment=&#8221;default&#8221; background_color_opacity=&#8221;1&#8243; background_hover_color_opacity=&#8221;1&#8243; column_backdrop_filter=&#8221;none&#8221; column_shadow=&#8221;none&#8221; column_border_radius=&#8221;none&#8221; column_link_target=&#8221;_self&#8221; column_position=&#8221;default&#8221; gradient_direction=&#8221;left_to_right&#8221; overlay_strength=&#8221;0.3&#8243; width=&#8221;1\/1&#8243; tablet_width_inherit=&#8221;default&#8221; animation_type=&#8221;default&#8221; bg_image_animation=&#8221;none&#8221; border_type=&#8221;simple&#8221; column_border_width=&#8221;none&#8221; column_border_style=&#8221;solid&#8221;][nectar_global_section id=&#8221;4773&#8243;][\/vc_column][\/vc_row][vc_row type=&#8221;in_container&#8221; full_screen_row_position=&#8221;middle&#8221; column_margin=&#8221;default&#8221; column_direction=&#8221;default&#8221; column_direction_tablet=&#8221;default&#8221; column_direction_phone=&#8221;default&#8221; scene_position=&#8221;center&#8221; text_color=&#8221;dark&#8221; text_align=&#8221;left&#8221; row_border_radius=&#8221;none&#8221; row_border_radius_applies=&#8221;bg&#8221; overflow=&#8221;visible&#8221; overlay_strength=&#8221;0.3&#8243; gradient_direction=&#8221;left_to_right&#8221; shape_divider_position=&#8221;bottom&#8221; bg_image_animation=&#8221;none&#8221;][vc_column column_padding=&#8221;no-extra-padding&#8221; column_padding_tablet=&#8221;inherit&#8221; column_padding_phone=&#8221;inherit&#8221; column_padding_position=&#8221;all&#8221; column_element_direction_desktop=&#8221;default&#8221; column_element_spacing=&#8221;default&#8221; desktop_text_alignment=&#8221;default&#8221; tablet_text_alignment=&#8221;default&#8221; phone_text_alignment=&#8221;default&#8221; background_color_opacity=&#8221;1&#8243; background_hover_color_opacity=&#8221;1&#8243; column_backdrop_filter=&#8221;none&#8221; column_shadow=&#8221;none&#8221; column_border_radius=&#8221;none&#8221; column_link_target=&#8221;_self&#8221; column_position=&#8221;default&#8221; gradient_direction=&#8221;left_to_right&#8221; overlay_strength=&#8221;0.3&#8243; width=&#8221;1\/4&#8243; tablet_width_inherit=&#8221;default&#8221; animation_type=&#8221;default&#8221; bg_image_animation=&#8221;none&#8221; border_type=&#8221;simple&#8221; column_border_width=&#8221;none&#8221; column_border_style=&#8221;solid&#8221;][\/vc_column][vc_column column_padding=&#8221;no-extra-padding&#8221; column_padding_tablet=&#8221;inherit&#8221; column_padding_phone=&#8221;inherit&#8221; column_padding_position=&#8221;all&#8221; column_element_direction_desktop=&#8221;default&#8221; column_element_spacing=&#8221;default&#8221; desktop_text_alignment=&#8221;default&#8221; tablet_text_alignment=&#8221;default&#8221; phone_text_alignment=&#8221;default&#8221; background_color_opacity=&#8221;1&#8243; background_hover_color_opacity=&#8221;1&#8243; column_backdrop_filter=&#8221;none&#8221; column_shadow=&#8221;none&#8221; column_border_radius=&#8221;none&#8221; column_link_target=&#8221;_self&#8221; column_position=&#8221;default&#8221; gradient_direction=&#8221;left_to_right&#8221; overlay_strength=&#8221;0.3&#8243; width=&#8221;1\/2&#8243; tablet_width_inherit=&#8221;default&#8221; animation_type=&#8221;default&#8221; bg_image_animation=&#8221;none&#8221; border_type=&#8221;simple&#8221; column_border_width=&#8221;none&#8221; column_border_style=&#8221;solid&#8221;][vc_column_text]\n<p>&nbsp;<\/p>\n<h3>Friday, February 6, 2015<\/h3>\n<p><strong>Fondation Gulbenkian<\/strong><br \/>\n11am\u00a0&#8211; 6pm<\/p>\n<p>Diplomats:<br \/>\n<strong><a href=\"\/en\/magiciens\/invites#joaquinbarriendos\">Joaquin Barriendos<\/a> <\/strong>(art theorist),\u00a0<a href=\"\/en\/magiciens\/invites#jeromedavid\"><strong>J\u00e9r\u00f4me David<\/strong><\/a> (literary theorist),\u00a0<strong><a href=\"\/en\/magiciens\/invites#pedrolasch\">Pedro Lasch<\/a>\u00a0<\/strong>(artist),\u00a0<a href=\"\/en\/magiciens\/invites#jeanclaudemoineau\"><strong>Jean-Claude Moineau<\/strong><\/a>* (art theorist),\u00a0<strong><a href=\"\/en\/magiciens\/invites#camilledetoledo\">Camille de Toledo<\/a>\u00a0<\/strong>(writer, artist),\u00a0<a href=\"\/en\/magiciens\/invites#nicolasvieillescazes\"><strong>Nicolas Vieillescazes<\/strong><\/a> (philosopher)<\/p>\n<p>At 11 am<br \/>\n<strong>Testimonials<\/strong><br \/>\nThe morning talks will come back on what we call the \u201cMagiciens effect\u201d, opening with a testimonial against the global space of art. Dedicated to analyzing and challenging the current geography of art, the exchange will act as a prelude to a prospective and propositional moment.<\/p>\n<p><strong>Aliocha Imhoff &amp; Kantuta Quiros<\/strong> (curators, theorists)<br \/>\n<a href=\"https:\/\/www.lepeuplequimanque.org\/magiciens\/invites#joaquinbarriendos\"><strong>Joaquin Barriendos<\/strong><\/a> (art theorist)<br \/>\nAesthetic Diplomacy. Can the Subaltern Geographies of Art Speak?<br \/>\n<a href=\"https:\/\/www.lepeuplequimanque.org\/magiciens\/invites#vincentnormand\"><strong>Vincent Normand <\/strong><\/a>(writers, curator)<br \/>\nThe Magic Circle: the Expanded Field and Anthropological Positivism<br \/>\n<strong><a href=\"https:\/\/www.lepeuplequimanque.org\/magiciens\/invites#emanuellecherel\">Emmanuelle Ch\u00e9rel<\/a>\u00a0<\/strong>(art historian)<br \/>\nRevisiting the paradigms of art history<br \/>\n<a href=\"https:\/\/www.lepeuplequimanque.org\/magiciens\/invites#johnpfeffer\"><strong>John Peffer <\/strong><\/a>(art theorist)<br \/>\nCommuniqu\u00e9 from a possible future where <em>Magiciens<\/em> never happened<\/p>\n<p>At 2 pm<br \/>\n<strong>Between totality and fragmentation<\/strong><br \/>\nIn the wake of the fragmented narratives and the possible art histories that proliferated under decolonial and postcolonial studies, new totalizing narratives are emerging today: from global art history to Bruno Latour\u2019s concept of the Anthropocene and the pragmatic universal (now largely mobilized by the art world) or, prior to that, Fredric Jameson\u2019s appeal to recreate totality. The afternoon will be devoted to examining this dichotomy, this paradox that innervate the global art space, and to putting forth ideas for an alternative geography of art.<\/p>\n<p><strong><a href=\"https:\/\/www.lepeuplequimanque.org\/magiciens\/invites#boaventura\"><strong><strong>Jean-Claude Moineau*<\/strong><\/strong><\/a><\/strong><a href=\"https:\/\/www.lepeuplequimanque.org\/magiciens\/invites#boaventura\"> (art theorist)<\/a><strong><a href=\"https:\/\/www.lepeuplequimanque.org\/magiciens\/invites#boaventura\"><strong><br \/>\n<\/strong><\/a><\/strong><a href=\"https:\/\/www.lepeuplequimanque.org\/magiciens\/invites#boaventura\">The quarrel of universalism <\/a><a href=\"https:\/\/www.lepeuplequimanque.org\/magiciens\/invites#boaventura\"><br \/>\n<\/a><strong><a href=\"https:\/\/www.lepeuplequimanque.org\/magiciens\/invites#boaventura\"><strong>Boaventura de Sousa Santos<\/strong><\/a><\/strong> (sociologist)<br \/>\n<a href=\"https:\/\/www.lepeuplequimanque.org\/magiciens\/invites#nicolasvieillescazes\"><strong>Nicolas Vieillescazes<\/strong><\/a> (philosopher)<br \/>\nTotalization as imperative<strong><br \/>\n<\/strong><a href=\"\/en\/magiciens\/invites#romainbertrand\"><strong>Romain Bertrand<\/strong><\/a>\u00a0(historian)<br \/>\nSortir de la zone-contact. Esquisses d&#8217;une &#8220;histoire connect\u00e9e&#8221; des mondes de l&#8217;art<br \/>\n<strong><a href=\"https:\/\/www.lepeuplequimanque.org\/magiciens\/invites#lionelruffel\">Lionel Ruffel<\/a>\u00a0<\/strong>(literary theorist)<br \/>\nBrouhaha. Worlds of the Contemporary<br \/>\n<a href=\"https:\/\/www.lepeuplequimanque.org\/magiciens\/invites#pascalecasanova\"><strong>Pascale Casanova <\/strong><\/a>(literary theorist)<br \/>\n<a href=\"https:\/\/www.lepeuplequimanque.org\/magiciens\/invites#jeromedavid\"><strong>J\u00e9r\u00f4me David<\/strong><\/a> (literary theorist)<br \/>\nL&#8217;arbitrage des mondialit\u00e9s<br \/>\n<a href=\"https:\/\/www.lepeuplequimanque.org\/magiciens\/invites#idasoulard\"><strong>Ida Soulard<\/strong><\/a>\u00a0(art historian)<br \/>\nT\u00e9ratologies f\u00e9ministes<\/p>\n<div id=\"joaquinbarriendos\" style=\"display: none;\">\n<h3>Joaqu\u00edn Barriendos<\/h3>\n<p>Joaqu\u00edn Barriendos enseigne \u00e0 l\u2019Universit\u00e9 de Columbia (D\u00e9partement des Cultures latino-am\u00e9ricaines et ib\u00e9riques). Il \u00e9tait chercheur invit\u00e9 (2010) \u00e0 l\u2019Institut National d\u2019Histoire de l\u2019Art \u00e0 Paris (Art et Mondialisation) ; (2009) du programme d\u2019\u00e9tudes mus\u00e9ales (New York University). Il a lanc\u00e9 (2009) le projet The Rise of Global Art: A Geopolitical View on the International Contemporary Art System (Universit\u00e9 de Barcelone), publi\u00e9 sur les asym\u00e9tries \u00e9conomiques, esth\u00e9tiques et \u00e9pist\u00e9miques du \u2018monde de l\u2019art global\u2019. Il a publi\u00e9 (2007) Geoest\u00e9tica y Transculturalidad et co-\u00e9dit\u00e9 (2011), Global Circuits: The Geography of Art and the New Configurations of Critical Thought<\/p>\n<\/div>\n<p>&nbsp;<\/p>\n<div id=\"gtx-trans\" style=\"position: absolute; left: -100px; top: 34.2188px;\">\n<div class=\"gtx-trans-icon\">\u00a0<\/div>\n<\/div>\n[\/vc_column_text][\/vc_column][vc_column column_padding=&#8221;no-extra-padding&#8221; column_padding_tablet=&#8221;inherit&#8221; column_padding_phone=&#8221;inherit&#8221; column_padding_position=&#8221;all&#8221; column_element_direction_desktop=&#8221;default&#8221; column_element_spacing=&#8221;default&#8221; desktop_text_alignment=&#8221;default&#8221; tablet_text_alignment=&#8221;default&#8221; phone_text_alignment=&#8221;default&#8221; background_color_opacity=&#8221;1&#8243; background_hover_color_opacity=&#8221;1&#8243; column_backdrop_filter=&#8221;none&#8221; column_shadow=&#8221;none&#8221; column_border_radius=&#8221;none&#8221; column_link_target=&#8221;_self&#8221; column_position=&#8221;default&#8221; gradient_direction=&#8221;left_to_right&#8221; overlay_strength=&#8221;0.3&#8243; width=&#8221;1\/4&#8243; tablet_width_inherit=&#8221;default&#8221; animation_type=&#8221;default&#8221; bg_image_animation=&#8221;none&#8221; border_type=&#8221;simple&#8221; column_border_width=&#8221;none&#8221; column_border_style=&#8221;solid&#8221;][\/vc_column][\/vc_row]","protected":false},"excerpt":{"rendered":"<p>[vc_row type=&#8221;in_container&#8221; full_screen_row_position=&#8221;middle&#8221; column_margin=&#8221;default&#8221; column_direction=&#8221;default&#8221; column_direction_tablet=&#8221;default&#8221; column_direction_phone=&#8221;default&#8221; scene_position=&#8221;center&#8221; text_color=&#8221;dark&#8221; text_align=&#8221;left&#8221; row_border_radius=&#8221;none&#8221; row_border_radius_applies=&#8221;bg&#8221; overflow=&#8221;visible&#8221; overlay_strength=&#8221;0.3&#8243; gradient_direction=&#8221;left_to_right&#8221; shape_divider_position=&#8221;bottom&#8221; bg_image_animation=&#8221;none&#8221;][vc_column column_padding=&#8221;no-extra-padding&#8221;&#8230;<\/p>\n","protected":false},"author":1,"featured_media":0,"parent":1029,"menu_order":1,"comment_status":"closed","ping_status":"closed","template":"page-no-sidebar.php","meta":{"footnotes":""},"categories":[],"tags":[],"class_list":["post-1183","page","type-page","status-publish"],"aioseo_notices":[],"_links":{"self":[{"href":"https:\/\/www.lepeuplequimanque.org\/en\/wp-json\/wp\/v2\/pages\/1183","targetHints":{"allow":["GET"]}}],"collection":[{"href":"https:\/\/www.lepeuplequimanque.org\/en\/wp-json\/wp\/v2\/pages"}],"about":[{"href":"https:\/\/www.lepeuplequimanque.org\/en\/wp-json\/wp\/v2\/types\/page"}],"author":[{"embeddable":true,"href":"https:\/\/www.lepeuplequimanque.org\/en\/wp-json\/wp\/v2\/users\/1"}],"replies":[{"embeddable":true,"href":"https:\/\/www.lepeuplequimanque.org\/en\/wp-json\/wp\/v2\/comments?post=1183"}],"version-history":[{"count":0,"href":"https:\/\/www.lepeuplequimanque.org\/en\/wp-json\/wp\/v2\/pages\/1183\/revisions"}],"up":[{"embeddable":true,"href":"https:\/\/www.lepeuplequimanque.org\/en\/wp-json\/wp\/v2\/pages\/1029"}],"wp:attachment":[{"href":"https:\/\/www.lepeuplequimanque.org\/en\/wp-json\/wp\/v2\/media?parent=1183"}],"wp:term":[{"taxonomy":"category","embeddable":true,"href":"https:\/\/www.lepeuplequimanque.org\/en\/wp-json\/wp\/v2\/categories?post=1183"},{"taxonomy":"post_tag","embeddable":true,"href":"https:\/\/www.lepeuplequimanque.org\/en\/wp-json\/wp\/v2\/tags?post=1183"}],"curies":[{"name":"wp","href":"https:\/\/api.w.org\/{rel}","templated":true}]}}