{"id":166,"date":"2007-09-14T12:44:51","date_gmt":"2007-09-14T11:44:51","guid":{"rendered":"https:\/\/www.lepeuplequimanque.org\/maisonpop-et-melies-2007\/mercredi-28-novembre-2007"},"modified":"2023-11-07T14:32:25","modified_gmt":"2023-11-07T13:32:25","slug":"mercredi-28-novembre-2007","status":"publish","type":"page","link":"https:\/\/www.lepeuplequimanque.org\/en\/gender-trouble\/mercredi-28-novembre-2007\/","title":{"rendered":"Wednesday, November 28, 2007 &#8211; Feminist struggles \u201cWhen they took over the camera\u201d"},"content":{"rendered":"[vc_row type=&#8221;in_container&#8221; full_screen_row_position=&#8221;middle&#8221; column_margin=&#8221;default&#8221; column_direction=&#8221;default&#8221; column_direction_tablet=&#8221;default&#8221; column_direction_phone=&#8221;default&#8221; scene_position=&#8221;center&#8221; top_padding=&#8221;4%&#8221; constrain_group_1=&#8221;yes&#8221; bottom_padding=&#8221;4%&#8221; text_color=&#8221;dark&#8221; text_align=&#8221;left&#8221; row_border_radius=&#8221;none&#8221; row_border_radius_applies=&#8221;bg&#8221; overflow=&#8221;visible&#8221; overlay_strength=&#8221;0.3&#8243; gradient_direction=&#8221;left_to_right&#8221; shape_divider_position=&#8221;bottom&#8221; bg_image_animation=&#8221;none&#8221; gradient_type=&#8221;default&#8221; shape_type=&#8221;&#8221;][vc_column column_padding=&#8221;no-extra-padding&#8221; column_padding_tablet=&#8221;inherit&#8221; column_padding_phone=&#8221;inherit&#8221; column_padding_position=&#8221;all&#8221; column_element_direction_desktop=&#8221;default&#8221; column_element_spacing=&#8221;default&#8221; desktop_text_alignment=&#8221;default&#8221; tablet_text_alignment=&#8221;default&#8221; phone_text_alignment=&#8221;default&#8221; background_color_opacity=&#8221;1&#8243; background_hover_color_opacity=&#8221;1&#8243; column_backdrop_filter=&#8221;none&#8221; column_shadow=&#8221;none&#8221; column_border_radius=&#8221;none&#8221; column_link_target=&#8221;_self&#8221; column_position=&#8221;default&#8221; gradient_direction=&#8221;left_to_right&#8221; overlay_strength=&#8221;0.3&#8243; width=&#8221;1\/1&#8243; tablet_width_inherit=&#8221;default&#8221; animation_type=&#8221;default&#8221; bg_image_animation=&#8221;none&#8221; border_type=&#8221;simple&#8221; column_border_width=&#8221;none&#8221; column_border_style=&#8221;solid&#8221;][vc_column_text]\n<h1 align=\"center\">Feminist struggles <br \/>\n\u201cWhen they took over the camera\u201d<\/h1>\n<div align=\"justify\">\n<div align=\"center\">\u00a0<\/div>\n<div align=\"center\"><strong>Wednesday, November 28, 2007, 8pm<\/strong><br \/>\n<strong>at the cinema M\u00e9li\u00e8s<\/strong><\/div>\n<div align=\"center\">\u00a0<\/div>\n<p>Screening with <strong>Dominique Barbier<\/strong>, <strong>Josiane Jo\u00fcet<\/strong> and <strong>H\u00e9l\u00e8ne Fleckinger<\/strong> (historian of feminist cinema in the 70s).<\/p>\n<div align=\"center\"><strong><span style=\"font-size: medium;\">Quand les femmes ont pris la col\u00e8re <\/span><\/strong><br \/>\n<strong><span style=\"font-size: medium;\">by Soazig Chappedelaine<\/span> <\/strong><br \/>\n(in collaboration with Ren\u00e9 Vautier) (67\u2018, 1977)<\/div>\n<p><img decoding=\"async\" class=\"alignright\" title=\"Quand les femmes ont pris la col\u00e8re de Soazig Chappedelaine-Vautier (1977)\" src=\"https:\/\/www.lepeuplequimanque.org\/wp-content\/gallery\/maisonpop2007-3\/thumbs\/thumbs_soazig-quand-les-femmes-3.jpg\" alt=\"soazig-quand-les-femmes-3.jpg\" align=\"right\" \/>&#8220;Workers&#8217; struggles. 1975: Tr\u00e9fim\u00e9taux factory in Cou\u00ebron, a suburb of Nantes. A classic strike at first, in support of wage demands. The women &#8220;took the anger&#8221; by occupying the office of the manager who refused to see them. Complaint, trial for sequestration&#8230; The blockade by management, plus the tenacity of the employees, resulted in a year of exceptional and exemplary struggle, which mobilized solidarity throughout the Nantes &#8211; St Nazaire conurbation.&#8221;<br \/>\nRecounting the women&#8217;s courageous action in solidarity with the factory strikers and the emergence of a collective awareness, both feminist and working-class, Soazig Chappedelaine&#8217;s film is also a sensitive echo chamber for the aspirations of the twelve women charged, evoking the motives of love in their confrontation with work and working-class life, and the quest for sexual emancipation in its relationship with the class struggle.<\/p>\n<div align=\"center\"><a href=\"https:\/\/www.lepeuplequimanque.org\/wp-content\/uploads\/2023\/11\/soazig-quand-les-femmes.jpg\" rel=\"prettyPhoto[gallery-r2WJ]\"><img loading=\"lazy\" decoding=\"async\" class=\"aligncenter size-full wp-image-5228\" src=\"https:\/\/www.lepeuplequimanque.org\/wp-content\/uploads\/2023\/11\/soazig-quand-les-femmes.jpg\" alt=\"Quand les femmes ont pris la col\u00e8re de Soazig Chappedelaine-Vautier (1977)\" width=\"591\" height=\"447\" srcset=\"https:\/\/www.lepeuplequimanque.org\/wp-content\/uploads\/2023\/11\/soazig-quand-les-femmes.jpg 591w, https:\/\/www.lepeuplequimanque.org\/wp-content\/uploads\/2023\/11\/soazig-quand-les-femmes-300x227.jpg 300w, https:\/\/www.lepeuplequimanque.org\/wp-content\/uploads\/2023\/11\/soazig-quand-les-femmes-150x113.jpg 150w\" sizes=\"auto, (max-width: 591px) 100vw, 591px\" \/><\/a><\/div>\n<div align=\"center\">\u00a0<\/div>\n<div align=\"center\"><strong><span style=\"font-size: medium;\">\u00c0 notre sant\u00e9 <\/span><\/strong><br \/>\n<strong><span style=\"font-size: medium;\">by Dominique Barbier, Josiane Jo\u00fcet &amp; Louise Vandelac<\/span> <\/strong><br \/>\n(30\u2019, 1977)<\/div>\n<p><a href=\"https:\/\/www.lepeuplequimanque.org\/wp-content\/uploads\/2023\/11\/a-notre-sante-3.jpg\" rel=\"prettyPhoto[gallery-r2WJ]\"><img loading=\"lazy\" decoding=\"async\" class=\"alignleft size-medium wp-image-5226\" src=\"https:\/\/www.lepeuplequimanque.org\/wp-content\/uploads\/2023\/11\/a-notre-sante-3-300x240.jpg\" alt=\"\u00c0 notre sant\u00e9 de Dominique Barbier, Josiane Jo\u00fcet et Louise Vandelac (30\u2019, 1977)\" width=\"300\" height=\"240\" srcset=\"https:\/\/www.lepeuplequimanque.org\/wp-content\/uploads\/2023\/11\/a-notre-sante-3-300x240.jpg 300w, https:\/\/www.lepeuplequimanque.org\/wp-content\/uploads\/2023\/11\/a-notre-sante-3-150x120.jpg 150w, https:\/\/www.lepeuplequimanque.org\/wp-content\/uploads\/2023\/11\/a-notre-sante-3.jpg 698w\" sizes=\"auto, (max-width: 300px) 100vw, 300px\" \/><\/a><\/p>\n<p>The central theme of the Rencontres internationales des Centres de sant\u00e9 pour femmes (International Meeting of Women&#8217;s Health Centers), held in Rome in June 1977, was &#8220;Knowing one&#8217;s body with other women to better inhabit and control it&#8221;. The meeting brought together 300 women, including the Boston Collective, authors of the pioneering feminist manual &#8220;Our bodies, ourselves&#8221;.<br \/>\nA notre sant\u00e9 traces the collective &#8220;self-health&#8221; practices that were a fundamental issue for the feminist movement. Adopting a critical attitude towards medical authority and its often sexist methodology, many struggles were organized around women&#8217;s reappropriation of their own bodies and sexuality.<br \/>\nA notre sant\u00e9 follows in the footsteps of the militant films of the 70s, which made video the preferred medium for popularizing and accompanying struggles, a medium particularly well-suited to acting as both a counter-power to the male monopoly of the media and a flexible, familiar vehicle for a &#8220;quest for individual and collective identity&#8221;, It has become &#8220;a political practice to share women&#8217;s personal experience, shamefully relegated to the realm of private life and the individual case, in the context of the dominant ideology&#8221;, thus constituting a real &#8220;autonomous audiovisual practice for women&#8221;, as H\u00e9l\u00e8ne Fleckinger aptly reminds us in C&#8217;est avec la vid\u00e9o que nous nous raconterons, 2005.<\/p>\n<div align=\"center\"><a href=\"https:\/\/www.lepeuplequimanque.org\/wp-content\/uploads\/2023\/11\/a-notre-sante-2.jpg\" rel=\"prettyPhoto[gallery-r2WJ]\"><img loading=\"lazy\" decoding=\"async\" class=\"aligncenter size-full wp-image-5227\" src=\"https:\/\/www.lepeuplequimanque.org\/wp-content\/uploads\/2023\/11\/a-notre-sante-2.jpg\" alt=\"\u00c0 notre sant\u00e9 de Dominique Barbier, Josiane Jo\u00fcet et Louise Vandelac (30\u2019, 1977)\" width=\"694\" height=\"564\" srcset=\"https:\/\/www.lepeuplequimanque.org\/wp-content\/uploads\/2023\/11\/a-notre-sante-2.jpg 694w, https:\/\/www.lepeuplequimanque.org\/wp-content\/uploads\/2023\/11\/a-notre-sante-2-300x244.jpg 300w, https:\/\/www.lepeuplequimanque.org\/wp-content\/uploads\/2023\/11\/a-notre-sante-2-150x122.jpg 150w\" sizes=\"auto, (max-width: 694px) 100vw, 694px\" \/><\/a><\/div>\n<\/div>\n<p align=\"right\">\u00a0Textes et programmation : Kantuta Quir\u00f3s &amp; Aliocha Imhoff<\/p>\n[\/vc_column_text][\/vc_column][\/vc_row]\n<div id=\"gtx-trans\" style=\"position: absolute; left: 223px; top: 1642.88px;\">\n<div class=\"gtx-trans-icon\">\u00a0<\/div>\n<\/div>","protected":false},"excerpt":{"rendered":"<p>[vc_row type=&#8221;in_container&#8221; full_screen_row_position=&#8221;middle&#8221; column_margin=&#8221;default&#8221; column_direction=&#8221;default&#8221; column_direction_tablet=&#8221;default&#8221; column_direction_phone=&#8221;default&#8221; scene_position=&#8221;center&#8221; top_padding=&#8221;4%&#8221; constrain_group_1=&#8221;yes&#8221; bottom_padding=&#8221;4%&#8221; text_color=&#8221;dark&#8221; text_align=&#8221;left&#8221; row_border_radius=&#8221;none&#8221; row_border_radius_applies=&#8221;bg&#8221; overflow=&#8221;visible&#8221; overlay_strength=&#8221;0.3&#8243; gradient_direction=&#8221;left_to_right&#8221;&#8230;<\/p>\n","protected":false},"author":1,"featured_media":0,"parent":159,"menu_order":3,"comment_status":"closed","ping_status":"closed","template":"page-left-sidebar-parents.php","meta":{"footnotes":""},"categories":[],"tags":[],"class_list":["post-166","page","type-page","status-publish"],"aioseo_notices":[],"_links":{"self":[{"href":"https:\/\/www.lepeuplequimanque.org\/en\/wp-json\/wp\/v2\/pages\/166","targetHints":{"allow":["GET"]}}],"collection":[{"href":"https:\/\/www.lepeuplequimanque.org\/en\/wp-json\/wp\/v2\/pages"}],"about":[{"href":"https:\/\/www.lepeuplequimanque.org\/en\/wp-json\/wp\/v2\/types\/page"}],"author":[{"embeddable":true,"href":"https:\/\/www.lepeuplequimanque.org\/en\/wp-json\/wp\/v2\/users\/1"}],"replies":[{"embeddable":true,"href":"https:\/\/www.lepeuplequimanque.org\/en\/wp-json\/wp\/v2\/comments?post=166"}],"version-history":[{"count":0,"href":"https:\/\/www.lepeuplequimanque.org\/en\/wp-json\/wp\/v2\/pages\/166\/revisions"}],"up":[{"embeddable":true,"href":"https:\/\/www.lepeuplequimanque.org\/en\/wp-json\/wp\/v2\/pages\/159"}],"wp:attachment":[{"href":"https:\/\/www.lepeuplequimanque.org\/en\/wp-json\/wp\/v2\/media?parent=166"}],"wp:term":[{"taxonomy":"category","embeddable":true,"href":"https:\/\/www.lepeuplequimanque.org\/en\/wp-json\/wp\/v2\/categories?post=166"},{"taxonomy":"post_tag","embeddable":true,"href":"https:\/\/www.lepeuplequimanque.org\/en\/wp-json\/wp\/v2\/tags?post=166"}],"curies":[{"name":"wp","href":"https:\/\/api.w.org\/{rel}","templated":true}]}}