{"id":167,"date":"2007-09-14T13:00:35","date_gmt":"2007-09-14T12:00:35","guid":{"rendered":"https:\/\/www.lepeuplequimanque.org\/maisonpop-et-melies-2007\/vendredi-7-decembre-2007"},"modified":"2023-11-07T14:38:16","modified_gmt":"2023-11-07T13:38:16","slug":"vendredi-7-decembre-2007","status":"publish","type":"page","link":"https:\/\/www.lepeuplequimanque.org\/en\/gender-trouble\/vendredi-7-decembre-2007\/","title":{"rendered":"Friday December 7, 2007 &#8211; Andre Almur\u00f3, a radical homosexual cinematography"},"content":{"rendered":"[vc_row type=&#8221;in_container&#8221; full_screen_row_position=&#8221;middle&#8221; column_margin=&#8221;default&#8221; column_direction=&#8221;default&#8221; column_direction_tablet=&#8221;default&#8221; column_direction_phone=&#8221;default&#8221; scene_position=&#8221;center&#8221; top_padding=&#8221;4%&#8221; constrain_group_1=&#8221;yes&#8221; bottom_padding=&#8221;4%&#8221; text_color=&#8221;dark&#8221; text_align=&#8221;left&#8221; row_border_radius=&#8221;none&#8221; row_border_radius_applies=&#8221;bg&#8221; overflow=&#8221;visible&#8221; overlay_strength=&#8221;0.3&#8243; gradient_direction=&#8221;left_to_right&#8221; shape_divider_position=&#8221;bottom&#8221; bg_image_animation=&#8221;none&#8221; gradient_type=&#8221;default&#8221; shape_type=&#8221;&#8221;][vc_column column_padding=&#8221;no-extra-padding&#8221; column_padding_tablet=&#8221;inherit&#8221; column_padding_phone=&#8221;inherit&#8221; column_padding_position=&#8221;all&#8221; column_element_direction_desktop=&#8221;default&#8221; column_element_spacing=&#8221;default&#8221; desktop_text_alignment=&#8221;default&#8221; tablet_text_alignment=&#8221;default&#8221; phone_text_alignment=&#8221;default&#8221; background_color_opacity=&#8221;1&#8243; background_hover_color_opacity=&#8221;1&#8243; column_backdrop_filter=&#8221;none&#8221; column_shadow=&#8221;none&#8221; column_border_radius=&#8221;none&#8221; column_link_target=&#8221;_self&#8221; column_position=&#8221;default&#8221; gradient_direction=&#8221;left_to_right&#8221; overlay_strength=&#8221;0.3&#8243; width=&#8221;1\/1&#8243; tablet_width_inherit=&#8221;default&#8221; animation_type=&#8221;default&#8221; bg_image_animation=&#8221;none&#8221; border_type=&#8221;simple&#8221; column_border_width=&#8221;none&#8221; column_border_style=&#8221;solid&#8221;][vc_column_text]\n<h1 align=\"center\">Andr\u00e9 Almur\u00f3,<br \/>\na radical homosexual cinematography<\/h1>\n<p style=\"text-align: center;\"><strong>Friday, December 7, 2007<\/strong> at 8:30pm<br \/>\n<strong>Maison Populaire de Montreuil<\/strong><br \/>\n<strong>Free admission<\/strong><\/p>\n<p style=\"text-align: center;\">In the presence of <strong>Andr\u00e9 Almuro.<\/strong><\/p>\n<p>With Jean-Luc Guionnet, the inventor of a haptic cinema, a cinema of touch, where the camera, guided not by the eye but by the arm alone of the actors both filming and filmed, penetrates sensorially to the heart of the bodies and arrangements of his desire, the super-8 cinema of Andr\u00e9 Almur\u00f3, who also composes electroacoustic music, is certainly one of the most accomplished researches into a specifically masculine and homosexual cinematographic language. The films he has been making since 1978, in the shimmering minerality of skin, in the sculptural quiver of encounter, constitute a unique experience of organic vision.<\/p>\n<p align=\"justify\">&#8220;Between two men, a cinema of orgasm and desire on the verge of syncopation, an attempt to reconcile the enjoyment of the body with the enjoyment of the act of filming, an attempt that is somehow &#8220;impossible&#8221; but oh so fascinating and worthy of the highest interest, because it stems from the greatest risk, that of life itself&#8221; Christian Lebrat<\/p>\n<div align=\"justify\"><a href=\"https:\/\/www.lepeuplequimanque.org\/wp-content\/uploads\/2023\/11\/andre-almuro-continuum-hd.jpg\" rel=\"prettyPhoto[gallery-cA1O]\"><img loading=\"lazy\" decoding=\"async\" class=\"aligncenter size-large wp-image-5234\" src=\"https:\/\/www.lepeuplequimanque.org\/wp-content\/uploads\/2023\/11\/andre-almuro-continuum-hd-904x600.jpg\" alt=\"\" width=\"904\" height=\"600\" srcset=\"https:\/\/www.lepeuplequimanque.org\/wp-content\/uploads\/2023\/11\/andre-almuro-continuum-hd-904x600.jpg 904w, https:\/\/www.lepeuplequimanque.org\/wp-content\/uploads\/2023\/11\/andre-almuro-continuum-hd-300x199.jpg 300w, https:\/\/www.lepeuplequimanque.org\/wp-content\/uploads\/2023\/11\/andre-almuro-continuum-hd-150x100.jpg 150w, https:\/\/www.lepeuplequimanque.org\/wp-content\/uploads\/2023\/11\/andre-almuro-continuum-hd-768x510.jpg 768w, https:\/\/www.lepeuplequimanque.org\/wp-content\/uploads\/2023\/11\/andre-almuro-continuum-hd.jpg 943w\" sizes=\"auto, (max-width: 904px) 100vw, 904px\" \/><\/a><\/p>\n<p>Andr\u00e9 Almur\u00f3, born in 1927 and after initial sound research in 1947, became a radio producer at Radiodiffusion Fran\u00e7aise (RDF) in 1950. He composed to texts by Jean Cocteau, Pablo Picasso, Eug\u00e8ne Ionesco, Jean Genet, Julien Gracq, Jules Supervielle and the piece Fi\u00e8vre de marbre for Maurice B\u00e9jart&#8217;s ballet. In 1957, the year he met the young Pierre Cl\u00e9menti, whose Pygmalion he was for a time, he joined ORTF&#8217;s Groupe de recherches musicales. From 1973, he taught at the Paris I Sorbonne University. In 1976, he presented his first performance Partition with Ange Leccia, and founded the group Son-Image-Corps with his students. In 1978, he made his first film, Cort\u00e8ge (music by Ph. Jubard), which was followed by more than 30 others, and soon turned to deliberately haptic cinema. In 2002, he published L&#8217;\u0153il Pin\u00e9al, Pour une cin\u00e9graphie (Paris-Experimental).<\/p>\n<\/div>\n<p><strong>Films shown :<\/strong><\/p>\n<p><strong>Cort\u00e8ge<\/strong> (1978, 34\u2019)<br \/>\n<strong>Alliage<\/strong> (1985, 21\u2019)<br \/>\n<strong>Point V\u00e9lique<\/strong> (1986, 7\u2019)<br \/>\n<strong>Corps int\u00e9rieur<\/strong> (1988, 8\u2019)<\/p>\n<p align=\"right\">Textes et programmation : Kantuta Quir\u00f3s &amp; Aliocha Imhoff<\/p>\n[\/vc_column_text][\/vc_column][\/vc_row]","protected":false},"excerpt":{"rendered":"<p>[vc_row type=&#8221;in_container&#8221; full_screen_row_position=&#8221;middle&#8221; column_margin=&#8221;default&#8221; column_direction=&#8221;default&#8221; column_direction_tablet=&#8221;default&#8221; column_direction_phone=&#8221;default&#8221; scene_position=&#8221;center&#8221; top_padding=&#8221;4%&#8221; constrain_group_1=&#8221;yes&#8221; bottom_padding=&#8221;4%&#8221; text_color=&#8221;dark&#8221; text_align=&#8221;left&#8221; row_border_radius=&#8221;none&#8221; row_border_radius_applies=&#8221;bg&#8221; overflow=&#8221;visible&#8221; overlay_strength=&#8221;0.3&#8243; gradient_direction=&#8221;left_to_right&#8221;&#8230;<\/p>\n","protected":false},"author":1,"featured_media":0,"parent":159,"menu_order":4,"comment_status":"closed","ping_status":"closed","template":"page-left-sidebar-parents.php","meta":{"footnotes":""},"categories":[],"tags":[],"class_list":["post-167","page","type-page","status-publish"],"aioseo_notices":[],"_links":{"self":[{"href":"https:\/\/www.lepeuplequimanque.org\/en\/wp-json\/wp\/v2\/pages\/167","targetHints":{"allow":["GET"]}}],"collection":[{"href":"https:\/\/www.lepeuplequimanque.org\/en\/wp-json\/wp\/v2\/pages"}],"about":[{"href":"https:\/\/www.lepeuplequimanque.org\/en\/wp-json\/wp\/v2\/types\/page"}],"author":[{"embeddable":true,"href":"https:\/\/www.lepeuplequimanque.org\/en\/wp-json\/wp\/v2\/users\/1"}],"replies":[{"embeddable":true,"href":"https:\/\/www.lepeuplequimanque.org\/en\/wp-json\/wp\/v2\/comments?post=167"}],"version-history":[{"count":0,"href":"https:\/\/www.lepeuplequimanque.org\/en\/wp-json\/wp\/v2\/pages\/167\/revisions"}],"up":[{"embeddable":true,"href":"https:\/\/www.lepeuplequimanque.org\/en\/wp-json\/wp\/v2\/pages\/159"}],"wp:attachment":[{"href":"https:\/\/www.lepeuplequimanque.org\/en\/wp-json\/wp\/v2\/media?parent=167"}],"wp:term":[{"taxonomy":"category","embeddable":true,"href":"https:\/\/www.lepeuplequimanque.org\/en\/wp-json\/wp\/v2\/categories?post=167"},{"taxonomy":"post_tag","embeddable":true,"href":"https:\/\/www.lepeuplequimanque.org\/en\/wp-json\/wp\/v2\/tags?post=167"}],"curies":[{"name":"wp","href":"https:\/\/api.w.org\/{rel}","templated":true}]}}