{"id":169,"date":"2007-09-14T13:26:35","date_gmt":"2007-09-14T12:26:35","guid":{"rendered":"https:\/\/www.lepeuplequimanque.org\/maisonpop-et-melies-2007\/equipe-et-remerciement"},"modified":"2023-11-07T21:26:35","modified_gmt":"2023-11-07T20:26:35","slug":"equipe-et-remerciement","status":"publish","type":"page","link":"https:\/\/www.lepeuplequimanque.org\/en\/gender-trouble\/equipe-et-remerciement\/","title":{"rendered":"Equip and thanks"},"content":{"rendered":"[vc_row type=&#8221;in_container&#8221; full_screen_row_position=&#8221;middle&#8221; column_margin=&#8221;default&#8221; column_direction=&#8221;default&#8221; column_direction_tablet=&#8221;default&#8221; column_direction_phone=&#8221;default&#8221; scene_position=&#8221;center&#8221; top_padding=&#8221;4%&#8221; constrain_group_1=&#8221;yes&#8221; bottom_padding=&#8221;4%&#8221; text_color=&#8221;dark&#8221; text_align=&#8221;left&#8221; row_border_radius=&#8221;none&#8221; row_border_radius_applies=&#8221;bg&#8221; overflow=&#8221;visible&#8221; overlay_strength=&#8221;0.3&#8243; gradient_direction=&#8221;left_to_right&#8221; shape_divider_position=&#8221;bottom&#8221; bg_image_animation=&#8221;none&#8221; gradient_type=&#8221;default&#8221; shape_type=&#8221;&#8221;][vc_column column_padding=&#8221;no-extra-padding&#8221; column_padding_tablet=&#8221;inherit&#8221; column_padding_phone=&#8221;inherit&#8221; column_padding_position=&#8221;all&#8221; column_element_direction_desktop=&#8221;default&#8221; column_element_spacing=&#8221;default&#8221; desktop_text_alignment=&#8221;default&#8221; tablet_text_alignment=&#8221;default&#8221; phone_text_alignment=&#8221;default&#8221; background_color_opacity=&#8221;1&#8243; background_hover_color_opacity=&#8221;1&#8243; column_backdrop_filter=&#8221;none&#8221; column_shadow=&#8221;none&#8221; column_border_radius=&#8221;none&#8221; column_link_target=&#8221;_self&#8221; column_position=&#8221;default&#8221; gradient_direction=&#8221;left_to_right&#8221; overlay_strength=&#8221;0.3&#8243; width=&#8221;1\/1&#8243; tablet_width_inherit=&#8221;default&#8221; animation_type=&#8221;default&#8221; bg_image_animation=&#8221;none&#8221; border_type=&#8221;simple&#8221; column_border_width=&#8221;none&#8221; column_border_style=&#8221;solid&#8221;][vc_column_text]\n<h1 align=\"center\">Team and thanks<strong><span style=\"font-size: large;\"><br \/>\n<\/span><\/strong><\/h1>\n<p><strong>Texts et curating<\/strong>\u00a0: Kantuta Quiros et Aliocha Imhoff<\/p>\n<p><strong>Translations<\/strong> : Julie Alfonsi, Claire Gausse, Gustavo G\u00f3mez Mej\u00eda, Kourmi Quiros, Kantuta Quiros, Francesco Romanello, Ang\u00e9lique Roussel, Katharina Witkowska<\/p>\n<p><strong>Thanks<\/strong> : Maison Populaire de Montreuil (Annie Agopian, Anne Desmazi\u00e8res, Emmanuelle Boireau), Cin\u00e9ma Le M\u00e9li\u00e8s (St\u00e9phane Goudet, Serge Fendrikoff), Nathalie Magnan, Centre Pompidou-MNAM\/CCI (Alfred Pacquement, Service Cin\u00e9ma : Alexis Constantin, Isabelle Daire, Isabelle Ribadeau Dumas, Philippe-Alain Michaud, Service Audiovisuel : Anne Baylac, Vahid Hamidi et Anne Claire Vigier), Agence du Court-M\u00e9trage, Aurora Films (Emmanuel), Cin\u00e9mas 93 (Pierre Da Silva), Collectif Jeune Cin\u00e9ma (Violeta Salvatierra), Light Cone (Christophe Bichon, Baptiste Degas), Centre Simone de Beauvoir (Nicole Fernandez Ferrer, Laeticia Puertas), Cin\u00e9math\u00e8que de Bretagne (Claude Arnal), Documentaire sur Grand Ecran (J Faurenty, Emmanuelle Madeline), EAI (Rebecca Cleman), Frameline (Denah Johnston), Myriapodus Films (Stephan Oriach), Point ligne Plan (Christian Merlhiot, Jean-Philippe), Sixpack Films (Dietmar Schw\u00e4rzler), TWN (Roselly A. Torres Rojas), Zeitgeist Films (Ben Simington), Arnaud Genon, Caroline Bourgeois, St\u00e9phane Marti, H\u00e9l\u00e8ne Fleckinger, Ang\u00e9lique Roussel, la BNF, Noel V\u00e9ry, Harriet Hirshorn, Mathieu Touren, Kazuko Matsushima, Gustavo Gomez Mejia, Elisabeth Lebovici, Yekhan Pinarligil, Idoia Romano, Jerry Tartaglia, Laurence Viallet, Elvan Zabunyan.<\/p>\n<p><strong>The filmmakers<\/strong>: Andr\u00e9 Almuro, Dominique Barbier, Josiane Jo\u00fbet, Louise Vandelac, Ursula Biemann, Soazig Chappdelaine, Maria Adela Diaz, Vincent Dieutre, Valie Export, Johanna Demetrakas, Anne-Marie Faure et collectif Vid\u00e9a, Maria Galindo et Mujeres creando, Regina Jos\u00e9 Galindo, Michka Gorki, Danielle Jaeggi, Jacques Kebadian, St\u00e9phane Marti, Sandra Monterroso, Kagendo Murungi, Fran\u00e7ois Pain et Marion Scemama, Howardena Pindell, Orlan, Yvonne Rainer, Marcel.li Antunez Roca, Carolee Schneemann, Hans Scheirl &amp; Ursula Purrer, Alan Sondheim, Lionel Soukaz, Rapha\u00ebl Vincent, Lorena Wolffer, collectivo Las Filmadoras<\/p>\n<p><strong>This program has been awarded<\/strong> the Label de la Haute Autorit\u00e9 de Lutte contre les Discriminations et pour l&#8217;Egalit\u00e9 (HALDE)<br \/>\nand <strong>was supported by<\/strong> La Maison Pop de Montreuil, Le cin\u00e9ma le M\u00e9li\u00e8s and Les Soeurs de la perp\u00e9tuelle indulgence.<\/p>\n[\/vc_column_text][\/vc_column][\/vc_row][vc_row type=&#8221;in_container&#8221; full_screen_row_position=&#8221;middle&#8221; column_margin=&#8221;default&#8221; column_direction=&#8221;default&#8221; column_direction_tablet=&#8221;default&#8221; column_direction_phone=&#8221;default&#8221; scene_position=&#8221;center&#8221; text_color=&#8221;dark&#8221; text_align=&#8221;left&#8221; row_border_radius=&#8221;none&#8221; row_border_radius_applies=&#8221;bg&#8221; overflow=&#8221;visible&#8221; overlay_strength=&#8221;0.3&#8243; gradient_direction=&#8221;left_to_right&#8221; shape_divider_position=&#8221;bottom&#8221; bg_image_animation=&#8221;none&#8221;][vc_column column_padding=&#8221;no-extra-padding&#8221; column_padding_tablet=&#8221;inherit&#8221; column_padding_phone=&#8221;inherit&#8221; column_padding_position=&#8221;all&#8221; column_element_direction_desktop=&#8221;default&#8221; column_element_spacing=&#8221;default&#8221; desktop_text_alignment=&#8221;default&#8221; tablet_text_alignment=&#8221;default&#8221; phone_text_alignment=&#8221;default&#8221; background_color_opacity=&#8221;1&#8243; background_hover_color_opacity=&#8221;1&#8243; column_backdrop_filter=&#8221;none&#8221; column_shadow=&#8221;none&#8221; column_border_radius=&#8221;none&#8221; column_link_target=&#8221;_self&#8221; column_position=&#8221;default&#8221; gradient_direction=&#8221;left_to_right&#8221; overlay_strength=&#8221;0.3&#8243; width=&#8221;1\/1&#8243; tablet_width_inherit=&#8221;default&#8221; animation_type=&#8221;default&#8221; bg_image_animation=&#8221;none&#8221; border_type=&#8221;simple&#8221; column_border_width=&#8221;none&#8221; column_border_style=&#8221;solid&#8221;][vc_column_text]\n[\/vc_column_text][\/vc_column][\/vc_row]","protected":false},"excerpt":{"rendered":"<p>[vc_row type=&#8221;in_container&#8221; full_screen_row_position=&#8221;middle&#8221; column_margin=&#8221;default&#8221; column_direction=&#8221;default&#8221; column_direction_tablet=&#8221;default&#8221; column_direction_phone=&#8221;default&#8221; scene_position=&#8221;center&#8221; top_padding=&#8221;4%&#8221; constrain_group_1=&#8221;yes&#8221; bottom_padding=&#8221;4%&#8221; text_color=&#8221;dark&#8221; text_align=&#8221;left&#8221; row_border_radius=&#8221;none&#8221; row_border_radius_applies=&#8221;bg&#8221; overflow=&#8221;visible&#8221; overlay_strength=&#8221;0.3&#8243; gradient_direction=&#8221;left_to_right&#8221;&#8230;<\/p>\n","protected":false},"author":1,"featured_media":0,"parent":159,"menu_order":16,"comment_status":"closed","ping_status":"closed","template":"page-left-sidebar-parents.php","meta":{"footnotes":""},"categories":[],"tags":[],"class_list":["post-169","page","type-page","status-publish"],"aioseo_notices":[],"_links":{"self":[{"href":"https:\/\/www.lepeuplequimanque.org\/en\/wp-json\/wp\/v2\/pages\/169","targetHints":{"allow":["GET"]}}],"collection":[{"href":"https:\/\/www.lepeuplequimanque.org\/en\/wp-json\/wp\/v2\/pages"}],"about":[{"href":"https:\/\/www.lepeuplequimanque.org\/en\/wp-json\/wp\/v2\/types\/page"}],"author":[{"embeddable":true,"href":"https:\/\/www.lepeuplequimanque.org\/en\/wp-json\/wp\/v2\/users\/1"}],"replies":[{"embeddable":true,"href":"https:\/\/www.lepeuplequimanque.org\/en\/wp-json\/wp\/v2\/comments?post=169"}],"version-history":[{"count":0,"href":"https:\/\/www.lepeuplequimanque.org\/en\/wp-json\/wp\/v2\/pages\/169\/revisions"}],"up":[{"embeddable":true,"href":"https:\/\/www.lepeuplequimanque.org\/en\/wp-json\/wp\/v2\/pages\/159"}],"wp:attachment":[{"href":"https:\/\/www.lepeuplequimanque.org\/en\/wp-json\/wp\/v2\/media?parent=169"}],"wp:term":[{"taxonomy":"category","embeddable":true,"href":"https:\/\/www.lepeuplequimanque.org\/en\/wp-json\/wp\/v2\/categories?post=169"},{"taxonomy":"post_tag","embeddable":true,"href":"https:\/\/www.lepeuplequimanque.org\/en\/wp-json\/wp\/v2\/tags?post=169"}],"curies":[{"name":"wp","href":"https:\/\/api.w.org\/{rel}","templated":true}]}}