{"id":174,"date":"2007-09-14T13:58:16","date_gmt":"2007-09-14T12:58:16","guid":{"rendered":"https:\/\/www.lepeuplequimanque.org\/maisonpop-et-melies-2007\/mercredi-13-fevrier-2008"},"modified":"2023-11-07T20:32:28","modified_gmt":"2023-11-07T19:32:28","slug":"mercredi-13-fevrier-2008","status":"publish","type":"page","link":"https:\/\/www.lepeuplequimanque.org\/en\/gender-trouble\/mercredi-13-fevrier-2008\/","title":{"rendered":"Wednesday February 13, 2008 &#8211; Generation 90: The years AIDS"},"content":{"rendered":"[vc_row type=&#8221;in_container&#8221; full_screen_row_position=&#8221;middle&#8221; column_margin=&#8221;default&#8221; column_direction=&#8221;default&#8221; column_direction_tablet=&#8221;default&#8221; column_direction_phone=&#8221;default&#8221; scene_position=&#8221;center&#8221; top_padding=&#8221;4%&#8221; constrain_group_1=&#8221;yes&#8221; bottom_padding=&#8221;4%&#8221; text_color=&#8221;dark&#8221; text_align=&#8221;left&#8221; row_border_radius=&#8221;none&#8221; row_border_radius_applies=&#8221;bg&#8221; overflow=&#8221;visible&#8221; overlay_strength=&#8221;0.3&#8243; gradient_direction=&#8221;left_to_right&#8221; shape_divider_position=&#8221;bottom&#8221; bg_image_animation=&#8221;none&#8221; gradient_type=&#8221;default&#8221; shape_type=&#8221;&#8221;][vc_column column_padding=&#8221;no-extra-padding&#8221; column_padding_tablet=&#8221;inherit&#8221; column_padding_phone=&#8221;inherit&#8221; column_padding_position=&#8221;all&#8221; column_element_direction_desktop=&#8221;default&#8221; column_element_spacing=&#8221;default&#8221; desktop_text_alignment=&#8221;default&#8221; tablet_text_alignment=&#8221;default&#8221; phone_text_alignment=&#8221;default&#8221; background_color_opacity=&#8221;1&#8243; background_hover_color_opacity=&#8221;1&#8243; column_backdrop_filter=&#8221;none&#8221; column_shadow=&#8221;none&#8221; column_border_radius=&#8221;none&#8221; column_link_target=&#8221;_self&#8221; column_position=&#8221;default&#8221; gradient_direction=&#8221;left_to_right&#8221; overlay_strength=&#8221;0.3&#8243; width=&#8221;1\/1&#8243; tablet_width_inherit=&#8221;default&#8221; animation_type=&#8221;default&#8221; bg_image_animation=&#8221;none&#8221; border_type=&#8221;simple&#8221; column_border_width=&#8221;none&#8221; column_border_style=&#8221;solid&#8221;][vc_column_text]\n<div align=\"center\">\n<h1 align=\"center\">Generation 90: The AIDS years<\/h1>\n<p><strong>Wednesday, February 13, 2008 at 8 p.m.<\/strong><br \/>\n<strong>at Le M\u00e9li\u00e8s cinema<\/strong><\/p>\n<p><strong><span style=\"color: #cc0066;\">Screening with Marion Scemama, Fran\u00e7ois Pain,<br \/>\nand Arnaud Genon (author of &#8220;Herv\u00e9 Guibert: Vers une esth\u00e9tique post-moderne&#8221;).<\/span><\/strong><\/p>\n<p>&nbsp;<\/p>\n<p style=\"text-align: left;\"><strong>La pudeur ou l\u2019impudeur by Herv\u00e9 Guibert<\/strong> (1991, 58\u2019)<\/p>\n<p align=\"justify\"><a title=\"La pudeur ou l\u2019impudeur de Herv\u00e9 Guibert\" href=\"https:\/\/www.lepeuplequimanque.org\/wp-content\/gallery\/maison-pop-6-10\/herve-guibert.jpg\" rel=\"prettyPhoto[gallery-tMQd]\"><img decoding=\"async\" class=\"alignleft\" style=\"width: 129px; height: 122px;\" title=\"La pudeur ou l\u2019impudeur de Herv\u00e9 Guibert\" src=\"https:\/\/www.lepeuplequimanque.org\/wp-content\/gallery\/maison-pop-6-10\/thumbs\/thumbs_herve-guibert.jpg\" alt=\"herve-guibert.jpg\" align=\"left\" \/><\/a><\/p>\n<p style=\"text-align: left;\">The writer Herv\u00e9 Guibert, who died of AIDS at the end of 1991, was a close friend of Michel Foucault&#8217;s. By writing and filming his illness and his body in the face of the medical establishment (and what he sometimes described as &#8220;therapeutic rape&#8221;), he reappropriated himself through self-representation. His 1991 film La Pudeur ou l&#8217;Impudeur (Modesty or Shamelessness), a cross between a film diary and a stage production, authorized the figuration of suffering bodies that had until then, particularly in their daily lives, been exiled beyond the realm of the visible. (AI&amp;KQ)<br \/>\n<a href=\"https:\/\/www.lepeuplequimanque.org\/wp-content\/uploads\/2023\/11\/lapudeur.jpg\" rel=\"prettyPhoto[gallery-tMQd]\"><img loading=\"lazy\" decoding=\"async\" class=\"alignright size-medium wp-image-5292\" src=\"https:\/\/www.lepeuplequimanque.org\/wp-content\/uploads\/2023\/11\/lapudeur-300x245.jpg\" alt=\"\" width=\"300\" height=\"245\" srcset=\"https:\/\/www.lepeuplequimanque.org\/wp-content\/uploads\/2023\/11\/lapudeur-300x245.jpg 300w, https:\/\/www.lepeuplequimanque.org\/wp-content\/uploads\/2023\/11\/lapudeur-150x122.jpg 150w, https:\/\/www.lepeuplequimanque.org\/wp-content\/uploads\/2023\/11\/lapudeur.jpg 687w\" sizes=\"auto, (max-width: 300px) 100vw, 300px\" \/><\/a>&#8220;When I saw Herv\u00e9 Guibert&#8217;s self-portrait of a naked man entering the water, I was able to authorize my body to go on stage. At the time, AIDS sufferers were very ashamed to show their bodies; they didn&#8217;t want to go out or show themselves. Some people did come out, and it was important to show one&#8217;s body, even when it was sick. And some of these people seemed very beautiful to me; you could see another kind of beauty in them.&#8221; Raimund Hoghe, 2007<br \/>\n&#8220;A chronicle of a death foretold, Herv\u00e9 Guibert films the repetition and describes the horror of everyday life without vain modesty or complacency. His mastery of photography helps him turn this t\u00eate-\u00e0-t\u00eate with AIDS &#8211; the supreme confession of an autobiographical work &#8211; into an act of faith in literature, an ode to life. This diary, which caused such a scandal with its open shamelessness, gave rise to an important cinematographic movement, of which it remains one of the most successful&#8221;. (Documentary on Grand Ecran)<br \/>\n&#8220;There is no such thing as forbidden art (even if there is a moral). There are strong and mediocre works.<br \/>\nFilming one&#8217;s death is a hard experience. The hard core of a truth. Death at work in the body, the test of decay, puts sincerity in total jeopardy. You have to reckon with modesty. Anything can be said. Is it necessary to show everything, even the shame of degradation?<br \/>\nHerv\u00e9 Guibert&#8217;s film is luminous and ethereal, and that&#8217;s what makes it so surprising. Did he film his own death, or his own image of it? The writer, who hid nothing in writing about the evolution of his illness, delving into the underbelly of things and people, has achieved a purity here. La Pudeur ou l&#8217;Impudeur (Modesty or Shamelessness) is not a film about AIDS, but the view of a young man who is about to die, on the world around him that he is leaving behind. An incandescent film, a quiet time, like a retreat. A space.&#8221; Catherine Humblot, &#8220;Filmer, c&#8217;est toujours vivre&#8221;, Le Monde, February 2, 1992.<\/p>\n<p style=\"text-align: left;\"><a title=\"Requiem de Lionel Soukaz\" href=\"https:\/\/www.lepeuplequimanque.org\/wp-content\/gallery\/maison-pop-6-10\/requiem-soukaz.jpg\" rel=\"prettyPhoto[gallery-tMQd]\"><img loading=\"lazy\" decoding=\"async\" class=\"alignleft\" title=\"Requiem de Lionel Soukaz\" src=\"https:\/\/www.lepeuplequimanque.org\/wp-content\/gallery\/maison-pop-6-10\/thumbs\/thumbs_requiem-soukaz.jpg\" alt=\"requiem-soukaz.jpg\" width=\"158\" height=\"119\" align=\"left\" \/><\/a><strong>Requiem by Lionel Soukaz (2003-2007, 5\u2019)<\/strong><\/p>\n<p align=\"justify\">A requiem against the G8 and for the free distribution of tritherapies to AIDS sufferers in poor countries, particularly in Africa, Lionel Soukaz&#8217;s appeal denounces the political and capitalist obstructions to access to care and survival for AIDS sufferers. (AI&amp;KQ)<\/p>\n<\/div>\n<p>&nbsp;<\/p>\n<div align=\"center\">\n<p style=\"text-align: left;\"><strong>Last Night I took a Man&#8230; Reading by David Wojnarowicz, directed by Marion Scemama and Fran\u00e7ois Pain<\/strong>\u00a0(1989-1998, 4\u2019)<\/p>\n<div align=\"justify\">\n<p>David Wojnarowicz has established himself as one of the essential American artists of the 80s. He was born in New Jersey in 1954. Beaten and abused as a child, he fled to New York, discovered his homosexuality, lived on the streets and subsisted on occasional prostitution. He hitchhiked across the United States. During the 80s, he became a recognized artist (photographer, video artist, painter, sculptor and writer). He belonged to the East Village art movement, and was active in New York&#8217;s alternative scene (Nan Goldin, Richard Kern, Lydia Lunch, Kathy Acker&#8230;) A militant homosexual, fiercely critical of American society, he died of AIDS in 1992 (Notice from D\u00e9sordres).<br \/>\n&#8220;It is because David Wojnarowicz&#8217;s creative work is the product of his entire life that it has acquired such power. While everything seems to be said over and over again, something emerges from David Wojnarowicz&#8217;s chaos that confronts us with our responsibility to have something to do with the course of the world&#8217;s movement.&#8221; F\u00e9lix Guattari<\/p>\n<\/div>\n<div align=\"justify\">\u00a0<\/div>\n<\/div>\n<div align=\"justify\"><a href=\"https:\/\/www.lepeuplequimanque.org\/wp-content\/uploads\/2023\/11\/DavidWojnarowich-1.jpg\" rel=\"prettyPhoto[gallery-tMQd]\"><img loading=\"lazy\" decoding=\"async\" class=\"aligncenter size-full wp-image-4295\" src=\"https:\/\/www.lepeuplequimanque.org\/wp-content\/uploads\/2023\/11\/DavidWojnarowich-1.jpg\" alt=\"\" width=\"1920\" height=\"999\" srcset=\"https:\/\/www.lepeuplequimanque.org\/wp-content\/uploads\/2023\/11\/DavidWojnarowich-1.jpg 1920w, https:\/\/www.lepeuplequimanque.org\/wp-content\/uploads\/2023\/11\/DavidWojnarowich-1-300x156.jpg 300w, https:\/\/www.lepeuplequimanque.org\/wp-content\/uploads\/2023\/11\/DavidWojnarowich-1-1024x533.jpg 1024w, https:\/\/www.lepeuplequimanque.org\/wp-content\/uploads\/2023\/11\/DavidWojnarowich-1-150x78.jpg 150w, https:\/\/www.lepeuplequimanque.org\/wp-content\/uploads\/2023\/11\/DavidWojnarowich-1-768x400.jpg 768w, https:\/\/www.lepeuplequimanque.org\/wp-content\/uploads\/2023\/11\/DavidWojnarowich-1-1536x799.jpg 1536w\" sizes=\"auto, (max-width: 1920px) 100vw, 1920px\" \/><\/a><\/div>\n[\/vc_column_text][\/vc_column][\/vc_row][vc_row type=&#8221;in_container&#8221; full_screen_row_position=&#8221;middle&#8221; column_margin=&#8221;default&#8221; column_direction=&#8221;default&#8221; column_direction_tablet=&#8221;default&#8221; column_direction_phone=&#8221;default&#8221; scene_position=&#8221;center&#8221; text_color=&#8221;dark&#8221; text_align=&#8221;left&#8221; row_border_radius=&#8221;none&#8221; row_border_radius_applies=&#8221;bg&#8221; overflow=&#8221;visible&#8221; overlay_strength=&#8221;0.3&#8243; gradient_direction=&#8221;left_to_right&#8221; shape_divider_position=&#8221;bottom&#8221; bg_image_animation=&#8221;none&#8221;][vc_column column_padding=&#8221;no-extra-padding&#8221; column_padding_tablet=&#8221;inherit&#8221; column_padding_phone=&#8221;inherit&#8221; column_padding_position=&#8221;all&#8221; column_element_direction_desktop=&#8221;default&#8221; column_element_spacing=&#8221;default&#8221; desktop_text_alignment=&#8221;default&#8221; tablet_text_alignment=&#8221;default&#8221; phone_text_alignment=&#8221;default&#8221; background_color_opacity=&#8221;1&#8243; background_hover_color_opacity=&#8221;1&#8243; column_backdrop_filter=&#8221;none&#8221; column_shadow=&#8221;none&#8221; column_border_radius=&#8221;none&#8221; column_link_target=&#8221;_self&#8221; column_position=&#8221;default&#8221; gradient_direction=&#8221;left_to_right&#8221; overlay_strength=&#8221;0.3&#8243; width=&#8221;1\/1&#8243; tablet_width_inherit=&#8221;default&#8221; animation_type=&#8221;default&#8221; bg_image_animation=&#8221;none&#8221; border_type=&#8221;simple&#8221; column_border_width=&#8221;none&#8221; column_border_style=&#8221;solid&#8221;][vc_column_text]\n<p align=\"center\"><strong><span style=\"font-size: large;\">Generation 90: The years AIDS<\/span><\/strong><\/p>\n<p><strong><span style=\"font-size: small;\">Wednesday February 13, 2008<\/span><\/strong><strong><span style=\"font-size: small;\"> &#8211; 20h<br \/>\n<u>Cinema Le M\u00e9li\u00e8s, Montreuil<br \/>\n<\/u><\/span><\/strong><\/p>\n<div class=\"borderblack\"><strong>Attention<\/strong> : This is an automatic translation !<\/div>\n<p><strong><span style=\"color: #cc0066;\">Meeting in the presence of Marion Scemama, Fran\u00e7ois Pain, and Arnaud Genon (author of \u201cHerve Guibert. Towards a post-modern esthetics\u201d).<\/span><\/strong><\/p>\n<p><strong><span style=\"font-size: medium;\"><em>La pudeur ou l\u2019impudeur<\/em> by Herv\u00e9 Guibert<\/span><\/strong><br \/>\n(1991, 58\u2019)<\/p>\n<p align=\"justify\"><a title=\"La pudeur ou l\u2019impudeur de Herv\u00e9 Guibert\" href=\"https:\/\/www.lepeuplequimanque.org\/wp-content\/gallery\/maison-pop-6-10\/herve-guibert.jpg\" rel=\"prettyPhoto[gallery-tMQd]\"><img decoding=\"async\" style=\"width: 129px; height: 122px;\" title=\"La pudeur ou l\u2019impudeur de Herv\u00e9 Guibert\" src=\"https:\/\/www.lepeuplequimanque.org\/wp-content\/gallery\/maison-pop-6-10\/thumbs\/thumbs_herve-guibert.jpg\" alt=\"herve-guibert.jpg\" align=\"left\" \/><\/a>The writer Herve Guibert, deceased at the end of 1991 of the AIDS, and close to Michel Foucault, delivered himself, by writing and filming his disease and his body vis-a-vis the medical institution (and so that it described sometimes like a \u201ctherapeutic rape\u201d) with a reappropriation of oneself by the means of his autorepresentation. Decency or Impudeur, which it carries out in 1991, between filmed newspaper and setting in scene, authorized the figuration of suffering bodies, which were up to that point, and in particular in their everyday life, exiled in-on this side field of the visible one. (AI&amp;KQ)<br \/>\n\u201cWhen I saw the self-portrait of Herve Guibert, naked entering water, I could authorize my body to be assembled on scene. At that time, the patients of the AIDS were very ashamed of showing their body, they did not want to more leave nor to show themselves. Some left, and it was important to show its body, even when it was sick. And some of these people appeared very beautiful to me, one could see another beauty at them. \u201d Raimund Hoghe, 2007<br \/>\n\u201cChronic of an announced death whose Herve Guibert films the repetition and describes the horror with the daily newspaper without vain decency, without kindness. The image, that as a photographer it controls perfectly, assistance to be made of this private conversation with the AIDS, &#8211; supreme confession of an autobiographical work &#8211; an act of faith in the literature, an ode with the life. This diary whose impudor asserted made scandal, gave rise to an important cinematographic current, of which it remains one of the successes. \u201d (Documentary on Big screen)<br \/>\n\u201cThere is no interdict in art (even if there is a morals). There are strong or poor works.<br \/>\n<a title=\"La pudeur ou l\u2019impudeur de Herv\u00e9 Guibert\" href=\"https:\/\/www.lepeuplequimanque.org\/wp-content\/gallery\/maison-pop-6-10\/la-pudeur-ou-limpudeur.jpg\" rel=\"prettyPhoto[gallery-tMQd]\"><img decoding=\"async\" title=\"La pudeur ou l\u2019impudeur de Herv\u00e9 Guibert\" src=\"https:\/\/www.lepeuplequimanque.org\/wp-content\/gallery\/maison-pop-6-10\/thumbs\/thumbs_la-pudeur-ou-limpudeur.jpg\" alt=\"la-pudeur-ou-limpudeur.jpg\" align=\"right\" \/><\/a>To film its death is a hard experiment. The hard core of a truth. Death with work in the body, the test of the forfeiture, jeopardizes total sincerity. Because it is necessary to take into account decency. One can all say. Is it necessary all to show, even the shame of degradation?<br \/>\nThe film of Herve Guibert is luminous, air, and it is what surprises. Did he film his death or the representation that it is done some? The writer, who did not hide anything in writing evolution of his disease, excavating the lower part of the things and people arrived here at the diagram. Decency or Impudeur is not a film on the AIDS, it is the glance of an young man who will die, on the world which surrounds it and which it leaves. An incandescent film, a calm time, like a retirement. A space. \u201d Catherine Humblot, \u201cTo film, it is always to live\u201d, Le Monde, February 2, 1992.<\/p>\n<p><a title=\"Requiem de Lionel Soukaz\" href=\"https:\/\/www.lepeuplequimanque.org\/wp-content\/gallery\/maison-pop-6-10\/requiem-soukaz.jpg\" rel=\"prettyPhoto[gallery-tMQd]\"><img loading=\"lazy\" decoding=\"async\" title=\"Requiem de Lionel Soukaz\" src=\"https:\/\/www.lepeuplequimanque.org\/wp-content\/gallery\/maison-pop-6-10\/thumbs\/thumbs_requiem-soukaz.jpg\" alt=\"requiem-soukaz.jpg\" width=\"158\" height=\"119\" align=\"left\" \/><\/a><strong><span style=\"font-size: medium;\"><em>Requiem<\/em> by Lionel Soukaz<\/span><\/strong><br \/>\n(2003-2007, 5\u2019)<\/p>\n<p align=\"justify\">Requiem against the G8 and for the free distribution of the trith\u00e9rapies to the patients of the AIDS of the poor countries and in particular African, Lionel Soukaz in the form of throbbing call, denounces the political and capitalist obstructions with the access to the care and the survival of the patients of the AIDS. (AI&amp;KQ)<\/p>\n<p>&nbsp;<\/p>\n<p><a title=\"Last Night I took a man de David Wojnarowicz\" href=\"https:\/\/www.lepeuplequimanque.org\/wp-content\/gallery\/maison-pop-6-10\/last-night.jpg\" rel=\"prettyPhoto[gallery-tMQd]\"><img decoding=\"async\" title=\"Last Night I took a man de David Wojnarowicz\" src=\"https:\/\/www.lepeuplequimanque.org\/wp-content\/gallery\/maison-pop-6-10\/thumbs\/thumbs_last-night.jpg\" alt=\"last-night.jpg\" align=\"left\" \/><\/a><strong><span style=\"font-size: medium;\"><em>Last Night I took a Man&#8230;<br \/>\n<span style=\"font-size: small;\">Lecture de David Wojnarowicz<br \/>\nr\u00e9alis\u00e9 par Marion Scemama et Fran\u00e7ois Pain<\/span><br \/>\n<\/em><\/span><\/strong>(1989-1998, 4\u2019)<\/p>\n<div align=\"justify\">David Wojnarowicz asse rted itself like one of the American artists impossible to circumvent of the Eighties. He is born in the New Jersey in 1954. Beaten and maltreated child, it flees in New York, discovers his homosexuality, lives in the street, remains thanks to the occasional prostitution. He crosses the United States in hitch-hiking. During the Eighties, he becomes a recognized artist (photographer, vid\u00e9aste, painter, sculptor and writer). He belongs to the artistic movement of the East Village and evolves\/moves in the New Yorkean alternative medium (Nan Goldin, Richard Kern, Lydia Lunch, Kathy Acker\u2026) Homosexual militant, savagely criticizes american company, it dies of the AIDS in 1992. (Note of the editions <em>Disorders<\/em>)<br \/>\n<em><em> It is because the creative work of David Wojnarowicz proceeds of all his life which it acquired a similar power. Whereas all seems known as and repeats, something emerges from the chaos of David Wojnarowicz who places to us in front of our responsibility to be for something in the course of the movement of the world.<\/em><\/em> Felix Guattari<\/div>\n[\/vc_column_text][\/vc_column][\/vc_row]","protected":false},"excerpt":{"rendered":"<p>[vc_row type=&#8221;in_container&#8221; full_screen_row_position=&#8221;middle&#8221; column_margin=&#8221;default&#8221; column_direction=&#8221;default&#8221; column_direction_tablet=&#8221;default&#8221; column_direction_phone=&#8221;default&#8221; scene_position=&#8221;center&#8221; top_padding=&#8221;4%&#8221; constrain_group_1=&#8221;yes&#8221; bottom_padding=&#8221;4%&#8221; text_color=&#8221;dark&#8221; text_align=&#8221;left&#8221; row_border_radius=&#8221;none&#8221; row_border_radius_applies=&#8221;bg&#8221; overflow=&#8221;visible&#8221; overlay_strength=&#8221;0.3&#8243; gradient_direction=&#8221;left_to_right&#8221;&#8230;<\/p>\n","protected":false},"author":1,"featured_media":0,"parent":159,"menu_order":8,"comment_status":"closed","ping_status":"closed","template":"page-left-sidebar-parents.php","meta":{"footnotes":""},"categories":[],"tags":[],"class_list":["post-174","page","type-page","status-publish"],"aioseo_notices":[],"_links":{"self":[{"href":"https:\/\/www.lepeuplequimanque.org\/en\/wp-json\/wp\/v2\/pages\/174","targetHints":{"allow":["GET"]}}],"collection":[{"href":"https:\/\/www.lepeuplequimanque.org\/en\/wp-json\/wp\/v2\/pages"}],"about":[{"href":"https:\/\/www.lepeuplequimanque.org\/en\/wp-json\/wp\/v2\/types\/page"}],"author":[{"embeddable":true,"href":"https:\/\/www.lepeuplequimanque.org\/en\/wp-json\/wp\/v2\/users\/1"}],"replies":[{"embeddable":true,"href":"https:\/\/www.lepeuplequimanque.org\/en\/wp-json\/wp\/v2\/comments?post=174"}],"version-history":[{"count":0,"href":"https:\/\/www.lepeuplequimanque.org\/en\/wp-json\/wp\/v2\/pages\/174\/revisions"}],"up":[{"embeddable":true,"href":"https:\/\/www.lepeuplequimanque.org\/en\/wp-json\/wp\/v2\/pages\/159"}],"wp:attachment":[{"href":"https:\/\/www.lepeuplequimanque.org\/en\/wp-json\/wp\/v2\/media?parent=174"}],"wp:term":[{"taxonomy":"category","embeddable":true,"href":"https:\/\/www.lepeuplequimanque.org\/en\/wp-json\/wp\/v2\/categories?post=174"},{"taxonomy":"post_tag","embeddable":true,"href":"https:\/\/www.lepeuplequimanque.org\/en\/wp-json\/wp\/v2\/tags?post=174"}],"curies":[{"name":"wp","href":"https:\/\/api.w.org\/{rel}","templated":true}]}}