{"id":175,"date":"2007-09-14T13:59:45","date_gmt":"2007-09-14T12:59:45","guid":{"rendered":"https:\/\/www.lepeuplequimanque.org\/maisonpop-et-melies-2007\/mercredi-12-mars-2008"},"modified":"2023-11-07T20:39:09","modified_gmt":"2023-11-07T19:39:09","slug":"mercredi-12-mars-2008","status":"publish","type":"page","link":"https:\/\/www.lepeuplequimanque.org\/en\/gender-trouble\/mercredi-12-mars-2008\/","title":{"rendered":"Wednesday March 12, 2008 &#8211; Jacques Kebadian \/ Yvonne Rainer"},"content":{"rendered":"[vc_row type=&#8221;in_container&#8221; full_screen_row_position=&#8221;middle&#8221; column_margin=&#8221;default&#8221; column_direction=&#8221;default&#8221; column_direction_tablet=&#8221;default&#8221; column_direction_phone=&#8221;default&#8221; scene_position=&#8221;center&#8221; top_padding=&#8221;4%&#8221; constrain_group_1=&#8221;yes&#8221; bottom_padding=&#8221;4%&#8221; text_color=&#8221;dark&#8221; text_align=&#8221;left&#8221; row_border_radius=&#8221;none&#8221; row_border_radius_applies=&#8221;bg&#8221; overflow=&#8221;visible&#8221; overlay_strength=&#8221;0.3&#8243; gradient_direction=&#8221;left_to_right&#8221; shape_divider_position=&#8221;bottom&#8221; bg_image_animation=&#8221;none&#8221; gradient_type=&#8221;default&#8221; shape_type=&#8221;&#8221;][vc_column column_padding=&#8221;no-extra-padding&#8221; column_padding_tablet=&#8221;inherit&#8221; column_padding_phone=&#8221;inherit&#8221; column_padding_position=&#8221;all&#8221; column_element_direction_desktop=&#8221;default&#8221; column_element_spacing=&#8221;default&#8221; desktop_text_alignment=&#8221;default&#8221; tablet_text_alignment=&#8221;default&#8221; phone_text_alignment=&#8221;default&#8221; background_color_opacity=&#8221;1&#8243; background_hover_color_opacity=&#8221;1&#8243; column_backdrop_filter=&#8221;none&#8221; column_shadow=&#8221;none&#8221; column_border_radius=&#8221;none&#8221; column_link_target=&#8221;_self&#8221; column_position=&#8221;default&#8221; gradient_direction=&#8221;left_to_right&#8221; overlay_strength=&#8221;0.3&#8243; width=&#8221;1\/1&#8243; tablet_width_inherit=&#8221;default&#8221; animation_type=&#8221;default&#8221; bg_image_animation=&#8221;none&#8221; border_type=&#8221;simple&#8221; column_border_width=&#8221;none&#8221; column_border_style=&#8221;solid&#8221;][vc_column_text]\n<div align=\"center\">\n<h1 align=\"center\">Feminist counter-narratives<\/h1>\n<h3 align=\"center\">Yvonne Rainer \/ Jacques Kebadian<\/h3>\n<p><strong>Wednesday, March 12, 2008 at 8 p.m.<\/strong><br \/>\n<strong>at Le M\u00e9li\u00e8s cinema<\/strong><\/p>\n<p><strong>Screening in the presence of Jacques Kebadian<\/strong><br \/>\n<strong>and Johanna Renard (PhD student).<\/strong><\/p>\n<p style=\"text-align: left;\"><strong><span style=\"font-size: medium;\"><em>Albertine, le souvenir parfum\u00e9 de Marie Rose <\/em>by Jacques Kebadian &amp; Collectif Eug\u00e8ne Varlin <\/span><\/strong>(1972, 25 min)<\/p>\n<p align=\"justify\"><a title=\"Albertine, le souvenir parfum\u00e9 de Marie Rose de Jacques Kebadian et du Collectif Eug\u00e8ne Varlin\" href=\"https:\/\/www.lepeuplequimanque.org\/wp-content\/gallery\/maison-pop-6-10\/albertine1.jpg\" rel=\"prettyPhoto[gallery-4ntS]\"><img decoding=\"async\" class=\"alignleft\" title=\"Albertine, le souvenir parfum\u00e9 de Marie Rose de Jacques Kebadian et du Collectif Eug\u00e8ne Varlin\" src=\"https:\/\/www.lepeuplequimanque.org\/wp-content\/gallery\/maison-pop-6-10\/thumbs\/thumbs_albertine1.jpg\" alt=\"albertine1.jpg\" align=\"left\" \/><\/a>A cheeky, anti-authoritarian comedy, &#8220;Albertine&#8221; is a film manifesto for the insurrection of youth and desire. It tells the story of a teenager in rebellion against school, the rancid family and religion, and features young girls and boys aged 14 to 18 demanding their right to unfettered sexuality and the right to abortion for minors. (Text: AI&amp;KQ)<br \/>\n<a title=\"Albertine, le souvenir parfum\u00e9 de Marie Rose de Jacques Kebadian et du Collectif Eug\u00e8ne Varlin\" href=\"https:\/\/www.lepeuplequimanque.org\/wp-content\/gallery\/maison-pop-6-10\/albertine4.jpg\" rel=\"prettyPhoto[gallery-4ntS]\"><img decoding=\"async\" class=\"alignright\" title=\"Albertine, le souvenir parfum\u00e9 de Marie Rose de Jacques Kebadian et du Collectif Eug\u00e8ne Varlin\" src=\"https:\/\/www.lepeuplequimanque.org\/wp-content\/gallery\/maison-pop-6-10\/thumbs\/thumbs_albertine4.jpg\" alt=\"albertine4.jpg\" align=\"right\" \/><\/a><\/p>\n<p style=\"text-align: left;\">A committed documentary filmmaker, assistant to Robert Bresson from 1965 to 1969, author of a feature-length film about Trotsky (1967), member of the Atelier de Recherche Cin\u00e9matographique (a group of militant, libertarian filmmakers, close to institutional psychotherapy and the alternative clinic at La Borde, who filmed the struggles of 1968) in 1967-69, then of the short-lived Eug\u00e8ne Varlin collective, Jacques Kebadian went on to make numerous films linked to Armenian memory (Que sont mes camarades devenus? M\u00e9moires arm\u00e9niennes), the struggles of undocumented African families (D&#8217;une brousse \u00e0 l&#8217;autre, 1998), the incandescent literature of Pierre Guyotat or the Zapatista march in Mexico (La Fragile Armada, 2005, co-directed with Joani Hocquenghem). <a href=\"https:\/\/www.lepeuplequimanque.org\/distribution\/jacques-kebadian\">(distribution: le peuple qui manque)<\/a><\/p>\n<p style=\"text-align: left;\"><strong><span style=\"font-size: medium;\"><em>Film about a woman who\u2026\u00a0<\/em> by Yvonne Rainer <\/span><\/strong>(1974, 105min)<\/p>\n<p align=\"justify\"><a href=\"https:\/\/www.lepeuplequimanque.org\/wp-content\/uploads\/2023\/11\/Rainer-1.jpg\" rel=\"prettyPhoto[gallery-4ntS]\"><img loading=\"lazy\" decoding=\"async\" class=\"alignleft size-medium wp-image-5295\" src=\"https:\/\/www.lepeuplequimanque.org\/wp-content\/uploads\/2023\/11\/Rainer-1-300x219.jpg\" alt=\"\" width=\"300\" height=\"219\" srcset=\"https:\/\/www.lepeuplequimanque.org\/wp-content\/uploads\/2023\/11\/Rainer-1-300x219.jpg 300w, https:\/\/www.lepeuplequimanque.org\/wp-content\/uploads\/2023\/11\/Rainer-1-822x600.jpg 822w, https:\/\/www.lepeuplequimanque.org\/wp-content\/uploads\/2023\/11\/Rainer-1-150x110.jpg 150w, https:\/\/www.lepeuplequimanque.org\/wp-content\/uploads\/2023\/11\/Rainer-1-768x561.jpg 768w, https:\/\/www.lepeuplequimanque.org\/wp-content\/uploads\/2023\/11\/Rainer-1-1536x1121.jpg 1536w, https:\/\/www.lepeuplequimanque.org\/wp-content\/uploads\/2023\/11\/Rainer-1.jpg 2000w\" sizes=\"auto, (max-width: 300px) 100vw, 300px\" \/><\/a><\/p>\n<p style=\"text-align: left;\">A decisive and rare film from the American avant-garde, beautifully photographed by Babette Mangolte, Film about a woman who&#8230; by choreographer Yvonne Rainer, narrates, fragmentarily and through intimate conversations, the amorous relationships between men and women, masterfully anticipating Laura Mulvey&#8217;s pioneering feminist text, Visual pleasure and Narrative Cinema, published in 1975, a critical analysis of narrative film, and particularly of American Hollywood cinema, in its construction of a sexist iconography and filmic language. Film about a woman who is thus a counter-narrative project designed to counter identification, while at the same time becoming an expression of subjective experience and feminist consciousness. &#8220;I felt authorized &#8211; at a time when I was becoming interested in the question of narrative and storytelling &#8211; to explore my own life as source material for my work, to pay closer attention to my own experiences, just as myself as a historical subject.&#8221; (Texte : AI&amp;KQ)<\/p>\n<p style=\"text-align: left;\">Yvonne Rainer studied dance in New York with Martha Graham and Merce Cunningham before co-founding the Avant-garde Dance group at the Judson Dance Theater in 1962, which became the center of New York&#8217;s experimental contemporary dance scene. In 1965, Yvonne Rainer published a seminal manifesto inviting artists to reject spectacle, virtuosity and all other types of dance artifice in favor of a revolutionary aesthetic stripped of the superfluous. In the early 1970s, Yvonne Rainer returned to the narrative and gave a political dimension to her work. She left the world of dance in 1974 to devote herself to filmmaking, in order to work with a more permanent tool than movement. This abandonment was also linked to her gradual commitment to feminism. Nevertheless, experimentation, fragmentation, unusual juxtaposition and an eloquent demarcation or break with aesthetic postulates are elements that Rainer transposed from dance to screen in works such as Lives of Performers (1972), Film about A Woman Who&#8230; (1974), Kristina Talking Pictures (1976), Journeys from Berlin\/1971 (1980), The Man Who Envied Women (1985), Privilege (1991) and Murder and Murder (1996).<\/p>\n<div align=\"center\"><a title=\"Film about a woman who... d'Yvonne Rainer (1974)\" href=\"https:\/\/www.lepeuplequimanque.org\/wp-content\/gallery\/maison-pop-6-10\/film-about-a-woman-who4.jpg\" rel=\"prettyPhoto[gallery-4ntS]\"><img decoding=\"async\" title=\"Film about a woman who... d\" src=\"https:\/\/www.lepeuplequimanque.org\/wp-content\/gallery\/maison-pop-6-10\/thumbs\/thumbs_film-about-a-woman-who4.jpg\" alt=\"film-about-a-woman-who4.jpg\" \/><\/a><\/div>\n<\/div>\n[\/vc_column_text][\/vc_column][\/vc_row]","protected":false},"excerpt":{"rendered":"<p>[vc_row type=&#8221;in_container&#8221; full_screen_row_position=&#8221;middle&#8221; column_margin=&#8221;default&#8221; column_direction=&#8221;default&#8221; column_direction_tablet=&#8221;default&#8221; column_direction_phone=&#8221;default&#8221; scene_position=&#8221;center&#8221; top_padding=&#8221;4%&#8221; constrain_group_1=&#8221;yes&#8221; bottom_padding=&#8221;4%&#8221; text_color=&#8221;dark&#8221; text_align=&#8221;left&#8221; row_border_radius=&#8221;none&#8221; row_border_radius_applies=&#8221;bg&#8221; overflow=&#8221;visible&#8221; overlay_strength=&#8221;0.3&#8243; gradient_direction=&#8221;left_to_right&#8221;&#8230;<\/p>\n","protected":false},"author":1,"featured_media":0,"parent":159,"menu_order":9,"comment_status":"closed","ping_status":"closed","template":"page-left-sidebar-parents.php","meta":{"footnotes":""},"categories":[],"tags":[],"class_list":["post-175","page","type-page","status-publish"],"aioseo_notices":[],"_links":{"self":[{"href":"https:\/\/www.lepeuplequimanque.org\/en\/wp-json\/wp\/v2\/pages\/175","targetHints":{"allow":["GET"]}}],"collection":[{"href":"https:\/\/www.lepeuplequimanque.org\/en\/wp-json\/wp\/v2\/pages"}],"about":[{"href":"https:\/\/www.lepeuplequimanque.org\/en\/wp-json\/wp\/v2\/types\/page"}],"author":[{"embeddable":true,"href":"https:\/\/www.lepeuplequimanque.org\/en\/wp-json\/wp\/v2\/users\/1"}],"replies":[{"embeddable":true,"href":"https:\/\/www.lepeuplequimanque.org\/en\/wp-json\/wp\/v2\/comments?post=175"}],"version-history":[{"count":0,"href":"https:\/\/www.lepeuplequimanque.org\/en\/wp-json\/wp\/v2\/pages\/175\/revisions"}],"up":[{"embeddable":true,"href":"https:\/\/www.lepeuplequimanque.org\/en\/wp-json\/wp\/v2\/pages\/159"}],"wp:attachment":[{"href":"https:\/\/www.lepeuplequimanque.org\/en\/wp-json\/wp\/v2\/media?parent=175"}],"wp:term":[{"taxonomy":"category","embeddable":true,"href":"https:\/\/www.lepeuplequimanque.org\/en\/wp-json\/wp\/v2\/categories?post=175"},{"taxonomy":"post_tag","embeddable":true,"href":"https:\/\/www.lepeuplequimanque.org\/en\/wp-json\/wp\/v2\/tags?post=175"}],"curies":[{"name":"wp","href":"https:\/\/api.w.org\/{rel}","templated":true}]}}