{"id":178,"date":"2007-09-14T14:13:38","date_gmt":"2007-09-14T13:13:38","guid":{"rendered":"https:\/\/www.lepeuplequimanque.org\/maisonpop-et-melies-2007\/mercredi-16-avril-2008"},"modified":"2023-11-07T21:11:58","modified_gmt":"2023-11-07T20:11:58","slug":"mercredi-16-avril-2008","status":"publish","type":"page","link":"https:\/\/www.lepeuplequimanque.org\/en\/gender-trouble\/mercredi-16-avril-2008\/","title":{"rendered":"Wednesday April 16, 2008 &#8211; Kathy Acker \/ David Wojnarowicz \u00ab Pirate Sexualities \u00bb"},"content":{"rendered":"[vc_row type=&#8221;in_container&#8221; full_screen_row_position=&#8221;middle&#8221; column_margin=&#8221;default&#8221; column_direction=&#8221;default&#8221; column_direction_tablet=&#8221;default&#8221; column_direction_phone=&#8221;default&#8221; scene_position=&#8221;center&#8221; top_padding=&#8221;4%&#8221; constrain_group_1=&#8221;yes&#8221; bottom_padding=&#8221;4%&#8221; text_color=&#8221;dark&#8221; text_align=&#8221;left&#8221; row_border_radius=&#8221;none&#8221; row_border_radius_applies=&#8221;bg&#8221; overflow=&#8221;visible&#8221; overlay_strength=&#8221;0.3&#8243; gradient_direction=&#8221;left_to_right&#8221; shape_divider_position=&#8221;bottom&#8221; bg_image_animation=&#8221;none&#8221; gradient_type=&#8221;default&#8221; shape_type=&#8221;&#8221;][vc_column column_padding=&#8221;no-extra-padding&#8221; column_padding_tablet=&#8221;inherit&#8221; column_padding_phone=&#8221;inherit&#8221; column_padding_position=&#8221;all&#8221; column_element_direction_desktop=&#8221;default&#8221; column_element_spacing=&#8221;default&#8221; desktop_text_alignment=&#8221;default&#8221; tablet_text_alignment=&#8221;default&#8221; phone_text_alignment=&#8221;default&#8221; background_color_opacity=&#8221;1&#8243; background_hover_color_opacity=&#8221;1&#8243; column_backdrop_filter=&#8221;none&#8221; column_shadow=&#8221;none&#8221; column_border_radius=&#8221;none&#8221; column_link_target=&#8221;_self&#8221; column_position=&#8221;default&#8221; gradient_direction=&#8221;left_to_right&#8221; overlay_strength=&#8221;0.3&#8243; width=&#8221;1\/1&#8243; tablet_width_inherit=&#8221;default&#8221; animation_type=&#8221;default&#8221; bg_image_animation=&#8221;none&#8221; border_type=&#8221;simple&#8221; column_border_width=&#8221;none&#8221; column_border_style=&#8221;solid&#8221;][vc_column_text]\n<h1 align=\"center\">\u00ab Pirate sexualities \u00bb<\/h1>\n<h3 align=\"center\">Kathy Acker \/ David Wojnarowicz<\/h3>\n<p align=\"center\"><strong><br \/>\nWednesday, April 16, 2008 at 8 p.m.<br \/>\nat Le M\u00e9li\u00e8s cinema<br \/>\n<\/strong><\/p>\n<p align=\"center\"><strong> With Marion Scemama, Fran\u00e7ois Pain and Laurence Viallet (founder of the publishing house D\u00e9sordres).<\/strong><\/p>\n<div align=\"justify\">\n<p>David Wojnarowicz and Kathy Acker have chiseled their art out of anger and desire &#8220;as imaginary weapons of resistance to the established powers&#8221;. This session is dedicated to these two magnificent writers, performers and video artists, who evolved in New York&#8217;s East Village in the 80s and 90s, a cosmopolitan district of the underground punk and art scene, where squatters, transvestites, prostitutes, junkies and broke artists rubbed shoulders.<\/p>\n<p><a title=\"Kathy Acker\" href=\"https:\/\/www.lepeuplequimanque.org\/wp-content\/gallery\/maison-pop-6-10\/kathy-acker1.jpg\" rel=\"prettyPhoto[gallery-BTcf]\"><img decoding=\"async\" class=\"alignleft\" title=\"Kathy Acker\" src=\"https:\/\/www.lepeuplequimanque.org\/wp-content\/gallery\/maison-pop-6-10\/kathy-acker1.jpg\" alt=\"kathy-acker1.jpg\" align=\"left\" \/><\/a><\/p>\n<p>An eruptive artist of the counter-culture, Kathy Acker illuminated the New York scene of the 70s and 90s, with a schizophrenic use of language articulated with social critique, and a partly autofictional exploration of fragmented, androgynous identities, heralding contemporary queer feminisms.<br \/>\n&#8220;Kathy Acker (1947-1997) left behind some twenty-five years spent struggling with writing, as well as some fifteen underground novels evoking blood, sex and madness.<br \/>\nThe granddaughter of the Beat Generation and grandmother of the riot girls, the sultry Kathy Acker was an atypical and decadent author who never ceased to shout out her freedom, eternally going against the tide. Acker was an artist at odds with everything. From classical literature, which she vehemently challenged; from the bourgeoisie, which she distrusted; from traditional feminism, which she scrupulously avoided; from macho men, whom she detested. Burroughs punk and nymphomaniac, but also the grandmother of the strongly lesbian-tinged post-feminist movement.&#8221; Excerpts from &#8220;Kathy Acker, \u00e0 c\u0153ur et \u00e0 cris&#8221;, Patrick Th\u00e9venin<\/p>\n<p>Kathy Acker&#8217;s only film production, The blue tape, co-directed with poet, artist and performer Alan Sondheim, is an &#8220;experimental diary&#8221; of their relationship, an unvarnished exploration of intimacy and the relationship between sexuality and power in a couple. <a href=\"\/en\/distribution\/kathy-acker-alan-sondheim\/\">(distribution: le peuple qui manque)<\/a><\/p>\n<p><a href=\"https:\/\/www.lepeuplequimanque.org\/wp-content\/uploads\/2009\/04\/Wojnarowicz-portrait.jpg\" rel=\"prettyPhoto[gallery-BTcf]\"><img loading=\"lazy\" decoding=\"async\" class=\"alignright size-medium wp-image-3925\" src=\"https:\/\/www.lepeuplequimanque.org\/wp-content\/uploads\/2009\/04\/Wojnarowicz-portrait-300x297.jpg\" alt=\"\" width=\"300\" height=\"297\" srcset=\"https:\/\/www.lepeuplequimanque.org\/wp-content\/uploads\/2009\/04\/Wojnarowicz-portrait-300x297.jpg 300w, https:\/\/www.lepeuplequimanque.org\/wp-content\/uploads\/2009\/04\/Wojnarowicz-portrait-150x150.jpg 150w, https:\/\/www.lepeuplequimanque.org\/wp-content\/uploads\/2009\/04\/Wojnarowicz-portrait-140x140.jpg 140w, https:\/\/www.lepeuplequimanque.org\/wp-content\/uploads\/2009\/04\/Wojnarowicz-portrait-100x100.jpg 100w, https:\/\/www.lepeuplequimanque.org\/wp-content\/uploads\/2009\/04\/Wojnarowicz-portrait.jpg 454w\" sizes=\"auto, (max-width: 300px) 100vw, 300px\" \/><\/a>David Wojnarowicz&#8217;s hallucinatory art depicts the underworld of the East Village, its furtive, anonymous sexual encounters, its political revolt against American society, its homophobia and ultra-conservatism in the face of the AIDS epidemic.<br \/>\nThe Sex Series and others series, co-directed with filmmakers Marion Scemama and Fran\u00e7ois Pain, is the result of their long friendship, and reveals Wojnarowicz&#8217;s dreams and nightmares, his rage at the treatment meted out by the &#8220;American killing factory&#8221; to the marginalized and disenfranchised of the American dream.<\/p>\n<p><strong>The blue tape by Kathy Acker et Alan Sondheim<\/strong> (1974, 55\u2019)<br \/>\n<strong>Sex series and others by David Wojnarowicz, Marion Scemama et Fran\u00e7ois Pain<\/strong> (1989-1998, 30&#8242;)<\/p>\n<p><center><a title=\"David Wojnarowicz\" href=\"https:\/\/www.lepeuplequimanque.org\/wp-content\/gallery\/maison-pop-6-10\/arthur-rimbaud-ny-wojnarowicz.jpg\" rel=\"prettyPhoto[gallery-BTcf]\"><img decoding=\"async\" title=\"David Wojnarowicz\" src=\"https:\/\/www.lepeuplequimanque.org\/wp-content\/gallery\/maison-pop-6-10\/arthur-rimbaud-ny-wojnarowicz.jpg\" alt=\"arthur-rimbaud-ny-wojnarowicz.jpg\" \/><\/a><\/center><\/p>\n<div align=\"right\">\u00a0Texts and curating: Aliocha Imhoff &amp; Kantuta Quir\u00f3s<\/div>\n<\/div>\n[\/vc_column_text][\/vc_column][\/vc_row]","protected":false},"excerpt":{"rendered":"<p>[vc_row type=&#8221;in_container&#8221; full_screen_row_position=&#8221;middle&#8221; column_margin=&#8221;default&#8221; column_direction=&#8221;default&#8221; column_direction_tablet=&#8221;default&#8221; column_direction_phone=&#8221;default&#8221; scene_position=&#8221;center&#8221; top_padding=&#8221;4%&#8221; constrain_group_1=&#8221;yes&#8221; bottom_padding=&#8221;4%&#8221; text_color=&#8221;dark&#8221; text_align=&#8221;left&#8221; row_border_radius=&#8221;none&#8221; row_border_radius_applies=&#8221;bg&#8221; overflow=&#8221;visible&#8221; overlay_strength=&#8221;0.3&#8243; gradient_direction=&#8221;left_to_right&#8221;&#8230;<\/p>\n","protected":false},"author":1,"featured_media":0,"parent":159,"menu_order":12,"comment_status":"closed","ping_status":"closed","template":"page-left-sidebar-parents.php","meta":{"footnotes":""},"categories":[],"tags":[],"class_list":["post-178","page","type-page","status-publish"],"aioseo_notices":[],"_links":{"self":[{"href":"https:\/\/www.lepeuplequimanque.org\/en\/wp-json\/wp\/v2\/pages\/178","targetHints":{"allow":["GET"]}}],"collection":[{"href":"https:\/\/www.lepeuplequimanque.org\/en\/wp-json\/wp\/v2\/pages"}],"about":[{"href":"https:\/\/www.lepeuplequimanque.org\/en\/wp-json\/wp\/v2\/types\/page"}],"author":[{"embeddable":true,"href":"https:\/\/www.lepeuplequimanque.org\/en\/wp-json\/wp\/v2\/users\/1"}],"replies":[{"embeddable":true,"href":"https:\/\/www.lepeuplequimanque.org\/en\/wp-json\/wp\/v2\/comments?post=178"}],"version-history":[{"count":0,"href":"https:\/\/www.lepeuplequimanque.org\/en\/wp-json\/wp\/v2\/pages\/178\/revisions"}],"up":[{"embeddable":true,"href":"https:\/\/www.lepeuplequimanque.org\/en\/wp-json\/wp\/v2\/pages\/159"}],"wp:attachment":[{"href":"https:\/\/www.lepeuplequimanque.org\/en\/wp-json\/wp\/v2\/media?parent=178"}],"wp:term":[{"taxonomy":"category","embeddable":true,"href":"https:\/\/www.lepeuplequimanque.org\/en\/wp-json\/wp\/v2\/categories?post=178"},{"taxonomy":"post_tag","embeddable":true,"href":"https:\/\/www.lepeuplequimanque.org\/en\/wp-json\/wp\/v2\/tags?post=178"}],"curies":[{"name":"wp","href":"https:\/\/api.w.org\/{rel}","templated":true}]}}