{"id":218,"date":"2008-09-17T16:48:57","date_gmt":"2008-09-17T15:48:57","guid":{"rendered":"https:\/\/www.lepeuplequimanque.org\/corps-insurges\/mercredi-14-janvier-2009"},"modified":"2023-11-08T15:59:28","modified_gmt":"2023-11-08T14:59:28","slug":"mercredi-14-janvier-2009","status":"publish","type":"page","link":"https:\/\/www.lepeuplequimanque.org\/en\/corps-insurges\/mercredi-14-janvier-2009\/","title":{"rendered":"Wednesday January 14, 2009 &#8211; The right to madness"},"content":{"rendered":"[vc_row type=&#8221;in_container&#8221; full_screen_row_position=&#8221;middle&#8221; column_margin=&#8221;default&#8221; column_direction=&#8221;default&#8221; column_direction_tablet=&#8221;default&#8221; column_direction_phone=&#8221;default&#8221; scene_position=&#8221;center&#8221; top_padding=&#8221;4%&#8221; constrain_group_1=&#8221;yes&#8221; bottom_padding=&#8221;4%&#8221; text_color=&#8221;dark&#8221; text_align=&#8221;left&#8221; row_border_radius=&#8221;none&#8221; row_border_radius_applies=&#8221;bg&#8221; overflow=&#8221;visible&#8221; overlay_strength=&#8221;0.3&#8243; gradient_direction=&#8221;left_to_right&#8221; shape_divider_position=&#8221;bottom&#8221; bg_image_animation=&#8221;none&#8221; gradient_type=&#8221;default&#8221; shape_type=&#8221;&#8221;][vc_column column_padding=&#8221;no-extra-padding&#8221; column_padding_tablet=&#8221;inherit&#8221; column_padding_phone=&#8221;inherit&#8221; column_padding_position=&#8221;all&#8221; column_element_direction_desktop=&#8221;default&#8221; column_element_spacing=&#8221;default&#8221; desktop_text_alignment=&#8221;default&#8221; tablet_text_alignment=&#8221;default&#8221; phone_text_alignment=&#8221;default&#8221; background_color_opacity=&#8221;1&#8243; background_hover_color_opacity=&#8221;1&#8243; column_backdrop_filter=&#8221;none&#8221; column_shadow=&#8221;none&#8221; column_border_radius=&#8221;none&#8221; column_link_target=&#8221;_self&#8221; column_position=&#8221;default&#8221; gradient_direction=&#8221;left_to_right&#8221; overlay_strength=&#8221;0.3&#8243; width=&#8221;1\/1&#8243; tablet_width_inherit=&#8221;default&#8221; animation_type=&#8221;default&#8221; bg_image_animation=&#8221;none&#8221; border_type=&#8221;simple&#8221; column_border_width=&#8221;none&#8221; column_border_style=&#8221;solid&#8221;][vc_column_text]\n<h1 style=\"text-align: center;\">The right to madness<\/h1>\n<div style=\"text-align: center;\" align=\"center\"><strong>Wednesday, January 14, 2009 &#8211; 8:30 pm<\/strong><br \/>\n<strong>Cin\u00e9ma Le M\u00e9li\u00e8s<\/strong><\/div>\n<p align=\"center\"><strong><span style=\"color: #cc0066;\">In the presence of Fran\u00e7ois Pain and Jean-Claude Polack (psychoanalyst and editor of Chim\u00e8res magazine)<\/span><\/strong><\/p>\n<div align=\"justify\">\n<p>Focus on the La Borde experience, whose project &#8211; a libertarian utopia, a permanent revolution, a laboratory for the artistic and political movements of the 1960s-1970s, innovative social and therapeutic practices and a critique of society as a whole &#8211; was to treat madness differently.<br \/>\nThe Clinique de la Borde, founded by Jean Oury and a group of young psychiatrists influenced by the psychiatric revolution of the &#8217;40s and then by May &#8217;68, sought &#8220;to make patients live while curing them&#8221;. This movement, of which the psychoanalyst F\u00e9lix Guattari was a vibrant figure, took into account the creative and productive dimension of madness, and, by breaking away from the repressive dimensions of traditional psychiatry and psychoanalytic conformism, redesigned the relationship between carer and cared-for. Challenging hierarchies and divisions of labor, he placed the institution at the center of the therapeutic process.<\/p>\n<div align=\"center\"><strong><span style=\"font-size: medium;\">La Borde ou le droit \u00e0 la folie (La Borde or the right to madness)<br \/>\nby Igor Barr\u00e8re<\/span><\/strong> (1977, 60\u2019)<\/div>\n<p><img decoding=\"async\" class=\"aligncenter\" style=\"width: 502px; height: 127px;\" src=\"https:\/\/www.lepeuplequimanque.org\/newsletters\/laborde.jpg\" align=\"center\" \/><em><br \/>\nLa Borde ou le droit \u00e0 la folie<\/em> is a luminous stroll through the La Borde clinic, where we meet patients, Jean Oury and Guattari, and a collective life in the making. The film&#8217;s staging is organized around meetings to discuss the film in progress, the passage of time, a certain gentleness and a palpable utopia.<em><br \/>\n<\/em><\/p>\n<div align=\"center\"><strong><span style=\"font-size: medium;\">Min Tanaka \u00e0 la Borde (Min Tanaka at La Borde)<br \/>\nby Jos\u00e9phine Guattari &amp; Fran\u00e7ois Pain<\/span><\/strong> (1986, 25\u2019)<\/div>\n<div align=\"center\">presented by <strong>Violeta Salvatiera<\/strong> (dance researcher)<\/div>\n<p>&#8220;Together we embody a single body that belongs to no one, the body of the earth&#8221; Min Tanaka. &#8220;Atmospheric variation&#8221;, &#8220;imperceptible molecule&#8221;, from his &#8220;meteorology laboratory of the body&#8221;, the great Japanese but\u00f4 dancer Tanaka Min, at once human and animal, mineral and vegetable, child and old man, madman and beggar, arouses the emotions of the residents of La Borde, and offers, through his chaos dance, a unique experience that touches closely the collective unconscious and the secret forces of the universe.<\/p>\n<p>Fran\u00e7ois Pain is a filmmaker and author of numerous films on alternative psychiatry experiments. A close associate of F\u00e9lix Guattari, he worked for seven years at the La Borde clinic. He took part in the epic of free radio (1977\/1981), co-founding the F\u00e9d\u00e9ration de Radios Libres Non Commerciales and Radio Tomate. Co-founder of &#8220;Canal D\u00e9cha\u00een\u00e9&#8221; (1991) and &#8220;Chaosm\u00e9dia&#8221; (1994), associations whose aim is to develop theoretical reflection on the theme of the media, as well as a different approach to audiovisual production and broadcasting.<\/p>\n<div align=\"center\"><a title=\"Min Tanaka \u00e0 la Borde de Jos\u00e9phine Guattari et Fran\u00e7ois Pain (1986, 25\u2019)\" href=\"https:\/\/www.lepeuplequimanque.org\/wp-content\/gallery\/corps-insurges\/min-tanaka-a-la-borde.jpg\" rel=\"prettyPhoto[gallery-WBeL]\"><img decoding=\"async\" title=\"Min Tanaka \u00e0 la Borde de Jos\u00e9phine Guattari et Fran\u00e7ois Pain (1986, 25\u2019)\" src=\"https:\/\/www.lepeuplequimanque.org\/wp-content\/gallery\/corps-insurges\/thumbs\/thumbs_min-tanaka-a-la-borde.jpg\" alt=\"min-tanaka-a-la-borde.jpg\" \/><\/a><\/div>\n<p>Texts &amp; curating : Kantuta Quiros &amp; Aliocha Imhoff<\/p>\n<\/div>\n[\/vc_column_text][\/vc_column][\/vc_row]","protected":false},"excerpt":{"rendered":"<p>[vc_row type=&#8221;in_container&#8221; full_screen_row_position=&#8221;middle&#8221; column_margin=&#8221;default&#8221; column_direction=&#8221;default&#8221; column_direction_tablet=&#8221;default&#8221; column_direction_phone=&#8221;default&#8221; scene_position=&#8221;center&#8221; top_padding=&#8221;4%&#8221; constrain_group_1=&#8221;yes&#8221; bottom_padding=&#8221;4%&#8221; text_color=&#8221;dark&#8221; text_align=&#8221;left&#8221; row_border_radius=&#8221;none&#8221; row_border_radius_applies=&#8221;bg&#8221; overflow=&#8221;visible&#8221; overlay_strength=&#8221;0.3&#8243; gradient_direction=&#8221;left_to_right&#8221;&#8230;<\/p>\n","protected":false},"author":1,"featured_media":0,"parent":215,"menu_order":3,"comment_status":"closed","ping_status":"closed","template":"page-left-sidebar-parents.php","meta":{"footnotes":""},"categories":[],"tags":[],"class_list":["post-218","page","type-page","status-publish"],"aioseo_notices":[],"_links":{"self":[{"href":"https:\/\/www.lepeuplequimanque.org\/en\/wp-json\/wp\/v2\/pages\/218","targetHints":{"allow":["GET"]}}],"collection":[{"href":"https:\/\/www.lepeuplequimanque.org\/en\/wp-json\/wp\/v2\/pages"}],"about":[{"href":"https:\/\/www.lepeuplequimanque.org\/en\/wp-json\/wp\/v2\/types\/page"}],"author":[{"embeddable":true,"href":"https:\/\/www.lepeuplequimanque.org\/en\/wp-json\/wp\/v2\/users\/1"}],"replies":[{"embeddable":true,"href":"https:\/\/www.lepeuplequimanque.org\/en\/wp-json\/wp\/v2\/comments?post=218"}],"version-history":[{"count":0,"href":"https:\/\/www.lepeuplequimanque.org\/en\/wp-json\/wp\/v2\/pages\/218\/revisions"}],"up":[{"embeddable":true,"href":"https:\/\/www.lepeuplequimanque.org\/en\/wp-json\/wp\/v2\/pages\/215"}],"wp:attachment":[{"href":"https:\/\/www.lepeuplequimanque.org\/en\/wp-json\/wp\/v2\/media?parent=218"}],"wp:term":[{"taxonomy":"category","embeddable":true,"href":"https:\/\/www.lepeuplequimanque.org\/en\/wp-json\/wp\/v2\/categories?post=218"},{"taxonomy":"post_tag","embeddable":true,"href":"https:\/\/www.lepeuplequimanque.org\/en\/wp-json\/wp\/v2\/tags?post=218"}],"curies":[{"name":"wp","href":"https:\/\/api.w.org\/{rel}","templated":true}]}}