{"id":219,"date":"2008-09-17T16:59:18","date_gmt":"2008-09-17T15:59:18","guid":{"rendered":"https:\/\/www.lepeuplequimanque.org\/corps-insurges\/mercredi-18-fevrier-2009"},"modified":"2023-11-08T16:03:23","modified_gmt":"2023-11-08T15:03:23","slug":"mercredi-18-fevrier-2009","status":"publish","type":"page","link":"https:\/\/www.lepeuplequimanque.org\/en\/corps-insurges\/mercredi-18-fevrier-2009\/","title":{"rendered":"Wednesday February 18, 2009 &#8211; Sankofa Films &#038; Isaac Julien"},"content":{"rendered":"[vc_row type=&#8221;in_container&#8221; full_screen_row_position=&#8221;middle&#8221; column_margin=&#8221;default&#8221; column_direction=&#8221;default&#8221; column_direction_tablet=&#8221;default&#8221; column_direction_phone=&#8221;default&#8221; scene_position=&#8221;center&#8221; top_padding=&#8221;4%&#8221; constrain_group_1=&#8221;yes&#8221; bottom_padding=&#8221;4%&#8221; text_color=&#8221;dark&#8221; text_align=&#8221;left&#8221; row_border_radius=&#8221;none&#8221; row_border_radius_applies=&#8221;bg&#8221; overflow=&#8221;visible&#8221; overlay_strength=&#8221;0.3&#8243; gradient_direction=&#8221;left_to_right&#8221; shape_divider_position=&#8221;bottom&#8221; bg_image_animation=&#8221;none&#8221; gradient_type=&#8221;default&#8221; shape_type=&#8221;&#8221;][vc_column column_padding=&#8221;no-extra-padding&#8221; column_padding_tablet=&#8221;inherit&#8221; column_padding_phone=&#8221;inherit&#8221; column_padding_position=&#8221;all&#8221; column_element_direction_desktop=&#8221;default&#8221; column_element_spacing=&#8221;default&#8221; desktop_text_alignment=&#8221;default&#8221; tablet_text_alignment=&#8221;default&#8221; phone_text_alignment=&#8221;default&#8221; background_color_opacity=&#8221;1&#8243; background_hover_color_opacity=&#8221;1&#8243; column_backdrop_filter=&#8221;none&#8221; column_shadow=&#8221;none&#8221; column_border_radius=&#8221;none&#8221; column_link_target=&#8221;_self&#8221; column_position=&#8221;default&#8221; gradient_direction=&#8221;left_to_right&#8221; overlay_strength=&#8221;0.3&#8243; width=&#8221;1\/1&#8243; tablet_width_inherit=&#8221;default&#8221; animation_type=&#8221;default&#8221; bg_image_animation=&#8221;none&#8221; border_type=&#8221;simple&#8221; column_border_width=&#8221;none&#8221; column_border_style=&#8221;solid&#8221;][vc_column_text]\n<h1 align=\"center\">Sankofa Films &amp; Isaac Julien<\/h1>\n<p style=\"text-align: center;\"><strong>Wednesday, February 18, 2009 &#8211; 8:30 pm<\/strong><br \/>\n<strong>Cin\u00e9ma Le M\u00e9li\u00e8s<\/strong><\/p>\n<p style=\"text-align: center;\">Screening in the presence of <strong>Elsa Dorlin<\/strong><br \/>\n(philosopher and editor of Black feminism)<\/p>\n<div align=\"justify\">Founded in 1983 by Isaac Julien, Martina Attille, Maureen Blackwood, Nadine Marsh-Edwards and Robert Crusz, &#8220;Sankofa Film and Video&#8221; is a pioneering collective of young black British filmmakers whose work examines the construction of the perception of black identity, with the aim of reappropriating the narratives of their histories.<br \/>\nIn the 80s, Sankofa Film and Video was part of the wave of independent black cinema in the UK, which included many other collectives (Black Audio Film Collective, Retake Video) and which, thanks to the support of public institutions, enabled them to work with great formal freedom, constituting an unprecedented experiment in the history of black cinema.<br \/>\nIsaac Julien, a filmmaker and theorist born in London in 1960, became one of the representatives, along with the other members of Sankofa, of the new black queer cinema, which emerged in these years and was more particularly the expression of black gay and feminist artists. In his films and videos, with their sensual, dreamlike aesthetics and informed by postcolonial theories, Isaac Julien blends documentary and fiction, exploring shifting cultural territories and hybrid identities that escape national and essentialist frameworks. He now works in photography, installation and contemporary art.<br \/>\nNominated for the Turner Prize in 2001 for his installations Long Road to Mazatl\u00e0n (1999) and Vagabondia (2000), Isaac Julien also won the 1991 Critics&#8217; Prize at the Cannes Film Festival for his film Young Soul Rebels.<br \/>\nMaureen Blackwood, Jamaican-born writer, co-founder of Sankofa and co-director of The Passion of remembrance with Isaac Julien, is the author of several films addressing the themes of uprootedness and the identity of women of color.<\/div>\n<p>&nbsp;<\/p>\n<div align=\"center\"><strong><span style=\"font-size: medium;\">Territories<br \/>\nby Isaac Julien<\/span><\/strong> (1984,\u00a0 25&#8242;)<\/div>\n<div align=\"justify\">&#8220;We struggle to begin a history, a history of the specific cultural forms of black people.&#8221;<br \/>\nTerritories, part documentary, part artist&#8217;s video, created around the Nothing Hill Carnival, a carnival for the black and Caribbean community, sound systems and reggae culture, and a site of conflict between black youth and the police, is a poetic meditation on the city, the territory, neglected neighborhoods, and a critical reflection on the image of black people transmitted by the media and the fate of migrants from the black diaspora within British society.<\/p>\n<div align=\"center\">\n<p><a title=\"Territories d\u2019Isaac Julien (1984, 25') \" href=\"https:\/\/www.lepeuplequimanque.org\/wp-content\/gallery\/corps-insurges\/julien-territories0002.jpg\" rel=\"prettyPhoto[gallery-Z2pp]\"><img decoding=\"async\" title=\"Territories d\u2019Isaac Julien (1984, 25\" src=\"https:\/\/www.lepeuplequimanque.org\/wp-content\/gallery\/corps-insurges\/thumbs\/thumbs_julien-territories0002.jpg\" alt=\"julien-territories0002.jpg\" \/><\/a><a title=\"Territories d\u2019Isaac Julien (1984, 25') \" href=\"https:\/\/www.lepeuplequimanque.org\/wp-content\/gallery\/corps-insurges\/julien-territories0001.jpg\" rel=\"prettyPhoto[gallery-Z2pp]\"><img decoding=\"async\" title=\"Territories d\u2019Isaac Julien (1984, 25\" src=\"https:\/\/www.lepeuplequimanque.org\/wp-content\/gallery\/corps-insurges\/thumbs\/thumbs_julien-territories0001.jpg\" alt=\"julien-territories0001.jpg\" \/><\/a><\/p>\n<\/div>\n<\/div>\n<div align=\"center\"><strong><span style=\"font-size: medium;\">The Passion of remembrance<br \/>\nby Maureen Blackwood and Isaac Julien<\/span><\/strong> (1986, 80 min)<\/div>\n<div align=\"justify\">\n<p>A film-essay, experimental documentary and lyrical fiction, The Passion of Remembrance is the first feature film produced by Sankofa Film and Audio. It is an uncompromising portrait of the Thatcher government&#8217;s attitude to minorities, and simultaneously explores the difficulty of reconstructing a black political history from unquestioned identities. In so doing, it attempts to interconnect questions of sexuality and gender with issues of class and ethnicity. Combining documentary sequences and allegorical monologues, the narrative follows the trajectory of a young black woman, while at the same time restoring a mosaic of the different dimensions of the black experience lived and imagined by a generation of filmmakers in the UK.<\/p>\n<div align=\"center\"><a title=\"The Passion of remembrance de Maureen Blackwood and Isaac Julien (1986, 80 min)\" href=\"https:\/\/www.lepeuplequimanque.org\/wp-content\/gallery\/corps-insurges\/passion_of_remembrancex4.jpg\" rel=\"prettyPhoto[gallery-Z2pp]\"><img decoding=\"async\" title=\"The Passion of remembrance de Maureen Blackwood and Isaac Julien (1986, 80 min)\" src=\"https:\/\/www.lepeuplequimanque.org\/wp-content\/gallery\/corps-insurges\/thumbs\/thumbs_passion_of_remembrancex4.jpg\" alt=\"passion_of_remembrancex4.jpg\" \/><\/a><\/div>\n<p>&nbsp;<\/p>\n<p>Texts &amp; curating : Kantuta Quiros &amp; Aliocha Imhoff<\/p>\n<\/div>\n[\/vc_column_text][\/vc_column][\/vc_row]","protected":false},"excerpt":{"rendered":"<p>[vc_row type=&#8221;in_container&#8221; full_screen_row_position=&#8221;middle&#8221; column_margin=&#8221;default&#8221; column_direction=&#8221;default&#8221; column_direction_tablet=&#8221;default&#8221; column_direction_phone=&#8221;default&#8221; scene_position=&#8221;center&#8221; top_padding=&#8221;4%&#8221; constrain_group_1=&#8221;yes&#8221; bottom_padding=&#8221;4%&#8221; text_color=&#8221;dark&#8221; text_align=&#8221;left&#8221; row_border_radius=&#8221;none&#8221; row_border_radius_applies=&#8221;bg&#8221; overflow=&#8221;visible&#8221; overlay_strength=&#8221;0.3&#8243; gradient_direction=&#8221;left_to_right&#8221;&#8230;<\/p>\n","protected":false},"author":1,"featured_media":5436,"parent":215,"menu_order":4,"comment_status":"closed","ping_status":"closed","template":"page-left-sidebar-parents.php","meta":{"footnotes":""},"categories":[],"tags":[],"class_list":["post-219","page","type-page","status-publish","has-post-thumbnail"],"aioseo_notices":[],"_links":{"self":[{"href":"https:\/\/www.lepeuplequimanque.org\/en\/wp-json\/wp\/v2\/pages\/219","targetHints":{"allow":["GET"]}}],"collection":[{"href":"https:\/\/www.lepeuplequimanque.org\/en\/wp-json\/wp\/v2\/pages"}],"about":[{"href":"https:\/\/www.lepeuplequimanque.org\/en\/wp-json\/wp\/v2\/types\/page"}],"author":[{"embeddable":true,"href":"https:\/\/www.lepeuplequimanque.org\/en\/wp-json\/wp\/v2\/users\/1"}],"replies":[{"embeddable":true,"href":"https:\/\/www.lepeuplequimanque.org\/en\/wp-json\/wp\/v2\/comments?post=219"}],"version-history":[{"count":0,"href":"https:\/\/www.lepeuplequimanque.org\/en\/wp-json\/wp\/v2\/pages\/219\/revisions"}],"up":[{"embeddable":true,"href":"https:\/\/www.lepeuplequimanque.org\/en\/wp-json\/wp\/v2\/pages\/215"}],"wp:featuredmedia":[{"embeddable":true,"href":"https:\/\/www.lepeuplequimanque.org\/en\/wp-json\/wp\/v2\/media\/5436"}],"wp:attachment":[{"href":"https:\/\/www.lepeuplequimanque.org\/en\/wp-json\/wp\/v2\/media?parent=219"}],"wp:term":[{"taxonomy":"category","embeddable":true,"href":"https:\/\/www.lepeuplequimanque.org\/en\/wp-json\/wp\/v2\/categories?post=219"},{"taxonomy":"post_tag","embeddable":true,"href":"https:\/\/www.lepeuplequimanque.org\/en\/wp-json\/wp\/v2\/tags?post=219"}],"curies":[{"name":"wp","href":"https:\/\/api.w.org\/{rel}","templated":true}]}}