{"id":220,"date":"2008-09-18T10:41:26","date_gmt":"2008-09-18T09:41:26","guid":{"rendered":"https:\/\/www.lepeuplequimanque.org\/corps-insurges\/tarifs-infos-pratiques"},"modified":"2023-11-08T16:25:40","modified_gmt":"2023-11-08T15:25:40","slug":"tarifs-infos-pratiques","status":"publish","type":"page","link":"https:\/\/www.lepeuplequimanque.org\/en\/corps-insurges\/tarifs-infos-pratiques\/","title":{"rendered":"Tickets prices and infos"},"content":{"rendered":"[vc_row type=&#8221;in_container&#8221; full_screen_row_position=&#8221;middle&#8221; column_margin=&#8221;default&#8221; column_direction=&#8221;default&#8221; column_direction_tablet=&#8221;default&#8221; column_direction_phone=&#8221;default&#8221; scene_position=&#8221;center&#8221; top_padding=&#8221;4%&#8221; constrain_group_1=&#8221;yes&#8221; bottom_padding=&#8221;4%&#8221; text_color=&#8221;dark&#8221; text_align=&#8221;left&#8221; row_border_radius=&#8221;none&#8221; row_border_radius_applies=&#8221;bg&#8221; overflow=&#8221;visible&#8221; overlay_strength=&#8221;0.3&#8243; gradient_direction=&#8221;left_to_right&#8221; shape_divider_position=&#8221;bottom&#8221; bg_image_animation=&#8221;none&#8221; gradient_type=&#8221;default&#8221; shape_type=&#8221;&#8221;][vc_column column_padding=&#8221;no-extra-padding&#8221; column_padding_tablet=&#8221;inherit&#8221; column_padding_phone=&#8221;inherit&#8221; column_padding_position=&#8221;all&#8221; column_element_direction_desktop=&#8221;default&#8221; column_element_spacing=&#8221;default&#8221; desktop_text_alignment=&#8221;default&#8221; tablet_text_alignment=&#8221;default&#8221; phone_text_alignment=&#8221;default&#8221; background_color_opacity=&#8221;1&#8243; background_hover_color_opacity=&#8221;1&#8243; column_backdrop_filter=&#8221;none&#8221; column_shadow=&#8221;none&#8221; column_border_radius=&#8221;none&#8221; column_link_target=&#8221;_self&#8221; column_position=&#8221;default&#8221; gradient_direction=&#8221;left_to_right&#8221; overlay_strength=&#8221;0.3&#8243; width=&#8221;1\/1&#8243; tablet_width_inherit=&#8221;default&#8221; animation_type=&#8221;default&#8221; bg_image_animation=&#8221;none&#8221; border_type=&#8221;simple&#8221; column_border_width=&#8221;none&#8221; column_border_style=&#8221;solid&#8221;][vc_column_text]\n<div class=\"chapo\">\n<div align=\"center\">\n<h1>Tickets prices and infos<\/h1>\n<\/div>\n<p><a href=\"https:\/\/www.montreuil.fr\/1-8710-Cinema.php\"><strong>Cin\u00e9ma Le M\u00e9li\u00e8s<\/strong><\/a>, Shopping mall, Montreuil 93100<br \/>\nM\u00b0 Croix-de-Chavaux. <span style=\"color: #ffffff;\"><span style=\"background-color: #000000;\">Usuals rates<\/span><\/span><br \/>\n<strong><br \/>\n<a href=\"https:\/\/www.maisonpop.fr\/\" target=\"_blank\" rel=\"noopener\">Maison populaire<\/a><\/strong> &#8211; 9 bis rue Dombasle &#8211; 93100 Montreuil<br \/>\nM\u00b0 Mairie de Montreuil. <span style=\"color: #ffffff;\"><strong style=\"background-color: #000000;\">Free entrance<\/strong><\/span><\/p>\n<p>&nbsp;<\/p>\n<\/div>\n<div class=\"spip_documents\" style=\"margin: auto; text-align: center;\">\n<p><img loading=\"lazy\" decoding=\"async\" style=\"border-width: 0px;\" title=\"Plan...\" src=\"https:\/\/www.lepeuplequimanque.org\/newsletters\/plan_maisonpop.jpg\" alt=\"Plan...\" width=\"450\" height=\"263\" \/><\/p>\n<div class=\"spip_doc_titre\"><strong>Plan&#8230;<\/strong><\/div>\n<div class=\"spip_doc_descriptif\">\u00e0 partir de la Mairie de Montreuil<\/div>\n<\/div>\n<p><strong><br \/>\nMap around the cin\u00e9ma Le M\u00e9li\u00e8s:<\/strong><\/p>\n<p>&nbsp;<\/p>\n<p><center><iframe loading=\"lazy\" src=\"https:\/\/maps.google.fr\/maps\/ms?oe=UTF-8&amp;hl=fr&amp;ie=UTF8&amp;om=1&amp;s=AARTsJrGwMIX0gxyOGwedPJ3P0ZGbsy3qg&amp;msa=0&amp;msid=109562225627557782406.00043faccd2c6705b53cb&amp;ll=48.858398,2.436218&amp;spn=0.002471,0.00456&amp;z=17&amp;output=embed\" width=\"425\" height=\"350\" frameborder=\"0\" marginwidth=\"0\" marginheight=\"0\" scrolling=\"no\"><\/iframe><\/center><\/p>\n<div id=\"gtx-trans\" style=\"position: absolute; left: 277px; top: -9px;\">\n<div class=\"gtx-trans-icon\">\u00a0<\/div>\n<\/div>\n[\/vc_column_text][\/vc_column][\/vc_row]","protected":false},"excerpt":{"rendered":"<p>[vc_row type=&#8221;in_container&#8221; full_screen_row_position=&#8221;middle&#8221; column_margin=&#8221;default&#8221; column_direction=&#8221;default&#8221; column_direction_tablet=&#8221;default&#8221; column_direction_phone=&#8221;default&#8221; scene_position=&#8221;center&#8221; top_padding=&#8221;4%&#8221; constrain_group_1=&#8221;yes&#8221; bottom_padding=&#8221;4%&#8221; text_color=&#8221;dark&#8221; text_align=&#8221;left&#8221; row_border_radius=&#8221;none&#8221; row_border_radius_applies=&#8221;bg&#8221; overflow=&#8221;visible&#8221; overlay_strength=&#8221;0.3&#8243; gradient_direction=&#8221;left_to_right&#8221;&#8230;<\/p>\n","protected":false},"author":1,"featured_media":0,"parent":215,"menu_order":11,"comment_status":"closed","ping_status":"closed","template":"page-left-sidebar-parents.php","meta":{"footnotes":""},"categories":[],"tags":[],"class_list":["post-220","page","type-page","status-publish"],"aioseo_notices":[],"_links":{"self":[{"href":"https:\/\/www.lepeuplequimanque.org\/en\/wp-json\/wp\/v2\/pages\/220","targetHints":{"allow":["GET"]}}],"collection":[{"href":"https:\/\/www.lepeuplequimanque.org\/en\/wp-json\/wp\/v2\/pages"}],"about":[{"href":"https:\/\/www.lepeuplequimanque.org\/en\/wp-json\/wp\/v2\/types\/page"}],"author":[{"embeddable":true,"href":"https:\/\/www.lepeuplequimanque.org\/en\/wp-json\/wp\/v2\/users\/1"}],"replies":[{"embeddable":true,"href":"https:\/\/www.lepeuplequimanque.org\/en\/wp-json\/wp\/v2\/comments?post=220"}],"version-history":[{"count":0,"href":"https:\/\/www.lepeuplequimanque.org\/en\/wp-json\/wp\/v2\/pages\/220\/revisions"}],"up":[{"embeddable":true,"href":"https:\/\/www.lepeuplequimanque.org\/en\/wp-json\/wp\/v2\/pages\/215"}],"wp:attachment":[{"href":"https:\/\/www.lepeuplequimanque.org\/en\/wp-json\/wp\/v2\/media?parent=220"}],"wp:term":[{"taxonomy":"category","embeddable":true,"href":"https:\/\/www.lepeuplequimanque.org\/en\/wp-json\/wp\/v2\/categories?post=220"},{"taxonomy":"post_tag","embeddable":true,"href":"https:\/\/www.lepeuplequimanque.org\/en\/wp-json\/wp\/v2\/tags?post=220"}],"curies":[{"name":"wp","href":"https:\/\/api.w.org\/{rel}","templated":true}]}}