{"id":2386,"date":"2016-12-26T21:03:23","date_gmt":"2016-12-26T20:03:23","guid":{"rendered":"https:\/\/www.lepeuplequimanque.org\/?page_id=2386"},"modified":"2024-03-10T11:42:52","modified_gmt":"2024-03-10T10:42:52","slug":"une-constituante-migrante","status":"publish","type":"page","link":"https:\/\/www.lepeuplequimanque.org\/en\/une-constituante-migrante\/","title":{"rendered":"A Migrant Constituent Assembly (2017, Centre Pompidou)"},"content":{"rendered":"[vc_row type=&#8221;in_container&#8221; full_screen_row_position=&#8221;middle&#8221; column_margin=&#8221;default&#8221; column_direction=&#8221;default&#8221; column_direction_tablet=&#8221;default&#8221; column_direction_phone=&#8221;default&#8221; scene_position=&#8221;center&#8221; top_padding=&#8221;6%&#8221; bottom_padding=&#8221;3%&#8221; text_color=&#8221;dark&#8221; text_align=&#8221;left&#8221; row_border_radius=&#8221;none&#8221; row_border_radius_applies=&#8221;bg&#8221; overflow=&#8221;visible&#8221; overlay_strength=&#8221;0.3&#8243; gradient_direction=&#8221;left_to_right&#8221; shape_divider_position=&#8221;bottom&#8221; bg_image_animation=&#8221;none&#8221; gradient_type=&#8221;default&#8221; shape_type=&#8221;&#8221;][vc_column column_padding=&#8221;no-extra-padding&#8221; column_padding_tablet=&#8221;inherit&#8221; column_padding_phone=&#8221;inherit&#8221; column_padding_position=&#8221;all&#8221; top_margin=&#8221;10%&#8221; constrain_group_1=&#8221;yes&#8221; bottom_margin=&#8221;10%&#8221; top_margin_phone=&#8221;20%&#8221; constrain_group_5=&#8221;yes&#8221; bottom_margin_phone=&#8221;20%&#8221; column_element_direction_desktop=&#8221;default&#8221; column_element_spacing=&#8221;default&#8221; desktop_text_alignment=&#8221;default&#8221; tablet_text_alignment=&#8221;default&#8221; phone_text_alignment=&#8221;default&#8221; background_color_opacity=&#8221;1&#8243; background_hover_color_opacity=&#8221;1&#8243; column_backdrop_filter=&#8221;none&#8221; column_shadow=&#8221;none&#8221; column_border_radius=&#8221;none&#8221; column_link_target=&#8221;_self&#8221; column_position=&#8221;default&#8221; gradient_direction=&#8221;left_to_right&#8221; overlay_strength=&#8221;0.3&#8243; width=&#8221;1\/4&#8243; tablet_width_inherit=&#8221;default&#8221; animation_type=&#8221;default&#8221; bg_image_animation=&#8221;none&#8221; border_type=&#8221;simple&#8221; column_border_width=&#8221;none&#8221; column_border_style=&#8221;solid&#8221; column_padding_type=&#8221;default&#8221; gradient_type=&#8221;default&#8221;][nectar_global_section id=&#8221;4902&#8243;][\/vc_column][vc_column column_padding=&#8221;no-extra-padding&#8221; column_padding_tablet=&#8221;inherit&#8221; column_padding_phone=&#8221;inherit&#8221; column_padding_position=&#8221;all&#8221; column_element_direction_desktop=&#8221;default&#8221; column_element_spacing=&#8221;default&#8221; desktop_text_alignment=&#8221;default&#8221; tablet_text_alignment=&#8221;default&#8221; phone_text_alignment=&#8221;default&#8221; background_color_opacity=&#8221;1&#8243; background_hover_color_opacity=&#8221;1&#8243; column_backdrop_filter=&#8221;none&#8221; column_shadow=&#8221;none&#8221; column_border_radius=&#8221;none&#8221; column_link_target=&#8221;_self&#8221; column_position=&#8221;default&#8221; gradient_direction=&#8221;left_to_right&#8221; overlay_strength=&#8221;0.3&#8243; width=&#8221;3\/4&#8243; tablet_width_inherit=&#8221;default&#8221; animation_type=&#8221;default&#8221; bg_image_animation=&#8221;none&#8221; border_type=&#8221;simple&#8221; column_border_width=&#8221;none&#8221; column_border_style=&#8221;solid&#8221;][vc_column_text]\n<div id=\"attachment_2387\" style=\"width: 619px\" class=\"wp-caption aligncenter\"><a href=\"https:\/\/www.lepeuplequimanque.org\/wp-content\/uploads\/2016\/12\/Me-grant-Babi2.png\" rel=\"prettyPhoto[gallery-zrM9]\"><img loading=\"lazy\" decoding=\"async\" aria-describedby=\"caption-attachment-2387\" class=\"wp-image-2387\" src=\"https:\/\/www.lepeuplequimanque.org\/wp-content\/uploads\/2016\/12\/Me-grant-Babi2.png\" alt=\"Babi Badalov,\u00a0Me Grant He Grant, 2015, Peinture sur tissu Courtesy galerie J\u00e9r\u00f4me Poggi, Paris\" width=\"609\" height=\"411\" srcset=\"https:\/\/www.lepeuplequimanque.org\/wp-content\/uploads\/2016\/12\/Me-grant-Babi2.png 800w, https:\/\/www.lepeuplequimanque.org\/wp-content\/uploads\/2016\/12\/Me-grant-Babi2-150x101.png 150w, https:\/\/www.lepeuplequimanque.org\/wp-content\/uploads\/2016\/12\/Me-grant-Babi2-300x203.png 300w, https:\/\/www.lepeuplequimanque.org\/wp-content\/uploads\/2016\/12\/Me-grant-Babi2-768x518.png 768w\" sizes=\"auto, (max-width: 609px) 100vw, 609px\" \/><\/a><p id=\"caption-attachment-2387\" class=\"wp-caption-text\">Babi Badalov, Me Grant He Grant, 2015, Peinture sur tissu. Courtesy galerie J\u00e9r\u00f4me Poggi, Paris<\/p><\/div>\n<p>We will meet on the 28th and the 29th to collectively write a Migrant Constitution.<br \/>\nThe Migrant Constituent Assembly is a negative community that cannot, by its definition, constitute itself as a Nation. \u00a0It is the assembly of a people which is missing. Emanating from this paradox statement, a \u00ab migrant constituent \u00bb, what could be a constitution of a political subject that migrates.<\/p>\n<p>An assembly which would be ordered by the community of the disappeared, of migrant and lost lives, on the Mediterranean sea &#8211; today the most lethal route of the 21st century-; yesterday being human trafficking in the Black Atlantic and the Middle Passage. An Assembly where the sea would be its missing soil and its language would be the translation itself as whispered to us by Camille de Toledo and Barbara Cassin.<br \/>\nThe political subject of this Assembly defines itself starting from migrance, starting from our spiral and multi-scalar identities, where its center of gravity in those who suffer todays migration politics in the most cruel way. This assembly in exile, \u201cthat doesn\u2019t belong\u201d, in the sense of Derrida\u2019s words \u201ca language doesn\u2019t belong\u201d, is called to be endless, undoing spaces of separation within and without.<\/p>\n<p>Our migrant constituent assembly is in itself an un-accomplishment of a migrant community, even its un-compossibility. It is nevertheless looking deliberately for its institutional form. The event opens with a space of declaration, a verbal trial and a judgement, denominating and witnessing \u2013 we seek to document and describe responsibilities of lost lives. If it&#8217;s a question of opening a public debate and a political controversy, this assembly can be understood also as an thought experiment, a simulation. Every participant of the assembly is invited to propose an article that will be negotiated and amended before being adopted or declined over these two days. Three writers will take notes of the proposed articles and collective discussions which will result in a draft of the constitution. The final text will have no linguistic confinement, no deviation; it is the place of our poetic, philosophic, technical and political languages and is permeated within (a) multitude(s) of linguistic migration, from all our exiled languages, overlapping within ourselves.<\/p>\n<p>With<strong> Michel Agier \/ Mehdi Alioua \/ Nisrine Al Zahre \/ Kader Attia \/ Babi Badalov \/ Marie-Laure Basilien Gainche \/ Etienne Balibar \/ Tania Bruguera \/ Yves Citton \/ Catherine Coquio \/ Mahmoud El Hajj \/ Sylvain George \/ Charles Heller &amp; Lorenzo Pezzani (Forensic Oceanography) \/ Marielle Mac\u00e9 \/ Mathieu Larnaudie \/ Carpanin Marimoutou \/ James No\u00ebl \/ Philippe Rekacewicz \/ Emmanuel Ruben \/ Dorcy Rugamba \/ Camille de Toledo \/ Samy Tchak \/ S\u00e9bastien Thi\u00e9ry \u2013 le P.E.R.O.U. \/ Camille Louis &amp; Etienne Tassin &amp; L\u00e9a Drouet \/ Laurent de Sutter \/ Fran\u00e7oise Verg\u00e8s \/ Abdourahman Waberi <\/strong>\/ <strong>la coordination des sans papiers du 93 \/ la coordination des sans papiers du 75 &#8211; CISPM\/\u00a0Migreurop \/<\/strong>\u00a0<strong>RESOME (R\u00e9seau Etudes Sup\u00e9rieures et Orientation des Migrant.e.s et Exil\u00e9.e.s) \/ Paris d\u2019Exil \u2013 collectif parisien de soutien aux exil\u00e9s \/ R\u00e9fugi\u00e9s Bienvenue \/ <\/strong>and the audience.<\/p>\n<p><strong>Curated by<\/strong>\u00a0Aliocha Imhoff &amp; Kantuta Quir\u00f3s \/ le peuple qui manque<br \/>\n<strong>Scenography<\/strong>\u00a0: Adel Cersaque<\/p>\n<div id=\"attachment_2492\" style=\"width: 615px\" class=\"wp-caption aligncenter\"><a href=\"https:\/\/www.lepeuplequimanque.org\/wp-content\/uploads\/2017\/01\/constituante-migrante-scenographie-adel-cersaque-2.jpg\" rel=\"prettyPhoto[gallery-zrM9]\"><img loading=\"lazy\" decoding=\"async\" aria-describedby=\"caption-attachment-2492\" class=\"wp-image-2492 \" src=\"https:\/\/www.lepeuplequimanque.org\/wp-content\/uploads\/2017\/01\/constituante-migrante-scenographie-adel-cersaque-2.jpg\" alt=\"Une Constituante Migrante, Scenographie : Adel Cersaque\" width=\"605\" height=\"339\" srcset=\"https:\/\/www.lepeuplequimanque.org\/wp-content\/uploads\/2017\/01\/constituante-migrante-scenographie-adel-cersaque-2.jpg 734w, https:\/\/www.lepeuplequimanque.org\/wp-content\/uploads\/2017\/01\/constituante-migrante-scenographie-adel-cersaque-2-150x84.jpg 150w, https:\/\/www.lepeuplequimanque.org\/wp-content\/uploads\/2017\/01\/constituante-migrante-scenographie-adel-cersaque-2-300x168.jpg 300w\" sizes=\"auto, (max-width: 605px) 100vw, 605px\" \/><\/a><p id=\"caption-attachment-2492\" class=\"wp-caption-text\">Une Constituante Migrante, Scenography : Adel Cersaque<\/p><\/div>\n<p><strong>Extraits de la revue de presse<\/strong><\/p>\n<p><a href=\"https:\/\/www.franceculture.fr\/emissions\/ping-pong\/kader-attia-katuta-quiros-et-aliocha-imhoff-hors-pistes-ou-le-devenir-migrant\" data-saferedirecturl=\"https:\/\/www.google.com\/url?hl=en&amp;q=https:\/\/www.franceculture.fr\/emissions\/ping-pong\/kader-attia-katuta-quiros-et-aliocha-imhoff-hors-pistes-ou-le-devenir-migrant&amp;source=gmail&amp;ust=1487322859722000&amp;usg=AFQjCNG8_sFRnX05TdBXjT0lOp3DkM37Pg\"><strong>France Culture, Ping Pong<\/strong>, \u00ab Le devenir-migrant \u00bb, avec Kader Attia, Aliocha Imhoff &amp; Kantuta Quiros, \u00e9mission produite et anim\u00e9e par Mathilde Serrell &amp; Martin Quenehen, 27 janvier 2017, \u00e0 propos d\u2019Une Constituante migrante \u00bb<\/a><\/p>\n<p><a href=\"https:\/\/www.franceculture.fr\/emissions\/les-conseils-du-week-end\/sonia-wieder-atherton-la-constitution-migrante-et-thibault-cauvin\" data-saferedirecturl=\"https:\/\/www.google.com\/url?hl=en&amp;q=https:\/\/www.franceculture.fr\/emissions\/les-conseils-du-week-end\/sonia-wieder-atherton-la-constitution-migrante-et-thibault-cauvin&amp;source=gmail&amp;ust=1487322859722000&amp;usg=AFQjCNGkgnLxQw4OwU5elzSrPlakDw2giw\"><strong>France Culture<\/strong>, Une Constituante migrante, conseill\u00e9e par Caroline Brou\u00e9, Les Conseils du week-end, 28 janvier 2017<\/a><\/p>\n<p><a href=\"https:\/\/www.liberation.fr\/debats\/2017\/01\/26\/charles-heller-pour-les-migrants-la-mediterranee-fut-encore-plus-meurtriere-en-2016-qu-en-2015_1544269\" data-saferedirecturl=\"https:\/\/www.google.com\/url?hl=en&amp;q=https:\/\/www.liberation.fr\/debats\/2017\/01\/26\/charles-heller-pour-les-migrants-la-mediterranee-fut-encore-plus-meurtriere-en-2016-qu-en-2015_1544269&amp;source=gmail&amp;ust=1487322859722000&amp;usg=AFQjCNGr50D0zFZeCmX_x5NJDTcYkH3Qjg\"><strong>Lib\u00e9ration<\/strong>, Pour les migrants, la M\u00e9diterran\u00e9e fut encore plus meurtri\u00e8re en 2016, double page d&#8217;entretien dans le journal (et en ligne) avec Charles Heller, \u00e0 l&#8217;occasion d&#8217;Une Constituante migrante, par Catherine Calvet<\/a>, 26 janvier 2017<\/p>\n<p><a href=\"https:\/\/www.liberation.fr\/debats\/2017\/01\/18\/pour-une-constituante-migrante_1542431\" data-saferedirecturl=\"https:\/\/www.google.com\/url?hl=en&amp;q=https:\/\/www.liberation.fr\/debats\/2017\/01\/18\/pour-une-constituante-migrante_1542431&amp;source=gmail&amp;ust=1487322859722000&amp;usg=AFQjCNG2UPuJEjuCIEDrcRlUMc-19DdN4A\"><strong>Lib\u00e9ration<\/strong>, Pour une Constituante migrante, 18 janvier 2017<\/a><\/p>\n<p><strong><a href=\"https:\/\/www.lemonde.fr\/culture\/article\/2017\/01\/27\/de-la-nature-et-de-la-culture-nos-idees-de-sorties-pour-le-week-end_5069832_3246.html\" data-saferedirecturl=\"https:\/\/www.google.com\/url?hl=en&amp;q=https:\/\/www.lemonde.fr\/culture\/article\/2017\/01\/27\/de-la-nature-et-de-la-culture-nos-idees-de-sorties-pour-le-week-end_5069832_3246.html&amp;source=gmail&amp;ust=1487322859722000&amp;usg=AFQjCNEgL9adlTuJEPScW-r4cHkADmFp4g\">Le Monde<\/a><a href=\"https:\/\/www.lemonde.fr\/culture\/article\/2017\/01\/27\/de-la-nature-et-de-la-culture-nos-idees-de-sorties-pour-le-week-end_5069832_3246.html\" data-saferedirecturl=\"https:\/\/www.google.com\/url?hl=en&amp;q=https:\/\/www.lemonde.fr\/culture\/article\/2017\/01\/27\/de-la-nature-et-de-la-culture-nos-idees-de-sorties-pour-le-week-end_5069832_3246.html&amp;source=gmail&amp;ust=1487322859722000&amp;usg=AFQjCNEgL9adlTuJEPScW-r4cHkADmFp4g\">, par Emmanuelle Jardonnet, 28 janvier 2017\u00a0<\/a><\/strong><\/p>\n<p><a href=\"https:\/\/www.lesinrocks.com\/2017\/01\/22\/arts\/5-expos-a-ne-rater-cette-semaine-15-11905193\/\" data-saferedirecturl=\"https:\/\/www.google.com\/url?hl=en&amp;q=https:\/\/www.lesinrocks.com\/2017\/01\/22\/arts\/5-expos-a-ne-rater-cette-semaine-15-11905193\/&amp;source=gmail&amp;ust=1487322859722000&amp;usg=AFQjCNF586lnvvtUWkzA891YNuDQrQYDbg\"><strong>Les Inrocks<\/strong>, Une Constituante migrante, parmi les 5 expos de la semaine \u00e0 ne pas rater, par Ingrid Luquet-Gad<\/a><\/p>\n<p><strong>L&#8217;oeil<\/strong>\u00a0n\u00b0698, par Olivier Partos<\/p>\n<p><a href=\"https:\/\/diacritik.com\/2017\/01\/28\/une-constituante-migrante-symposium-performance-centre-pompidou-28-et-29-janvier\/\" data-saferedirecturl=\"https:\/\/www.google.com\/url?hl=en&amp;q=https:\/\/diacritik.com\/2017\/01\/28\/une-constituante-migrante-symposium-performance-centre-pompidou-28-et-29-janvier\/&amp;source=gmail&amp;ust=1487322859722000&amp;usg=AFQjCNHaNgDp-yTky0nlCE2CptSx5MZbpw\"><strong>Diacritik<\/strong>, Une Constituante migrante, 28 janvier 2017<\/a><\/p>\n<p><strong>Afriscope janvier 2017<\/strong>, tribune \u00a0par Aliocha Imhoff et Kantuta Quiros, \u00e0 l&#8217;invitation d&#8217;Anne Bocand\u00e9<\/p>\n<p><a href=\"https:\/\/africultures.com\/une-constituante-migrante-13921\/\" data-saferedirecturl=\"https:\/\/www.google.com\/url?hl=en&amp;q=https:\/\/africultures.com\/une-constituante-migrante-13921\/&amp;source=gmail&amp;ust=1487322859722000&amp;usg=AFQjCNFHUS5En0TiVntD41Bb1_ji6XK86w\"><strong>Africultures<\/strong>, Une Constituante migrante, 12 janvier 2017<br \/>\n<\/a><\/p>\n<p class=\"p1\"><b>Uzbek et Rica<\/b>, Constituante migrante\u00a0: une exp\u00e9rience po\u00e9tique \u00e0 Paris, par Charles Faugeron, 9 f\u00e9vrier 2017<\/p>\n[\/vc_column_text][\/vc_column][\/vc_row]","protected":false},"excerpt":{"rendered":"<p>Symposium-performance<br \/>\nCenter Pompidou, 2017<br \/>\nAs part of the Hors Pistes Festival 2017<\/p>\n","protected":false},"author":1,"featured_media":2387,"parent":0,"menu_order":0,"comment_status":"closed","ping_status":"closed","template":"page-no-sidebar.php","meta":{"footnotes":""},"categories":[42,31],"tags":[14],"class_list":{"0":"post-2386","1":"page","2":"type-page","3":"status-publish","4":"has-post-thumbnail","6":"category-2015-2019","7":"category-curating","8":"tag-archives"},"aioseo_notices":[],"_links":{"self":[{"href":"https:\/\/www.lepeuplequimanque.org\/en\/wp-json\/wp\/v2\/pages\/2386","targetHints":{"allow":["GET"]}}],"collection":[{"href":"https:\/\/www.lepeuplequimanque.org\/en\/wp-json\/wp\/v2\/pages"}],"about":[{"href":"https:\/\/www.lepeuplequimanque.org\/en\/wp-json\/wp\/v2\/types\/page"}],"author":[{"embeddable":true,"href":"https:\/\/www.lepeuplequimanque.org\/en\/wp-json\/wp\/v2\/users\/1"}],"replies":[{"embeddable":true,"href":"https:\/\/www.lepeuplequimanque.org\/en\/wp-json\/wp\/v2\/comments?post=2386"}],"version-history":[{"count":0,"href":"https:\/\/www.lepeuplequimanque.org\/en\/wp-json\/wp\/v2\/pages\/2386\/revisions"}],"wp:featuredmedia":[{"embeddable":true,"href":"https:\/\/www.lepeuplequimanque.org\/en\/wp-json\/wp\/v2\/media\/2387"}],"wp:attachment":[{"href":"https:\/\/www.lepeuplequimanque.org\/en\/wp-json\/wp\/v2\/media?parent=2386"}],"wp:term":[{"taxonomy":"category","embeddable":true,"href":"https:\/\/www.lepeuplequimanque.org\/en\/wp-json\/wp\/v2\/categories?post=2386"},{"taxonomy":"post_tag","embeddable":true,"href":"https:\/\/www.lepeuplequimanque.org\/en\/wp-json\/wp\/v2\/tags?post=2386"}],"curies":[{"name":"wp","href":"https:\/\/api.w.org\/{rel}","templated":true}]}}