{"id":2431,"date":"2017-01-05T19:47:33","date_gmt":"2017-01-05T18:47:33","guid":{"rendered":"https:\/\/www.lepeuplequimanque.org\/?page_id=2431"},"modified":"2024-03-10T11:43:19","modified_gmt":"2024-03-10T10:43:19","slug":"equipe-partenaires-remerciements","status":"publish","type":"page","link":"https:\/\/www.lepeuplequimanque.org\/en\/une-constituante-migrante\/equipe-partenaires-remerciements\/","title":{"rendered":"Staff &#8211; Partners &#8211; Thanks &#8211; A Migrant Constituent Assembly"},"content":{"rendered":"[vc_row type=&#8221;in_container&#8221; full_screen_row_position=&#8221;middle&#8221; column_margin=&#8221;default&#8221; column_direction=&#8221;default&#8221; column_direction_tablet=&#8221;default&#8221; column_direction_phone=&#8221;default&#8221; scene_position=&#8221;center&#8221; top_padding=&#8221;6%&#8221; bottom_padding=&#8221;2%&#8221; text_color=&#8221;dark&#8221; text_align=&#8221;left&#8221; row_border_radius=&#8221;none&#8221; row_border_radius_applies=&#8221;bg&#8221; overflow=&#8221;visible&#8221; overlay_strength=&#8221;0.3&#8243; gradient_direction=&#8221;left_to_right&#8221; shape_divider_position=&#8221;bottom&#8221; bg_image_animation=&#8221;none&#8221; gradient_type=&#8221;default&#8221; shape_type=&#8221;&#8221;][vc_column column_padding=&#8221;no-extra-padding&#8221; column_padding_tablet=&#8221;inherit&#8221; column_padding_phone=&#8221;inherit&#8221; column_padding_position=&#8221;all&#8221; top_margin=&#8221;10%&#8221; constrain_group_1=&#8221;yes&#8221; bottom_margin=&#8221;10%&#8221; top_margin_phone=&#8221;20%&#8221; constrain_group_5=&#8221;yes&#8221; bottom_margin_phone=&#8221;20%&#8221; column_element_direction_desktop=&#8221;default&#8221; column_element_spacing=&#8221;default&#8221; desktop_text_alignment=&#8221;default&#8221; tablet_text_alignment=&#8221;default&#8221; phone_text_alignment=&#8221;default&#8221; background_color_opacity=&#8221;1&#8243; background_hover_color_opacity=&#8221;1&#8243; column_backdrop_filter=&#8221;none&#8221; column_shadow=&#8221;none&#8221; column_border_radius=&#8221;none&#8221; column_link_target=&#8221;_self&#8221; column_position=&#8221;default&#8221; gradient_direction=&#8221;left_to_right&#8221; overlay_strength=&#8221;0.3&#8243; width=&#8221;1\/3&#8243; tablet_width_inherit=&#8221;default&#8221; animation_type=&#8221;default&#8221; bg_image_animation=&#8221;none&#8221; border_type=&#8221;simple&#8221; column_border_width=&#8221;none&#8221; column_border_style=&#8221;solid&#8221; column_padding_type=&#8221;default&#8221; gradient_type=&#8221;default&#8221;][nectar_global_section id=&#8221;4902&#8243;][\/vc_column][vc_column column_padding=&#8221;no-extra-padding&#8221; column_padding_tablet=&#8221;inherit&#8221; column_padding_phone=&#8221;inherit&#8221; column_padding_position=&#8221;all&#8221; column_element_direction_desktop=&#8221;default&#8221; column_element_spacing=&#8221;default&#8221; desktop_text_alignment=&#8221;default&#8221; tablet_text_alignment=&#8221;default&#8221; phone_text_alignment=&#8221;default&#8221; background_color_opacity=&#8221;1&#8243; background_hover_color_opacity=&#8221;1&#8243; column_backdrop_filter=&#8221;none&#8221; column_shadow=&#8221;none&#8221; column_border_radius=&#8221;none&#8221; column_link_target=&#8221;_self&#8221; column_position=&#8221;default&#8221; gradient_direction=&#8221;left_to_right&#8221; overlay_strength=&#8221;0.3&#8243; width=&#8221;2\/3&#8243; tablet_width_inherit=&#8221;default&#8221; animation_type=&#8221;default&#8221; bg_image_animation=&#8221;none&#8221; border_type=&#8221;simple&#8221; column_border_width=&#8221;none&#8221; column_border_style=&#8221;solid&#8221;][vc_column_text]\n<h3><strong>Staff\u00a0and\u00a0partners<\/strong><\/h3>\n<p><strong>Production:<br \/>\nFestival Hors Pistes 2017<br \/>\n<\/strong><strong>Le peuple qui manque<\/strong><\/p>\n<p>Curators and direction: Aliocha Imhoff &amp; Kantuta Quir\u00f3s<br \/>\n<strong>Scenography<\/strong>: Adel Cersaque<br \/>\nAssisted by\u00a0Laura Thavenot, Morgane Le Doze, Nele Buhler, Maureen Beguin, Gabrielle Laurin, Jules Vaulont, Baptist Penetticobra,\u00a0Elsa Naude<\/p>\n<p style=\"text-align: justify;\">Abrit\u00e9s sous le nom Adel Cersaque, Robin Bantigny-Pernot et J\u00e9r\u00e9mie Rentien Lando travaillent autour des repr\u00e9sentations du politique par la composition d\u2019institutions qui s\u2019\u00e9loignent des syst\u00e8mes contemporains et mettent \u00e0 l\u2019\u00e9preuve, par des pi\u00e8ces sc\u00e9niques, de nouvelles formes politiques. Dipl\u00f4m\u00e9 de l\u2019\u00c9cole des Arts d\u00e9coratifs de Paris \u00e0 l\u2019\u00e9t\u00e9 2014, Adel Cersaque a pr\u00e9sent\u00e9 sa pi\u00e8ce L.A.S.T. \u00e0 l\u2019Irish Institut de Paris (2014), \u00e0 l\u2019ENSAD lors de l\u2019Exposition des pi\u00e8ces prim\u00e9es par la Fondation Bettencourt Schueller (2014), puis \u00e0 la 9e Biennale Internationale de Design de Saint Etienne (2015), et enfin au Salone Satellite de Milan (2015). Le cycle L.A.S.T. s\u2019est\u00a0\u00a0cl\u00f4tur\u00e9 par The everlasting 17th L.A.S.T. Congress, (2015). En parall\u00e8le, Adel Cersaque a multipli\u00e9 les collaborations avec, en particulier, le peuple qui manque dans le cadre du symposium \u00abAu-del\u00e0 de l\u2019Effet Magiciens\u00bb, \u00e0 la Fondation Gulbenkian de Paris et aux Laboratoires d\u2019Aubervilliers (2015), ainsi que le colloque \u00abUne Constituante migrante\u00bb, au Centre Pompidou (2017); et le projet curatorial Dear,\u00a0\u00a0avec l\u2019association Simon Bolivar.<br \/>\n<strong><br \/>\nScribes of the constituent :<\/strong>\u00a0Helena Hattmannsdorfer,\u00a0Satya Chatillon, Elvina Le Poul<br \/>\n<strong>Cameramen :<\/strong>\u00a0Alain El Sakhawi, Romain Girard,\u00a0Quentin Rebuttini<\/p>\n<p>With the support of the<strong> Commission nationale fran\u00e7aise pour l&#8217;Unesco<\/strong>\u00a0and the\u00a0<strong>Universit\u00e9 de Saint-Denis de la R\u00e9union<\/strong>.<\/p>\n<p style=\"text-align: center;\"><a href=\"https:\/\/www.lepeuplequimanque.org\/wp-content\/uploads\/2017\/01\/Logo_CNFU_Coope\u0301ration_600Dpi.jpg\" rel=\"prettyPhoto[gallery-FyeK]\"><img loading=\"lazy\" decoding=\"async\" class=\"size-thumbnail wp-image-2525\" src=\"https:\/\/www.lepeuplequimanque.org\/wp-content\/uploads\/2017\/01\/Logo_CNFU_Coope\u0301ration_600Dpi-150x89.jpg\" alt=\"\" width=\"150\" height=\"89\" srcset=\"https:\/\/www.lepeuplequimanque.org\/wp-content\/uploads\/2017\/01\/Logo_CNFU_Coope\u0301ration_600Dpi-150x89.jpg 150w, https:\/\/www.lepeuplequimanque.org\/wp-content\/uploads\/2017\/01\/Logo_CNFU_Coope\u0301ration_600Dpi-300x177.jpg 300w, https:\/\/www.lepeuplequimanque.org\/wp-content\/uploads\/2017\/01\/Logo_CNFU_Coope\u0301ration_600Dpi.jpg 460w\" sizes=\"auto, (max-width: 150px) 100vw, 150px\" \/><\/a>\u00a0\u00a0<a href=\"https:\/\/www.lepeuplequimanque.org\/wp-content\/uploads\/2017\/01\/logo-reunion.png\" rel=\"prettyPhoto[gallery-FyeK]\"><img loading=\"lazy\" decoding=\"async\" class=\"size-full wp-image-2526\" src=\"https:\/\/www.lepeuplequimanque.org\/wp-content\/uploads\/2017\/01\/logo-reunion.png\" alt=\"\" width=\"109\" height=\"99\" \/><\/a><\/p>\n<hr \/>\n<p><strong><br \/>\nWe would like to particularly thank:<\/strong><\/p>\n<p><strong>Le Centre Pompidou<\/strong><br \/>\nSerge Lasvignes,\u00a0pr\u00e9sident<br \/>\nSylvie Pras,\u00a0Service des cin\u00e9mas<br \/>\nG\u00e9raldine Gomez, fondatrice et directrice du Festival Hors Pistes<br \/>\nL&#8217;\u00e9quipe d&#8217;Hors Pistes (Catherine Quiriet)<br \/>\nLe Service de la Parole (Jean-Max Colard)<br \/>\nService de la r\u00e9gie des salles (Fabrice Pleynet, Hugues Fournier-Montgieux, Olivier Bernon)<br \/>\nService audiovisuel (Sylvain Wolff, Frederique Mirotchnikoff, Kim Levy, Baptiste Coutureau,\u00a0Julien Blanchet,\u00a0Viviane Jaminet)<\/p>\n<p>the speakers and<br \/>\n<strong>Daniel Janicot<\/strong> (Pr\u00e9sident de la Commission nationale fran\u00e7aise pour l&#8217;Unesco), <strong>Laurella Rincon<\/strong> (Conseill\u00e8re Culture Conservatrice du patrimoine, Commission nationale fran\u00e7aise pour l\u2019UNESCO), l&#8217;<strong>Universit\u00e9 de Saint Denis de la R\u00e9union<\/strong>, <strong>Pierre Laporte Communication<\/strong> (Samira Chabri,\u00a0Laurent Jourdren), <strong>Anne Bocand\u00e9<\/strong> (Afriscope), <strong>Marie-H\u00e9l\u00e8ne Fra\u00efss\u00e9<\/strong> (France Culture), <strong>Catherine Calvet<\/strong> (Lib\u00e9ration), <strong>Mathilde Serrell et Martin Quenehen<\/strong> (Ping Pong, France Culture), <strong>Caroline Brou\u00e9<\/strong> (France Culture),<strong>Ingrid Luquet-Gad<\/strong> (Les Inrocks),\u00a0<strong>Sandra Delacourt<\/strong> (l&#8217;art m\u00eame), \u00a0<strong>Johan Faerber<\/strong> (Diacritik), Migreurop, Kader Attia, Carlos Quintero, Michka Gorki, Catherine Coquio, Charles Heller &amp; Lorenzo Pezzani, Camille Louis, Isabelle Saint-Saens, David Hedrich.<\/p>\n[\/vc_column_text][\/vc_column][\/vc_row]","protected":false},"excerpt":{"rendered":"<p>[vc_row type=&#8221;in_container&#8221; full_screen_row_position=&#8221;middle&#8221; column_margin=&#8221;default&#8221; column_direction=&#8221;default&#8221; column_direction_tablet=&#8221;default&#8221; column_direction_phone=&#8221;default&#8221; scene_position=&#8221;center&#8221; top_padding=&#8221;6%&#8221; bottom_padding=&#8221;2%&#8221; text_color=&#8221;dark&#8221; text_align=&#8221;left&#8221; row_border_radius=&#8221;none&#8221; row_border_radius_applies=&#8221;bg&#8221; overflow=&#8221;visible&#8221; overlay_strength=&#8221;0.3&#8243; gradient_direction=&#8221;left_to_right&#8221; shape_divider_position=&#8221;bottom&#8221;&#8230;<\/p>\n","protected":false},"author":1,"featured_media":0,"parent":2386,"menu_order":2,"comment_status":"closed","ping_status":"closed","template":"page-no-sidebar.php","meta":{"footnotes":""},"categories":[],"tags":[],"class_list":["post-2431","page","type-page","status-publish"],"aioseo_notices":[],"_links":{"self":[{"href":"https:\/\/www.lepeuplequimanque.org\/en\/wp-json\/wp\/v2\/pages\/2431","targetHints":{"allow":["GET"]}}],"collection":[{"href":"https:\/\/www.lepeuplequimanque.org\/en\/wp-json\/wp\/v2\/pages"}],"about":[{"href":"https:\/\/www.lepeuplequimanque.org\/en\/wp-json\/wp\/v2\/types\/page"}],"author":[{"embeddable":true,"href":"https:\/\/www.lepeuplequimanque.org\/en\/wp-json\/wp\/v2\/users\/1"}],"replies":[{"embeddable":true,"href":"https:\/\/www.lepeuplequimanque.org\/en\/wp-json\/wp\/v2\/comments?post=2431"}],"version-history":[{"count":0,"href":"https:\/\/www.lepeuplequimanque.org\/en\/wp-json\/wp\/v2\/pages\/2431\/revisions"}],"up":[{"embeddable":true,"href":"https:\/\/www.lepeuplequimanque.org\/en\/wp-json\/wp\/v2\/pages\/2386"}],"wp:attachment":[{"href":"https:\/\/www.lepeuplequimanque.org\/en\/wp-json\/wp\/v2\/media?parent=2431"}],"wp:term":[{"taxonomy":"category","embeddable":true,"href":"https:\/\/www.lepeuplequimanque.org\/en\/wp-json\/wp\/v2\/categories?post=2431"},{"taxonomy":"post_tag","embeddable":true,"href":"https:\/\/www.lepeuplequimanque.org\/en\/wp-json\/wp\/v2\/tags?post=2431"}],"curies":[{"name":"wp","href":"https:\/\/api.w.org\/{rel}","templated":true}]}}