{"id":2445,"date":"2017-01-05T20:10:59","date_gmt":"2017-01-05T19:10:59","guid":{"rendered":"https:\/\/www.lepeuplequimanque.org\/?page_id=2445"},"modified":"2024-03-10T11:43:32","modified_gmt":"2024-03-10T10:43:32","slug":"deroule","status":"publish","type":"page","link":"https:\/\/www.lepeuplequimanque.org\/en\/une-constituante-migrante\/deroule\/","title":{"rendered":"Schedule &#8211; A Migrant Constituent Assembly"},"content":{"rendered":"[vc_row type=&#8221;in_container&#8221; full_screen_row_position=&#8221;middle&#8221; column_margin=&#8221;default&#8221; column_direction=&#8221;default&#8221; column_direction_tablet=&#8221;default&#8221; column_direction_phone=&#8221;default&#8221; scene_position=&#8221;center&#8221; top_padding=&#8221;6%&#8221; bottom_padding=&#8221;3%&#8221; text_color=&#8221;dark&#8221; text_align=&#8221;left&#8221; row_border_radius=&#8221;none&#8221; row_border_radius_applies=&#8221;bg&#8221; overflow=&#8221;visible&#8221; overlay_strength=&#8221;0.3&#8243; gradient_direction=&#8221;left_to_right&#8221; shape_divider_position=&#8221;bottom&#8221; bg_image_animation=&#8221;none&#8221; gradient_type=&#8221;default&#8221; shape_type=&#8221;&#8221;][vc_column column_padding=&#8221;no-extra-padding&#8221; column_padding_tablet=&#8221;inherit&#8221; column_padding_phone=&#8221;inherit&#8221; column_padding_position=&#8221;all&#8221; top_margin=&#8221;10%&#8221; constrain_group_1=&#8221;yes&#8221; bottom_margin=&#8221;10%&#8221; top_margin_phone=&#8221;20%&#8221; constrain_group_5=&#8221;yes&#8221; bottom_margin_phone=&#8221;20%&#8221; column_element_direction_desktop=&#8221;default&#8221; column_element_spacing=&#8221;default&#8221; desktop_text_alignment=&#8221;default&#8221; tablet_text_alignment=&#8221;default&#8221; phone_text_alignment=&#8221;default&#8221; sticky_content=&#8221;true&#8221; sticky_content_functionality=&#8221;css&#8221; sticky_content_alignment=&#8221;middle&#8221; background_color_opacity=&#8221;1&#8243; background_hover_color_opacity=&#8221;1&#8243; column_backdrop_filter=&#8221;none&#8221; column_shadow=&#8221;none&#8221; column_border_radius=&#8221;none&#8221; column_link_target=&#8221;_self&#8221; column_position=&#8221;default&#8221; gradient_direction=&#8221;left_to_right&#8221; overlay_strength=&#8221;0.3&#8243; width=&#8221;1\/3&#8243; tablet_width_inherit=&#8221;default&#8221; animation_type=&#8221;default&#8221; bg_image_animation=&#8221;none&#8221; border_type=&#8221;simple&#8221; column_border_width=&#8221;none&#8221; column_border_style=&#8221;solid&#8221; column_padding_type=&#8221;default&#8221; gradient_type=&#8221;default&#8221;][nectar_global_section id=&#8221;4902&#8243;][\/vc_column][vc_column column_padding=&#8221;no-extra-padding&#8221; column_padding_tablet=&#8221;inherit&#8221; column_padding_phone=&#8221;inherit&#8221; column_padding_position=&#8221;all&#8221; column_element_direction_desktop=&#8221;default&#8221; column_element_spacing=&#8221;default&#8221; desktop_text_alignment=&#8221;default&#8221; tablet_text_alignment=&#8221;default&#8221; phone_text_alignment=&#8221;default&#8221; background_color_opacity=&#8221;1&#8243; background_hover_color_opacity=&#8221;1&#8243; column_backdrop_filter=&#8221;none&#8221; column_shadow=&#8221;none&#8221; column_border_radius=&#8221;none&#8221; column_link_target=&#8221;_self&#8221; column_position=&#8221;default&#8221; gradient_direction=&#8221;left_to_right&#8221; overlay_strength=&#8221;0.3&#8243; width=&#8221;2\/3&#8243; tablet_width_inherit=&#8221;default&#8221; animation_type=&#8221;default&#8221; bg_image_animation=&#8221;none&#8221; border_type=&#8221;simple&#8221; column_border_width=&#8221;none&#8221; column_border_style=&#8221;solid&#8221;][vc_column_text]\n<p>Mod\u00e9ration des deux journ\u00e9es<br \/>\n<strong>Yves Citton,<\/strong>\u00a0<strong>Laurent De Sutter, Fran\u00e7oise Verg\u00e8s<\/strong><\/p>\n<h2>Samedi 28 janvier 2017<\/h2>\n<p>14h<br \/>\nIntroduction par <strong>Aliocha Imhoff &amp; Kantuta Quir\u00f3s<\/strong><br \/>\n<strong>Forensic Oceanography, Charles Heller &amp; Lorenzo Pezzani <\/strong><br \/>\n<strong>Camille de Toledo <\/strong><br \/>\n<strong>Amina, Bahija, Hayet, Lylia, Mamadou (coordination des Sans-Papiers du 93<\/strong>\u00a0&#8211;<strong> CISPM)<br \/>\n<\/strong><\/p>\n<p>16h<br \/>\n<strong>Philippe Rekacewicz <\/strong><br \/>\n<strong>S\u00e9bastien Thi\u00e9ry \u2013 le P.E.R.O.U. <\/strong><br \/>\n<strong>Marie-Laure Basilien-Gainche<br \/>\nDorcy Rugamba <\/strong><br \/>\n<strong>Marielle Mac\u00e9<\/strong><br \/>\n<strong>Babi Badalov<\/strong><br \/>\n<strong>Catherine Coquio<\/strong><\/p>\n<p>Pause de 15 min<\/p>\n<p>18h30<br \/>\n<strong>Mathieu Larnaudie <\/strong><br \/>\n<strong>Tania Bruguera<\/strong><br \/>\n<strong>Sylvain George<\/strong><br \/>\n<strong>Bamba Vaffi &#8211; la coordination des sans papiers du 75<\/strong><\/p>\n<p>20h30<br \/>\n<strong>James No\u00ebl<\/strong><\/p>\n<h2>Dimanche\u00a029 janvier 2017<\/h2>\n<p>14h<br \/>\n<strong>Michel Agier<br \/>\nMehdi Alioua<br \/>\nEtienne Tassin &amp; Camille Louis &amp; L\u00e9a Drouet <\/strong><br \/>\n<strong>Ezatwazir Tarakhail &amp; Bahia Dalens &#8211;\u00a0Paris d\u2019Exil &#8211; collectif parisien de soutien aux exil\u00e9s<\/strong> <strong>R\u00e9fugi\u00e9s Bienvenue <\/strong><br \/>\n<strong>Mahmoud El Hajj <\/strong><br \/>\n<strong>Sami Tchak <\/strong><\/p>\n<p>Pause de 15 min<\/p>\n<p>16h30<br \/>\n<strong>Nisrine Al Zahre <\/strong><br \/>\n<strong>Carpanin Marimoutou <\/strong><br \/>\n<strong>RESOME<\/strong> (R\u00e9seau Etudes Sup\u00e9rieures et Orientation des Migrant.e.s et Exil\u00e9.e.s)<\/p>\n<p>Pause de 15 min<\/p>\n<p>18h45<strong><br \/>\nKader Attia<br \/>\nEmmanuel Ruben <\/strong><strong><br \/>\nFran\u00e7oise Verg\u00e8s <\/strong><\/p>\n<p>20h30<br \/>\nLecture du premier brouillon pour Une Constitution Migrante<\/p>\n[\/vc_column_text][\/vc_column][\/vc_row]\n","protected":false},"excerpt":{"rendered":"<p>[vc_row type=&#8221;in_container&#8221; full_screen_row_position=&#8221;middle&#8221; column_margin=&#8221;default&#8221; column_direction=&#8221;default&#8221; column_direction_tablet=&#8221;default&#8221; column_direction_phone=&#8221;default&#8221; scene_position=&#8221;center&#8221; top_padding=&#8221;6%&#8221; bottom_padding=&#8221;3%&#8221; text_color=&#8221;dark&#8221; text_align=&#8221;left&#8221; row_border_radius=&#8221;none&#8221; row_border_radius_applies=&#8221;bg&#8221; overflow=&#8221;visible&#8221; overlay_strength=&#8221;0.3&#8243; gradient_direction=&#8221;left_to_right&#8221; shape_divider_position=&#8221;bottom&#8221;&#8230;<\/p>\n","protected":false},"author":1,"featured_media":0,"parent":2386,"menu_order":4,"comment_status":"closed","ping_status":"closed","template":"page-no-sidebar.php","meta":{"footnotes":""},"categories":[],"tags":[],"class_list":["post-2445","page","type-page","status-publish"],"aioseo_notices":[],"_links":{"self":[{"href":"https:\/\/www.lepeuplequimanque.org\/en\/wp-json\/wp\/v2\/pages\/2445","targetHints":{"allow":["GET"]}}],"collection":[{"href":"https:\/\/www.lepeuplequimanque.org\/en\/wp-json\/wp\/v2\/pages"}],"about":[{"href":"https:\/\/www.lepeuplequimanque.org\/en\/wp-json\/wp\/v2\/types\/page"}],"author":[{"embeddable":true,"href":"https:\/\/www.lepeuplequimanque.org\/en\/wp-json\/wp\/v2\/users\/1"}],"replies":[{"embeddable":true,"href":"https:\/\/www.lepeuplequimanque.org\/en\/wp-json\/wp\/v2\/comments?post=2445"}],"version-history":[{"count":0,"href":"https:\/\/www.lepeuplequimanque.org\/en\/wp-json\/wp\/v2\/pages\/2445\/revisions"}],"up":[{"embeddable":true,"href":"https:\/\/www.lepeuplequimanque.org\/en\/wp-json\/wp\/v2\/pages\/2386"}],"wp:attachment":[{"href":"https:\/\/www.lepeuplequimanque.org\/en\/wp-json\/wp\/v2\/media?parent=2445"}],"wp:term":[{"taxonomy":"category","embeddable":true,"href":"https:\/\/www.lepeuplequimanque.org\/en\/wp-json\/wp\/v2\/categories?post=2445"},{"taxonomy":"post_tag","embeddable":true,"href":"https:\/\/www.lepeuplequimanque.org\/en\/wp-json\/wp\/v2\/tags?post=2445"}],"curies":[{"name":"wp","href":"https:\/\/api.w.org\/{rel}","templated":true}]}}