{"id":248,"date":"2009-11-09T13:22:54","date_gmt":"2009-11-09T12:22:54","guid":{"rendered":"https:\/\/www.lepeuplequimanque.org\/geographies"},"modified":"2023-11-08T14:51:58","modified_gmt":"2023-11-08T13:51:58","slug":"geographies","status":"publish","type":"page","link":"https:\/\/www.lepeuplequimanque.org\/en\/geographies\/","title":{"rendered":"Fractured geographies (Maison Pop&#8217;, 2009\/2010)"},"content":{"rendered":"[vc_row type=&#8221;in_container&#8221; full_screen_row_position=&#8221;middle&#8221; column_margin=&#8221;default&#8221; column_direction=&#8221;default&#8221; column_direction_tablet=&#8221;default&#8221; column_direction_phone=&#8221;default&#8221; scene_position=&#8221;center&#8221; top_padding=&#8221;4%&#8221; constrain_group_1=&#8221;yes&#8221; bottom_padding=&#8221;4%&#8221; text_color=&#8221;dark&#8221; text_align=&#8221;left&#8221; row_border_radius=&#8221;none&#8221; row_border_radius_applies=&#8221;bg&#8221; overflow=&#8221;visible&#8221; overlay_strength=&#8221;0.3&#8243; gradient_direction=&#8221;left_to_right&#8221; shape_divider_position=&#8221;bottom&#8221; bg_image_animation=&#8221;none&#8221; gradient_type=&#8221;default&#8221; shape_type=&#8221;&#8221;][vc_column column_padding=&#8221;no-extra-padding&#8221; column_padding_tablet=&#8221;inherit&#8221; column_padding_phone=&#8221;inherit&#8221; column_padding_position=&#8221;all&#8221; column_element_direction_desktop=&#8221;default&#8221; column_element_spacing=&#8221;default&#8221; desktop_text_alignment=&#8221;default&#8221; tablet_text_alignment=&#8221;default&#8221; phone_text_alignment=&#8221;default&#8221; background_color_opacity=&#8221;1&#8243; background_hover_color_opacity=&#8221;1&#8243; column_backdrop_filter=&#8221;none&#8221; column_shadow=&#8221;none&#8221; column_border_radius=&#8221;none&#8221; column_link_target=&#8221;_self&#8221; column_position=&#8221;default&#8221; gradient_direction=&#8221;left_to_right&#8221; overlay_strength=&#8221;0.3&#8243; width=&#8221;1\/1&#8243; tablet_width_inherit=&#8221;default&#8221; animation_type=&#8221;default&#8221; bg_image_animation=&#8221;none&#8221; border_type=&#8221;simple&#8221; column_border_width=&#8221;none&#8221; column_border_style=&#8221;solid&#8221;][vc_column_text]\n<div align=\"center\">\n<h1>Fractured geographies<\/h1>\n<p><strong>Maison Pop&#8217; &amp; Cin\u00e9ma Le M\u00e9li\u00e8s @ Montreuil\u00a0 <\/strong><br \/>\n<strong>Season 2009\/2010<\/strong><\/p>\n<p style=\"text-align: left;\"><strong>Lida Abdul \/ Larissa Sansour \/ Yael Bartana \/ Gil &amp; Moti \/ Internacional Errorista \/ Wa\u00ebl Noureddine \/ Almagul Menlibayeva \/ Border Art Workshop \/ Guillermo Gomez Pe\u00f1a \/ Laura Waddington \/ No Border Camp \/ Jean-Charles Hue \/ Non Grata \/ R.E.P. Group \/ Chto Delat ?<\/strong><\/p>\n<p>&nbsp;<\/p>\n<\/div>\n<p>For the third year running, Maison Pop&#8217; and Le M\u00e9li\u00e8s cinema in Montreuil invite <em>le peuple qui manque<\/em> for a cycle of screenings, offering this year a panorama of contemporary video and cinema from Eastern Europe, the Middle East, Africa and Latin America, but also from the &#8220;peripheries of the North&#8221;, like so many voices that decentralize our gaze, overturn perspectives and hegemonies, explode borders, undo national identities, fracture our geographies, from the experiences of migration, exile, war or processes of creolization.<\/p>\n<p>Sessions :<br \/>\n&#8211; <a href=\"https:\/\/www.lepeuplequimanque.org\/en\/geographies\/vendredi-4-decembre-2009\"><strong>Friday, December 4, 2009<\/strong> at 8:30 pm at Maison Pop&#8217; de Montreuil<\/a><br \/>\n&#8211; <a href=\"https:\/\/www.lepeuplequimanque.org\/en\/geographies\/vendredi-8-janvier-2010\"><strong>Friday, January 8, 2010<\/strong> at 8:30 pm at Maison Pop&#8217; de Montreuil<\/a><br \/>\n&#8211; <a href=\"https:\/\/www.lepeuplequimanque.org\/en\/geographies\/mercredi-24-fevrier-2010\"><strong>Wednesday, February 24, 2010<\/strong> at 8:30 pm at Cin\u00e9ma Le M\u00e9li\u00e8s in Montreuil<\/a><br \/>\n&#8211; <a href=\"https:\/\/www.lepeuplequimanque.org\/en\/geographies\/mercredi-31-mars-2010\"><strong>Wednesday, March 31, 2010 at 8:30 PM<\/strong> at Cin\u00e9ma Le M\u00e9li\u00e8s, Montreuil<\/a><\/p>\n<p><strong>Curating and texts :<\/strong>\u00a0Aliocha Imhoff &amp; Kantuta Quiros<\/p>\n[\/vc_column_text][\/vc_column][\/vc_row][vc_row type=&#8221;in_container&#8221; full_screen_row_position=&#8221;middle&#8221; column_margin=&#8221;default&#8221; column_direction=&#8221;default&#8221; column_direction_tablet=&#8221;default&#8221; column_direction_phone=&#8221;default&#8221; scene_position=&#8221;center&#8221; text_color=&#8221;dark&#8221; text_align=&#8221;left&#8221; row_border_radius=&#8221;none&#8221; row_border_radius_applies=&#8221;bg&#8221; overflow=&#8221;visible&#8221; overlay_strength=&#8221;0.3&#8243; gradient_direction=&#8221;left_to_right&#8221; shape_divider_position=&#8221;bottom&#8221; bg_image_animation=&#8221;none&#8221;][vc_column column_padding=&#8221;no-extra-padding&#8221; column_padding_tablet=&#8221;inherit&#8221; column_padding_phone=&#8221;inherit&#8221; column_padding_position=&#8221;all&#8221; column_element_direction_desktop=&#8221;default&#8221; column_element_spacing=&#8221;default&#8221; desktop_text_alignment=&#8221;default&#8221; tablet_text_alignment=&#8221;default&#8221; phone_text_alignment=&#8221;default&#8221; background_color_opacity=&#8221;1&#8243; background_hover_color_opacity=&#8221;1&#8243; column_backdrop_filter=&#8221;none&#8221; column_shadow=&#8221;none&#8221; column_border_radius=&#8221;none&#8221; column_link_target=&#8221;_self&#8221; column_position=&#8221;default&#8221; gradient_direction=&#8221;left_to_right&#8221; overlay_strength=&#8221;0.3&#8243; width=&#8221;1\/1&#8243; tablet_width_inherit=&#8221;default&#8221; animation_type=&#8221;default&#8221; bg_image_animation=&#8221;none&#8221; border_type=&#8221;simple&#8221; column_border_width=&#8221;none&#8221; column_border_style=&#8221;solid&#8221;][vc_column_text]\n[\/vc_column_text][\/vc_column][\/vc_row]","protected":false},"excerpt":{"rendered":"<p>[vc_row type=&#8221;in_container&#8221; full_screen_row_position=&#8221;middle&#8221; column_margin=&#8221;default&#8221; column_direction=&#8221;default&#8221; column_direction_tablet=&#8221;default&#8221; column_direction_phone=&#8221;default&#8221; scene_position=&#8221;center&#8221; top_padding=&#8221;4%&#8221; constrain_group_1=&#8221;yes&#8221; bottom_padding=&#8221;4%&#8221; text_color=&#8221;dark&#8221; text_align=&#8221;left&#8221; row_border_radius=&#8221;none&#8221; row_border_radius_applies=&#8221;bg&#8221; overflow=&#8221;visible&#8221; overlay_strength=&#8221;0.3&#8243; gradient_direction=&#8221;left_to_right&#8221;&#8230;<\/p>\n","protected":false},"author":1,"featured_media":5400,"parent":0,"menu_order":0,"comment_status":"closed","ping_status":"closed","template":"page-left-sidebar-parents.php","meta":{"footnotes":""},"categories":[40,31],"tags":[],"class_list":{"0":"post-248","1":"page","2":"type-page","3":"status-publish","4":"has-post-thumbnail","6":"category-2005-2009","7":"category-curating"},"aioseo_notices":[],"_links":{"self":[{"href":"https:\/\/www.lepeuplequimanque.org\/en\/wp-json\/wp\/v2\/pages\/248","targetHints":{"allow":["GET"]}}],"collection":[{"href":"https:\/\/www.lepeuplequimanque.org\/en\/wp-json\/wp\/v2\/pages"}],"about":[{"href":"https:\/\/www.lepeuplequimanque.org\/en\/wp-json\/wp\/v2\/types\/page"}],"author":[{"embeddable":true,"href":"https:\/\/www.lepeuplequimanque.org\/en\/wp-json\/wp\/v2\/users\/1"}],"replies":[{"embeddable":true,"href":"https:\/\/www.lepeuplequimanque.org\/en\/wp-json\/wp\/v2\/comments?post=248"}],"version-history":[{"count":0,"href":"https:\/\/www.lepeuplequimanque.org\/en\/wp-json\/wp\/v2\/pages\/248\/revisions"}],"wp:featuredmedia":[{"embeddable":true,"href":"https:\/\/www.lepeuplequimanque.org\/en\/wp-json\/wp\/v2\/media\/5400"}],"wp:attachment":[{"href":"https:\/\/www.lepeuplequimanque.org\/en\/wp-json\/wp\/v2\/media?parent=248"}],"wp:term":[{"taxonomy":"category","embeddable":true,"href":"https:\/\/www.lepeuplequimanque.org\/en\/wp-json\/wp\/v2\/categories?post=248"},{"taxonomy":"post_tag","embeddable":true,"href":"https:\/\/www.lepeuplequimanque.org\/en\/wp-json\/wp\/v2\/tags?post=248"}],"curies":[{"name":"wp","href":"https:\/\/api.w.org\/{rel}","templated":true}]}}