{"id":254,"date":"2009-11-09T14:18:00","date_gmt":"2009-11-09T13:18:00","guid":{"rendered":"https:\/\/www.lepeuplequimanque.org\/geographies\/mercredi-27-fevrier"},"modified":"2023-11-08T14:40:32","modified_gmt":"2023-11-08T13:40:32","slug":"mercredi-24-fevrier-2010","status":"publish","type":"page","link":"https:\/\/www.lepeuplequimanque.org\/en\/geographies\/mercredi-24-fevrier-2010\/","title":{"rendered":"Wednesday February 24, 2010 \/ Jean-Charles Hue"},"content":{"rendered":"[vc_row type=&#8221;in_container&#8221; full_screen_row_position=&#8221;middle&#8221; column_margin=&#8221;default&#8221; column_direction=&#8221;default&#8221; column_direction_tablet=&#8221;default&#8221; column_direction_phone=&#8221;default&#8221; scene_position=&#8221;center&#8221; top_padding=&#8221;4%&#8221; constrain_group_1=&#8221;yes&#8221; bottom_padding=&#8221;4%&#8221; text_color=&#8221;dark&#8221; text_align=&#8221;left&#8221; row_border_radius=&#8221;none&#8221; row_border_radius_applies=&#8221;bg&#8221; overflow=&#8221;visible&#8221; overlay_strength=&#8221;0.3&#8243; gradient_direction=&#8221;left_to_right&#8221; shape_divider_position=&#8221;bottom&#8221; bg_image_animation=&#8221;none&#8221; gradient_type=&#8221;default&#8221; shape_type=&#8221;&#8221;][vc_column column_padding=&#8221;no-extra-padding&#8221; column_padding_tablet=&#8221;inherit&#8221; column_padding_phone=&#8221;inherit&#8221; column_padding_position=&#8221;all&#8221; column_element_direction_desktop=&#8221;default&#8221; column_element_spacing=&#8221;default&#8221; desktop_text_alignment=&#8221;default&#8221; tablet_text_alignment=&#8221;default&#8221; phone_text_alignment=&#8221;default&#8221; background_color_opacity=&#8221;1&#8243; background_hover_color_opacity=&#8221;1&#8243; column_backdrop_filter=&#8221;none&#8221; column_shadow=&#8221;none&#8221; column_border_radius=&#8221;none&#8221; column_link_target=&#8221;_self&#8221; column_position=&#8221;default&#8221; gradient_direction=&#8221;left_to_right&#8221; overlay_strength=&#8221;0.3&#8243; width=&#8221;1\/1&#8243; tablet_width_inherit=&#8221;default&#8221; animation_type=&#8221;default&#8221; bg_image_animation=&#8221;none&#8221; border_type=&#8221;simple&#8221; column_border_width=&#8221;none&#8221; column_border_style=&#8221;solid&#8221;][vc_column_text]\n<div align=\"center\">\n<div align=\"center\">\n<h2>Fractured geographies #3<\/h2>\n<h1>Jean-Charles Hue<\/h1>\n<p>Wednesday, February 24, 2010 &#8211; 8:30 pm<br \/>\nCin\u00e9ma Le M\u00e9li\u00e8s<\/p>\n<p><strong><span style=\"font-size: medium;\">Tijuana Carne Viva<br \/>\nby Jean-Charles Hue <\/span>(2009, 96 min)\u00a0 <\/strong><\/p>\n<p>In the presence of the director<\/p>\n<\/div>\n<div align=\"center\"><strong><img decoding=\"async\" title=\"Tijuana Carne Viva de Jean-Charles Hue\" src=\"https:\/\/www.lepeuplequimanque.org\/wp-content\/gallery\/geographies\/carne-viva-4-2.jpg\" alt=\"Tijuana Carne Viva de Jean-Charles Hue\" \/><\/strong><\/div>\n<p align=\"justify\"><strong><br \/>\nIn Tijuana, men and women try to escape from loneliness and death. A dog-bone knife, passed from hand to hand, serves as a common thread, drawing the physical and fantastical cartography of a city torn apart.<br \/>\nOnce again, Jean-Charles Hue explores a marginal territory in search of humanity and its inextinguishable thirst for life. An ode to vitality, a troubling, kaleidoscopic work that navigates between documentary and fiction, this first feature confirms the singularity of the writing of the author of &#8220;Y&#8217;a plus d&#8217;os&#8221;.<br \/>\n<\/strong><\/p>\n<p align=\"justify\"><a href=\"https:\/\/www.lepeuplequimanque.org\/wp-content\/uploads\/2009\/11\/carneviva3_pt.jpg\" rel=\"prettyPhoto[gallery-kZq8]\"><img loading=\"lazy\" decoding=\"async\" class=\"aligncenter size-medium wp-image-1853\" src=\"https:\/\/www.lepeuplequimanque.org\/wp-content\/uploads\/2009\/11\/carneviva3_pt-300x169.jpg\" alt=\"Tijuana Carne Viva de Jean-Charles Hue (2009, 96 min)\" width=\"300\" height=\"169\" srcset=\"https:\/\/www.lepeuplequimanque.org\/wp-content\/uploads\/2009\/11\/carneviva3_pt-300x169.jpg 300w, https:\/\/www.lepeuplequimanque.org\/wp-content\/uploads\/2009\/11\/carneviva3_pt-150x84.jpg 150w, https:\/\/www.lepeuplequimanque.org\/wp-content\/uploads\/2009\/11\/carneviva3_pt.jpg 702w\" sizes=\"auto, (max-width: 300px) 100vw, 300px\" \/><\/a><\/p>\n<p style=\"text-align: justify;\" align=\"justify\">Tijuana Carne Viva. Tijuana, a border town between Mexico and the United States, a hub for illegal immigration and trade, a land of stray dogs, a fractured geography. Tijuana is also riven by the mental fractures of its inhabitants: junkies, whores, lonely lovers and healers.<br \/>\nEngaging in tense hand-to-hand combat with uncertain characters &#8220;who oscillate between a heaven we have to believe in to better exorcise the violence that attaches itself to this earthly life&#8221;, Carne Viva&#8217;s documentary device offers autonomy to the self-narrative of characters on the edge, tightrope walkers on the brink of death and a luminous, revitalized life.<br \/>\nThe viewer is often unaware of whether the film is a documentary or a hallucinatory trance of fragments of existence.<br \/>\nIn Tijuana, it&#8217;s possible to reinvent a thousand destinies, through the power of words, senseless poetry and dog-bone knives, intercessors between earthly violence and baroque onirism, the world of fantasy and that of obscure forces.<\/p>\n<p style=\"text-align: left;\">Jean-Charles Hue, born in 1968, is a visual artist and video maker. He is the author of a number of documentary films, most notably L&#8217;Oeil de Fred (2008) and Y&#8217;a plus d&#8217;os (2006), his acclaimed dive into the heart of the gypsy world from which he hails. In 2009, Jean-Charles Hue took part in the Bandits-Mages festival in Bourges and the Hors Pistes festival at the Centre Pompidou in Paris. In 2007, he had a solo exhibition at the Ricard Foundation, while in 2006 he was awarded first prize at the Loop festival in Barcelona. He is represented by Galerie Michel Rein (Paris).<\/p>\n<p style=\"text-align: left;\">Curating: Kantuta Quiros &amp; Aliocha Imhoff \/ le peuple qui manque<\/p>\n<\/div>\n[\/vc_column_text][\/vc_column][\/vc_row]","protected":false},"excerpt":{"rendered":"<p>[vc_row type=&#8221;in_container&#8221; full_screen_row_position=&#8221;middle&#8221; column_margin=&#8221;default&#8221; column_direction=&#8221;default&#8221; column_direction_tablet=&#8221;default&#8221; column_direction_phone=&#8221;default&#8221; scene_position=&#8221;center&#8221; top_padding=&#8221;4%&#8221; constrain_group_1=&#8221;yes&#8221; bottom_padding=&#8221;4%&#8221; text_color=&#8221;dark&#8221; text_align=&#8221;left&#8221; row_border_radius=&#8221;none&#8221; row_border_radius_applies=&#8221;bg&#8221; overflow=&#8221;visible&#8221; overlay_strength=&#8221;0.3&#8243; gradient_direction=&#8221;left_to_right&#8221;&#8230;<\/p>\n","protected":false},"author":1,"featured_media":0,"parent":248,"menu_order":3,"comment_status":"closed","ping_status":"closed","template":"page-left-sidebar-parents.php","meta":{"footnotes":""},"categories":[],"tags":[],"class_list":["post-254","page","type-page","status-publish"],"aioseo_notices":[],"_links":{"self":[{"href":"https:\/\/www.lepeuplequimanque.org\/en\/wp-json\/wp\/v2\/pages\/254","targetHints":{"allow":["GET"]}}],"collection":[{"href":"https:\/\/www.lepeuplequimanque.org\/en\/wp-json\/wp\/v2\/pages"}],"about":[{"href":"https:\/\/www.lepeuplequimanque.org\/en\/wp-json\/wp\/v2\/types\/page"}],"author":[{"embeddable":true,"href":"https:\/\/www.lepeuplequimanque.org\/en\/wp-json\/wp\/v2\/users\/1"}],"replies":[{"embeddable":true,"href":"https:\/\/www.lepeuplequimanque.org\/en\/wp-json\/wp\/v2\/comments?post=254"}],"version-history":[{"count":0,"href":"https:\/\/www.lepeuplequimanque.org\/en\/wp-json\/wp\/v2\/pages\/254\/revisions"}],"up":[{"embeddable":true,"href":"https:\/\/www.lepeuplequimanque.org\/en\/wp-json\/wp\/v2\/pages\/248"}],"wp:attachment":[{"href":"https:\/\/www.lepeuplequimanque.org\/en\/wp-json\/wp\/v2\/media?parent=254"}],"wp:term":[{"taxonomy":"category","embeddable":true,"href":"https:\/\/www.lepeuplequimanque.org\/en\/wp-json\/wp\/v2\/categories?post=254"},{"taxonomy":"post_tag","embeddable":true,"href":"https:\/\/www.lepeuplequimanque.org\/en\/wp-json\/wp\/v2\/tags?post=254"}],"curies":[{"name":"wp","href":"https:\/\/api.w.org\/{rel}","templated":true}]}}