{"id":271,"date":"2010-09-26T16:24:05","date_gmt":"2010-09-26T15:24:05","guid":{"rendered":"https:\/\/www.lepeuplequimanque.org\/ecrivains\/jeudi-28-octobre-2010"},"modified":"2023-11-04T14:03:06","modified_gmt":"2023-11-04T13:03:06","slug":"jeudi-28-octobre-2010","status":"publish","type":"page","link":"https:\/\/www.lepeuplequimanque.org\/en\/ecrivains\/jeudi-28-octobre-2010\/","title":{"rendered":"Thursday October 28, 2010 &#8211; Against cinema"},"content":{"rendered":"<p align=\"center\">&nbsp;<strong><font size=\"4\"><font size=\"3\">les \u00e9crivains filment #2<\/font><br \/>Contre le cin\u00e9ma, tout contre <br \/><\/font><\/strong><\/p>\n<p align=\"center\"><strong><font size=\"2\">Jeudi 28 octobre 2010 <br \/>20h30 &#8211; IMEC<br \/><\/font><\/strong><\/p>\n<p align=\"center\"><strong><font size=\"2\">Guy Debord \/ Alain Jouffroy \/ William Burroughs &amp; Brion Gysin <br \/>Bernard Heidsieck &amp; Fran\u00e7oise Janicot <br \/>Henri Chopin \/ John Giorno &amp; Antonello Faretta<\/font><\/strong><\/p>\n<p>&nbsp;<br \/><strong>Soir\u00e9e en pr\u00e9sence de Fabien Danesi<\/strong> (critique d\u2019art et<br \/>\n\u00e9crivain, auteur du<em> Le mythe bris\u00e9 de l&#8217;Internationale situationniste :<br \/>\nl&#8217;aventure d&#8217;une avant-garde au c\u0153ur de la culture de masse (1945-2008)<br \/>\n<\/em>et <strong>Alain Jouffroy<\/strong> (critique d\u2019art et \u00e9crivain)&nbsp; <\/p>\n<div align=\"justify\">\n<p>\u00ab <em>On entend parler de lib\u00e9ration du cin\u00e9ma. Mais que nous importe la lib\u00e9ration.&nbsp; Le cin\u00e9ma est \u00e0 d\u00e9truire aussi. (\u2026) <\/em>\u00bb Guy Debord, <em>Sur le passage\u2026.<\/em><\/p>\n<p>\u00ab <em>Au moment o\u00f9 la projection allait commencer, Guy-Ernest Debord devait monter sur la sc\u00e8ne pour prononcer quelques mots d\u2019introduction. Il aurait dit simplement: Il n\u2019y a pas de film. Le cin\u00e9ma est mort. Il ne peut plus y avoir de film. Passons, si vous voulez, au d\u00e9bat. <\/em>\u00bb Guy Debord, <em>Hurlements\u2026<\/em><\/p>\n<p><a href=\"https:\/\/www.lepeuplequimanque.org\/wp-content\/gallery\/imec\/debord-surlepassage.jpg\" rel=\"prettyPhoto[gallery-19Nq]\" title=\"Sur le passage de quelques personnes \u00e0 travers une assez courte unit\u00e9 de temps, Guy Debord (1959, 18min), DR\"><img decoding=\"async\" align=\"right\" src=\"https:\/\/www.lepeuplequimanque.org\/wp-content\/gallery\/imec\/thumbs\/thumbs_debord-surlepassage.jpg\" alt=\"debord-surlepassage.jpg\" title=\"Sur le passage de quelques personnes \u00e0 travers une assez courte unit\u00e9 de temps, Guy Debord (1959, 18min), DR\" \/><\/a>Au c\u0153ur des avant-gardes du 20e si\u00e8cle, c\u2019est souvent depuis le dehors du cin\u00e9ma, et depuis des pratiques po\u00e9tiques, litt\u00e9raires, th\u00e9oriques ou plastiques, que les entreprises de destruction ou de r\u00e9volution du cin\u00e9ma les plus radicales se sont faites jour. Le situationnisme de <strong>Guy Debord<\/strong> en est une des plus puissantes expressions. Avec son deuxi\u00e8me film, <em>Sur le passage de quelques personnes \u00e0 travers une assez courte unit\u00e9 de temps<\/em> (1959), le th\u00e9oricien r\u00e9volutionnaire poursuit l\u2019entreprise amorc\u00e9e dans <em>Hurlements en faveur de Sade<\/em> (1952), entreprise \u00ab de terrorisme cin\u00e9matographique \u00bb, le cin\u00e9ma \u00e9tant envisag\u00e9 alors par Debord comme lieu maximal de la passivit\u00e9 et de l\u2019ali\u00e9nation du spectateur. <br \/>Pourtant, <em>Sur le passage\u2026<\/em> qui est s\u00fbrement un des plus beaux films de Guy Debord, est aussi le lieu d\u2019une certaine positivit\u00e9. Debord y emploie pour la premi\u00e8re fois le processus du d\u00e9tournement, th\u00e9oris\u00e9 dans un manifeste \u00e9ponyme, co-\u00e9crit avec Gil J. Wolman en 1956, r\u00e9utilisant des extraits de films ou de textes. <\/p>\n<p><a href=\"https:\/\/www.lepeuplequimanque.org\/wp-content\/gallery\/imec\/alain-jouffroy-abolition-de-lart-1968-dr.jpg\" rel=\"prettyPhoto[gallery-19Nq]\" title=\"L'abolition de l'art, Alain Jouffroy, (1968, 14 min), DR\"><img decoding=\"async\" align=\"left\" src=\"https:\/\/www.lepeuplequimanque.org\/wp-content\/gallery\/imec\/thumbs\/thumbs_alain-jouffroy-abolition-de-lart-1968-dr.jpg\" alt=\"alain-jouffroy-abolition-de-lart-1968-dr.jpg\" title=\"L\" \/><\/a>\u00ab <em>Nom : Jouffroy Pr\u00e9noms : Alain Jean Marc N\u00e9 le : 11 septembre 1928 \u00e0 : Paris XIV\u00e8me Nationalit\u00e9 : fran\u00e7aise Adresse : ill\u00e9gale Taille : 1.80 m Signe particulier : n\u00e9ant Signe g\u00e9n\u00e9ral : depuis l\u2019\u00e2ge de 18 ans, esp\u00e8re un changement total du monde\u2026. (\u2026)<\/em> \u00bb Alain Jouffroy, <em>L\u2019abolition de l\u2019art<\/em><br \/>R\u00e9alis\u00e9 en 1968, cet unique film de l\u2019\u00e9crivain, artiste, po\u00e8te et critique d\u2019art <strong>Alain Jouffroy<\/strong> pr\u00e9figure la radicalit\u00e9 de mai. <em>L\u2019abolition de l\u2019art <\/em>constitue une attaque en r\u00e8gle contre le culte de l\u2019art et sa sp\u00e9cialisation, les figures du pouvoir et de la patrie. Alain Jouffroy a dirig\u00e9 la revue XXe si\u00e8cle, fond\u00e9 <em>Opus<\/em>, la revue d\u2019art internationale publi\u00e9e par Georges Fall et publi\u00e9 de nombreux textes et livres sur l\u2019avant-garde.<\/p>\n<p><a href=\"https:\/\/www.lepeuplequimanque.org\/wp-content\/gallery\/imec\/antony-balch-towers-open-fire-dr.jpg\" rel=\"prettyPhoto[gallery-19Nq]\" title=\"Towers Open Fire, Antony Balch, William Burroughs, Brion Gysin et Ian Sommerville, (1963, 10 min), DR\"><img decoding=\"async\" align=\"right\" src=\"https:\/\/www.lepeuplequimanque.org\/wp-content\/gallery\/imec\/thumbs\/thumbs_antony-balch-towers-open-fire-dr.jpg\" alt=\"antony-balch-towers-open-fire-dr.jpg\" title=\"Towers Open Fire, Antony Balch, William Burroughs, Brion Gysin et Ian Sommerville, (1963, 10 min), DR\" \/><\/a><em>Towers Open Fire<\/em> (1963, de Antony Balch, William Burroughs, Brion Gysin et Ian Sommerville) est issu des noces entre le cin\u00e9ma et la po\u00e9sie des g\u00e9ants de la Beat Generation. Les traductions filmiques de la po\u00e9sie de <strong>William Burroughs<\/strong> et du po\u00e8te, plasticien et musicien <strong>Brion Gysin<\/strong> furent \u00e0 l&#8217;image de leur \u00e9criture : exp\u00e9rimentales et faisant appel \u00e0 la technique du \u201ccut-up\u201d, m\u00e9thode chaotique et al\u00e9atoire d\u00e9rivant du collage dada\u00efste, pr\u00e9l\u00e8vement de fragments de textes et d&#8217;images, assembl\u00e9s dans le but de faire \u00e9merger de nouvelles significations.&nbsp; Burroughs travailla d\u00e8s 1959, \u00e0 partir de cette m\u00e9thode, avec Brion Gysin, qui en fit la d\u00e9couverte le premier. Au cin\u00e9ma, ils r\u00e9alis\u00e8rent notamment<em> Towers Open Fire <\/em>et <em>The Cut-Ups<\/em>, avec l&#8217;anglais Antony Balch, deux films travaill\u00e9s par un collage musical et visuel \u00e9galement obs\u00e9dants. On aper\u00e7oit dans T<em>owers Open Fire<\/em> la mythique Dreamachine, dispositif mis au point par Brion Gysin et l\u2019informaticien Ian Sommerville en 1960, machine \u00e0 produire des images hypnotiques et d&#8217;autres seuils de r\u00e9alit\u00e9. La <em>Dreamachine<\/em> repr\u00e9sente en fait le cin\u00e9ma lui-m\u00eame, \u00e0 son \u00e9tat le plus pur.<\/p>\n<p><a href=\"https:\/\/www.lepeuplequimanque.org\/wp-content\/gallery\/imec\/henri-chopin-energie-du-sommeil-1966-dr.jpg\" rel=\"prettyPhoto[gallery-19Nq]\" title=\"L`Energie du sommeil, Henri Chopin, Gianni Bertini, Serge B\u00e9guier (1966, 6 min), DR\"><img decoding=\"async\" align=\"left\" src=\"https:\/\/www.lepeuplequimanque.org\/wp-content\/gallery\/imec\/thumbs\/thumbs_henri-chopin-energie-du-sommeil-1966-dr.jpg\" alt=\"henri-chopin-energie-du-sommeil-1966-dr.jpg\" title=\"L`Energie du sommeil, Henri Chopin, Gianni Bertini, Serge B\u00e9guier (1966, 6 min), DR\" \/><\/a>Pionnier de la po\u00e9sie sonore, artiste collagiste, peintre, musicien, auteur de th\u00e9\u00e2tre et \u00e9diteur, <strong>Henri Chopin <\/strong>fut un magistral passeur de fronti\u00e8res entre exp\u00e9rimentations vocales, sonores, po\u00e9tiques et filmiques.&nbsp; R\u00e9alis\u00e9 en 1965 avec l\u2019artiste pop italien Gianni Bertini, <em>L\u2019\u00c9nergie du sommeil<\/em> associe une bande-son de Chopin, entre souffle, musique, bruit et po\u00e9sie, et une fragmentation visuelle somptueuse de la m\u00e9canique respiratoire. <\/p>\n<p>La po\u00e9sie-action de <strong>Bernard Heidsieck<\/strong>, po\u00e8te&nbsp; majeur du XXe si\u00e8cle, a correspondu \u00e0 une volont\u00e9 d\u2019expulsion du po\u00e8me de la page pour mieux le connecter avec l\u2019environnement social, l\u2019action, le corps, la performance. Cet adieu \u00e0 la page propulsait le po\u00e8me dans l\u2019espace par le dire et la rencontre avec le public. A l\u2019instar du <em>Portrait-Minute<\/em>, la lecture \u00e0 voix nue d\u2019Heidsieck fut film\u00e9e \u00e0 de nombreuses reprises par Fran\u00e7oise Janicot, plasticienne et cin\u00e9aste.<\/p>\n<p>&nbsp;<strong>John Giorno<\/strong> est une figure centrale de l\u2019underground new-yorkais des 60\u2019s, proche du mouvement beat et d\u2019Andy Warhol dont il fut le \u00ab dormeur \u00bb du c\u00e9l\u00e8bre <em>Sleep<\/em>. John Giorno met au point en 1968 un syst\u00e8me original de po\u00e9sie t\u00e9l\u00e9phon\u00e9e <em>Dial-A-Poem<\/em> qui tente de rendre la po\u00e9sie accessible \u00e0 la culture de masse. Il fonde \u00e9galement une soci\u00e9t\u00e9 de disques, la &quot;Giorno Poetry Systems&quot;, innovant par l\u2019utilisation de technologie en po\u00e9sie. Il est aujourd\u2019hui un po\u00e8te-performeur incontournable et notamment l\u2019inventeur de la Performance Poetry, lecture vivante et intense r\u00e9alis\u00e9e face au public.&nbsp; <em>The Death of William Burroughs<\/em> est une performance film\u00e9e de John Giorno, extraite du film <em>Nine poems in Basilicata <\/em>(2005) du r\u00e9alisateur Antonello Faretta. <\/p>\n<p><strong><br \/>Films projet\u00e9s<\/strong> : <em>Sur le passage de quelques personnes \u00e0 travers une assez courte unit\u00e9 de temps<\/em>, Guy Debord (1959, 18min) l&nbsp; <em>L&#8217;abolition de l&#8217;art<\/em>, Alain Jouffroy, (1968, 14 min) l <em>Towers Open Fire<\/em>, Antony Balch, William Burroughs, Brion Gysin et Ian Sommerville, (1963, 10 min) l <em>Portrait-Minute &#8211;&nbsp; A Apollinaire<\/em>, Fran\u00e7oise Janicot, en collaboration avec Ren\u00e9e Beslon, (1968, 3 min) l <em>L&#8217;Energie du sommeil<\/em>, Henri Chopin, Gianni Bertini, Serge B\u00e9guier (1966, 6 min) l&nbsp;&nbsp; <em>The Death of William Burroughs<\/em>, John Giorno, Antonello Faretta (2005, 4 min)<\/p>\n<p>Textes et programmation: Aliocha Imhoff &amp; Kantuta Quiros<\/div>\n<p>&nbsp;<\/p>","protected":false},"excerpt":{"rendered":"<p>&nbsp;les \u00e9crivains filment #2Contre le cin\u00e9ma, tout contre Jeudi 28 octobre 2010 20h30 &#8211; IMEC Guy Debord \/&#8230;<\/p>\n","protected":false},"author":1,"featured_media":0,"parent":269,"menu_order":2,"comment_status":"closed","ping_status":"closed","template":"page-left-sidebar-parents.php","meta":{"footnotes":""},"categories":[],"tags":[],"class_list":["post-271","page","type-page","status-publish"],"aioseo_notices":[],"_links":{"self":[{"href":"https:\/\/www.lepeuplequimanque.org\/en\/wp-json\/wp\/v2\/pages\/271","targetHints":{"allow":["GET"]}}],"collection":[{"href":"https:\/\/www.lepeuplequimanque.org\/en\/wp-json\/wp\/v2\/pages"}],"about":[{"href":"https:\/\/www.lepeuplequimanque.org\/en\/wp-json\/wp\/v2\/types\/page"}],"author":[{"embeddable":true,"href":"https:\/\/www.lepeuplequimanque.org\/en\/wp-json\/wp\/v2\/users\/1"}],"replies":[{"embeddable":true,"href":"https:\/\/www.lepeuplequimanque.org\/en\/wp-json\/wp\/v2\/comments?post=271"}],"version-history":[{"count":0,"href":"https:\/\/www.lepeuplequimanque.org\/en\/wp-json\/wp\/v2\/pages\/271\/revisions"}],"up":[{"embeddable":true,"href":"https:\/\/www.lepeuplequimanque.org\/en\/wp-json\/wp\/v2\/pages\/269"}],"wp:attachment":[{"href":"https:\/\/www.lepeuplequimanque.org\/en\/wp-json\/wp\/v2\/media?parent=271"}],"wp:term":[{"taxonomy":"category","embeddable":true,"href":"https:\/\/www.lepeuplequimanque.org\/en\/wp-json\/wp\/v2\/categories?post=271"},{"taxonomy":"post_tag","embeddable":true,"href":"https:\/\/www.lepeuplequimanque.org\/en\/wp-json\/wp\/v2\/tags?post=271"}],"curies":[{"name":"wp","href":"https:\/\/api.w.org\/{rel}","templated":true}]}}