{"id":273,"date":"2010-09-26T17:21:53","date_gmt":"2010-09-26T16:21:53","guid":{"rendered":"https:\/\/www.lepeuplequimanque.org\/ecrivains\/vendredi-5-novembre-2010"},"modified":"2023-11-04T14:03:21","modified_gmt":"2023-11-04T13:03:21","slug":"vendredi-5-novembre-2010","status":"publish","type":"page","link":"https:\/\/www.lepeuplequimanque.org\/en\/ecrivains\/vendredi-5-novembre-2010\/","title":{"rendered":"Friday November 5, 2010 &#8211; Wandering images"},"content":{"rendered":"<p align=\"center\">&nbsp;<strong><font size=\"4\"><font size=\"3\">les \u00e9crivains filment #4<\/font><br \/>Errances de l\u2019image <br \/><font size=\"2\">Marguerite Duras &amp; Georges Perec<\/font><br \/><\/font><\/strong><\/p>\n<p align=\"center\"><strong><font size=\"2\">Vendredi 5 novembre 2010 <br \/>20h30 &#8211; IMEC<\/font><\/strong><\/p>\n<p><strong>Soir\u00e9e en pr\u00e9sence de Jean Cl\u00e9der<\/strong> (Ma\u00eetre de Conf\u00e9rences \u00e0 l&#8217;Universit\u00e9 de Rennes II, sp\u00e9cialiste des rapports entre litt\u00e9rature et cin\u00e9ma) <\/p>\n<div align=\"justify\">\n<p align=\"justify\"><a href=\"https:\/\/www.lepeuplequimanque.org\/wp-content\/gallery\/imec\/duras-aurelia-steiner-melbourne-1979-dr.jpg\" rel=\"prettyPhoto[gallery-R1g0]\" title=\"Aurelia Steiner (Melbourne), Marguerite Duras, 1979, DR\"><img decoding=\"async\" align=\"left\" src=\"https:\/\/www.lepeuplequimanque.org\/wp-content\/gallery\/imec\/thumbs\/thumbs_duras-aurelia-steiner-melbourne-1979-dr.jpg\" alt=\"duras-aurelia-steiner-melbourne-1979-dr.jpg\" title=\"Aurelia Steiner (Melbourne), Marguerite Duras, 1979, DR\" \/><\/a>On conna\u00eet le go\u00fbt de <strong>Marguerite Duras<\/strong> pour les circulations illimit\u00e9es entre romans, th\u00e9\u00e2tre et cin\u00e9ma, et pour les vies multiples de ses \u0153uvres. Surtout, la radicalit\u00e9 de certains de ses films en ont fait la pierre angulaire des exp\u00e9riences de \u00ab meurtre du cin\u00e9ma \u00bb qui ont le plus durablement transform\u00e9 le cin\u00e9ma dit narratif. <em>Aur\u00e9lia Steiner Melbourne <\/em>(1979) est plut\u00f4t ici le lieu maximal d\u2019un d\u00e9sajustement du texte et l\u2019image, fortement port\u00e9 par la voix, la lecture magnifique de Marguerite Duras.&nbsp;&nbsp; Une lecture incantatoire qui convoque la perte, le manque, le cri incessant de l\u2019amour. <\/p>\n<p><a href=\"https:\/\/www.lepeuplequimanque.org\/wp-content\/gallery\/imec\/un-homme-qui-dort-georges-perec-1974-dr.jpg\" rel=\"prettyPhoto[gallery-R1g0]\" title=\"Un homme qui dort, Georges Perec et Bernard Queyssane, still,1974, DR\"><img decoding=\"async\" align=\"right\" src=\"https:\/\/www.lepeuplequimanque.org\/wp-content\/gallery\/imec\/thumbs\/thumbs_un-homme-qui-dort-georges-perec-1974-dr.jpg\" alt=\"un-homme-qui-dort-georges-perec-1974-dr.jpg\" title=\"Un homme qui dort, Georges Perec et Bernard Queyssane, still,1974, DR\" \/><\/a>\u0152uvre novatrice, devenue culte, <strong>Un homme qui dort<\/strong> est un film \u00e0 double signature, celle de l\u2019\u00e9crivain <strong>Georges Perec<\/strong> et du cin\u00e9aste <strong>Bernard Queysanne<\/strong>, tous deux alors encore m\u00e9connus, \u00e0 partir du texte initial de Georges Perec, qui ne faisait pas \u00e0 l\u2019\u00e9poque d\u00e9j\u00e0 partie de l\u2019Oulipo. Un \u00e9tudiant remet en cause toutes ses activit\u00e9s et tous ses projets et se plonge volontairement dans une sorte d\u2019hibernation. Pendant plusieurs mois, il vit ainsi en dehors du temps, en dehors du monde jusqu\u2019\u00e0 ce qu\u2019apparaissent les limites et les dangers de cette exp\u00e9rience radicale. Une histoire qui impliqua une recherche formelle et sonore importante, au service de l\u2019id\u00e9e \u201cd\u2019infra-ordinaire\u201d, ch\u00e8re \u00e0 Georges Perec, qui la sous-tend.<\/p>\n<p><strong>Films projet\u00e9s<\/strong> :<br \/><strong><em>Aurelia Steiner (Melbourne)<\/em><\/strong>, Marguerite Duras, 1979, couleur, sonore, 35 min<br \/>Suivi de <br \/><strong><em>Un homme qui dort<\/em><\/strong>, de Georges Perec, Bernard Queysanne, 1974, 82 min<br \/>Avec Jacques Spiesser et la voix de Ludmila Mikael<\/p>\n<p>Textes et programmation: Kantuta Quiros &amp; Aliocha Imhoff<\/p>\n<p>Cette soir\u00e9e se r\u00e9alise en partenariat avec <strong>Documentaire sur Grand Ecran<\/strong>.\n<\/p>\n<div align=\"center\"><img decoding=\"async\" style=\"width: 121px; height: 44px;\" src=\"https:\/\/www.lepeuplequimanque.org\/wp-content\/gallery\/imec\/thumbs\/thumbs_logo-rv-nb.jpg\" alt=\"logo-rv-nb.jpg\" title=\"Rendez-vous des docs en r\u00e9gion - Documentaire sur grand \u00e9cran\" \/><br \/>\n<\/div>\n<p>&nbsp;<\/p>\n<\/div>","protected":false},"excerpt":{"rendered":"<p>&nbsp;les \u00e9crivains filment #4Errances de l\u2019image Marguerite Duras &amp; Georges Perec Vendredi 5 novembre 2010 20h30 &#8211; IMEC&#8230;<\/p>\n","protected":false},"author":1,"featured_media":0,"parent":269,"menu_order":4,"comment_status":"closed","ping_status":"closed","template":"page-left-sidebar-parents.php","meta":{"footnotes":""},"categories":[],"tags":[],"class_list":["post-273","page","type-page","status-publish"],"aioseo_notices":[],"_links":{"self":[{"href":"https:\/\/www.lepeuplequimanque.org\/en\/wp-json\/wp\/v2\/pages\/273","targetHints":{"allow":["GET"]}}],"collection":[{"href":"https:\/\/www.lepeuplequimanque.org\/en\/wp-json\/wp\/v2\/pages"}],"about":[{"href":"https:\/\/www.lepeuplequimanque.org\/en\/wp-json\/wp\/v2\/types\/page"}],"author":[{"embeddable":true,"href":"https:\/\/www.lepeuplequimanque.org\/en\/wp-json\/wp\/v2\/users\/1"}],"replies":[{"embeddable":true,"href":"https:\/\/www.lepeuplequimanque.org\/en\/wp-json\/wp\/v2\/comments?post=273"}],"version-history":[{"count":0,"href":"https:\/\/www.lepeuplequimanque.org\/en\/wp-json\/wp\/v2\/pages\/273\/revisions"}],"up":[{"embeddable":true,"href":"https:\/\/www.lepeuplequimanque.org\/en\/wp-json\/wp\/v2\/pages\/269"}],"wp:attachment":[{"href":"https:\/\/www.lepeuplequimanque.org\/en\/wp-json\/wp\/v2\/media?parent=273"}],"wp:term":[{"taxonomy":"category","embeddable":true,"href":"https:\/\/www.lepeuplequimanque.org\/en\/wp-json\/wp\/v2\/categories?post=273"},{"taxonomy":"post_tag","embeddable":true,"href":"https:\/\/www.lepeuplequimanque.org\/en\/wp-json\/wp\/v2\/tags?post=273"}],"curies":[{"name":"wp","href":"https:\/\/api.w.org\/{rel}","templated":true}]}}