{"id":274,"date":"2010-09-26T17:36:37","date_gmt":"2010-09-26T16:36:37","guid":{"rendered":"https:\/\/www.lepeuplequimanque.org\/ecrivains\/samedi-6-novembre-2010"},"modified":"2023-11-04T14:03:28","modified_gmt":"2023-11-04T13:03:28","slug":"samedi-6-novembre-2010","status":"publish","type":"page","link":"https:\/\/www.lepeuplequimanque.org\/en\/ecrivains\/samedi-6-novembre-2010\/","title":{"rendered":"Saturday November 6, 2010 &#8211; Eug\u00e8ne Green, poetic of the cinematograph"},"content":{"rendered":"<p align=\"center\"><strong><font size=\"4\"><font size=\"3\">les \u00e9crivains filment #5<\/font><br \/>Eug\u00e8ne Green, Po\u00e9tique du cin\u00e9matographe<\/font><\/strong><strong><font size=\"2\"><\/p>\n<p>Samedi 6 novembre 2010<\/font><\/strong><strong><font size=\"2\"><br \/>20h30 &#8211; Cin\u00e9ma Lux, Caen<\/font><\/strong><\/p>\n<p><\/p>\n<div align=\"center\"><img decoding=\"async\" src=\"https:\/\/www.lepeuplequimanque.org\/wp-content\/gallery\/imec\/eugene-green-toutes-les-nuits-dr.jpg\" alt=\"eugene-green-toutes-les-nuits-dr.jpg\" title=\"Toutes les nuits, Eug\u00e8ne Green, still, Ellabel Production, 2001, DR\" \/><\/div>\n<div align=\"justify\">\n<p>&quot;<em>La po\u00e9sie, c\u2019est l\u2019apparition du verbe qui se cache dans les mots ; le cin\u00e9ma, c\u2019est la parole faite image.<\/em>&quot; Eug\u00e8ne Green, <em>Po\u00e9tique du cin\u00e9matographe,<\/em> 2009<\/p>\n<p>Le r\u00e9alisateur du <em>Pont des Arts<\/em> (2004) ou de <em>La Religieuse portugaise<\/em> (2009) est d&#8217;abord un artiste multiple, \u00e9crivain, dramaturge et po\u00e8te d&#8217;origine am\u00e9ricaine.<br \/>\n<br \/>Eug\u00e8ne Green tombe amoureux de la langue fran\u00e7aise et en croque goul\u00fbment les mots jusqu\u2019\u00e0 les r\u00e9inventer. Il danse avec les influences baroques pour cr\u00e9er un monde d\u00e9licieux de po\u00e9sie et de fantaisie. Fondateur du th\u00e9\u00e2tre de la <em>Sapience <\/em>en 1977 et cin\u00e9aste hors du temps, il aime \u00e0 bousculer le spectateur en redonnant \u00e0 la parole une puissance sacr\u00e9e et non psychologique, laissant sa place au d\u00e9calage humoristique. Puissant, singulier et d\u00e9licat, son cin\u00e9ma est autant influenc\u00e9 par Robert Bresson ou Jean Eustache que par Wong Kar-Wai, Yasujiro Ozu ou Hou Hsiao-Hsien. Eug\u00e8ne Green d\u00e9veloppe dans ses livres et dans ses films autant de variations sur l&#8217;\u00e9loquence et l&#8217;incarnation de la parole et livre r\u00e9cemment avec P<em>o\u00e9tique du cin\u00e9matographe<\/em> (2009, Actes Sud) une r\u00e9flexion singuli\u00e8re sur le cin\u00e9ma qui puise aussi bien dans Boileau, Pascal, Tarkovski ou la Torah.<\/p>\n<p>Premier film d\u2019un r\u00e9alisateur inclassable, <strong><em>Toutes les nuits<\/em><\/strong> est sans aucun doute un objet filmique extraordinaire. Dans cette \u00e9ducation sentimentale d\u00e9routante, inspir\u00e9e librement du roman de Flaubert, les personnages articulent les mots comme un nouveau langage aux accents d\u2019un autre temps mais \u00e9tonnamment novateurs. R\u00e9sultat d\u2019une r\u00e9flexion palpable sur le cin\u00e9ma, <em>Toutes les nuits<\/em> transporte dans une magie incandescente dont on ne saisit jamais tout \u00e0 fait l\u2019essence.<\/p>\n<p><strong>Film projet\u00e9<\/strong> :<br \/>\n<br \/><em>Toutes les nuits<\/em>, Eug\u00e8ne Green, 2001, 1h52<\/p>\n<\/div>\n<p>Textes et programmation: Kantuta Quiros &amp; Aliocha Imhoff<br \/>","protected":false},"excerpt":{"rendered":"<p>les \u00e9crivains filment #5Eug\u00e8ne Green, Po\u00e9tique du cin\u00e9matographe Samedi 6 novembre 201020h30 &#8211; Cin\u00e9ma Lux, Caen &quot;La po\u00e9sie,&#8230;<\/p>\n","protected":false},"author":1,"featured_media":0,"parent":269,"menu_order":5,"comment_status":"closed","ping_status":"closed","template":"page-left-sidebar-parents.php","meta":{"footnotes":""},"categories":[],"tags":[],"class_list":["post-274","page","type-page","status-publish"],"aioseo_notices":[],"_links":{"self":[{"href":"https:\/\/www.lepeuplequimanque.org\/en\/wp-json\/wp\/v2\/pages\/274","targetHints":{"allow":["GET"]}}],"collection":[{"href":"https:\/\/www.lepeuplequimanque.org\/en\/wp-json\/wp\/v2\/pages"}],"about":[{"href":"https:\/\/www.lepeuplequimanque.org\/en\/wp-json\/wp\/v2\/types\/page"}],"author":[{"embeddable":true,"href":"https:\/\/www.lepeuplequimanque.org\/en\/wp-json\/wp\/v2\/users\/1"}],"replies":[{"embeddable":true,"href":"https:\/\/www.lepeuplequimanque.org\/en\/wp-json\/wp\/v2\/comments?post=274"}],"version-history":[{"count":0,"href":"https:\/\/www.lepeuplequimanque.org\/en\/wp-json\/wp\/v2\/pages\/274\/revisions"}],"up":[{"embeddable":true,"href":"https:\/\/www.lepeuplequimanque.org\/en\/wp-json\/wp\/v2\/pages\/269"}],"wp:attachment":[{"href":"https:\/\/www.lepeuplequimanque.org\/en\/wp-json\/wp\/v2\/media?parent=274"}],"wp:term":[{"taxonomy":"category","embeddable":true,"href":"https:\/\/www.lepeuplequimanque.org\/en\/wp-json\/wp\/v2\/categories?post=274"},{"taxonomy":"post_tag","embeddable":true,"href":"https:\/\/www.lepeuplequimanque.org\/en\/wp-json\/wp\/v2\/tags?post=274"}],"curies":[{"name":"wp","href":"https:\/\/api.w.org\/{rel}","templated":true}]}}