{"id":278,"date":"2011-01-08T20:51:25","date_gmt":"2011-01-08T19:51:25","guid":{"rendered":"https:\/\/www.lepeuplequimanque.org\/2011\/12-janvier-2011"},"modified":"2023-11-04T14:39:49","modified_gmt":"2023-11-04T13:39:49","slug":"12-janvier-2011","status":"publish","type":"page","link":"https:\/\/www.lepeuplequimanque.org\/en\/que-faire-suite\/12-janvier-2011\/","title":{"rendered":"Wednesday January 12, 2011 \/ Dario Azzellini &#038; Oliver Ressler"},"content":{"rendered":"<div align=\"center\">\n<p><strong><font size=\"3\">Comuna en construcci\u00f3n<\/font><\/strong><br \/><strong><font size=\"3\">de Dario Azzellini &amp; Oliver Ressler <\/font><\/strong><\/p>\n<p><strong>(2010, 94 min, premi\u00e8re fran\u00e7aise)&nbsp; <\/strong><\/p>\n<p><strong><font size=\"2\">Mercredi 12 Janvier 2011 &#8211; 20h30<\/font><\/strong><br \/><strong><u><font size=\"2\">Cin\u00e9ma Le M\u00e9li\u00e8s<\/font><\/u><\/strong><\/p>\n<\/div>\n<div align=\"center\"><a href=\"https:\/\/www.lepeuplequimanque.org\/wp-content\/gallery\/quefaire-maisonpop\/comuna_under_construction_108.jpg\" rel=\"prettyPhoto[gallery-g8xs]\" title=\"comuna_under_construction_108.jpg\"><img decoding=\"async\" src=\"https:\/\/www.lepeuplequimanque.org\/wp-content\/gallery\/quefaire-maisonpop\/thumbs\/thumbs_comuna_under_construction_108.jpg\" alt=\"comuna_under_construction_108.jpg\" title=\"comuna_under_construction_108.jpg\" \/><\/a><\/div>\n<div align=\"justify\">\n<p>\u00ab Nous allons d\u00e9cider ce que nous voulons. Nous sommes ceux qui savons quels sont les besoins de notre communaut\u00e9. \u00bb <br \/>Serait-il possible d\u2019unir Etat et autonomie ? Des porte-parole de communaut\u00e9s rurales et de Caracas mettent en perspective des processus ouverts d\u2019autogouvernement local au Venezuela : avec plus de 30 000 conseils communaux, les habitants du Venezuela d\u00e9cident de mani\u00e8re collective en assembl\u00e9es de nombreuses affaires de leurs communaut\u00e9s. Plusieurs conseils communaux peuvent s\u2019unir et construire une commune.&nbsp; Ces conseils se construisent depuis le bas, parall\u00e8lement aux institutions existantes et cherchent \u00e0 d\u00e9passer l\u2019Etat existant \u00e0 travers l\u2019autogouvernement. <\/p>\n<p><strong>Oliver Ressler<\/strong>, artiste et commissaire d\u2019exposition, vit et travaille \u00e0 Vienne, Autriche. Son travail, compos\u00e9 d\u2019installations dans l\u2019espace public et de vid\u00e9os, interroge le capitalisme global, les formes de r\u00e9sistances, les alternatives sociales, le racisme, la g\u00e9n\u00e9tique. Il a particip\u00e9 \u00e0 plus de 150 expositions, dont la biennale de Prague (2005), de S\u00e9ville (2006), Moscou (2007) et de Taipei (2008), Biennale de Lyon (2009), Meta Biennale de Bucarest (2010), Alexandria Contemporary Arts Forum, Egypte(2010). A la biennale 2008 de Taipei (Taiwan), il \u00e9tait \u00e9galement commissaire d\u2019une exposition sur le mouvement altermondialiste. Ses films ont \u00e9t\u00e9 pr\u00e9sent\u00e9s dans de nombreux festivals de films, \u00e9v\u00e9nements politiques, cin\u00e9mas et parfois aussi \u00e0 la t\u00e9l\u00e9vision. En 2002, sa vid\u00e9o \u00ab This is what democracy looks like! \u00bb gagnait le 1er prix de l\u2019International Media Art Award of the ZKM.<\/p>\n<p><strong>Dario Azzellini<\/strong>, docteur en sciences politiques, chercheur et professeur \u00e0 l\u2019Institut de Sociologie de l\u2019Universit\u00e9 Johannes Kepler \u00e0 Lin (Autriche) et documentariste. Dario Azzellini travaille sur les processus de transformation sociale, d\u00e9mocratie participative et auto-gestion ouvri\u00e8re.&nbsp; Il a publi\u00e9 r\u00e9cemment \u201cLe business de la guerre. Nouveaux mercenaires et terrorisme d\u2019Etat.\u201d (Monte \u00c0vila, Venezuela, 2009) et \u201cPartizipation, Arbeiterkontrolleund die Commune\u201c (VSA, Alemania, 2010). Il est le co-\u00e9diteur de l\u2019&quot;International Encyclopedia of Revolution and Protest. 1500 to the Present&quot;.<\/p>\n<p>En pr\u00e9sence de <strong>Mathieu Commet<\/strong>, auteur de recherches en sciences politiques autour des&nbsp; formes d&#8217;organisation communautaire dans les barrios v\u00e9n\u00e9zueliens.<\/p>\n<p><em>Une programmation con\u00e7ue par Aliocha Imhoff &amp; Kantuta Quir\u00f3s. Cette s\u00e9ance s\u2019inscrit dans le prolongement de la manifestation Que faire ? Art, film, politique (11-19 d\u00e9cembre 2010), organis\u00e9e par le peuple qui manque et qui, sous forme de symposium critique et de projections, proposait de revenir sur le renouveau des strat\u00e9gies critiques et reconfigurations actuelles des liens entre art &amp; politique au sein de l&#8217;art contemporain, du cin\u00e9ma et de la vid\u00e9o contemporaine.<br \/>www.lepeuplequimanque.org<\/em><\/p>\n<\/div>\n<p>\n<\/p>\n<p><center><br \/>\n<a href=\"https:\/\/www.lepeuplequimanque.org\/wp-content\/gallery\/quefaire-maisonpop\/comuna_under_construction_ressler-azzellini3.jpg\" rel=\"prettyPhoto[gallery-g8xs]\" title=\"comuna_under_construction_ressler-azzellini3.jpg\"><img decoding=\"async\" src=\"https:\/\/www.lepeuplequimanque.org\/wp-content\/gallery\/quefaire-maisonpop\/thumbs\/thumbs_comuna_under_construction_ressler-azzellini3.jpg\" alt=\"comuna_under_construction_ressler-azzellini3.jpg\" title=\"comuna_under_construction_ressler-azzellini3.jpg\" \/><\/a><\/p>\n<p> <a href=\"https:\/\/www.lepeuplequimanque.org\/wp-content\/gallery\/quefaire-maisonpop\/comuna_under_construction_ressler-azzellini2.jpg\" rel=\"prettyPhoto[gallery-g8xs]\" title=\"comuna_under_construction_ressler-azzellini2.jpg\"><img decoding=\"async\" src=\"https:\/\/www.lepeuplequimanque.org\/wp-content\/gallery\/quefaire-maisonpop\/thumbs\/thumbs_comuna_under_construction_ressler-azzellini2.jpg\" alt=\"comuna_under_construction_ressler-azzellini2.jpg\" title=\"comuna_under_construction_ressler-azzellini2.jpg\" \/><\/a> <\/center><br \/>","protected":false},"excerpt":{"rendered":"<p>Comuna en construcci\u00f3nde Dario Azzellini &amp; Oliver Ressler (2010, 94 min, premi\u00e8re fran\u00e7aise)&nbsp; Mercredi 12 Janvier 2011 &#8211;&#8230;<\/p>\n","protected":false},"author":1,"featured_media":0,"parent":277,"menu_order":1,"comment_status":"closed","ping_status":"closed","template":"page-left-sidebar-parents.php","meta":{"footnotes":""},"categories":[],"tags":[],"class_list":["post-278","page","type-page","status-publish"],"aioseo_notices":[],"_links":{"self":[{"href":"https:\/\/www.lepeuplequimanque.org\/en\/wp-json\/wp\/v2\/pages\/278","targetHints":{"allow":["GET"]}}],"collection":[{"href":"https:\/\/www.lepeuplequimanque.org\/en\/wp-json\/wp\/v2\/pages"}],"about":[{"href":"https:\/\/www.lepeuplequimanque.org\/en\/wp-json\/wp\/v2\/types\/page"}],"author":[{"embeddable":true,"href":"https:\/\/www.lepeuplequimanque.org\/en\/wp-json\/wp\/v2\/users\/1"}],"replies":[{"embeddable":true,"href":"https:\/\/www.lepeuplequimanque.org\/en\/wp-json\/wp\/v2\/comments?post=278"}],"version-history":[{"count":0,"href":"https:\/\/www.lepeuplequimanque.org\/en\/wp-json\/wp\/v2\/pages\/278\/revisions"}],"up":[{"embeddable":true,"href":"https:\/\/www.lepeuplequimanque.org\/en\/wp-json\/wp\/v2\/pages\/277"}],"wp:attachment":[{"href":"https:\/\/www.lepeuplequimanque.org\/en\/wp-json\/wp\/v2\/media?parent=278"}],"wp:term":[{"taxonomy":"category","embeddable":true,"href":"https:\/\/www.lepeuplequimanque.org\/en\/wp-json\/wp\/v2\/categories?post=278"},{"taxonomy":"post_tag","embeddable":true,"href":"https:\/\/www.lepeuplequimanque.org\/en\/wp-json\/wp\/v2\/tags?post=278"}],"curies":[{"name":"wp","href":"https:\/\/api.w.org\/{rel}","templated":true}]}}