{"id":279,"date":"2011-01-08T21:19:14","date_gmt":"2011-01-08T20:19:14","guid":{"rendered":"https:\/\/www.lepeuplequimanque.org\/2011\/9-mars-2011"},"modified":"2023-11-04T14:42:55","modified_gmt":"2023-11-04T13:42:55","slug":"9-mars-2011","status":"publish","type":"page","link":"https:\/\/www.lepeuplequimanque.org\/en\/que-faire-suite\/9-mars-2011\/","title":{"rendered":"Wednesday March 9, 2011 \/ Chen Chieh-Jen \/ Lin Yilin \/ Liu Wei"},"content":{"rendered":"[vc_row type=&#8221;in_container&#8221; full_screen_row_position=&#8221;middle&#8221; column_margin=&#8221;default&#8221; column_direction=&#8221;default&#8221; column_direction_tablet=&#8221;default&#8221; column_direction_phone=&#8221;default&#8221; scene_position=&#8221;center&#8221; top_padding=&#8221;4%&#8221; constrain_group_1=&#8221;yes&#8221; bottom_padding=&#8221;4%&#8221; text_color=&#8221;dark&#8221; text_align=&#8221;left&#8221; row_border_radius=&#8221;none&#8221; row_border_radius_applies=&#8221;bg&#8221; overflow=&#8221;visible&#8221; overlay_strength=&#8221;0.3&#8243; gradient_direction=&#8221;left_to_right&#8221; shape_divider_position=&#8221;bottom&#8221; bg_image_animation=&#8221;none&#8221; gradient_type=&#8221;default&#8221; shape_type=&#8221;&#8221;][vc_column column_padding=&#8221;no-extra-padding&#8221; column_padding_tablet=&#8221;inherit&#8221; column_padding_phone=&#8221;inherit&#8221; column_padding_position=&#8221;all&#8221; column_element_direction_desktop=&#8221;default&#8221; column_element_spacing=&#8221;default&#8221; desktop_text_alignment=&#8221;default&#8221; tablet_text_alignment=&#8221;default&#8221; phone_text_alignment=&#8221;default&#8221; background_color_opacity=&#8221;1&#8243; background_hover_color_opacity=&#8221;1&#8243; column_backdrop_filter=&#8221;none&#8221; column_shadow=&#8221;none&#8221; column_border_radius=&#8221;none&#8221; column_link_target=&#8221;_self&#8221; column_position=&#8221;default&#8221; gradient_direction=&#8221;left_to_right&#8221; overlay_strength=&#8221;0.3&#8243; width=&#8221;1\/1&#8243; tablet_width_inherit=&#8221;default&#8221; animation_type=&#8221;default&#8221; bg_image_animation=&#8221;none&#8221; border_type=&#8221;simple&#8221; column_border_width=&#8221;none&#8221; column_border_style=&#8221;solid&#8221;][vc_column_text]\n<h2 style=\"text-align: center;\">Asie, \u00e9chos de la violence d&#8217;Etat<\/h2>\n<div align=\"center\">\n<p><strong><span style=\"font-size: small;\">Chen Chieh-Jen \/ Lin Yilin \/ Liu Wei<\/span><\/strong><\/p>\n<p><strong><span style=\"font-size: small;\">Mercredi 9 Mars 2011 &#8211; 20h30<\/span><\/strong><br \/>\n<strong><u><span style=\"font-size: small;\">Cin\u00e9ma Le M\u00e9li\u00e8s<\/span><\/u><\/strong><\/p>\n<\/div>\n<p align=\"center\"><strong>\u00a0En pr\u00e9sence de Sylvie Lin, critique d\u2019art, Ta\u00efwan<\/strong><\/p>\n<p>&nbsp;<\/p>\n<div align=\"justify\">\n<p><strong><span style=\"font-size: small;\"><em>The Route<\/em> de Chen Chieh-Jen<\/span>, 2006<\/strong><\/p>\n<p>Ce film est inspir\u00e9 par la gr\u00e8ve des dockers de Liverpool de 1995.<br \/>\nPendant le r\u00e9gime de Margaret Thatcher dans les ann\u00e9es 1980, tous les ports britanniques ont \u00e9t\u00e9 privatis\u00e9s. En 1995, 400 dockers de Liverpool ont lanc\u00e9 une gr\u00e8ve. Ce mouvement a d\u00e9clench\u00e9 une r\u00e9sistance \u00e0 la privatisation des ports de dockers dans le monde entier.<\/p>\n<p><em>Originaire de Taiwan, n\u00e9 en 1960, Chen Chieh-Jen \u0153uvre entre installation, performance, photographie, vid\u00e9o, examinant l&#8217;histoire de Taiwan dans le contexte plus large de la mondialisation. Son travail porte notamment sur les effets de la migration, sur le devenir du monde ouvrier et de l\u2019usine et la puissance de la diffusion des images. Les tournages des vid\u00e9os de Chieh-Jen CHEN peuvent \u00eatre consid\u00e9r\u00e9s comme des \u00ab actes d\u2019\u00e9criture des m\u00e9moires en marge \u00bb, gelant\u00ab la colonisation de l\u2019int\u00e9rieur et de l\u2019ext\u00e9rieur du pays \u00bb. Les cr\u00e9ations de Chen Chieh-Jen ont fait irruption dans les ann\u00e9es 80, \u00e0 l\u2019\u00e9poque o\u00f9 Taiwan \u00e9tait encore sous la loi martiale. Apr\u00e8s la lev\u00e9e de la loi martiale en 1987, il a interrompu son travail artistique pendant neuf ans. Chen Chieh-Jen s\u2019est fait remarquer \u00e0 la fin des ann\u00e9es 1990 avec les photographies et son film Lingchi \u2013 Echoes of historical photography qui ont fait le tour du monde des biennales et autres grandes manifestations internationales : Biennale de Sao Paolo et Taipei (1998), Biennale de Venise et Biennale de Photographie de Mexico (1999), Biennale de Lyon et Biennale de Kwang-ju, Photo Espana (2000), Galerie Nationale du Jeu de Paume (2001), Queens Museum, New-York (2001), Otis College of Art &amp; Design, Los Angeles (2003). Toujours tr\u00e8s pr\u00e9sent, son travail a \u00e9t\u00e9 vu r\u00e9cemment lors de nombreuses manifestations: aux 48e et 51e Biennales de Venise, la 6e Biennale de Taipei, Undercurrents 06, Museum of Art in Goteborg, Liverpool Biennale, Tate Liverpool, Zones of Contact, Biennale of Sydney,entre autres. Il a re\u00e7u le Prix sp\u00e9cial en 2000 lors de la 3e Biennale de Gwangju en Cor\u00e9e. Il est repr\u00e9sent\u00e9 par la galerie Olivier Robert.<\/em><\/p>\n<div align=\"center\"><a title=\"01-the-route-chen-chieh-jen.jpg\" href=\"https:\/\/www.lepeuplequimanque.org\/wp-content\/gallery\/quefaire-maisonpop\/01-the-route-chen-chieh-jen.jpg\" rel=\"prettyPhoto[gallery-sbtG]\"><img decoding=\"async\" title=\"01-the-route-chen-chieh-jen.jpg\" src=\"https:\/\/www.lepeuplequimanque.org\/wp-content\/gallery\/quefaire-maisonpop\/thumbs\/thumbs_01-the-route-chen-chieh-jen.jpg\" alt=\"01-the-route-chen-chieh-jen.jpg\" \/><\/a><\/div>\n<p><strong><span style=\"font-size: small;\"><em>One Day<\/em> de Lin Yilin<\/span>, 2006 \u2013 2009<\/strong><\/p>\n<p><em>N\u00e9 en 1964 \u00e0 Guangzhou, Chine, Lin Yilin s\u2019est fait conna\u00eetre avec ses actions d\u2019interventions dans les espaces urbains. Dans une \u0153uvre d\u00e9sormais c\u00e9l\u00e8bre, il d\u00e9pla\u00e7ait une \u00e0 une les briques d\u2019un mur de fa\u00e7on \u00e0 traverser les villes, indiff\u00e9rent aux axes de circulation, aux sites et aux places, occasionnant quelques perturbations et un grand nombre d\u2019interrogations. \u00ab One Day \u00bb est une action dans la rue qui d\u00e9nonce l\u2019absurdit\u00e9 des relations humaines dans la soci\u00e9t\u00e9 urbaine en pleine mutation dans la Chine d\u2019aujourd\u2019hui. \u00ab One day \u00bb a \u00e9t\u00e9 expos\u00e9e \u00e0 la derni\u00e8re Biennale de Lyon. <\/em><\/p>\n<div align=\"center\">\n<p><a title=\"oneday_linyilin_02.jpg\" href=\"https:\/\/www.lepeuplequimanque.org\/wp-content\/gallery\/quefaire-maisonpop\/oneday_linyilin_02.jpg\" rel=\"prettyPhoto[gallery-sbtG]\"><img decoding=\"async\" title=\"oneday_linyilin_02.jpg\" src=\"https:\/\/www.lepeuplequimanque.org\/wp-content\/gallery\/quefaire-maisonpop\/thumbs\/thumbs_oneday_linyilin_02.jpg\" alt=\"oneday_linyilin_02.jpg\" \/><\/a> <a title=\"oneday_linyilin_01.jpg\" href=\"https:\/\/www.lepeuplequimanque.org\/wp-content\/gallery\/quefaire-maisonpop\/oneday_linyilin_01.jpg\" rel=\"prettyPhoto[gallery-sbtG]\"><img decoding=\"async\" title=\"oneday_linyilin_01.jpg\" src=\"https:\/\/www.lepeuplequimanque.org\/wp-content\/gallery\/quefaire-maisonpop\/thumbs\/thumbs_oneday_linyilin_01.jpg\" alt=\"oneday_linyilin_01.jpg\" \/><\/a><\/p>\n<\/div>\n<p><strong><span style=\"font-size: small;\">A Day To Remember de Liu Wei<\/span>, 2005<\/strong><\/p>\n<p><em>Artiste chinois n\u00e9 en 1965, Liu Wei vit et travaille \u00e0 P\u00e9kin, o\u00f9 il a \u00e9tudi\u00e9 la litt\u00e9rature, l&#8217;art et la philosophie. Son travail porte sur l&#8217;histoire r\u00e9cente de la Chine, dans son rapport au pouvoir, \u00e0 la m\u00e9moire et \u00e0 l&#8217;oubli. Ses vid\u00e9os confrontent les symboles de la R\u00e9volution, toujours visibles, avec la r\u00e9pression des \u00e9v\u00e8nements contestataires de 1989 dont il ne reste pas de traces concr\u00e8tes. Dans un monde de silence o\u00f9 la m\u00e9moire officielle semble avoir annihil\u00e9 tout ce qui pourrait l&#8217;\u00e9branler, Liu Wei cherche \u00e0 r\u00e9activer ce qui est cach\u00e9, tapi dans l&#8217;inconscient politique chinois.<\/em><br \/>\nDans <em>A Day to Remember<\/em>, Liu Wei interroge des \u00e9tudiants \u00e0 la sortie de l&#8217;universit\u00e9 de P\u00e9kin le 4 juin 2005, jour du seizi\u00e8me anniversaire de la r\u00e9pression des manifestations sur la place Tian&#8217;anmen. Il leur pose \u00e0 tous la m\u00eame question : quel jour sommes nous aujourd&#8217;hui ?<\/p>\n<div align=\"center\"><a title=\"liuwei-adaytoremember.jpg\" href=\"https:\/\/www.lepeuplequimanque.org\/wp-content\/gallery\/quefaire-maisonpop\/liuwei-adaytoremember.jpg\" rel=\"prettyPhoto[gallery-sbtG]\"><img decoding=\"async\" title=\"liuwei-adaytoremember.jpg\" src=\"https:\/\/www.lepeuplequimanque.org\/wp-content\/gallery\/quefaire-maisonpop\/thumbs\/thumbs_liuwei-adaytoremember.jpg\" alt=\"liuwei-adaytoremember.jpg\" \/><\/a><\/div>\n<p>Remerciements aux artistes et \u00e0 la galerie Olivier Robert.<\/p>\n<p><em>Une programmation con\u00e7ue par Aliocha Imhoff &amp; Kantuta Quir\u00f3s. Cette s\u00e9ance s\u2019inscrit dans le prolongement de la manifestation Que faire ? Art, film, politique (11-19 d\u00e9cembre 2010), organis\u00e9e par le peuple qui manque et qui, sous forme de symposium critique et de projections, proposait de revenir sur le renouveau des strat\u00e9gies critiques et reconfigurations actuelles des liens entre art &amp; politique au sein de l&#8217;art contemporain, du cin\u00e9ma et de la vid\u00e9o contemporaine.<\/em><br \/>\nwww.lepeuplequimanque.org<\/p>\n<\/div>\n[\/vc_column_text][\/vc_column][\/vc_row]","protected":false},"excerpt":{"rendered":"<p>[vc_row type=&#8221;in_container&#8221; full_screen_row_position=&#8221;middle&#8221; column_margin=&#8221;default&#8221; column_direction=&#8221;default&#8221; column_direction_tablet=&#8221;default&#8221; column_direction_phone=&#8221;default&#8221; scene_position=&#8221;center&#8221; top_padding=&#8221;4%&#8221; constrain_group_1=&#8221;yes&#8221; bottom_padding=&#8221;4%&#8221; text_color=&#8221;dark&#8221; text_align=&#8221;left&#8221; row_border_radius=&#8221;none&#8221; row_border_radius_applies=&#8221;bg&#8221; overflow=&#8221;visible&#8221; overlay_strength=&#8221;0.3&#8243; gradient_direction=&#8221;left_to_right&#8221;&#8230;<\/p>\n","protected":false},"author":1,"featured_media":0,"parent":277,"menu_order":2,"comment_status":"closed","ping_status":"closed","template":"page-left-sidebar-parents.php","meta":{"footnotes":""},"categories":[],"tags":[],"class_list":["post-279","page","type-page","status-publish"],"aioseo_notices":[],"_links":{"self":[{"href":"https:\/\/www.lepeuplequimanque.org\/en\/wp-json\/wp\/v2\/pages\/279","targetHints":{"allow":["GET"]}}],"collection":[{"href":"https:\/\/www.lepeuplequimanque.org\/en\/wp-json\/wp\/v2\/pages"}],"about":[{"href":"https:\/\/www.lepeuplequimanque.org\/en\/wp-json\/wp\/v2\/types\/page"}],"author":[{"embeddable":true,"href":"https:\/\/www.lepeuplequimanque.org\/en\/wp-json\/wp\/v2\/users\/1"}],"replies":[{"embeddable":true,"href":"https:\/\/www.lepeuplequimanque.org\/en\/wp-json\/wp\/v2\/comments?post=279"}],"version-history":[{"count":0,"href":"https:\/\/www.lepeuplequimanque.org\/en\/wp-json\/wp\/v2\/pages\/279\/revisions"}],"up":[{"embeddable":true,"href":"https:\/\/www.lepeuplequimanque.org\/en\/wp-json\/wp\/v2\/pages\/277"}],"wp:attachment":[{"href":"https:\/\/www.lepeuplequimanque.org\/en\/wp-json\/wp\/v2\/media?parent=279"}],"wp:term":[{"taxonomy":"category","embeddable":true,"href":"https:\/\/www.lepeuplequimanque.org\/en\/wp-json\/wp\/v2\/categories?post=279"},{"taxonomy":"post_tag","embeddable":true,"href":"https:\/\/www.lepeuplequimanque.org\/en\/wp-json\/wp\/v2\/tags?post=279"}],"curies":[{"name":"wp","href":"https:\/\/api.w.org\/{rel}","templated":true}]}}