{"id":2798,"date":"2017-09-16T15:01:22","date_gmt":"2017-09-16T14:01:22","guid":{"rendered":"https:\/\/www.lepeuplequimanque.org\/?page_id=2798"},"modified":"2024-03-10T11:35:37","modified_gmt":"2024-03-10T10:35:37","slug":"equipe-et-remerciements","status":"publish","type":"page","link":"https:\/\/www.lepeuplequimanque.org\/en\/proces-de-la-fiction\/equipe-et-remerciements\/","title":{"rendered":"Staff and thanks &#8211; Trial of Fiction"},"content":{"rendered":"[vc_row type=&#8221;in_container&#8221; full_screen_row_position=&#8221;middle&#8221; column_margin=&#8221;default&#8221; column_direction=&#8221;default&#8221; column_direction_tablet=&#8221;default&#8221; column_direction_phone=&#8221;default&#8221; scene_position=&#8221;center&#8221; top_padding=&#8221;6%&#8221; constrain_group_1=&#8221;yes&#8221; bottom_padding=&#8221;6%&#8221; top_padding_phone=&#8221;12%&#8221; constrain_group_5=&#8221;yes&#8221; bottom_padding_phone=&#8221;12%&#8221; text_color=&#8221;dark&#8221; text_align=&#8221;left&#8221; row_border_radius=&#8221;none&#8221; row_border_radius_applies=&#8221;bg&#8221; overflow=&#8221;visible&#8221; overlay_strength=&#8221;0.3&#8243; gradient_direction=&#8221;left_to_right&#8221; shape_divider_position=&#8221;bottom&#8221; bg_image_animation=&#8221;none&#8221; gradient_type=&#8221;default&#8221; shape_type=&#8221;&#8221;][vc_column column_padding=&#8221;no-extra-padding&#8221; column_padding_tablet=&#8221;inherit&#8221; column_padding_phone=&#8221;inherit&#8221; column_padding_position=&#8221;all&#8221; top_margin=&#8221;5%&#8221; column_element_direction_desktop=&#8221;default&#8221; column_element_spacing=&#8221;default&#8221; desktop_text_alignment=&#8221;default&#8221; tablet_text_alignment=&#8221;default&#8221; phone_text_alignment=&#8221;default&#8221; sticky_content=&#8221;true&#8221; sticky_content_functionality=&#8221;css&#8221; sticky_content_alignment=&#8221;default&#8221; background_color_opacity=&#8221;1&#8243; background_hover_color_opacity=&#8221;1&#8243; column_backdrop_filter=&#8221;none&#8221; column_shadow=&#8221;none&#8221; column_border_radius=&#8221;none&#8221; column_link_target=&#8221;_self&#8221; column_position=&#8221;default&#8221; gradient_direction=&#8221;left_to_right&#8221; overlay_strength=&#8221;0.3&#8243; width=&#8221;1\/3&#8243; tablet_width_inherit=&#8221;default&#8221; animation_type=&#8221;default&#8221; bg_image_animation=&#8221;none&#8221; border_type=&#8221;simple&#8221; column_border_width=&#8221;none&#8221; column_border_style=&#8221;solid&#8221; column_padding_type=&#8221;default&#8221; gradient_type=&#8221;default&#8221;][nectar_global_section id=&#8221;4992&#8243;][\/vc_column][vc_column column_padding=&#8221;no-extra-padding&#8221; column_padding_tablet=&#8221;inherit&#8221; column_padding_phone=&#8221;inherit&#8221; column_padding_position=&#8221;all&#8221; column_element_direction_desktop=&#8221;default&#8221; column_element_spacing=&#8221;default&#8221; desktop_text_alignment=&#8221;default&#8221; tablet_text_alignment=&#8221;default&#8221; phone_text_alignment=&#8221;default&#8221; background_color_opacity=&#8221;1&#8243; background_hover_color_opacity=&#8221;1&#8243; column_backdrop_filter=&#8221;none&#8221; column_shadow=&#8221;none&#8221; column_border_radius=&#8221;none&#8221; column_link_target=&#8221;_self&#8221; column_position=&#8221;default&#8221; gradient_direction=&#8221;left_to_right&#8221; overlay_strength=&#8221;0.3&#8243; width=&#8221;2\/3&#8243; tablet_width_inherit=&#8221;default&#8221; animation_type=&#8221;default&#8221; bg_image_animation=&#8221;none&#8221; border_type=&#8221;simple&#8221; column_border_width=&#8221;none&#8221; column_border_style=&#8221;solid&#8221;][vc_column_text]<strong>Curators<\/strong>: Aliocha Imhoff &amp; Kantuta Quir\u00f3s<br \/>\n<strong>Assistant<\/strong>: Ella Bellone<\/p>\n<p>We strongly thank<\/p>\n<p><strong>Nuit Blanche 2017&#8242; staff<\/strong><br \/>\nCharlotte Laubard (general curator)<br \/>\nElsa Vettier (coordination)<br \/>\nTh\u00e9o Ciora (production manager)<br \/>\nEva Albarran<br \/>\nEva Albarran &amp; Co&#8217; staff<\/p>\n<p><strong>La Mairie de Paris<\/strong><br \/>\nAnne Hidalgo, major of Paris<br \/>\nBruno Julliard and his cabinet<\/p>\n<p><strong>WDM-Digital<\/strong><br \/>\nBarth\u00e9l\u00e9my Vaudon (associate director)<\/p>\n<p><strong>And<\/strong><br \/>\n<strong>Fran\u00e7oise Lavocat<\/strong>, every speakers and our lawyers teams: <strong>Alexandre Gefen, Laurent de Sutter, Dorian Astor, Alison James, Fabien Danesi<\/strong>.<br \/>\nLes jur\u00e9s(Irene Catach,\u00a0Judith Michalet, Laure-Anne Pachet,\u00a0Pascale Weber,\u00a0J\u00e9r\u00e9mie Desjardins,\u00a0Jean-Philippe Raymond), les Editions du Seuil (Simon Pezin), Institut Universitaire de France, Mathieu Simonet and his lawyers cabinet (Cabinet Beaumarchais, Jean Lafitte, Juliette Lefevre, Christelle Lafond), Jean-Didier Vogeli, Claire Moul\u00e8ne, Carlos Quintero, Michka Gorki, Jean-Marie Durand (Les Inrocks), Mathilde Serrell (France Culture), Lib\u00e9ration (C\u00e9cile Daumas, Catherine Calvet, Isabelle Grattard), Le Monde (Emmanuelle Jardonnet, Pierre Bouvier), T\u00e9l\u00e9rama, Diacritik (Johan Faerber), la Mairie du 3\u00e8me arrondissement de Paris, Christophe Girard et la Mairie du 4\u00e8me arrondissement de Paris, la Biblioth\u00e8que de l&#8217;H\u00f4tel de Ville (BHdV),\u00a0Gr\u00e9gory Castera, Guy Tortosa, Yves Citton, Jacinto Lageira, Fran\u00e7oise Parfait, Frank Westermeyer, Bruno Serralongue, Pascal Beausse, B\u00e9n\u00e9dicte Le Pimpec, Emmanuelle Ch\u00e9rel, Marie Canet, HEAD Gen\u00e8ve, Ecole Nationale Sup\u00e9rieure des Beaux-Arts de Nantes, ENSBA Lyon, Gilles Collard.[\/vc_column_text][\/vc_column][\/vc_row]","protected":false},"excerpt":{"rendered":"<p>[vc_row type=&#8221;in_container&#8221; full_screen_row_position=&#8221;middle&#8221; column_margin=&#8221;default&#8221; column_direction=&#8221;default&#8221; column_direction_tablet=&#8221;default&#8221; column_direction_phone=&#8221;default&#8221; scene_position=&#8221;center&#8221; top_padding=&#8221;6%&#8221; constrain_group_1=&#8221;yes&#8221; bottom_padding=&#8221;6%&#8221; top_padding_phone=&#8221;12%&#8221; constrain_group_5=&#8221;yes&#8221; bottom_padding_phone=&#8221;12%&#8221; text_color=&#8221;dark&#8221; text_align=&#8221;left&#8221; row_border_radius=&#8221;none&#8221; row_border_radius_applies=&#8221;bg&#8221;&#8230;<\/p>\n","protected":false},"author":1,"featured_media":0,"parent":2667,"menu_order":2,"comment_status":"closed","ping_status":"closed","template":"page-no-sidebar.php","meta":{"footnotes":""},"categories":[],"tags":[],"class_list":["post-2798","page","type-page","status-publish"],"aioseo_notices":[],"_links":{"self":[{"href":"https:\/\/www.lepeuplequimanque.org\/en\/wp-json\/wp\/v2\/pages\/2798","targetHints":{"allow":["GET"]}}],"collection":[{"href":"https:\/\/www.lepeuplequimanque.org\/en\/wp-json\/wp\/v2\/pages"}],"about":[{"href":"https:\/\/www.lepeuplequimanque.org\/en\/wp-json\/wp\/v2\/types\/page"}],"author":[{"embeddable":true,"href":"https:\/\/www.lepeuplequimanque.org\/en\/wp-json\/wp\/v2\/users\/1"}],"replies":[{"embeddable":true,"href":"https:\/\/www.lepeuplequimanque.org\/en\/wp-json\/wp\/v2\/comments?post=2798"}],"version-history":[{"count":0,"href":"https:\/\/www.lepeuplequimanque.org\/en\/wp-json\/wp\/v2\/pages\/2798\/revisions"}],"up":[{"embeddable":true,"href":"https:\/\/www.lepeuplequimanque.org\/en\/wp-json\/wp\/v2\/pages\/2667"}],"wp:attachment":[{"href":"https:\/\/www.lepeuplequimanque.org\/en\/wp-json\/wp\/v2\/media?parent=2798"}],"wp:term":[{"taxonomy":"category","embeddable":true,"href":"https:\/\/www.lepeuplequimanque.org\/en\/wp-json\/wp\/v2\/categories?post=2798"},{"taxonomy":"post_tag","embeddable":true,"href":"https:\/\/www.lepeuplequimanque.org\/en\/wp-json\/wp\/v2\/tags?post=2798"}],"curies":[{"name":"wp","href":"https:\/\/api.w.org\/{rel}","templated":true}]}}