{"id":281,"date":"2011-01-11T19:16:25","date_gmt":"2011-01-11T18:16:25","guid":{"rendered":"https:\/\/www.lepeuplequimanque.org\/2011\/tarifs-infos-pratiques"},"modified":"2023-11-04T15:00:11","modified_gmt":"2023-11-04T14:00:11","slug":"tarifs-infos-pratiques","status":"publish","type":"page","link":"https:\/\/www.lepeuplequimanque.org\/en\/que-faire-suite\/tarifs-infos-pratiques\/","title":{"rendered":"Tickets prices and infos"},"content":{"rendered":"<div class=\"chapo\">\n<div align=\"center\"><strong><font size=\"4\">Tickets prices and infos<\/font><\/strong><\/p>\n<p><font size=\"2\">All screenings in the <a href=\"https:\/\/www.maisonpop.fr\/\">Maison Pop&#8217;<\/a> <\/font><font size=\"2\" color=\"#ffffff\"><strong style=\"background-color: rgb(0, 0, 0);\">Free entrance<\/strong><\/font><font size=\"2\"> !<\/font><\/div>\n<p><a href=\"https:\/\/www.montreuil.fr\/1-8710-Cinema.php\"><strong>Cin\u00e9ma Le M\u00e9li\u00e8s<\/strong><\/a>, Shopping mall, Montreuil 93100<br \/>M\u00b0 Croix-de-Chavaux. <font color=\"#ffffff\"><span style=\"background-color: rgb(0, 0, 0);\">Usuals rates<\/span><\/font><br \/><strong><br \/><a target=\"_blank\" href=\"https:\/\/www.maisonpop.fr\/\" rel=\"noopener\">Maison populaire<\/a><\/strong> &#8211; 9 bis rue Dombasle &#8211; 93100 Montreuil <br \/>M\u00b0 Mairie de Montreuil. <font color=\"#ffffff\"><span style=\"background-color: rgb(0, 0, 0);\"><\/span><\/font><font color=\"#ffffff\"><strong style=\"background-color: rgb(0, 0, 0);\">Free entrance<\/p>\n<p><\/strong><\/font><\/div>\n<div style=\"margin: auto; text-align: center;\" class=\"spip_documents\"> <img loading=\"lazy\" decoding=\"async\" width=\"450\" height=\"263\" style=\"border-width: 0px;\" title=\"Plan...\" alt=\"Plan...\" src=\"https:\/\/www.lepeuplequimanque.org\/newsletters\/plan_maisonpop.jpg\" \/><\/p>\n<div class=\"spip_doc_titre\"><strong>Plan&#8230;<\/strong><\/div>\n<div class=\"spip_doc_descriptif\">\u00e0 partir de la Mairie de Montreuil<\/div>\n<\/div>\n<p> <strong><br \/>Map around the cin\u00e9ma Le M\u00e9li\u00e8s:<\/p>\n<p><\/strong><br \/><center><iframe loading=\"lazy\" width=\"425\" scrolling=\"no\" height=\"350\" frameborder=\"0\" marginheight=\"0\" marginwidth=\"0\" src=\"https:\/\/maps.google.fr\/maps\/ms?oe=UTF-8&amp;hl=fr&amp;ie=UTF8&amp;om=1&amp;s=AARTsJrGwMIX0gxyOGwedPJ3P0ZGbsy3qg&amp;msa=0&amp;msid=109562225627557782406.00043faccd2c6705b53cb&amp;ll=48.858398,2.436218&amp;spn=0.002471,0.00456&amp;z=17&amp;output=embed\"><br \/>\n<\/iframe><br \/><\/center>","protected":false},"excerpt":{"rendered":"<p>Tickets prices and infos All screenings in the Maison Pop&#8217; Free entrance ! Cin\u00e9ma Le M\u00e9li\u00e8s, Shopping mall,&#8230;<\/p>\n","protected":false},"author":1,"featured_media":0,"parent":277,"menu_order":6,"comment_status":"closed","ping_status":"closed","template":"page-left-sidebar-parents.php","meta":{"footnotes":""},"categories":[],"tags":[],"class_list":["post-281","page","type-page","status-publish"],"aioseo_notices":[],"_links":{"self":[{"href":"https:\/\/www.lepeuplequimanque.org\/en\/wp-json\/wp\/v2\/pages\/281","targetHints":{"allow":["GET"]}}],"collection":[{"href":"https:\/\/www.lepeuplequimanque.org\/en\/wp-json\/wp\/v2\/pages"}],"about":[{"href":"https:\/\/www.lepeuplequimanque.org\/en\/wp-json\/wp\/v2\/types\/page"}],"author":[{"embeddable":true,"href":"https:\/\/www.lepeuplequimanque.org\/en\/wp-json\/wp\/v2\/users\/1"}],"replies":[{"embeddable":true,"href":"https:\/\/www.lepeuplequimanque.org\/en\/wp-json\/wp\/v2\/comments?post=281"}],"version-history":[{"count":0,"href":"https:\/\/www.lepeuplequimanque.org\/en\/wp-json\/wp\/v2\/pages\/281\/revisions"}],"up":[{"embeddable":true,"href":"https:\/\/www.lepeuplequimanque.org\/en\/wp-json\/wp\/v2\/pages\/277"}],"wp:attachment":[{"href":"https:\/\/www.lepeuplequimanque.org\/en\/wp-json\/wp\/v2\/media?parent=281"}],"wp:term":[{"taxonomy":"category","embeddable":true,"href":"https:\/\/www.lepeuplequimanque.org\/en\/wp-json\/wp\/v2\/categories?post=281"},{"taxonomy":"post_tag","embeddable":true,"href":"https:\/\/www.lepeuplequimanque.org\/en\/wp-json\/wp\/v2\/tags?post=281"}],"curies":[{"name":"wp","href":"https:\/\/api.w.org\/{rel}","templated":true}]}}