{"id":287,"date":"2011-04-25T22:55:27","date_gmt":"2011-04-25T21:55:27","guid":{"rendered":"https:\/\/www.lepeuplequimanque.org\/2011\/samedi-14-mai-2011-stefano-canapa-catherine-libert"},"modified":"2023-11-04T14:58:22","modified_gmt":"2023-11-04T13:58:22","slug":"14-mai-2011","status":"publish","type":"page","link":"https:\/\/www.lepeuplequimanque.org\/en\/que-faire-suite\/14-mai-2011\/","title":{"rendered":"Saturday May 14, 2011 \/ Stefano Canapa &#038; Catherine Libert"},"content":{"rendered":"<p align=\"center\"><strong><font size=\"4\">Les champs br\u00fblants <\/font><br \/><font size=\"2\"><font size=\"3\">de Stefano Canapa et Catherine Libert<br \/><\/font><br \/><\/font>(Italie, Belgique, France 2010 \u2013 72\u2019 vostf, en leur pr\u00e9sence)<\/p>\n<p><\/strong><font size=\"2\"><strong>Samedi 14 Mai 2011 &#8211; 20h<\/strong><\/font><br \/><strong><u><font size=\"2\">Maison Pop&#8217;<\/font><\/u><\/strong><\/p>\n<div align=\"center\"><a href=\"https:\/\/www.lepeuplequimanque.org\/wp-content\/gallery\/quefaire-maisonpop\/campiardenti_001.jpg\" rel=\"prettyPhoto[gallery-sLhi]\" title=\"Les champs br\u00fblants de Stefano Canapa et Catherine Libert\"><img decoding=\"async\" src=\"https:\/\/www.lepeuplequimanque.org\/wp-content\/gallery\/quefaire-maisonpop\/thumbs\/thumbs_campiardenti_001.jpg\" alt=\"campiardenti_001.jpg\" title=\"Les champs br\u00fblants de Stefano Canapa et Catherine Libert\" \/><\/a><\/p>\n<div align=\"justify\">\u00ab Qu\u2019est-ce que l\u2019ind\u00e9pendance ?<\/div>\n<\/div>\n<div align=\"justify\">\n<p>Au del\u00e0 de la grande histoire du cin\u00e9ma italien et de sa mort annonc\u00e9e, il existe une autre histoire, celle d\u2019un cin\u00e9ma invisible et r\u00e9sistant. Aucune temp\u00eate ne pourra l\u2019an\u00e9antir. Car il reviendra toujours, libre et spontan\u00e9, comme l\u2019herbe sauvage qui pousse sur le bord des sentiers. <em>Les champs br\u00fblants<\/em> est le quatri\u00e8me \u00e9pisode des <em>Chemins de traverse<\/em>, un road movie qui parcourt l\u2019Italie du nord au sud, \u00e0 la recherche d\u2019un cin\u00e9ma ind\u00e9pendant italien, extr\u00eamement vivant, m\u00eame si certains le consid\u00e8rent comme moribond. Des ruines du Circus Maximus \u00e0 Rome, en passant par des banlieues abandonn\u00e9es \u00e0 leur sort, jusqu\u2019aux d\u00e9combres de Pozzuoli, le film va \u00e0 la rencontre d\u2019un \u00ab cin\u00e9ma de la survie \u00bb, celui des cin\u00e9astes ind\u00e9pendants Beppe Gaudino et Isabella Sandri. \u00bb<br \/>R\u00e9flexion sur l&#8217;ind\u00e9pendance artistique et politique, <em>Les champs br\u00fblants<\/em> est hant\u00e9 des pr\u00e9sences fant\u00f4matiques de Pier Paolo Pasolini,&nbsp; Carmelo Bene et de celles de cin\u00e9astes, po\u00e8tes et artisans d&#8217;un cin\u00e9ma en marge. Un film nomade et lumineux, qui, en esquissant l&#8217;\u00e9tat des lieux de ce cin\u00e9ma secret, suppos\u00e9 avoir disparu de l&#8217;Italie de Berlusconi, dessine en filigrane le portrait cr\u00e9pusculaire d&#8217;un pays en ruines.<\/p>\n<p><em>Les champs br\u00fblants<\/em> a re\u00e7u le Prix Sp\u00e9cial du Jury du 28e Festival de Turin. <\/p>\n<p><strong>Catherine Libert <\/strong>est n\u00e9e \u00e0 Li\u00e8ge en 1971. Dipl\u00f4m\u00e9e de l\u2019INSAS en r\u00e9alisation, les films qu\u2019elle r\u00e9alise sont inscrits dans une d\u00e9marche ind\u00e9pendante, po\u00e9tique et exp\u00e9rimentale. Elle est actuellement pensionnaire \u00e0 la Villa M\u00e9dicis. <strong>Stefano Canapa<\/strong> est n\u00e9 \u00e0 Turin en 1977. Il s\u2019installe \u00e0 Paris en 1999 et r\u00e9alise et d\u00e9veloppe ses films au laboratoire ind\u00e9pendant L\u2019Abominable. Depuis 1998, il est membre du collectif d\u2019artistes GROUPE ZUR \u2013 Zone Utopiquement Reconstitu\u00e9e.<\/p>\n<\/div>\n<div align=\"center\"><a href=\"https:\/\/www.lepeuplequimanque.org\/wp-content\/gallery\/quefaire-maisonpop\/campiardenti_003.jpg\" rel=\"prettyPhoto[gallery-sLhi]\" title=\"Les champs br\u00fblants de Stefano Canapa et Catherine Libert\"><img decoding=\"async\" src=\"https:\/\/www.lepeuplequimanque.org\/wp-content\/gallery\/quefaire-maisonpop\/thumbs\/thumbs_campiardenti_003.jpg\" alt=\"campiardenti_003.jpg\" title=\"Les champs br\u00fblants de Stefano Canapa et Catherine Libert\" \/><\/a><\/div>\n<p align=\"justify\"><em><\/p>\n<p>Une programmation con\u00e7ue par Aliocha Imhoff &amp; Kantuta Quir\u00f3s. Cette s\u00e9ance s\u2019inscrit dans le prolongement de la manifestation <a href=\"https:\/\/www.lepeuplequimanque.org\/quefaire\/\"><strong>Que faire ? Art, film, politique<\/strong><\/a> (11-19 d\u00e9cembre 2010), organis\u00e9e par le peuple qui manque et qui, sous forme de symposium critique et de projections, proposait au Centre Pompidou, Palais de Tokyo et 5 centres d\u2019art et cin\u00e9mas, de revenir sur le renouveau des strat\u00e9gies critiques et reconfigurations actuelles des liens entre art &amp; politique au sein de l&#8217;art contemporain, du cin\u00e9ma et de la vid\u00e9o contemporaine. <br \/><\/em><\/p>\n<p align=\"center\"><strong><u><font size=\"2\"><br \/><\/font><\/u><\/strong><\/p>","protected":false},"excerpt":{"rendered":"<p>Les champs br\u00fblants de Stefano Canapa et Catherine Libert(Italie, Belgique, France 2010 \u2013 72\u2019 vostf, en leur pr\u00e9sence)&#8230;<\/p>\n","protected":false},"author":1,"featured_media":0,"parent":277,"menu_order":5,"comment_status":"closed","ping_status":"closed","template":"page-left-sidebar-parents.php","meta":{"footnotes":""},"categories":[],"tags":[],"class_list":["post-287","page","type-page","status-publish"],"aioseo_notices":[],"_links":{"self":[{"href":"https:\/\/www.lepeuplequimanque.org\/en\/wp-json\/wp\/v2\/pages\/287","targetHints":{"allow":["GET"]}}],"collection":[{"href":"https:\/\/www.lepeuplequimanque.org\/en\/wp-json\/wp\/v2\/pages"}],"about":[{"href":"https:\/\/www.lepeuplequimanque.org\/en\/wp-json\/wp\/v2\/types\/page"}],"author":[{"embeddable":true,"href":"https:\/\/www.lepeuplequimanque.org\/en\/wp-json\/wp\/v2\/users\/1"}],"replies":[{"embeddable":true,"href":"https:\/\/www.lepeuplequimanque.org\/en\/wp-json\/wp\/v2\/comments?post=287"}],"version-history":[{"count":0,"href":"https:\/\/www.lepeuplequimanque.org\/en\/wp-json\/wp\/v2\/pages\/287\/revisions"}],"up":[{"embeddable":true,"href":"https:\/\/www.lepeuplequimanque.org\/en\/wp-json\/wp\/v2\/pages\/277"}],"wp:attachment":[{"href":"https:\/\/www.lepeuplequimanque.org\/en\/wp-json\/wp\/v2\/media?parent=287"}],"wp:term":[{"taxonomy":"category","embeddable":true,"href":"https:\/\/www.lepeuplequimanque.org\/en\/wp-json\/wp\/v2\/categories?post=287"},{"taxonomy":"post_tag","embeddable":true,"href":"https:\/\/www.lepeuplequimanque.org\/en\/wp-json\/wp\/v2\/tags?post=287"}],"curies":[{"name":"wp","href":"https:\/\/api.w.org\/{rel}","templated":true}]}}