{"id":296,"date":"2011-09-06T20:14:01","date_gmt":"2011-09-06T19:14:01","guid":{"rendered":"https:\/\/www.lepeuplequimanque.org\/bal"},"modified":"2023-11-05T00:12:01","modified_gmt":"2023-11-04T23:12:01","slug":"bal","status":"publish","type":"page","link":"https:\/\/www.lepeuplequimanque.org\/en\/bal\/","title":{"rendered":"Geography is used, first, to make war (2011, BAL)"},"content":{"rendered":"[vc_row type=&#8221;in_container&#8221; full_screen_row_position=&#8221;middle&#8221; column_margin=&#8221;default&#8221; column_direction=&#8221;default&#8221; column_direction_tablet=&#8221;default&#8221; column_direction_phone=&#8221;default&#8221; scene_position=&#8221;center&#8221; top_padding=&#8221;4%&#8221; text_color=&#8221;dark&#8221; text_align=&#8221;left&#8221; row_border_radius=&#8221;none&#8221; row_border_radius_applies=&#8221;bg&#8221; overflow=&#8221;visible&#8221; overlay_strength=&#8221;0.3&#8243; gradient_direction=&#8221;left_to_right&#8221; shape_divider_position=&#8221;bottom&#8221; bg_image_animation=&#8221;none&#8221; gradient_type=&#8221;default&#8221; shape_type=&#8221;&#8221;][vc_column column_padding=&#8221;no-extra-padding&#8221; column_padding_tablet=&#8221;inherit&#8221; column_padding_phone=&#8221;inherit&#8221; column_padding_position=&#8221;all&#8221; column_element_direction_desktop=&#8221;default&#8221; column_element_spacing=&#8221;default&#8221; desktop_text_alignment=&#8221;default&#8221; tablet_text_alignment=&#8221;default&#8221; phone_text_alignment=&#8221;default&#8221; background_color_opacity=&#8221;1&#8243; background_hover_color_opacity=&#8221;1&#8243; column_backdrop_filter=&#8221;none&#8221; column_shadow=&#8221;none&#8221; column_border_radius=&#8221;none&#8221; column_link_target=&#8221;_self&#8221; column_position=&#8221;default&#8221; gradient_direction=&#8221;left_to_right&#8221; overlay_strength=&#8221;0.3&#8243; width=&#8221;1\/1&#8243; tablet_width_inherit=&#8221;default&#8221; animation_type=&#8221;default&#8221; bg_image_animation=&#8221;none&#8221; border_type=&#8221;simple&#8221; column_border_width=&#8221;none&#8221; column_border_style=&#8221;solid&#8221;][vc_column_text]\n<div align=\"center\">\n<h1>Geography is used, first, to make war<\/h1>\n<p><strong>September 20, 2011 &#8211; December 10, 2011<\/strong><\/p>\n<p>Screenings off-site of the BAL at<br \/>\n<strong>Cin\u00e9ma des Cin\u00e9astes, Paris<\/strong><\/p>\n<p>Curated by <strong>Aliocha Imhoff &amp; Kantuta Quiros<\/strong><\/p>\n<p>And in parallel to the exhibition called <em>Topographies of war<\/em><br \/>\n(curated by Diane Dufour and Jean-Yves Jouannais) at BAL, Paris.<\/p>\n<\/div>\n<div align=\"center\">\n<div align=\"justify\"><strong>Pierre-Yves Vandeweerd \/ Francis Al\u00ffs \/ Basma Al-Sharif \/ Marine Hugonnier \/\u00a0 Armin Linke, Francesco Mattuzzi &amp; Decolonizing architecture \/ Lida Abdul \/ Louidgi Beltrame \/ Cyprien Gaillard \/ John Smith \/ Renzo Martens \/ Sean Snyder \/ Wa\u00ebl Noureddine \/ Edouard\u00a0 Beau \/ Internacional Errorista (Groupe Etc\u00e9tera) \/ Jon Thomson &amp; Alison Craighead \/ Dominic Angerame \/ Emanuel Licha \/ Daniel Eisenberg<\/strong><\/div>\n<div align=\"justify\">\u00a0<\/div>\n<\/div>\n<div align=\"center\"><a title=\"Lida Abdul - White House, courtesy the artist and Anna Schwartz Gallery\" href=\"https:\/\/www.lepeuplequimanque.org\/wp-content\/gallery\/bal2011\/Lida-Abdul-abdul_l.jpg\" rel=\"prettyPhoto[gallery-bpyk]\"><img decoding=\"async\" title=\"Lida Abdul - White House, courtesy the artist and Anna Schwartz Gallery\" src=\"https:\/\/www.lepeuplequimanque.org\/wp-content\/gallery\/bal2011\/Lida-Abdul-abdul_l.jpg\" alt=\"Lida-Abdul-abdul_l.jpg\" \/><\/a><\/div>\n<div align=\"center\">Lida Abdul &#8211; White House, courtesy the artist and Anna Schwartz Gallery<span style=\"font-size: xx-small;\"><br \/>\n<\/span><\/div>\n<p>&nbsp;<\/p>\n<div align=\"justify\">Pr\u00e9sent\u00e9e en parall\u00e8le de l\u2019exposition <em>Topographies de la guerre<\/em>, <em><strong>La g\u00e9ographie, \u00e7a sert, d\u2019abord, \u00e0 faire la guerre<\/strong><\/em><sup>1<\/sup> pr\u00e9sente sept s\u00e9ances de projections s\u2019attachant aux nouvelles modalit\u00e9s visuelles de la guerre, \u00e0 l\u2019interstice entre imaginaires g\u00e9ographiques et politiques de la repr\u00e9sentation.<br \/>\nApr\u00e8s le 11 septembre, le g\u00e9ographe canadien Derek Gregory identifiait un tournant culturel dans l\u2019\u00e9conomie visuelle de l\u2019imaginaire militaire am\u00e9ricain, entre culture de la simulation et recours accru de l\u2019\u00e9tat-major aux sciences sociales (anthropologie, ethnographie, linguistique)<sup>2<\/sup>. Suppos\u00e9 accroitre et affiner la connaissance du terrain et diminuer la l\u00e9talit\u00e9 des conflits, ce tournant culturel arborait une coloration qui se pr\u00e9sentait comme \u00ab humaniste \u00bb. Pourtant, avec ce qu\u2019il qualifiait, \u00e0 la suite du th\u00e9oricien postcolonial Edward Sa\u00efd, de <em>g\u00e9ographies imaginatives<\/em>, Gregory identifiait plut\u00f4t autant de strat\u00e9gies qui produisent de la diff\u00e9rence culturelle et la transforment en distance irr\u00e9ductible. L\u2019espace appara\u00eet alors non pas seulement comme un donn\u00e9, mais comme une construction id\u00e9ologique dynamique et une fabrique d\u2019alt\u00e9rit\u00e9. La g\u00e9ographie r\u00e9v\u00e8le alors son usage politico-militaire et, davantage encore, technoculturel.<br \/>\nUne mise \u00e0 distance qui se fait h\u00e9riti\u00e8re d\u2019une rupture initi\u00e9e lors de la premi\u00e8re guerre du Golfe, o\u00f9 les visualit\u00e9s de la guerre ont connu une inflation spectaculaire, virtuelle et \u00ab t\u00e9lesth\u00e9sique \u00bb, comme le fait remarquer le th\u00e9oricien des m\u00e9dias McKenzie Wark<sup>3<\/sup>. La couverture m\u00e9diatique des guerres est devenue, pour les arm\u00e9es, un param\u00e8tre strat\u00e9gique de premi\u00e8re importance, tandis que les conduites r\u00e9elles des op\u00e9rations sont invisibilis\u00e9es. L\u2019\u00e9mergence du ph\u00e9nom\u00e8ne des journalistes couvrant les guerres, \u00e0 distance, depuis leur h\u00f4tel, diffusant les images fournies par les arm\u00e9es, est d\u00e9crite par le cin\u00e9aste John Smith dans sa s\u00e9rie des <em>Hotel diaries<\/em>.<br \/>\nDe nouvelles mod\u00e9lisations du conflit d\u00e9ploient une pens\u00e9e de l\u2019espace qui trouve dans la st\u00e9r\u00e9oscopie et la cartographie 3D (Armin Linke et Francesco Mattuzzi), la mod\u00e9lisation informatique, l\u2019imagerie t\u00e9l\u00e9a\u00e9rienne (Dominic Angereme), la simulation (Emmanuel Licha) leur mod\u00e8le th\u00e9orique, tout en continuant de recourir au plus traditionnel panoramique (Marine Hugonnier). Autant de dispositifs militaires, qui sont de mani\u00e8re co-extensive de nature scopique, tel que le montre l\u2019architecte isra\u00e9lien Eyal Weizman et le collectif Decolonizing architecture qui analysent les architectures militaires isra\u00e9liennes dans les colonies comme des dispositifs d\u2019urbanisme optique.<br \/>\nEn r\u00e9ponse \u00e0 la fabrique visuelle et spatiale des enjeux strat\u00e9giques et de contr\u00f4le, certains artistes contemporains explorent, subvertissent et construisent des topographies alternatives, \u00e0 partir de pratiques de m\u00e9trique et d\u2019arpentage (Basma Al-Sharif, Francis Al\u00ffs, International Errorista), \u00e0 la lisi\u00e8re entre land art et actions furtives, suturant les espaces s\u00e9gr\u00e9gu\u00e9s.<br \/>\nDans son essai g\u00e9opo\u00e9tique, pr\u00e9sent\u00e9 en avant-premi\u00e8re, <em>Territoire perdu<\/em>, Pierre-Yves Vandeweerd, rend tangibles les imaginaires d\u2019un Sahara occidental aux allures de D\u00e9sert des Tartares. Une guerre de basse intensit\u00e9 s\u2019y d\u00e9roule, qui est aussi celle de la guerre froide, sourde et larv\u00e9e, qui affecte le film architectural de Louidgi Beltrame, <em>Energodar<\/em>, film du \u00abtemps d\u2019apr\u00e8s\u00bb. \u00ab Apr\u00e8s la catastrophe nucl\u00e9aire ou apr\u00e8s l\u2019utopie architecturale et urbaine. Comme un futur arriv\u00e9 \u00e0 sa fin.\u00bb (Louidgi Beltrame). Vestiges et persistance des ruines qui informent \u00e9galement les vid\u00e9o-performances po\u00e9tiques de l\u2019artiste afghane Lida Abdul, les guerres fictives de Cyprien Gaillard ou les images latentes du cin\u00e9aste am\u00e9ricain Daniel Eisenberg qui documente la ville comme machine temporelle, laissant affleurer les stigmates et les pr\u00e9sents continu\u00e9s de la post-guerre.<br \/>\nLes jeunes cin\u00e9astes Edouard Beau et Wa\u00ebl Noureddine, quant \u00e0 eux, poursuivent une tradition h\u00e9ro\u00efque de l\u2019image, r\u00e9activent et incarnent des figures de journalistes de guerre qui empruntent, pour l\u2019un, les voies du documentaire immersif, pour l\u2019autre, celles de la po\u00e9sie visuelle, du lyrisme f\u00e9brile, tandis que, dans une attitude autor\u00e9flexive, qualifi\u00e9e d\u2019antiphotojournalistique, Sean Snyder et Renzo Martens diss\u00e8quent la construction m\u00e9diatique et \u00e9pist\u00e9mologique des conflits militaires.<\/div>\n<p>&nbsp;<\/p>\n<div align=\"right\">Kantuta Quir\u00f3s &amp; Aliocha Imhoff \/ le peuple qui manque<\/div>\n<p>&nbsp;<\/p>\n<div align=\"justify\">1 &#8211; Nous empruntons ce titre \u00e0 l\u2019opus pol\u00e9mique \u00e9ponyme du g\u00e9ographe et g\u00e9opoliticien Yves Lacoste, paru en 1976, aux \u00e9ditions Maspero et r\u00e9\u00e9dit\u00e9 en 2008 aux \u00e9ditions La D\u00e9couverte.<br \/>\n2 &#8211; Lire de Derek Gregory, The colonial present: Afghanistan, Palestine, Iraq (2004, Blackwell Publishers) ; Violent geographies: fear, terror and political violence (2007, New York: Routledge)<br \/>\n3 &#8211; McKenzie Wark, Virtual geography : Living with global media events ; Bloomington ; Indiana University Press, 1994<\/div>\n<p>&nbsp;<\/p>\n<p>&nbsp;<\/p>\n[\/vc_column_text][\/vc_column][\/vc_row]","protected":false},"excerpt":{"rendered":"<p>2011<br \/>\nBAL, Paris<\/p>\n","protected":false},"author":1,"featured_media":1996,"parent":0,"menu_order":0,"comment_status":"closed","ping_status":"closed","template":"page-left-sidebar-parents.php","meta":{"footnotes":""},"categories":[41,31],"tags":[14],"class_list":{"0":"post-296","1":"page","2":"type-page","3":"status-publish","4":"has-post-thumbnail","6":"category-2010-2014","7":"category-curating","8":"tag-archives"},"aioseo_notices":[],"_links":{"self":[{"href":"https:\/\/www.lepeuplequimanque.org\/en\/wp-json\/wp\/v2\/pages\/296","targetHints":{"allow":["GET"]}}],"collection":[{"href":"https:\/\/www.lepeuplequimanque.org\/en\/wp-json\/wp\/v2\/pages"}],"about":[{"href":"https:\/\/www.lepeuplequimanque.org\/en\/wp-json\/wp\/v2\/types\/page"}],"author":[{"embeddable":true,"href":"https:\/\/www.lepeuplequimanque.org\/en\/wp-json\/wp\/v2\/users\/1"}],"replies":[{"embeddable":true,"href":"https:\/\/www.lepeuplequimanque.org\/en\/wp-json\/wp\/v2\/comments?post=296"}],"version-history":[{"count":0,"href":"https:\/\/www.lepeuplequimanque.org\/en\/wp-json\/wp\/v2\/pages\/296\/revisions"}],"wp:featuredmedia":[{"embeddable":true,"href":"https:\/\/www.lepeuplequimanque.org\/en\/wp-json\/wp\/v2\/media\/1996"}],"wp:attachment":[{"href":"https:\/\/www.lepeuplequimanque.org\/en\/wp-json\/wp\/v2\/media?parent=296"}],"wp:term":[{"taxonomy":"category","embeddable":true,"href":"https:\/\/www.lepeuplequimanque.org\/en\/wp-json\/wp\/v2\/categories?post=296"},{"taxonomy":"post_tag","embeddable":true,"href":"https:\/\/www.lepeuplequimanque.org\/en\/wp-json\/wp\/v2\/tags?post=296"}],"curies":[{"name":"wp","href":"https:\/\/api.w.org\/{rel}","templated":true}]}}