{"id":300,"date":"2011-09-06T22:54:10","date_gmt":"2011-09-06T21:54:10","guid":{"rendered":"https:\/\/www.lepeuplequimanque.org\/bal\/persistance-des-ruines"},"modified":"2023-11-04T19:27:40","modified_gmt":"2023-11-04T18:27:40","slug":"persistance-des-ruines","status":"publish","type":"page","link":"https:\/\/www.lepeuplequimanque.org\/en\/bal\/persistance-des-ruines\/","title":{"rendered":"Saturday October 1 &#038; Satuday November 12, 2011 \/ Ruins persistence \/ Lida Abdul \/ Louidgi Beltrame \/ Cyprien Gaillard"},"content":{"rendered":"<p align=\"center\"><span style=\"font-size: large;\"><strong>Persistance des ruines<\/strong><\/span><\/p>\n<p><strong>Lida Abdul \/ Louidgi Beltrame \/ Cyprien Gaillard<\/strong><br \/>\n<strong>en pr\u00e9sence de <\/strong><strong>Louidgi Beltrame<\/strong><\/p>\n<p><strong><span style=\"font-size: small;\">Samedi 1er octobre et Samedi 12 novembre 2011, 11h<\/span><\/strong><br \/>\n<strong>Cin\u00e9ma des Cin\u00e9astes<br \/>\n<\/strong><\/p>\n<p>&nbsp;<\/p>\n<div align=\"center\"><a title=\"Lida Abdul - In Transit, courtesy the artist and Anna Schwartz Gallery\" href=\"https:\/\/www.lepeuplequimanque.org\/wp-content\/gallery\/bal2011\/Lida-Abdul-in-transit.jpg\" rel=\"prettyPhoto[gallery-Pwxr]\"><img loading=\"lazy\" decoding=\"async\" title=\"Lida Abdul - In Transit, courtesy the artist and Anna Schwartz Gallery\" src=\"https:\/\/www.lepeuplequimanque.org\/wp-content\/gallery\/bal2011\/Lida-Abdul-in-transit.jpg\" alt=\"Lida-Abdul-in-transit.jpg\" width=\"500\" height=\"371\" \/><\/a><br \/>\n<span style=\"font-size: xx-small;\">Lida Abdul &#8211; In Transit, courtesy the artist and Anna Schwartz Gallery<\/span><\/div>\n<p>&nbsp;<\/p>\n<div align=\"justify\">\n<p><strong><span style=\"font-size: medium;\"><br \/>\nLida Abdul<\/span><\/strong><br \/>\n<a title=\"Lida Abdul - Once Upon Awakening, courtesy the artist and Anna Schwartz Gallery\" href=\"https:\/\/www.lepeuplequimanque.org\/wp-content\/gallery\/bal2011\/Lida-Abdul-What_we_saw_upon_awaking.jpg\" rel=\"prettyPhoto[gallery-Pwxr]\"><img decoding=\"async\" title=\"Lida Abdul - Once Upon Awakening, courtesy the artist and Anna Schwartz Gallery\" src=\"https:\/\/www.lepeuplequimanque.org\/wp-content\/gallery\/bal2011\/thumbs\/thumbs_Lida-Abdul-What_we_saw_upon_awaking.jpg\" alt=\"Lida-Abdul-What_we_saw_upon_awaking.jpg\" align=\"right\" \/><\/a> Lida Abdul est n\u00e9e \u00e0 Kabul, Afghanistan en 1973. Elle \u00e9migre en Allemagne, en Inde puis aux \u00c9tats-Unis, suite \u00e0 l\u2019invasion sovi\u00e9tique. Ses vid\u00e9os mettent en sc\u00e8ne \u00e0 partir d\u2019une \u00e9criture po\u00e9tique performative les paysages afghans marqu\u00e9s par les guerres et les destructions au cours de la chute du r\u00e9gime des talibans. Son travail a notamment \u00e9t\u00e9 montr\u00e9 \u00e0 la Biennale de Venise 2005, Kunsthalle Vienna, Tate Modern, au Frac Lorraine, Frac Aquitaine,\u00a0 etc. <br \/>\n<strong><br \/>\n<em>Once Upon Awakening<\/em><\/strong> (7 min, 2006, Afghanistan)<br \/>\n<strong><em>In Transit<\/em> <\/strong>(5 min, 2008, Afghanistan)<br \/>\n<em><strong>Clapping with Stones<\/strong><\/em> (5 min, 2005, Afghanistan)<br \/>\n<em><strong>Dome<\/strong><\/em> (5 min, 2005, Afghanistan)<\/p>\n<p>\n<strong><span style=\"font-size: medium;\"><em>Energodar<\/em> de Louidgi Beltrame<\/span><\/strong> (37 min, 2010, France)<br \/>\n<a title=\"Louidgi Beltrame - Energodar, courtesy Galerie Jousse Entreprise\" href=\"https:\/\/www.lepeuplequimanque.org\/wp-content\/gallery\/bal2011\/Louidgi-Beltrame-energodar2.jpg\" rel=\"prettyPhoto[gallery-Pwxr]\"><img decoding=\"async\" title=\"Louidgi Beltrame - Energodar, courtesy Galerie Jousse Entreprise\" src=\"https:\/\/www.lepeuplequimanque.org\/wp-content\/gallery\/bal2011\/thumbs\/thumbs_Louidgi-Beltrame-energodar2.jpg\" alt=\"Louidgi-Beltrame-energodar2.jpg\" align=\"right\" \/><\/a> Les Atomgrads sont des villes b\u00e2ties durant la guerre froide pour recevoir les populations actives dans les recherches nucl\u00e9aires militaires en Russie. Depuis la chute de l\u2019Union Sovi\u00e9tique et l\u2019accident de Tchernobyl, ces villes sont d\u00e9sert\u00e9es. Parmi les constructions, il y a Duga-3, un mur m\u00e9tallique g\u00e9n\u00e9rant un signal anti-missile claquant \u00e0 10 hertz et perturbant les transmissions sur ondes courtes. La visite pr\u00e9sente les ruines dispers\u00e9es en une s\u00e9rie d\u2019atomes visuels et sonores tir\u00e9s d\u2019une \u00e9poque musicale \u00e9lectronique et punk. (Gilles Grand) <br \/>\n<em>Louidgi Beltrame est n\u00e9 en 1971 \u00e0 Marseille. Il a r\u00e9cemment pr\u00e9sent\u00e9 son travail au Jeu de Paume, au Palais de Tokyo, au Mus\u00e9e d\u2019art moderne et contemporain de Strasbourg, au Mus\u00e9e Andr\u00e9 Malraux du Havre, \u00e0 la Galerie Jousse Entreprise ainsi qu\u2019au Festival du Film de Locarno et au Festival International du Documentaire \u00e0 Marseille.<\/em><\/p>\n<p>\n<span style=\"font-size: medium;\"><strong><em>Real Remnants of Fictive Wars V<\/em> de Cyprien Gaillard <\/strong><\/span>(7 min, 2004, France)<br \/>\n<a title=\"Real Remnants of Fictive Wars V de Cyprien Gaillard, courtesy BUGADA &amp; CARGNEL\" href=\"https:\/\/www.lepeuplequimanque.org\/wp-content\/gallery\/bal2011\/Real-Remnants-of-Fictive-Wars-V-de-Cyprien-Gaillard.jpg\" rel=\"prettyPhoto[gallery-Pwxr]\"><img decoding=\"async\" title=\"Real Remnants of Fictive Wars V de Cyprien Gaillard, courtesy BUGADA &amp; CARGNEL\" src=\"https:\/\/www.lepeuplequimanque.org\/wp-content\/gallery\/bal2011\/thumbs\/thumbs_Real-Remnants-of-Fictive-Wars-V-de-Cyprien-Gaillard.jpg\" alt=\"Real-Remnants-of-Fictive-Wars-V-de-Cyprien-Gaillard.jpg\" align=\"right\" \/><\/a> D\u00e9fini au d\u00e9part par Cyprien Gaillard comme une oeuvre Land Art, le projet &#8216;Real Remnants of Fictive Wars&#8217; rassemble un ensemble de films dans chacun desquels une \u00e9paisse fum\u00e9e blanche, produite par des extincteurs, vient envahir l&#8217;espace: zones urbaines, p\u00e9ri-urbaines et paysages de nature que l&#8217;artiste investit pour ses r\u00e9alisations. Les films semblent rendre hommage \u00e0 la peinture romantique, tout en introduisant la notion de vandalisme ch\u00e8re \u00e0 l&#8217;artiste. <br \/>\n<em>Entre iconoclasme et esth\u00e9tique minimale, romantisme et Land Art, le travail de Cyprien Gaillard (n\u00e9 \u00e0 Paris en 1980, vit et travaille \u00e0 Berlin) interroge la trace de l&#8217;homme dans la nature et face au passage du temps. Il remporte le Prix Marcel Duchamp en 2010.<\/em><\/p>\n<\/div>\n<p>&nbsp;<\/p>\n<p>&nbsp;<\/p>\n<p align=\"right\">Curateurs: Aliocha Imhoff &amp; Kantuta Quiros<\/p>","protected":false},"excerpt":{"rendered":"<p>Persistance des ruines Lida Abdul \/ Louidgi Beltrame \/ Cyprien Gaillard en pr\u00e9sence de Louidgi Beltrame Samedi 1er&#8230;<\/p>\n","protected":false},"author":1,"featured_media":0,"parent":296,"menu_order":3,"comment_status":"closed","ping_status":"closed","template":"page-left-sidebar-parents.php","meta":{"footnotes":""},"categories":[],"tags":[],"class_list":["post-300","page","type-page","status-publish"],"aioseo_notices":[],"_links":{"self":[{"href":"https:\/\/www.lepeuplequimanque.org\/en\/wp-json\/wp\/v2\/pages\/300","targetHints":{"allow":["GET"]}}],"collection":[{"href":"https:\/\/www.lepeuplequimanque.org\/en\/wp-json\/wp\/v2\/pages"}],"about":[{"href":"https:\/\/www.lepeuplequimanque.org\/en\/wp-json\/wp\/v2\/types\/page"}],"author":[{"embeddable":true,"href":"https:\/\/www.lepeuplequimanque.org\/en\/wp-json\/wp\/v2\/users\/1"}],"replies":[{"embeddable":true,"href":"https:\/\/www.lepeuplequimanque.org\/en\/wp-json\/wp\/v2\/comments?post=300"}],"version-history":[{"count":0,"href":"https:\/\/www.lepeuplequimanque.org\/en\/wp-json\/wp\/v2\/pages\/300\/revisions"}],"up":[{"embeddable":true,"href":"https:\/\/www.lepeuplequimanque.org\/en\/wp-json\/wp\/v2\/pages\/296"}],"wp:attachment":[{"href":"https:\/\/www.lepeuplequimanque.org\/en\/wp-json\/wp\/v2\/media?parent=300"}],"wp:term":[{"taxonomy":"category","embeddable":true,"href":"https:\/\/www.lepeuplequimanque.org\/en\/wp-json\/wp\/v2\/categories?post=300"},{"taxonomy":"post_tag","embeddable":true,"href":"https:\/\/www.lepeuplequimanque.org\/en\/wp-json\/wp\/v2\/tags?post=300"}],"curies":[{"name":"wp","href":"https:\/\/api.w.org\/{rel}","templated":true}]}}