{"id":301,"date":"2011-09-06T23:12:20","date_gmt":"2011-09-06T22:12:20","guid":{"rendered":"https:\/\/www.lepeuplequimanque.org\/bal\/antiphotojournalism"},"modified":"2023-11-04T19:32:52","modified_gmt":"2023-11-04T18:32:52","slug":"antiphotojournalism","status":"publish","type":"page","link":"https:\/\/www.lepeuplequimanque.org\/en\/bal\/antiphotojournalism\/","title":{"rendered":"Saturday October 8 &#038; Saturday November 19, 2011 \/ Antiphotojournalism \/ John Smith \/ Renzo Martens \/ Sean Snyder"},"content":{"rendered":"[vc_row type=&#8221;in_container&#8221; full_screen_row_position=&#8221;middle&#8221; column_margin=&#8221;default&#8221; column_direction=&#8221;default&#8221; column_direction_tablet=&#8221;default&#8221; column_direction_phone=&#8221;default&#8221; scene_position=&#8221;center&#8221; top_padding=&#8221;4%&#8221; text_color=&#8221;dark&#8221; text_align=&#8221;left&#8221; row_border_radius=&#8221;none&#8221; row_border_radius_applies=&#8221;bg&#8221; overflow=&#8221;visible&#8221; overlay_strength=&#8221;0.3&#8243; gradient_direction=&#8221;left_to_right&#8221; shape_divider_position=&#8221;bottom&#8221; bg_image_animation=&#8221;none&#8221; gradient_type=&#8221;default&#8221; shape_type=&#8221;&#8221;][vc_column column_padding=&#8221;no-extra-padding&#8221; column_padding_tablet=&#8221;inherit&#8221; column_padding_phone=&#8221;inherit&#8221; column_padding_position=&#8221;all&#8221; column_element_direction_desktop=&#8221;default&#8221; column_element_spacing=&#8221;default&#8221; desktop_text_alignment=&#8221;default&#8221; tablet_text_alignment=&#8221;default&#8221; phone_text_alignment=&#8221;default&#8221; background_color_opacity=&#8221;1&#8243; background_hover_color_opacity=&#8221;1&#8243; column_backdrop_filter=&#8221;none&#8221; column_shadow=&#8221;none&#8221; column_border_radius=&#8221;none&#8221; column_link_target=&#8221;_self&#8221; column_position=&#8221;default&#8221; gradient_direction=&#8221;left_to_right&#8221; overlay_strength=&#8221;0.3&#8243; width=&#8221;1\/1&#8243; tablet_width_inherit=&#8221;default&#8221; animation_type=&#8221;default&#8221; bg_image_animation=&#8221;none&#8221; border_type=&#8221;simple&#8221; column_border_width=&#8221;none&#8221; column_border_style=&#8221;solid&#8221;][vc_column_text]\n<h2 align=\"center\">Antiphotojournalisme<br \/>\nFabriques m\u00e9diatiques de la guerre<\/h2>\n<p style=\"text-align: center;\"><strong>John Smith \/ Renzo Martens \/ Sean Snyder<\/strong><\/p>\n<p style=\"text-align: center;\"><strong>Samedi 8 octobre &amp; Samedi 19 novembre 2011, 11h<\/strong><br \/>\n<strong>Cin\u00e9ma des Cin\u00e9astes<\/strong><\/p>\n<div align=\"center\"><a title=\"Casio, Seiko, Sheraton, Toyota, Mars de Sean Snyder, courtesy Galerie Chantal Croussel\" href=\"https:\/\/www.lepeuplequimanque.org\/wp-content\/gallery\/bal2011\/Sean-Snyder-Casio-1.jpg\" rel=\"prettyPhoto[gallery-5hDV]\"><img loading=\"lazy\" decoding=\"async\" title=\"Casio, Seiko, Sheraton, Toyota, Mars de Sean Snyder, courtesy Galerie Chantal Croussel\" src=\"https:\/\/www.lepeuplequimanque.org\/wp-content\/gallery\/bal2011\/Sean-Snyder-Casio-1.jpg\" alt=\"Sean-Snyder-Casio-1.jpg\" width=\"556\" height=\"371\" \/><\/a><br \/>\nCasio, Seiko, Sheraton, Toyota, Mars de Sean Snyder, courtesy Galerie Chantal Croussel<\/div>\n<div align=\"justify\">\u00a0<\/div>\n<div align=\"justify\">\n<p><span style=\"font-size: medium;\"><strong><em>Frozen War<\/em> de John Smith<\/strong><\/span> (11 min, 2001, UK)<br \/>\n<a title=\"John Smith - Frozen War, courtesy Light Cone\" href=\"https:\/\/www.lepeuplequimanque.org\/wp-content\/gallery\/bal2011\/John-Smith-Frozen-War.jpg\" rel=\"prettyPhoto[gallery-5hDV]\"><img decoding=\"async\" class=\"alignright\" style=\"width: 160px; height: 119px;\" title=\"John Smith - Frozen War, courtesy Light Cone\" src=\"https:\/\/www.lepeuplequimanque.org\/wp-content\/gallery\/bal2011\/thumbs\/thumbs_John-Smith-Frozen-War.jpg\" alt=\"John-Smith-Frozen-War.jpg\" align=\"right\" \/><\/a>La r\u00e9ponse spontan\u00e9e aux bombardements en Afghanistan, d\u00e9clench\u00e9e par une exp\u00e9rience d\u00e9routante dans la chambre d&#8217;un h\u00f4tel irlandais. \u00abDans Frozen War, l&#8217;artiste anglais John Smith, confin\u00e9 dans une chambre d&#8217;h\u00f4tel, loin de chez lui, remet en cause les journaux t\u00e9l\u00e9vis\u00e9s lorsqu&#8217;il pose les questions qui ne sont jamais adress\u00e9es.\u00bb Abina Manning, programme notes for Video Mundi Film Festival, Chicago.<\/p>\n<p><strong><span style=\"font-size: medium;\"><em>Dirty Pictures<\/em> de John Smith<\/span><\/strong> (14 min, 2007, UK)<br \/>\n<a title=\"Dirty pictures de John Smith, courtesy Light Cone\" href=\"https:\/\/www.lepeuplequimanque.org\/wp-content\/gallery\/bal2011\/John-Smith-Dirty-Pictures.jpg\" rel=\"prettyPhoto[gallery-5hDV]\"><img decoding=\"async\" class=\"alignright\" style=\"width: 160px; height: 119px;\" title=\"Dirty pictures de John Smith, courtesy Light Cone\" src=\"https:\/\/www.lepeuplequimanque.org\/wp-content\/gallery\/bal2011\/thumbs\/thumbs_John-Smith-Dirty-Pictures.jpg\" alt=\"John-Smith-Dirty-Pictures.jpg\" align=\"right\" \/><\/a>D&#8217;un h\u00f4tel de Bethl\u00e9em \u00e0 un autre dans J\u00e9rusalem Est, le cin\u00e9aste John Smith rencontre une s\u00e9rie de probl\u00e8mes impliquant un plafond, une cam\u00e9ra vid\u00e9o et l&#8217;occupation d&#8217;Isra\u00ebl en Palestine. Avec la premi\u00e8re guerre du Golfe, a \u00e9merg\u00e9 le ph\u00e9nom\u00e8ne des journalistes couvrant la guerre depuis leur chambre h\u00f4tel, diffusant des images de la guerre fournies par les arm\u00e9es. Le th\u00e9oricien des m\u00e9dias McKenzie Wark d\u00e9crira cette mutation de l\u2019exp\u00e9rience visuelle de la guerre comme t\u00e9lesth\u00e9sique.<\/p>\n<p><em>Depuis trois d\u00e9cennies, John Smith d\u00e9veloppe un corpus de films qui renverse et explore habilement les fronti\u00e8res de la perception entre v\u00e9rit\u00e9 et fiction, repr\u00e9sentation et abstraction. Ses films, vid\u00e9os et installations sont projet\u00e9s dans de nombreuses salles de cin\u00e9ma, des galeries d&#8217;art et \u00e0 la t\u00e9l\u00e9vision \u00e0 travers le monde entier et ont remport\u00e9s de nombreux prix, que ce soit au festival de Leipzig, Oberhausen, Hambourg, Cork, Gen\u00e8ve, Palerme, Graz, Uppsala, Bangkok, Ann Arbor et Chicago.<\/em><\/p>\n<p><strong><span style=\"font-size: medium;\"><em>Casio, Seiko, Sheraton, Toyota, Mars<\/em> de Sean Snyder<\/span><\/strong><br \/>\n(13 min, 2004-2005, Etats-Unis)<br \/>\n<a title=\"Casio, Seiko, Sheraton, Toyota, Mars de Sean Snyder\" href=\"https:\/\/www.lepeuplequimanque.org\/wp-content\/gallery\/bal2011\/Sean-Snyder-Casio-3.jpg\" rel=\"prettyPhoto[gallery-5hDV]\"><img decoding=\"async\" class=\"alignright\" title=\"Casio, Seiko, Sheraton, Toyota, Mars de Sean Snyder\" src=\"https:\/\/www.lepeuplequimanque.org\/wp-content\/gallery\/bal2011\/thumbs\/thumbs_Sean-Snyder-Casio-3.jpg\" alt=\"Sean-Snyder-Casio-3.jpg\" align=\"right\" \/><\/a>Dans cet essai vid\u00e9o, Sean Snyder encha\u00eene une s\u00e9lection d\u2019images provenant de sources gouvernementales, amateures et photojournalistiques, les accompagnent d\u2019un commentaire critique. En suivant les conventions et techniques du photojournalisme, la pi\u00e8ce de Snyder jette une lumi\u00e8re sur des d\u00e9cennies d\u2019influence et d\u2019engagement institutionnels \u00e9trangers en Irak et en Afghanistan. L\u2019apparition r\u00e9p\u00e9t\u00e9e de produits, comme les tablettes de chocolat Mars, les camions Toyota et les montres Casio expose la capacit\u00e9 qu\u2019ont les images v\u00e9hicul\u00e9es par les m\u00e9dias \u00e0 servir accidentellement \u2013 ou peut-\u00eatre \u00e0 dessein \u2013 le placement de produits.<br \/>\n<em>Sean Snyder est n\u00e9 en 1972. Il habite et travaille \u00e0 Berlin et Kiev. Son \u0153uvre r\u00e9cente est le fruit d\u2019une recherche sur la repr\u00e9sentation de la guerre. Ses \u0153uvres sont pr\u00e9sent\u00e9es \u00e0 la 9e Biennale d\u2019Istanbul (2005); dans le cadre d\u2019InSITE au San Diego Museum of Art\/Centro Cultural Tijuana (2005); lors de Living Inside the Grid au New Museum of Contemporary Art, \u00e0 New York (2003); et de la Manifesta 2, \u00e0 Luxembourg (1998).<\/em><\/p>\n<p><strong><span style=\"font-size: medium;\"><em>Episode 1 <\/em>de Renzo Martens <\/span><\/strong>(45 min, 2000-2003, Pays-Bas)<br \/>\n<a title=\"Episode 1 de Renzo Martens, courtesy WILKINSON Gallery\" href=\"https:\/\/www.lepeuplequimanque.org\/wp-content\/gallery\/bal2011\/Renzo-Martens-Episode-1-2.jpg\" rel=\"prettyPhoto[gallery-5hDV]\"><img decoding=\"async\" class=\"alignright\" title=\"Episode 1 de Renzo Martens, courtesy WILKINSON Gallery\" src=\"https:\/\/www.lepeuplequimanque.org\/wp-content\/gallery\/bal2011\/thumbs\/thumbs_Renzo-Martens-Episode-1-2.jpg\" alt=\"Renzo-Martens-Episode-1-2.jpg\" align=\"right\" \/><\/a>En 2003, Renzo Martens r\u00e9alise le film Episode I, dans lequel l\u2019artiste voyage en Tch\u00e9tch\u00e9nie et endossele \u00ab r\u00f4le le plus important &#8211; mais rarement reconnu &#8211; dans toute guerre m\u00e9diatis\u00e9e : celui du t\u00e9l\u00e9spectateur, pour l\u2019attention duquel on se bat. \u00bb Premier \u00e9pisode d\u2019une s\u00e9rie o\u00f9 Martens interroge l\u2019\u00e9pist\u00e9mologie des repr\u00e9sentations journalistiques des guerres et la construction m\u00e9diatique des conflits politico-militaires, Martens y met \u00e0 jour les liens id\u00e9ologiques entre production de l\u2019image et de la v\u00e9rit\u00e9, architectonique du regard et relations d\u2019autorit\u00e9 entre journaliste et r\u00e9fugi\u00e9s.<br \/>\n\u00ab La bataille m\u00e9diatique est d\u2019ailleurs bien plus importante que celle livr\u00e9e avec des Kalashnikovs ou des bombes. Suivant ce constat, je n\u2019ai donc pas demand\u00e9 aux rebelles, aux r\u00e9fugi\u00e9s, ni aux soldats russes leurs impressions. C\u2019\u00e9tait inutile. Je les ai en revanche harcel\u00e9s avec des questions concernant mon ressenti. Finalement l\u2019enjeu c\u2019est \u00e7a, c\u2019est moi, le spectateur. Le principal est de savoir comment je me sens, maintenant que leurs larmes coulent, que leur ville est en flammes. \u00bb. Renzo Martens, L\u2019homme qui explique aux Pauvres comment exploiter leur mis\u00e8re, entretien avec Sabine Noble et Mathieu Chausseron in Entrisme num\u00e9ro 5, Paris, juin 2010<br \/>\n<em>Renzo Martens est un artiste hollandais. Son travail a notamment \u00e9t\u00e9 pr\u00e9sent\u00e9 \u00e0 la Biennale de Berlin 2010.<\/em><\/p>\n<\/div>\n<p>&nbsp;<\/p>\n<div align=\"right\">Curateurs: Aliocha Imhoff &amp; Kantuta Quiros<\/div>\n[\/vc_column_text][\/vc_column][\/vc_row]\n","protected":false},"excerpt":{"rendered":"<p>[vc_row type=&#8221;in_container&#8221; full_screen_row_position=&#8221;middle&#8221; column_margin=&#8221;default&#8221; column_direction=&#8221;default&#8221; column_direction_tablet=&#8221;default&#8221; column_direction_phone=&#8221;default&#8221; scene_position=&#8221;center&#8221; top_padding=&#8221;4%&#8221; text_color=&#8221;dark&#8221; text_align=&#8221;left&#8221; row_border_radius=&#8221;none&#8221; row_border_radius_applies=&#8221;bg&#8221; overflow=&#8221;visible&#8221; overlay_strength=&#8221;0.3&#8243; gradient_direction=&#8221;left_to_right&#8221; shape_divider_position=&#8221;bottom&#8221; bg_image_animation=&#8221;none&#8221;&#8230;<\/p>\n","protected":false},"author":1,"featured_media":0,"parent":296,"menu_order":4,"comment_status":"closed","ping_status":"closed","template":"page-left-sidebar-parents.php","meta":{"footnotes":""},"categories":[],"tags":[],"class_list":["post-301","page","type-page","status-publish"],"aioseo_notices":[],"_links":{"self":[{"href":"https:\/\/www.lepeuplequimanque.org\/en\/wp-json\/wp\/v2\/pages\/301","targetHints":{"allow":["GET"]}}],"collection":[{"href":"https:\/\/www.lepeuplequimanque.org\/en\/wp-json\/wp\/v2\/pages"}],"about":[{"href":"https:\/\/www.lepeuplequimanque.org\/en\/wp-json\/wp\/v2\/types\/page"}],"author":[{"embeddable":true,"href":"https:\/\/www.lepeuplequimanque.org\/en\/wp-json\/wp\/v2\/users\/1"}],"replies":[{"embeddable":true,"href":"https:\/\/www.lepeuplequimanque.org\/en\/wp-json\/wp\/v2\/comments?post=301"}],"version-history":[{"count":0,"href":"https:\/\/www.lepeuplequimanque.org\/en\/wp-json\/wp\/v2\/pages\/301\/revisions"}],"up":[{"embeddable":true,"href":"https:\/\/www.lepeuplequimanque.org\/en\/wp-json\/wp\/v2\/pages\/296"}],"wp:attachment":[{"href":"https:\/\/www.lepeuplequimanque.org\/en\/wp-json\/wp\/v2\/media?parent=301"}],"wp:term":[{"taxonomy":"category","embeddable":true,"href":"https:\/\/www.lepeuplequimanque.org\/en\/wp-json\/wp\/v2\/categories?post=301"},{"taxonomy":"post_tag","embeddable":true,"href":"https:\/\/www.lepeuplequimanque.org\/en\/wp-json\/wp\/v2\/tags?post=301"}],"curies":[{"name":"wp","href":"https:\/\/api.w.org\/{rel}","templated":true}]}}