{"id":302,"date":"2011-09-06T23:24:32","date_gmt":"2011-09-06T22:24:32","guid":{"rendered":"https:\/\/www.lepeuplequimanque.org\/bal\/insiders-outsiders"},"modified":"2023-11-04T20:00:39","modified_gmt":"2023-11-04T19:00:39","slug":"insiders-outsiders","status":"publish","type":"page","link":"https:\/\/www.lepeuplequimanque.org\/en\/bal\/insiders-outsiders\/","title":{"rendered":"Saturday October 15 &#038; Saturday November 26, 2011 \/ Insiders\/Outsiders \/ Wa\u00ebl Noureddine \/ Edouard  Beau"},"content":{"rendered":"[vc_row type=&#8221;in_container&#8221; full_screen_row_position=&#8221;middle&#8221; column_margin=&#8221;default&#8221; column_direction=&#8221;default&#8221; column_direction_tablet=&#8221;default&#8221; column_direction_phone=&#8221;default&#8221; scene_position=&#8221;center&#8221; top_padding=&#8221;4%&#8221; text_color=&#8221;dark&#8221; text_align=&#8221;left&#8221; row_border_radius=&#8221;none&#8221; row_border_radius_applies=&#8221;bg&#8221; overflow=&#8221;visible&#8221; overlay_strength=&#8221;0.3&#8243; gradient_direction=&#8221;left_to_right&#8221; shape_divider_position=&#8221;bottom&#8221; bg_image_animation=&#8221;none&#8221; gradient_type=&#8221;default&#8221; shape_type=&#8221;&#8221;][vc_column column_padding=&#8221;no-extra-padding&#8221; column_padding_tablet=&#8221;inherit&#8221; column_padding_phone=&#8221;inherit&#8221; column_padding_position=&#8221;all&#8221; column_element_direction_desktop=&#8221;default&#8221; column_element_spacing=&#8221;default&#8221; desktop_text_alignment=&#8221;default&#8221; tablet_text_alignment=&#8221;default&#8221; phone_text_alignment=&#8221;default&#8221; background_color_opacity=&#8221;1&#8243; background_hover_color_opacity=&#8221;1&#8243; column_backdrop_filter=&#8221;none&#8221; column_shadow=&#8221;none&#8221; column_border_radius=&#8221;none&#8221; column_link_target=&#8221;_self&#8221; column_position=&#8221;default&#8221; gradient_direction=&#8221;left_to_right&#8221; overlay_strength=&#8221;0.3&#8243; width=&#8221;1\/1&#8243; tablet_width_inherit=&#8221;default&#8221; animation_type=&#8221;default&#8221; bg_image_animation=&#8221;none&#8221; border_type=&#8221;simple&#8221; column_border_width=&#8221;none&#8221; column_border_style=&#8221;solid&#8221;][vc_column_text]\n<h2 style=\"text-align: center;\" align=\"center\">Insiders\/Outsiders<\/h2>\n<p style=\"text-align: center;\"><strong>Wa\u00ebl Noureddine \/ Edouard\u00a0 Beau<\/strong><\/p>\n<p style=\"text-align: center;\"><strong>Samedi 15 octobre &amp; Samedi 26 novembre 2011, 11h<\/strong><br \/>\n<strong>Cin\u00e9ma des Cin\u00e9astes<\/strong><\/p>\n<p>&nbsp;<\/p>\n<div align=\"center\"><a title=\"July Trip de Wa\u00ebl Noureddine, courtesy the artist\" href=\"https:\/\/www.lepeuplequimanque.org\/wp-content\/gallery\/bal2011\/Wael-Noureddine-JulyTrip.jpg\" rel=\"prettyPhoto[gallery-qSY6]\"><img decoding=\"async\" title=\"July Trip de Wa\u00ebl Noureddine, courtesy the artist\" src=\"https:\/\/www.lepeuplequimanque.org\/wp-content\/gallery\/bal2011\/Wael-Noureddine-JulyTrip.jpg\" alt=\"Wael-Noureddine-JulyTrip.jpg\" \/><\/a><br \/>\nJuly Trip de Wa\u00ebl Noureddine, courtesy the artist<\/div>\n<div align=\"justify\">\n<p><span style=\"font-size: medium;\"><strong><em>July Trip<\/em> de Wa\u00ebl Noureddine<\/strong><\/span> (35 min, 2006, France\/Liban)<br \/>\n<a title=\"July Trip de Wa\u00ebl Noureddine, courtesy the artist\" href=\"https:\/\/www.lepeuplequimanque.org\/wp-content\/gallery\/bal2011\/Wael-Noureddine-JulyTrip-3.jpg\" rel=\"prettyPhoto[gallery-qSY6]\"><img decoding=\"async\" class=\"alignright\" title=\"July Trip de Wa\u00ebl Noureddine, courtesy the artist\" src=\"https:\/\/www.lepeuplequimanque.org\/wp-content\/gallery\/bal2011\/thumbs\/thumbs_Wael-Noureddine-JulyTrip-3.jpg\" alt=\"Wael-Noureddine-JulyTrip-3.jpg\" align=\"right\" \/><\/a>&#8220;Lorsque la derni\u00e8re guerre a d\u00e9but\u00e9, j&#8217;\u00e9tais loin \u00e0 mon domicile \u00e0 Paris. Je n&#8217;avais qu&#8217;une seule id\u00e9e : rentrer \u00e0 Beyrouth le plus rapidement possible et commencer \u00e0 filmer, il s&#8217;agissait de moments historiques. Ce film \u00e9tait devenu pour moi le film indispensable : filmer pour que l&#8217;histoire cesse de se r\u00e9p\u00e9ter en boucle et constituer une banque d&#8217;images pour les g\u00e9n\u00e9rations futures. Je n&#8217;ai jamais compris pourquoi il y avait si peu de films tourn\u00e9s pendant la guerre au Liban. Hormis quelques rares films, il ne nous reste rien de cette \u00e9poque. La guerre avait pourtant droit \u00e0 plus d&#8217;attentions.&#8221; W.N.<br \/>\n<em>N\u00e9 en 1978 au Liban, Wa\u00ebl Noureddine est po\u00e8te, cin\u00e9aste,\u00a0 journaliste, et musicien. <\/em><\/p>\n<p><strong><span style=\"font-size: medium;\"><em>Searching for Hassan<\/em> de Edouard Beau<\/span><\/strong> (61 min, 2008, France)<br \/>\n<a title=\"Searching for Hassan de Edouard Beau, courtesy epileptic\" href=\"https:\/\/www.lepeuplequimanque.org\/wp-content\/gallery\/bal2011\/Searching-for-Hassan-de-Edouard-Beau.jpg\" rel=\"prettyPhoto[gallery-qSY6]\"><img decoding=\"async\" class=\"alignright\" title=\"Searching for Hassan de Edouard Beau, courtesy epileptic\" src=\"https:\/\/www.lepeuplequimanque.org\/wp-content\/gallery\/bal2011\/thumbs\/thumbs_Searching-for-Hassan-de-Edouard-Beau.jpg\" alt=\"Searching-for-Hassan-de-Edouard-Beau.jpg\" align=\"right\" \/><\/a>\u00ab 2007. On me propose de partir photographier un bataillon de soldats de l\u2019arm\u00e9e irakienne, \u00e0 Mossoul. J\u2019ai 48 heures pour me d\u00e9cider. Je pars. L\u00e0-bas, un ami me donne sa vieille camera Hi8, avec dix cassettes. Je suis photographe. Je n\u2019ai jamais film\u00e9. Je n\u2019ai jamais vu la guerre. Un mois durant, je reste aux c\u00f4t\u00e9s de ces soldats. Attente, tension, temps morts, travers\u00e9es sans fin d\u2019un territoire morcel\u00e9, \u00e0 la recherche de terroristes introuvables. \u00bb E.B.<br \/>\n<em>Edouard Beau vit et travaille \u00e0 Paris. Son travail photographique et vid\u00e9o a \u00e9t\u00e9 pr\u00e9sent\u00e9 dans de nombreux festivals, Searching for Hassan a re\u00e7u en 2009 le Prix du Premier Film au Festival du Film Documentaire de Marseille.<\/em><\/p>\n<p>&nbsp;<\/p>\n<\/div>\n<p align=\"right\">Curateurs : Aliocha Imhoff &amp; Kantuta Quiros<\/p>\n[\/vc_column_text][\/vc_column][\/vc_row]\n","protected":false},"excerpt":{"rendered":"<p>[vc_row type=&#8221;in_container&#8221; full_screen_row_position=&#8221;middle&#8221; column_margin=&#8221;default&#8221; column_direction=&#8221;default&#8221; column_direction_tablet=&#8221;default&#8221; column_direction_phone=&#8221;default&#8221; scene_position=&#8221;center&#8221; top_padding=&#8221;4%&#8221; text_color=&#8221;dark&#8221; text_align=&#8221;left&#8221; row_border_radius=&#8221;none&#8221; row_border_radius_applies=&#8221;bg&#8221; overflow=&#8221;visible&#8221; overlay_strength=&#8221;0.3&#8243; gradient_direction=&#8221;left_to_right&#8221; shape_divider_position=&#8221;bottom&#8221; bg_image_animation=&#8221;none&#8221;&#8230;<\/p>\n","protected":false},"author":1,"featured_media":0,"parent":296,"menu_order":5,"comment_status":"closed","ping_status":"closed","template":"page-left-sidebar-parents.php","meta":{"footnotes":""},"categories":[],"tags":[],"class_list":["post-302","page","type-page","status-publish"],"aioseo_notices":[],"_links":{"self":[{"href":"https:\/\/www.lepeuplequimanque.org\/en\/wp-json\/wp\/v2\/pages\/302","targetHints":{"allow":["GET"]}}],"collection":[{"href":"https:\/\/www.lepeuplequimanque.org\/en\/wp-json\/wp\/v2\/pages"}],"about":[{"href":"https:\/\/www.lepeuplequimanque.org\/en\/wp-json\/wp\/v2\/types\/page"}],"author":[{"embeddable":true,"href":"https:\/\/www.lepeuplequimanque.org\/en\/wp-json\/wp\/v2\/users\/1"}],"replies":[{"embeddable":true,"href":"https:\/\/www.lepeuplequimanque.org\/en\/wp-json\/wp\/v2\/comments?post=302"}],"version-history":[{"count":0,"href":"https:\/\/www.lepeuplequimanque.org\/en\/wp-json\/wp\/v2\/pages\/302\/revisions"}],"up":[{"embeddable":true,"href":"https:\/\/www.lepeuplequimanque.org\/en\/wp-json\/wp\/v2\/pages\/296"}],"wp:attachment":[{"href":"https:\/\/www.lepeuplequimanque.org\/en\/wp-json\/wp\/v2\/media?parent=302"}],"wp:term":[{"taxonomy":"category","embeddable":true,"href":"https:\/\/www.lepeuplequimanque.org\/en\/wp-json\/wp\/v2\/categories?post=302"},{"taxonomy":"post_tag","embeddable":true,"href":"https:\/\/www.lepeuplequimanque.org\/en\/wp-json\/wp\/v2\/tags?post=302"}],"curies":[{"name":"wp","href":"https:\/\/api.w.org\/{rel}","templated":true}]}}