{"id":304,"date":"2011-09-07T00:03:14","date_gmt":"2011-09-06T23:03:14","guid":{"rendered":"https:\/\/www.lepeuplequimanque.org\/bal\/daniel-eisenberg"},"modified":"2023-11-04T20:08:06","modified_gmt":"2023-11-04T19:08:06","slug":"daniel-eisenberg","status":"publish","type":"page","link":"https:\/\/www.lepeuplequimanque.org\/en\/bal\/daniel-eisenberg\/","title":{"rendered":"Saturday October 29 &#038; Saturday December 10, 2011 \/ Post-war topography \/ Daniel Eisenberg"},"content":{"rendered":"[vc_row type=&#8221;in_container&#8221; full_screen_row_position=&#8221;middle&#8221; column_margin=&#8221;default&#8221; column_direction=&#8221;default&#8221; column_direction_tablet=&#8221;default&#8221; column_direction_phone=&#8221;default&#8221; scene_position=&#8221;center&#8221; top_padding=&#8221;4%&#8221; text_color=&#8221;dark&#8221; text_align=&#8221;left&#8221; row_border_radius=&#8221;none&#8221; row_border_radius_applies=&#8221;bg&#8221; overflow=&#8221;visible&#8221; overlay_strength=&#8221;0.3&#8243; gradient_direction=&#8221;left_to_right&#8221; shape_divider_position=&#8221;bottom&#8221; bg_image_animation=&#8221;none&#8221; gradient_type=&#8221;default&#8221; shape_type=&#8221;&#8221;][vc_column column_padding=&#8221;no-extra-padding&#8221; column_padding_tablet=&#8221;inherit&#8221; column_padding_phone=&#8221;inherit&#8221; column_padding_position=&#8221;all&#8221; column_element_direction_desktop=&#8221;default&#8221; column_element_spacing=&#8221;default&#8221; desktop_text_alignment=&#8221;default&#8221; tablet_text_alignment=&#8221;default&#8221; phone_text_alignment=&#8221;default&#8221; background_color_opacity=&#8221;1&#8243; background_hover_color_opacity=&#8221;1&#8243; column_backdrop_filter=&#8221;none&#8221; column_shadow=&#8221;none&#8221; column_border_radius=&#8221;none&#8221; column_link_target=&#8221;_self&#8221; column_position=&#8221;default&#8221; gradient_direction=&#8221;left_to_right&#8221; overlay_strength=&#8221;0.3&#8243; width=&#8221;1\/1&#8243; tablet_width_inherit=&#8221;default&#8221; animation_type=&#8221;default&#8221; bg_image_animation=&#8221;none&#8221; border_type=&#8221;simple&#8221; column_border_width=&#8221;none&#8221; column_border_style=&#8221;solid&#8221;][vc_column_text]\n<h2 style=\"text-align: center;\" align=\"center\">Daniel Eisenberg<br \/>\nTopographies post-guerre<\/h2>\n<p style=\"text-align: center;\"><strong>Samedi 29 octobre &amp; Samedi 10 d\u00e9cembre 2011, 11h<\/strong><br \/>\n<strong>Cin\u00e9ma des Cin\u00e9astes<\/strong><br \/>\n<strong>en pr\u00e9sence de Daniel Eisenberg<\/strong><\/p>\n<div align=\"center\">\n<p><a title=\"Persistence de Daniel Eisenberg, courtesy the artist\" href=\"https:\/\/www.lepeuplequimanque.org\/wp-content\/gallery\/bal2011\/EisenbergPersistence2.jpg\" rel=\"prettyPhoto[gallery-HAjc]\"><img decoding=\"async\" title=\"Persistence de Daniel Eisenberg, courtesy the artist\" src=\"https:\/\/www.lepeuplequimanque.org\/wp-content\/gallery\/bal2011\/EisenbergPersistence2.jpg\" alt=\"EisenbergPersistence2.jpg\" \/><\/a><br \/>\nPersistence de Daniel Eisenberg, courtesy the artist<\/p>\n<p>&nbsp;<\/p>\n<\/div>\n<p align=\"justify\"><strong><span style=\"font-size: medium;\"><em>Persistence<\/em> de Daniel Eisenberg<\/span><\/strong> (86 min, 1997, Etats-Unis)<\/p>\n<p>L\u2019\u0153uvre singuli\u00e8re du cin\u00e9aste Daniel Eisenberg d\u00e9passe les fronti\u00e8res entre film exp\u00e9rimental et documentaire historique, empruntant les genres du journal film\u00e9 et du film d\u2019archive, dialoguant autant avec l\u2019avant-garde am\u00e9ricaine (Ernie Gehr, Yvonne Rainer) que le film d\u2019essai europ\u00e9en (Harun Farocki, Chantal Akerman) ou les cultural studies.<br \/>\nPrim\u00e9 de nombreuses fois, son long-m\u00e9trage Persistence, tourn\u00e9 en 1991-92, peut \u00eatre vu comme une cartographie cognitive des cons\u00e9quences de la Deuxi\u00e8me Guerre Mondiale et de la chute du Mur de Berlin, telles qu\u2019elles continuent d\u2019habiter le pr\u00e9sent. Daniel Eisenberg explore les paysages contemporains dans lesquels villes et lieux \u2013 mus\u00e9es, archives, statues, \u00e9glises, prisons, camps de concentration \u2013 constituent autant de machines temporelles. Chaque strate incarne des moments diff\u00e9rents superpos\u00e9s et juxtapos\u00e9s. Dans un jeu incessant\u00a0 entre d\u00e9molition et r\u00e9novation, les villes r\u00e9v\u00e8lent comment la soci\u00e9t\u00e9 ajuste et r\u00e9vise la mani\u00e8re dont les catastrophes et les vestiges de la guerre se prolongent dans le moment politique et culturel contemporain. Lors de son exploration sensuelle et m\u00e9lancolique de la post-guerre, Eisenberg int\u00e8gre photographies familiales, films de Rossellini (Allemagne Ann\u00e9e Z\u00e9ro, 1946) et archives militaires, laissant affleurer sensations \u00e9ph\u00e9m\u00e8res et l\u2019entrelacement entre la conscience, la m\u00e9moire, les affects et les d\u00e9sirs.<\/p>\n<div align=\"center\"><a title=\"Persistence de Daniel Eisenberg, courtesy the artist\" href=\"https:\/\/www.lepeuplequimanque.org\/wp-content\/gallery\/bal2011\/EisenbergPersistence4.jpg\" rel=\"prettyPhoto[gallery-HAjc]\"><img decoding=\"async\" title=\"Persistence de Daniel Eisenberg, courtesy the artist\" src=\"https:\/\/www.lepeuplequimanque.org\/wp-content\/gallery\/bal2011\/thumbs\/thumbs_EisenbergPersistence4.jpg\" alt=\"EisenbergPersistence4.jpg\" \/><\/a> <a title=\"Persistence de Daniel Eisenberg, courtesy the artist\" href=\"https:\/\/www.lepeuplequimanque.org\/wp-content\/gallery\/bal2011\/EisenbergPersistence-From-the-archive.jpg\" rel=\"prettyPhoto[gallery-HAjc]\"><img decoding=\"async\" title=\"Persistence de Daniel Eisenberg, courtesy the artist\" src=\"https:\/\/www.lepeuplequimanque.org\/wp-content\/gallery\/bal2011\/thumbs\/thumbs_EisenbergPersistence-From-the-archive.jpg\" alt=\"EisenbergPersistence-From-the-archive.jpg\" \/><\/a> <a title=\"Persistence de Daniel Eisenberg, courtesy the artist\" href=\"https:\/\/www.lepeuplequimanque.org\/wp-content\/gallery\/bal2011\/EisenbergPersistence3.jpg\" rel=\"prettyPhoto[gallery-HAjc]\"><img decoding=\"async\" title=\"Persistence de Daniel Eisenberg, courtesy the artist\" src=\"https:\/\/www.lepeuplequimanque.org\/wp-content\/gallery\/bal2011\/thumbs\/thumbs_EisenbergPersistence3.jpg\" alt=\"EisenbergPersistence3.jpg\" \/><\/a><\/div>\n<p>&nbsp;<\/p>\n<div align=\"right\">Curateurs: Aliocha Imhoff &amp; Kantuta Quiros<\/div>\n[\/vc_column_text][\/vc_column][\/vc_row]\n","protected":false},"excerpt":{"rendered":"<p>[vc_row type=&#8221;in_container&#8221; full_screen_row_position=&#8221;middle&#8221; column_margin=&#8221;default&#8221; column_direction=&#8221;default&#8221; column_direction_tablet=&#8221;default&#8221; column_direction_phone=&#8221;default&#8221; scene_position=&#8221;center&#8221; top_padding=&#8221;4%&#8221; text_color=&#8221;dark&#8221; text_align=&#8221;left&#8221; row_border_radius=&#8221;none&#8221; row_border_radius_applies=&#8221;bg&#8221; overflow=&#8221;visible&#8221; overlay_strength=&#8221;0.3&#8243; gradient_direction=&#8221;left_to_right&#8221; shape_divider_position=&#8221;bottom&#8221; bg_image_animation=&#8221;none&#8221;&#8230;<\/p>\n","protected":false},"author":1,"featured_media":0,"parent":296,"menu_order":7,"comment_status":"closed","ping_status":"closed","template":"page-left-sidebar-parents.php","meta":{"footnotes":""},"categories":[],"tags":[],"class_list":["post-304","page","type-page","status-publish"],"aioseo_notices":[],"_links":{"self":[{"href":"https:\/\/www.lepeuplequimanque.org\/en\/wp-json\/wp\/v2\/pages\/304","targetHints":{"allow":["GET"]}}],"collection":[{"href":"https:\/\/www.lepeuplequimanque.org\/en\/wp-json\/wp\/v2\/pages"}],"about":[{"href":"https:\/\/www.lepeuplequimanque.org\/en\/wp-json\/wp\/v2\/types\/page"}],"author":[{"embeddable":true,"href":"https:\/\/www.lepeuplequimanque.org\/en\/wp-json\/wp\/v2\/users\/1"}],"replies":[{"embeddable":true,"href":"https:\/\/www.lepeuplequimanque.org\/en\/wp-json\/wp\/v2\/comments?post=304"}],"version-history":[{"count":0,"href":"https:\/\/www.lepeuplequimanque.org\/en\/wp-json\/wp\/v2\/pages\/304\/revisions"}],"up":[{"embeddable":true,"href":"https:\/\/www.lepeuplequimanque.org\/en\/wp-json\/wp\/v2\/pages\/296"}],"wp:attachment":[{"href":"https:\/\/www.lepeuplequimanque.org\/en\/wp-json\/wp\/v2\/media?parent=304"}],"wp:term":[{"taxonomy":"category","embeddable":true,"href":"https:\/\/www.lepeuplequimanque.org\/en\/wp-json\/wp\/v2\/categories?post=304"},{"taxonomy":"post_tag","embeddable":true,"href":"https:\/\/www.lepeuplequimanque.org\/en\/wp-json\/wp\/v2\/tags?post=304"}],"curies":[{"name":"wp","href":"https:\/\/api.w.org\/{rel}","templated":true}]}}