{"id":307,"date":"2011-09-13T21:35:54","date_gmt":"2011-09-13T20:35:54","guid":{"rendered":"https:\/\/www.lepeuplequimanque.org\/staff"},"modified":"2025-01-12T13:10:04","modified_gmt":"2025-01-12T12:10:04","slug":"staff","status":"publish","type":"page","link":"https:\/\/www.lepeuplequimanque.org\/en\/about\/staff\/","title":{"rendered":"Staff"},"content":{"rendered":"[vc_row type=&#8221;full_width_content&#8221; full_screen_row_position=&#8221;middle&#8221; column_margin=&#8221;default&#8221; column_direction=&#8221;default&#8221; column_direction_tablet=&#8221;default&#8221; column_direction_phone=&#8221;default&#8221; animated_gradient_bg=&#8221;true&#8221; animated_gradient_bg_color_1=&#8221;#ffffff&#8221; animated_gradient_bg_speed=&#8221;1300&#8243; animated_gradient_bg_blending_mode=&#8221;linear&#8221; scene_position=&#8221;center&#8221; top_padding=&#8221;1%&#8221; bottom_padding=&#8221;6%&#8221; left_padding_desktop=&#8221;10%&#8221; constrain_group_2=&#8221;yes&#8221; right_padding_desktop=&#8221;10%&#8221; text_color=&#8221;dark&#8221; text_align=&#8221;left&#8221; row_border_radius=&#8221;none&#8221; row_border_radius_applies=&#8221;bg&#8221; overflow=&#8221;visible&#8221; overlay_strength=&#8221;0.3&#8243; gradient_direction=&#8221;left_to_right&#8221; shape_divider_position=&#8221;bottom&#8221; bg_image_animation=&#8221;none&#8221; shape_type=&#8221;&#8221; gradient_type=&#8221;default&#8221;][vc_column column_padding=&#8221;no-extra-padding&#8221; column_padding_tablet=&#8221;inherit&#8221; column_padding_phone=&#8221;inherit&#8221; column_padding_position=&#8221;all&#8221; column_element_direction_desktop=&#8221;default&#8221; column_element_spacing=&#8221;default&#8221; desktop_text_alignment=&#8221;default&#8221; tablet_text_alignment=&#8221;default&#8221; phone_text_alignment=&#8221;default&#8221; background_color_opacity=&#8221;1&#8243; background_hover_color_opacity=&#8221;1&#8243; column_backdrop_filter=&#8221;none&#8221; column_shadow=&#8221;none&#8221; column_border_radius=&#8221;none&#8221; column_link_target=&#8221;_self&#8221; column_position=&#8221;default&#8221; gradient_direction=&#8221;left_to_right&#8221; overlay_strength=&#8221;0.3&#8243; width=&#8221;1\/1&#8243; tablet_width_inherit=&#8221;default&#8221; animation_type=&#8221;default&#8221; bg_image_animation=&#8221;none&#8221; border_type=&#8221;simple&#8221; column_border_width=&#8221;none&#8221; column_border_style=&#8221;solid&#8221;][vc_row_inner column_margin=&#8221;40px&#8221; column_direction=&#8221;default&#8221; column_direction_tablet=&#8221;default&#8221; column_direction_phone=&#8221;default&#8221; bottom_padding=&#8221;7%&#8221; text_align=&#8221;left&#8221; row_position=&#8221;default&#8221; row_position_tablet=&#8221;inherit&#8221; row_position_phone=&#8221;inherit&#8221; overflow=&#8221;visible&#8221; pointer_events=&#8221;all&#8221;][vc_column_inner column_padding=&#8221;no-extra-padding&#8221; column_padding_tablet=&#8221;inherit&#8221; column_padding_phone=&#8221;inherit&#8221; column_padding_position=&#8221;all&#8221; column_element_direction_desktop=&#8221;default&#8221; column_element_spacing=&#8221;default&#8221; desktop_text_alignment=&#8221;default&#8221; tablet_text_alignment=&#8221;default&#8221; phone_text_alignment=&#8221;default&#8221; background_color_opacity=&#8221;1&#8243; background_hover_color_opacity=&#8221;1&#8243; column_backdrop_filter=&#8221;none&#8221; column_shadow=&#8221;none&#8221; column_border_radius=&#8221;none&#8221; column_link_target=&#8221;_self&#8221; overflow=&#8221;visible&#8221; gradient_direction=&#8221;left_to_right&#8221; overlay_strength=&#8221;0.3&#8243; width=&#8221;1\/4&#8243; tablet_width_inherit=&#8221;default&#8221; animation_type=&#8221;default&#8221; bg_image_animation=&#8221;none&#8221; border_type=&#8221;simple&#8221; column_border_width=&#8221;none&#8221; column_border_style=&#8221;solid&#8221;][\/vc_column_inner][vc_column_inner column_padding=&#8221;no-extra-padding&#8221; column_padding_tablet=&#8221;inherit&#8221; column_padding_phone=&#8221;inherit&#8221; column_padding_position=&#8221;all&#8221; column_element_direction_desktop=&#8221;default&#8221; column_element_spacing=&#8221;default&#8221; desktop_text_alignment=&#8221;default&#8221; tablet_text_alignment=&#8221;default&#8221; phone_text_alignment=&#8221;default&#8221; background_color_opacity=&#8221;1&#8243; background_hover_color_opacity=&#8221;1&#8243; column_backdrop_filter=&#8221;none&#8221; column_shadow=&#8221;none&#8221; column_border_radius=&#8221;none&#8221; column_link_target=&#8221;_self&#8221; overflow=&#8221;visible&#8221; gradient_direction=&#8221;left_to_right&#8221; overlay_strength=&#8221;0.3&#8243; width=&#8221;1\/2&#8243; tablet_width_inherit=&#8221;default&#8221; animation_type=&#8221;default&#8221; bg_image_animation=&#8221;none&#8221; border_type=&#8221;simple&#8221; column_border_width=&#8221;none&#8221; column_border_style=&#8221;solid&#8221; column_padding_type=&#8221;default&#8221; gradient_type=&#8221;default&#8221;][split_line_heading animation_type=&#8221;line-reveal-by-space&#8221; font_style=&#8221;h1&#8243; line_reveal_by_space_text_effect=&#8221;default&#8221; stagger_animation=&#8221;true&#8221; content_alignment=&#8221;center&#8221; mobile_content_alignment=&#8221;inherit&#8221; link_target=&#8221;_self&#8221; text_content=&#8221;Team&#8221; max_width=&#8221;550&#8243;]\n<h2>\u00a0<\/h2>\n[\/split_line_heading][split_line_heading animation_type=&#8221;line-reveal-by-space&#8221; font_style=&#8221;h2&#8243; line_reveal_by_space_text_effect=&#8221;default&#8221; content_alignment=&#8221;center&#8221; mobile_content_alignment=&#8221;inherit&#8221; link_target=&#8221;_self&#8221; text_content=&#8221;Directors&#8221; max_width=&#8221;550&#8243;]\n<h2>\u00a0<\/h2>\n[\/split_line_heading][team_member image_url=&#8221;3256&#8243; bio_alt_image_url=&#8221;3256&#8243; team_memeber_style=&#8221;bio_fullscreen_alt&#8221; image_loading=&#8221;default&#8221; team_member_bio_full_html=&#8221;html&#8221; name=&#8221;Aliocha Imhoff &amp; Kantuta Quir\u00f3s&#8221; job_position=&#8221;Directors&#8221; team_member_mini_bio=&#8221;Aliocha Imhoff and Kantuta Quir\u00f3s are curators, art theorists, filmmakers, founders and directors of the curatorial platform le peuple qui manque, created in 2005, which works between art and research. Kantuta Quir\u00f3s, born in La Paz (Bolivia), is a lecturer at the University of Paris I. Aliocha Imhoff, born in Paris, has been a lecturer at the University of Paris VIII since 2021, where he co-heads the Ecology of Arts and Media Master&#8217;s program.&#8221;]\n<p>Aliocha Imhoff and Kantuta Quir\u00f3s are curators, art theorists, filmmakers, founders, and directors of the curatorial platform <em>le peuple qui manque (a people is missing)<\/em>, created in 2005 which works between art and research. Among their projects, <em>Le proc\u00e8s de la fiction<\/em> (Nuit Blanche, 2017) was voted best art event of 2017 by Les Inrocks and Kunstkritikk and best spoken word event by Le Monde. Other projects include <em>Et que demandent-t-ils? \u00c0 y devenir quelque chose<\/em> (Biennale de Lyon, 2019), <em>A Debt of Times<\/em> (Konsthall C, Stockholm, 2018), <em>Une Constituante Migrante<\/em> (Centre Pompidou, 2017), <em>A Government of Times<\/em> (Rebuild Foundation, Chicago, and Halle 14, Leipzig, 2016). They have published <em>Qui parle? (pour les non-humains)<\/em> (P.U.F., 2022), <em>Les potentiels du temps<\/em> (Manuella Editions, 2016, with Camille de Toledo, republished in paperback by Flammarion in 2024), selected as one of the 10 best essays of 2016 by Les Inrocks and edited G\u00e9oesth\u00e9tique (Editions B42, 2014) and <em>Histoires afropolitaines de l&#8217;art<\/em>, Revue Multitudes 53-54 (2014). Members of the editorial board of Multitudes review, they have been members of the Nuit des Id\u00e9es committee, residents of the Rebuild Foundation (Chicago South Side, 2015) and Ateliers M\u00e9dicis (2018). Kantuta Quir\u00f3s, born in La Paz (Bolivia), has been a lecturer at the University of Paris I since 2022, after having been professor of art theory at the \u00c9cole Europ\u00e9enne d&#8217;Art de Bretagne in Rennes, associate lecturer at the \u00c9cole Nationale Sup\u00e9rieure d&#8217;Architecture de Nantes and lecturer at the \u00c9cole des Mines Nantes and Ensa Mauritius (Mauritius). She has also held various institutional positions, notably from 2007 to 2011, at the Film Department of the Mus\u00e9e Nationale d&#8217;Art Moderne \/ Centre Pompidou. Aliocha Imhoff, born in Paris, has been a lecturer at the University of Paris VIII since 2021, where he co-heads the Ecology of Arts and Media Master&#8217;s program. He has also held various institutional positions, notably at the Centre National des Arts Plastiques. <a href=\"https:\/\/www.lepeuplequimanque.org\/\">https:\/\/www.lepeuplequimanque.org\/<\/a><\/p>\n[\/team_member][vc_column_text]\n<p><strong>Board of Administration :<br \/>\n<\/strong>President : Carlos Quintero<br \/>\nTreasurer-Secretary : Michka Gorki<\/p>\n<p><strong>Assistants :<br \/>\n<\/strong>2018 : Eva Mar\u00e9chal<br \/>\n2017 : Ella Bellone<br \/>\n2016 : Helena Hattmannsdorfer,\u00a0Margot\u00a0Becka,\u00a0Satya Chatillon<br \/>\n2015\u00a0 :\u00a0Isabelle Montin,Viola Giula Milocco, Riccardo Ferrante, Helena Hattmannsdorfer<br \/>\n2014 : Isabelle Montin, Morgane Le Geldron, Margaux Bonopera, Viola Giula Milocco<br \/>\n2013 : Marion Pacouil, Isabelle Montin<br \/>\n2010 : Maia Hawad, Emma Crayssac, Christelle Yamodo-Loumalet<br \/>\n<strong><br \/>\nTranslations\/Interpreting :<\/strong><br \/>\nYves Tixier, Boris Az\u00e9mar, Caroline Hancock, Ang\u00e9lique Roussel, Silvia Guerra, Anna Knight, Ma\u00efa Hawad, Julie Alfonsi, Laetitia Benrejdal, Kourmi Quir\u00f3s, Samuel Bonnefont, Claire Gausse, Gustavo G\u00f3mez Mej\u00eda, Francesco Romanello, Katharina Witkowska, Erika Blondel, Xavier Rose, Harriet Hirshorn, Sonia Rocio Mukoda de la Pe\u00f1a, Oksana Milmeyster, Lotte Arndt, Sophie Cras, Cindy Schaller, Julienne Lemb, Isabelle Montin, H\u00e9l\u00e8ne Valance, Thierry Baudouin.<\/p>\n<div id=\"gtx-trans\" style=\"position: absolute; left: -20px; top: 86px;\">\n<div class=\"gtx-trans-icon\">\u00a0<\/div>\n<\/div>\n[\/vc_column_text][\/vc_column_inner][vc_column_inner column_padding=&#8221;no-extra-padding&#8221; column_padding_tablet=&#8221;inherit&#8221; column_padding_phone=&#8221;inherit&#8221; column_padding_position=&#8221;all&#8221; column_element_direction_desktop=&#8221;default&#8221; column_element_spacing=&#8221;default&#8221; desktop_text_alignment=&#8221;default&#8221; tablet_text_alignment=&#8221;default&#8221; phone_text_alignment=&#8221;default&#8221; background_color_opacity=&#8221;1&#8243; background_hover_color_opacity=&#8221;1&#8243; column_backdrop_filter=&#8221;none&#8221; column_shadow=&#8221;none&#8221; column_border_radius=&#8221;none&#8221; column_link_target=&#8221;_self&#8221; overflow=&#8221;visible&#8221; gradient_direction=&#8221;left_to_right&#8221; overlay_strength=&#8221;0.3&#8243; width=&#8221;1\/4&#8243; tablet_width_inherit=&#8221;default&#8221; animation_type=&#8221;default&#8221; bg_image_animation=&#8221;none&#8221; border_type=&#8221;simple&#8221; column_border_width=&#8221;none&#8221; column_border_style=&#8221;solid&#8221;][\/vc_column_inner][\/vc_row_inner][\/vc_column][\/vc_row]","protected":false},"excerpt":{"rendered":"<p>[vc_row type=&#8221;full_width_content&#8221; full_screen_row_position=&#8221;middle&#8221; column_margin=&#8221;default&#8221; column_direction=&#8221;default&#8221; column_direction_tablet=&#8221;default&#8221; column_direction_phone=&#8221;default&#8221; animated_gradient_bg=&#8221;true&#8221; animated_gradient_bg_color_1=&#8221;#ffffff&#8221; animated_gradient_bg_speed=&#8221;1300&#8243; animated_gradient_bg_blending_mode=&#8221;linear&#8221; scene_position=&#8221;center&#8221; top_padding=&#8221;1%&#8221; bottom_padding=&#8221;6%&#8221; left_padding_desktop=&#8221;10%&#8221; constrain_group_2=&#8221;yes&#8221; right_padding_desktop=&#8221;10%&#8221; text_color=&#8221;dark&#8221;&#8230;<\/p>\n","protected":false},"author":1,"featured_media":0,"parent":3806,"menu_order":0,"comment_status":"closed","ping_status":"closed","template":"","meta":{"footnotes":""},"categories":[],"tags":[],"class_list":["post-307","page","type-page","status-publish"],"aioseo_notices":[],"_links":{"self":[{"href":"https:\/\/www.lepeuplequimanque.org\/en\/wp-json\/wp\/v2\/pages\/307","targetHints":{"allow":["GET"]}}],"collection":[{"href":"https:\/\/www.lepeuplequimanque.org\/en\/wp-json\/wp\/v2\/pages"}],"about":[{"href":"https:\/\/www.lepeuplequimanque.org\/en\/wp-json\/wp\/v2\/types\/page"}],"author":[{"embeddable":true,"href":"https:\/\/www.lepeuplequimanque.org\/en\/wp-json\/wp\/v2\/users\/1"}],"replies":[{"embeddable":true,"href":"https:\/\/www.lepeuplequimanque.org\/en\/wp-json\/wp\/v2\/comments?post=307"}],"version-history":[{"count":0,"href":"https:\/\/www.lepeuplequimanque.org\/en\/wp-json\/wp\/v2\/pages\/307\/revisions"}],"up":[{"embeddable":true,"href":"https:\/\/www.lepeuplequimanque.org\/en\/wp-json\/wp\/v2\/pages\/3806"}],"wp:attachment":[{"href":"https:\/\/www.lepeuplequimanque.org\/en\/wp-json\/wp\/v2\/media?parent=307"}],"wp:term":[{"taxonomy":"category","embeddable":true,"href":"https:\/\/www.lepeuplequimanque.org\/en\/wp-json\/wp\/v2\/categories?post=307"},{"taxonomy":"post_tag","embeddable":true,"href":"https:\/\/www.lepeuplequimanque.org\/en\/wp-json\/wp\/v2\/tags?post=307"}],"curies":[{"name":"wp","href":"https:\/\/api.w.org\/{rel}","templated":true}]}}