{"id":309,"date":"2011-10-25T23:52:56","date_gmt":"2011-10-25T22:52:56","guid":{"rendered":"https:\/\/www.lepeuplequimanque.org\/immune"},"modified":"2024-03-05T20:01:57","modified_gmt":"2024-03-05T19:01:57","slug":"immune","status":"publish","type":"page","link":"https:\/\/www.lepeuplequimanque.org\/en\/immune\/","title":{"rendered":"Im\/mune (2011, CAC Bourges)"},"content":{"rendered":"[vc_row type=&#8221;in_container&#8221; full_screen_row_position=&#8221;middle&#8221; column_margin=&#8221;default&#8221; column_direction=&#8221;default&#8221; column_direction_tablet=&#8221;default&#8221; column_direction_phone=&#8221;default&#8221; scene_position=&#8221;center&#8221; top_padding=&#8221;50&#8243; text_color=&#8221;dark&#8221; text_align=&#8221;left&#8221; row_border_radius=&#8221;none&#8221; row_border_radius_applies=&#8221;bg&#8221; overflow=&#8221;visible&#8221; overlay_strength=&#8221;0.3&#8243; gradient_direction=&#8221;left_to_right&#8221; shape_divider_position=&#8221;bottom&#8221; bg_image_animation=&#8221;none&#8221; gradient_type=&#8221;default&#8221; shape_type=&#8221;&#8221;][vc_column column_padding=&#8221;no-extra-padding&#8221; column_padding_tablet=&#8221;inherit&#8221; column_padding_phone=&#8221;inherit&#8221; column_padding_position=&#8221;all&#8221; column_element_direction_desktop=&#8221;default&#8221; column_element_spacing=&#8221;default&#8221; desktop_text_alignment=&#8221;default&#8221; tablet_text_alignment=&#8221;default&#8221; phone_text_alignment=&#8221;default&#8221; background_color_opacity=&#8221;1&#8243; background_hover_color_opacity=&#8221;1&#8243; column_backdrop_filter=&#8221;none&#8221; column_shadow=&#8221;none&#8221; column_border_radius=&#8221;none&#8221; column_link_target=&#8221;_self&#8221; column_position=&#8221;default&#8221; gradient_direction=&#8221;left_to_right&#8221; overlay_strength=&#8221;0.3&#8243; width=&#8221;1\/1&#8243; tablet_width_inherit=&#8221;default&#8221; animation_type=&#8221;default&#8221; bg_image_animation=&#8221;none&#8221; border_type=&#8221;simple&#8221; column_border_width=&#8221;none&#8221; column_border_style=&#8221;solid&#8221;][vc_column_text]<span style=\"font-size: xx-large;\">IM\/MUNE<\/span><br \/>\n<strong>Fabrique virale, Gu\u00e9rilla contre-biopolitique et Pratiques performatives<\/strong><\/p>\n<p><strong>Le peuple qui manque<\/strong>, invit\u00e9 \u00e0 assurer le commissariat de\u00a0la <strong>section audiovisuelle de l\u2019exposition IM\/MUNE<\/strong> (11-27 novembre 2011, Bourges) ainsi que pour deux soir\u00e9es de rencontres (23 et 24 novembre 2011) pr\u00e9sentera les travaux de :<\/p>\n<div align=\"justify\"><strong>Herv\u00e9 Guibert \/ Lionel Soukaz \/ Marlon Riggs \/ DV8 Physical Theatre \/ Guillaume Dustan \/ David Wojnarowicz, Marion Scemama, Fran\u00e7ois Pain \/ Nelson Sullivan \/ Rosa von Praunheim \/ Sothean Nhieim \/ DIVA TV \/ James Wentzy &amp; AIDS Community Television (Political Funerals) \/ Christian Poveda<\/strong><\/div>\n<p><strong>Curateurs : Aliocha Imhoff &amp; Kantuta Quiros<\/strong><\/p>\n<div align=\"center\"><a title=\"Dead Dreams of Monochrome Men de DV8 Physical Theatre \" href=\"https:\/\/www.lepeuplequimanque.org\/wp-content\/gallery\/immune\/dv8deaddreams2.jpg\" rel=\"prettyPhoto[gallery-aLv9]\"><img decoding=\"async\" style=\"width: 548px; height: 343px;\" title=\"Dead Dreams of Monochrome Men de DV8 Physical Theatre \" src=\"https:\/\/www.lepeuplequimanque.org\/wp-content\/gallery\/immune\/dv8deaddreams2.jpg\" alt=\"dv8deaddreams2.jpg\" \/><\/a><\/div>\n<div align=\"justify\">\n<div align=\"justify\">\n<blockquote>\n<blockquote>\n<p><span style=\"font-size: xx-small;\">\u201cSi, \u00e0 chaque mod\u00e8le de pouvoir correspond un mod\u00e8le de corps malade, de gestion de la vie dans la ville, et une utopie d\u2019immunit\u00e9 nationale et politique, quel est, apr\u00e8s la peste et la syphilis, le mod\u00e8le de pouvoir qui caract\u00e9rise la soci\u00e9t\u00e9 du sida ? (\u2026) \u00c0 partir de l\u2019activation d\u2019une archive des ressources culturelles (documents, documentaires &amp; fictions vid\u00e9o, pratiques artistiques, performances, luttes activistes, critique du discours scientifique, &#8230;) produites en r\u00e9ponse au sida depuis son invention dans les ann\u00e9es 80 jusqu\u2019\u00e0 aujourd\u2019hui, IM\/MUNE ouvre un espace d\u2019interlocution, de production de discours et de visibilit\u00e9 entre activistes et artistes pour penser la mutation des techniques de gestion biopolitique du corps, et \u00e9laborer des strat\u00e9gies culturelles et micropolitiques de lutte, non seulement contre l\u2019\u00e9pid\u00e9mie mais aussi contre son id\u00e9al politique d\u2019immunit\u00e9.\u201d Beatriz Preciado<\/span><\/p>\n<\/blockquote>\n<\/blockquote>\n<\/div>\n<\/div>\n<p>La section audiovisuelle\u00a0propos\u00e9e par <strong>le peuple qui manque<\/strong> explore la mani\u00e8re dont des pratiques artistiques li\u00e9es au sida,\u00a0 activ\u00e9es \u00e0 partir des ann\u00e9es 80, ont pu renouveler, de mani\u00e8re radicale, formes narratives et contrats filmiques, en faisant de l\u2019autonarration le lieu d\u2019une politique de soi, aux confins du journal film\u00e9 (Lionel Soukaz, Nelson Sullivan), de l\u2019autofiction (Herv\u00e9 Guibert, David Wojnarowicz, Nelson Sullivan, Guillaume Dustan), de pratiques performatives telles que le spoken word (Marlon Riggs), ou la vid\u00e9odanse (DV8 Physical Theatre). Une forme de r\u00e9appropriation du r\u00e9cit de soi, tout comme de l&#8217;\u00e9criture de l\u2019Histoire, qui est \u00e9galement au c\u0153ur du projet de m\u00e9diactivisme qu\u2019ACT UP \u00e9labora, d\u00e8s ses d\u00e9buts, avec des exp\u00e9riences contre-t\u00e9l\u00e9visuelles collaboratives (DIVA TV, AIDS Community Television) ou d\u2019activisme culturel (Rosa von Praunheim). Enfin, cette programmation s\u2019attache au d\u00e9placement et \u00e0 la reformulation des rituels de deuil, envisag\u00e9s \u00e0 partir d\u2019une politisation des pratiques processionnelles : avec les s\u00e9pulcrales processions de Sothean Nhieim, ainsi qu\u2019en pr\u00e9sentant une importante archive (produite par le vid\u00e9aste James Wentzy), restituant les\u00a0 \u00ab Ashes actions \u00bb et les\u00a0 Fun\u00e9railles politiques, \u00ab imagin\u00e9es \u00bb et appel\u00e9es de ses v\u0153ux par par le plasticien, performer et \u00e9crivain David Wojnarowicz, mort du sida en 1992, actions publiques qui figurent parmi les plus belles\u00a0 d\u2019Act Up. Wojnarowicz, en compagnon de route du collectif Act up New York, souhaitant d\u00e9passer le caract\u00e8re priv\u00e9 des c\u00e9r\u00e9monies de deuil des morts du sida (et de sa propre mort incluse), th\u00e9orisa et imagina des c\u00e9r\u00e9monies violentes, bouleversantes et th\u00e9\u00e2trales, comme irruption spectaculaire de la probl\u00e9matique du sida dans l\u2019espace public. A l\u2019unisson de la critique de la binarit\u00e9 moderniste espace public\/priv\u00e9, \u00e9manant notamment des g\u00e9ographes f\u00e9ministes postmodernes telles que Barbara Hooper, les spatialit\u00e9s queer des ann\u00e9es 90, li\u00e9es \u00e0 l\u2019activisme culturel contre le sida, ont entrevu la manifestation comme site radical de contre-g\u00e9ographie.<\/p>\n<div align=\"right\"><strong>Aliocha Imhoff et Kantuta Quiros<\/strong><\/div>\n<p><strong><span style=\"font-size: large;\">Remerciements<\/span><\/strong> Beatriz\u00a0<span style=\"line-height: 1.5em;\">Preciado, Nad\u00e8ge Piton, Erik Noulette, Climage (St\u00e9phane Go\u00ebl), Rosa von\u00a0<\/span><span style=\"line-height: 1.5em;\">Praunheim et Markus Tiarks, Arthaus Musik GmbH (Am\u00e9lie Brune), DV8\u00a0<\/span><span style=\"line-height: 1.5em;\">Physical Theatre (Amy Jane Clewes), Christophe Bichon, Documentaire sur\u00a0<\/span><span style=\"line-height: 1.5em;\">Grand Ecran (Laurence Conan), Compagnie des Phares et Balises (Irad\u00a0<\/span><span style=\"line-height: 1.5em;\">Sachs, Emmanuelle Viard), Frameline (Sarah Deragon), Sophie Baranes, Jim\u00a0<\/span><span style=\"line-height: 1.5em;\">Hubbard, James Wentzy,\u00a0 Daniello Cacace, Sothean Nhieim, Lionel Soukaz,\u00a0<\/span><span style=\"line-height: 1.5em;\">Marion Scemama, Fran\u00e7ois Pain.<\/span>[\/vc_column_text][\/vc_column][\/vc_row]","protected":false},"excerpt":{"rendered":"<p>2011<br \/>\nCentre d&#8217;art contemporain Transpalette, Bourges<\/p>\n","protected":false},"author":1,"featured_media":1998,"parent":0,"menu_order":0,"comment_status":"closed","ping_status":"closed","template":"page-left-sidebar-parents.php","meta":{"footnotes":""},"categories":[41,31],"tags":[14],"class_list":{"0":"post-309","1":"page","2":"type-page","3":"status-publish","4":"has-post-thumbnail","6":"category-2010-2014","7":"category-curating","8":"tag-archives"},"aioseo_notices":[],"_links":{"self":[{"href":"https:\/\/www.lepeuplequimanque.org\/en\/wp-json\/wp\/v2\/pages\/309","targetHints":{"allow":["GET"]}}],"collection":[{"href":"https:\/\/www.lepeuplequimanque.org\/en\/wp-json\/wp\/v2\/pages"}],"about":[{"href":"https:\/\/www.lepeuplequimanque.org\/en\/wp-json\/wp\/v2\/types\/page"}],"author":[{"embeddable":true,"href":"https:\/\/www.lepeuplequimanque.org\/en\/wp-json\/wp\/v2\/users\/1"}],"replies":[{"embeddable":true,"href":"https:\/\/www.lepeuplequimanque.org\/en\/wp-json\/wp\/v2\/comments?post=309"}],"version-history":[{"count":0,"href":"https:\/\/www.lepeuplequimanque.org\/en\/wp-json\/wp\/v2\/pages\/309\/revisions"}],"wp:featuredmedia":[{"embeddable":true,"href":"https:\/\/www.lepeuplequimanque.org\/en\/wp-json\/wp\/v2\/media\/1998"}],"wp:attachment":[{"href":"https:\/\/www.lepeuplequimanque.org\/en\/wp-json\/wp\/v2\/media?parent=309"}],"wp:term":[{"taxonomy":"category","embeddable":true,"href":"https:\/\/www.lepeuplequimanque.org\/en\/wp-json\/wp\/v2\/categories?post=309"},{"taxonomy":"post_tag","embeddable":true,"href":"https:\/\/www.lepeuplequimanque.org\/en\/wp-json\/wp\/v2\/tags?post=309"}],"curies":[{"name":"wp","href":"https:\/\/api.w.org\/{rel}","templated":true}]}}