{"id":313,"date":"2011-10-26T22:57:41","date_gmt":"2011-10-26T21:57:41","guid":{"rendered":"https:\/\/www.lepeuplequimanque.org\/immune\/projection1"},"modified":"2024-03-05T20:04:46","modified_gmt":"2024-03-05T19:04:46","slug":"projection1","status":"publish","type":"page","link":"https:\/\/www.lepeuplequimanque.org\/en\/immune\/projection1\/","title":{"rendered":"Cin\u00e9forum IM\/MUNE, 23 novembre 2011"},"content":{"rendered":"<p><span style=\"font-size: large;\">Cin\u00e9-forum, 23 novembre 2011, 20h30<\/span><br \/>\n<strong>en pr\u00e9sence de Sothean Nhiem, cin\u00e9aste<\/strong><\/p>\n<p>&nbsp;<\/p>\n<div align=\"justify\">\n<p><span style=\"font-size: medium;\"><strong><em>1er Decembre 1994 (Marche contre le Sida)<\/em> de Sothean Nhieim<\/strong> (France, Super 8, 13&#8242;)<\/span><\/p>\n<p><img decoding=\"async\" class=\"alignright\" title=\"1er Decembre 1994 (Marche contre le Sida) de Sothean Nhieim \" src=\"https:\/\/www.lepeuplequimanque.org\/wp-content\/gallery\/immune\/thumbs\/thumbs_sothean-nhiem.jpg\" alt=\"sothean-nhiem.jpg\" align=\"right\" \/>Sothean Nhieim filme en Super 8 depuis 1979 avec une r\u00e9gularit\u00e9 ponctuelle chaque marche gaie, chaque manifestation contre le sida et chaque c\u00e9r\u00e9monie khm\u00e8re \u00e0 Paris\u2026\u201dL\u2019oeuvre de Sothean Nhieim se trouve au croisement de deux des grandes catastrophes du XX \u00e8me si\u00e8cle : le g\u00e9nocide du people Cambodgien par les Khmers rouges ; l\u2019envahissement du monde par le virus du sida. De sorte que chaque film s\u2019enl\u00e8ve sur un fond de deuil g\u00e9n\u00e9ralis\u00e9 et que le cin\u00e9ma prend sens \u00e0 faire travailler \u00e0 plein ses puissances d\u2019apparition\u201d (Nicole Brenez)<br \/>\nLes \u00e9motions des marcheurs semblant comme palpables \u00e0 l\u2019ext\u00e9rieur, ce qui \u00e9treint le c\u0153ur dans la splendeur triste et glac\u00e9e de cette marche nocturne, c\u2019est que la ville ne parle plus que de \u00e7a.<\/p>\n<p><span style=\"font-size: medium;\"><strong><em>Tongues Untied<\/em> de Marlon Riggs<\/strong> (1990, 55 min)<\/span><\/p>\n<p><a title=\"Tongues Untied de Marlon Riggs \" href=\"https:\/\/www.lepeuplequimanque.org\/wp-content\/gallery\/immune\/marlon-riggs-tongues-untied-1.jpg\" rel=\"prettyPhoto[gallery-VwCh]\"><img decoding=\"async\" class=\"alignright\" title=\"Tongues Untied de Marlon Riggs \" src=\"https:\/\/www.lepeuplequimanque.org\/wp-content\/gallery\/immune\/thumbs\/thumbs_marlon-riggs-tongues-untied-1.jpg\" alt=\"marlon-riggs-tongues-untied-1.jpg\" align=\"right\" \/><\/a>\u00ab Des hommes noirs aimant des hommes est l\u2019acte r\u00e9volutionnaire \u00bb, est-il dit dans \u00ab Tongues untied \u00bb (Langues d\u00e9li\u00e9es), chef-d&#8217;oeuvre r\u00e9alis\u00e9 en 1990 par le cin\u00e9aste, po\u00e8te, et activiste afro-am\u00e9ricain Marlon Riggs, mort du sida en 1994, et figure phare du new black queer cinema. Il y est question de l\u2019appartenance \u00e0 l\u2019identit\u00e9 noire et \u00e0 l\u2019identit\u00e9 gaie et de la difficult\u00e9 de se repr\u00e9senter dans une exp\u00e9rience qui est pens\u00e9e comme contradictoire. \u00ab J\u2019\u00e9tais un homme invisible, je n\u2019avais ni ombre, ni substance, ni place, ni histoire, ni reflet \u00bb.\u00a0 Dans ce film \u00e0 la beaut\u00e9 chorale et incantatoire, variation sur le th\u00e8me du silence\u00a0 et de l&#8217;agir, les personnages se trouvent tous exil\u00e9s d\u2019eux-m\u00eames. Les r\u00e9cits qui s\u2019entrecroisent, entrem\u00eal\u00e9s \u00e0 des po\u00e8mes d\u2019Essex Hemphill, Steve Langley, Alan Miller, des chansons de Nina Simone ou de Roberta Flack, de performances rap issues des subcultures des ballrooms et du voguing, s\u2019affranchissent du mutisme, tissant une communaut\u00e9 d\u2019exp\u00e9rience et une communaut\u00e9 d\u2019action. (Kantuta Quiros &amp; Aliocha Imhoff)<\/p>\n<\/div>\n<p><span style=\"font-size: medium;\"><strong><em>The Bus Trip To Washington 21.6.1989<\/em> de Nelson Sullivan<\/strong> (1989, 35 min)<\/span><\/p>\n<div align=\"justify\"><em><a title=\"The Bus Trip To Washington 21.6.1989 de Nelson Sullivan\" href=\"https:\/\/www.lepeuplequimanque.org\/wp-content\/gallery\/immune\/thebustriptowashington-de-nelson-sullivan.jpg\" rel=\"prettyPhoto[gallery-VwCh]\"><img decoding=\"async\" class=\"alignright\" title=\"The Bus Trip To Washington 21.6.1989 de Nelson Sullivan\" src=\"https:\/\/www.lepeuplequimanque.org\/wp-content\/gallery\/immune\/thumbs\/thumbs_thebustriptowashington-de-nelson-sullivan.jpg\" alt=\"thebustriptowashington-de-nelson-sullivan.jpg\" align=\"right\" \/><\/a><\/em>Nelson Sullivan, mort \u00e0 New York en 1989, a toujours film\u00e9 les personnes et les \u00e9v\u00e9nements de son entourage. Pionnier m\u00e9connu de la vid\u00e9o, Nelson Sullivan nous livre une nouvelle sorte de journal film\u00e9, d\u00e9lirant et teint\u00e9e d&#8217;une ironie mordante. Mouvements sociaux gays, nightclubbing ann\u00e9es 80, le New York du Lower East Side, mais aussi explosion du sida (dont Sullivan est probablement mort en 1989), la toile de fond des films joue souvent le premier r\u00f4le. Son style se caract\u00e9rise par une grande ma\u00eetrise de sa cam\u00e9ra, qui lui permet de ne faire aucun travail de montage ou plut\u00f4t de faire du tourn\u00e9\/mont\u00e9, tenant sa cam\u00e9ra \u00e0 bout de bras, l&#8217;objectif grand angle point\u00e9 sur lui, il d\u00e9ambule parmi les \u00e9v\u00e9nements tout en les commentant. Concert d\u00e9lirant, rencontres avec de fortes personnalit\u00e9s, auto-d\u00e9rision constante, le petit th\u00e9\u00e2tre o\u00f9 il \u00e9volue vaut en effet le d\u00e9tour, mais la repr\u00e9sentation permanente vient parfois se charger d&#8217;\u00e9motion. <br \/>\nLorsque son amie Christina d\u00e9c\u00e8de, Sullivan fait du voyage en bus pour la Gay Pride un hommage inattendu, son spleen venant contrebalancer les festivit\u00e9s (<em>A bus trip to Washington<\/em>). On ne peut s&#8217;emp\u00eacher de penser au travail de Nan Goldin sur son entourage, ce n\u00e9cessaire lien entre survie et cr\u00e9ation. Nelson filme ce qu&#8217;il vit car il filme comme il vit, et en m\u00eame temps, il vit pour filmer.<\/div>","protected":false},"excerpt":{"rendered":"<p>Cin\u00e9-forum, 23 novembre 2011, 20h30 en pr\u00e9sence de Sothean Nhiem, cin\u00e9aste &nbsp; 1er Decembre 1994 (Marche contre le&#8230;<\/p>\n","protected":false},"author":1,"featured_media":0,"parent":309,"menu_order":2,"comment_status":"closed","ping_status":"closed","template":"page-left-sidebar-parents.php","meta":{"footnotes":""},"categories":[],"tags":[],"class_list":["post-313","page","type-page","status-publish"],"aioseo_notices":[],"_links":{"self":[{"href":"https:\/\/www.lepeuplequimanque.org\/en\/wp-json\/wp\/v2\/pages\/313","targetHints":{"allow":["GET"]}}],"collection":[{"href":"https:\/\/www.lepeuplequimanque.org\/en\/wp-json\/wp\/v2\/pages"}],"about":[{"href":"https:\/\/www.lepeuplequimanque.org\/en\/wp-json\/wp\/v2\/types\/page"}],"author":[{"embeddable":true,"href":"https:\/\/www.lepeuplequimanque.org\/en\/wp-json\/wp\/v2\/users\/1"}],"replies":[{"embeddable":true,"href":"https:\/\/www.lepeuplequimanque.org\/en\/wp-json\/wp\/v2\/comments?post=313"}],"version-history":[{"count":0,"href":"https:\/\/www.lepeuplequimanque.org\/en\/wp-json\/wp\/v2\/pages\/313\/revisions"}],"up":[{"embeddable":true,"href":"https:\/\/www.lepeuplequimanque.org\/en\/wp-json\/wp\/v2\/pages\/309"}],"wp:attachment":[{"href":"https:\/\/www.lepeuplequimanque.org\/en\/wp-json\/wp\/v2\/media?parent=313"}],"wp:term":[{"taxonomy":"category","embeddable":true,"href":"https:\/\/www.lepeuplequimanque.org\/en\/wp-json\/wp\/v2\/categories?post=313"},{"taxonomy":"post_tag","embeddable":true,"href":"https:\/\/www.lepeuplequimanque.org\/en\/wp-json\/wp\/v2\/tags?post=313"}],"curies":[{"name":"wp","href":"https:\/\/api.w.org\/{rel}","templated":true}]}}