{"id":316,"date":"2011-10-26T23:25:38","date_gmt":"2011-10-26T22:25:38","guid":{"rendered":"https:\/\/www.lepeuplequimanque.org\/immune\/generale"},"modified":"2024-03-05T20:05:24","modified_gmt":"2024-03-05T19:05:24","slug":"generale","status":"publish","type":"page","link":"https:\/\/www.lepeuplequimanque.org\/en\/immune\/generale\/","title":{"rendered":"IM\/MUNE &#8211; Pr\u00e9sentation g\u00e9n\u00e9rale"},"content":{"rendered":"[vc_row type=&#8221;in_container&#8221; full_screen_row_position=&#8221;middle&#8221; column_margin=&#8221;default&#8221; column_direction=&#8221;default&#8221; column_direction_tablet=&#8221;default&#8221; column_direction_phone=&#8221;default&#8221; scene_position=&#8221;center&#8221; top_margin=&#8221;3%&#8221; text_color=&#8221;dark&#8221; text_align=&#8221;left&#8221; row_border_radius=&#8221;none&#8221; row_border_radius_applies=&#8221;bg&#8221; overflow=&#8221;visible&#8221; overlay_strength=&#8221;0.3&#8243; gradient_direction=&#8221;left_to_right&#8221; shape_divider_position=&#8221;bottom&#8221; bg_image_animation=&#8221;none&#8221; gradient_type=&#8221;default&#8221; shape_type=&#8221;&#8221;][vc_column column_padding=&#8221;no-extra-padding&#8221; column_padding_tablet=&#8221;inherit&#8221; column_padding_phone=&#8221;inherit&#8221; column_padding_position=&#8221;all&#8221; column_element_direction_desktop=&#8221;default&#8221; column_element_spacing=&#8221;default&#8221; desktop_text_alignment=&#8221;default&#8221; tablet_text_alignment=&#8221;default&#8221; phone_text_alignment=&#8221;default&#8221; background_color_opacity=&#8221;1&#8243; background_hover_color_opacity=&#8221;1&#8243; column_backdrop_filter=&#8221;none&#8221; column_shadow=&#8221;none&#8221; column_border_radius=&#8221;none&#8221; column_link_target=&#8221;_self&#8221; column_position=&#8221;default&#8221; gradient_direction=&#8221;left_to_right&#8221; overlay_strength=&#8221;0.3&#8243; width=&#8221;1\/1&#8243; tablet_width_inherit=&#8221;default&#8221; animation_type=&#8221;default&#8221; bg_image_animation=&#8221;none&#8221; border_type=&#8221;simple&#8221; column_border_width=&#8221;none&#8221; column_border_style=&#8221;solid&#8221;][vc_column_text]\u00a0<\/p>\n<p>IM\/MUNE<br \/>\n<strong>ART, ACTIVISM AND BIOPOLITICS<\/strong><br \/>\n<a href=\"https:\/\/bodyhacking.fr\/\" target=\"_blank\" rel=\"noopener\">https:\/\/bodyhacking.fr\/<\/a><\/p>\n<div align=\"center\"><a title=\"Pedro Lemebel, 1992\" href=\"https:\/\/www.lepeuplequimanque.org\/wp-content\/gallery\/immune\/pedro-lemebel.jpg\" rel=\"prettyPhoto[gallery-900l]\"><img decoding=\"async\" style=\"width: 547px; height: 365px;\" title=\"Pedro Lemebel, 1992\" src=\"https:\/\/www.lepeuplequimanque.org\/wp-content\/gallery\/immune\/pedro-lemebel.jpg\" alt=\"pedro-lemebel.jpg\" \/><\/a><\/div>\n<p align=\"justify\">IMMUNE takes as its subject the art practices and the new field of activism emerging out the mobilization against biopolitical management of AIDS and HIV- positive bodies and subjectivities from the 1980s to contemporary movements.<\/p>\n<div align=\"justify\">\u00a0<\/div>\n<p align=\"justify\">The notion of \u201cbiopolitics\u201d used by Foucault in 1975 to think of the processes of management of life and the \u201cgovernment of free bodies\u201d in disciplinary regimes takes a new meaning with the emergency of AIDS. If, as Foucault argues, every power regime constructs a specific sick body, a technique of management of life and death within the space of the city, and a utopia of national and political immunity, what is, after the plague and syphilis, the form of power that characterizes the society of AIDS ?<br \/>\nHow can art fight biotechnological, media and political constructions of immunity? Shall we articulate political representation around the difference between HIV-positive and HIV-negative bodies or shall we rather redefine notions of health and immunity? How to think otherwise the common body? What are the racial, gender and sexual norms imposed by the political and aesthetic model of the immune body? What are the immunity lessons that the feminist, gay, queer, trans and crip movements can take from AIDS artivism? How to redefine body and life beyond the biopolitical normative ideals of national, racial, sexual and gender immunity ?<br \/>\nIn a period of mutation of techniques of management of life, IM\/MUNE seeks to develop a new grammar to understand the contemporary production of health bodies and sexualities as well as to develop new cultural and micropolitical strategies of mobilization not only against the epidemic but also against its political ideal of immunity.<\/p>\n<div align=\"justify\">\u00a0<\/div>\n<p align=\"justify\">AIDS, ART AND ACTIVISM : IMMUNITY LESSONS<\/p>\n<div align=\"justify\">\u00a0<\/div>\n<p align=\"justify\">The 80\u2032s are often perceived as the end of a revolutionary period that had shook the West since May 68: the decline of the movements of social emancipation and the crumbling of Marxist utopia made way for a neoliberal democratic consensus, within which economic growth would substitute itself for ideological opposition. But the 80s were also the years of the invention of AIDS: an unprecedented period of intensification of the biopolitical management of the body and sexuality, but also a time of invention of new strategies of fight and resistance against normalization.<br \/>\nAIDS is the first epidemics of global neoliberalism: the first to be constructed simultaneously by media and pharmaceutical companies.<br \/>\nBeginning in 1981, the images of the first patients of Karposi\u2019s Sarcoma appeared on TV represented as suffering from GRID syndrome (Gay Related Immune Deficiency Syndrome). Medical and media narratives drew a normative cartography where national, sexual, and political boundaries had be protected against new biopolitical figures threatening the immunity of society : the primate, Africa, the Haitian body, the homosexual, the prostitute, the junkie \u2026 Between 1983 and 1984, the team of the Institute Pasteur and doctor Robert Gallo announced they had isolated and identified the acquired Human Immunodeficiency Virus (HIV). The discourses on viral contamination and prevention overlapped with normative discourses on sexual and racial identity. Blood, sperm, saliva, skin, and the anus became new biopolitical signifiers within the programs of public health management and in the representations of popular culture.<br \/>\nOn the other hand, Gay Men Health Crisis, ACT UP, AIDES, and The Sisters of the Perpetual Indulgence started to question the governmental management, as well as the medical practices, and media discourses around the AIDS pandemic. Artists such as Larry Kramer, Gran Fury, Fierce Pussy, Keith Harring, David Wojnarowicz, Ron Athey, General Idea, Felix Gonzalez-Torres\u2026developed new techniques of intervention within the social and political representations of AIDS, as well as performative strategies for production of visibility within the public sphere. Slogans \u201cNO MORE IMAGE WITHOUT CONTEXT \u201d and \u201d SILENCE = DEATH \u201d tried to fight against what was already operating as a\u201d epidemic of meaning \u201c. The fight for life became the fight for cultural representation and access to knowledge (A2K). \u201cCultural activism \u201c, according to the expression of Douglas Crimp, was born.<br \/>\nTogether with performative techniques of intervention within the public space, a new form of \u201cpharmacological activism\u201d developed: by criticizing clinical trials, the activists pointed to the ethical necessity of free access to AZT. Pharmaco-activism invented new ways of producing scientific knowledge, of representing and constructing the HIV-positive body as alive. Artists and activists broke with charitable models of medical care and personal fulfillment that until then dominated patients\u2019 movements. Instead, their borrowed political models of action from the anti- Vietnam War, the feminist and sexual liberation movements. Beyond providing<br \/>\nassistance and help, they denounced the political, scientific, social and economic construction of the disease.<br \/>\nAIDS Artists and activists provoked an epistemological turn which shall mark the micropolitical history of the twentieth century: refusing the patients\u2019 position, they defined themselves as experts and users of the health system, they took part in the production of scientific knowledge and question clinical trials. They used artistic and literary practices to open a space where criticism of the social and sexual norms, prevention and survival practices, mourning and pleasure could be articulated.<br \/>\nArtivism proposed a counter-definition of the immune body, but also of health and survival.<br \/>\nIn the 90s, the pharmacological production and marketing of antiretrovirals modified not only the chances of survival, but also the biopolitical construction of the HIV-positive body along lines of class, gender, race, sexuality and geopolitical location. But the epidemic did not construct the same body in Europe, in China or in Africa.<br \/>\nArtist and activist worked together to invent new micropolitical strategies of contestation and resistance which for the first time answered to the conditions of production of healthy and sick bodies in then context of global neoliberal capitalism: defense of an activist knowledge over scientific experts\u2019 knowledge, production of alternative representations of HIV-positive bodies and subjectivities, use advertising techniques and marketing to intervene in the public sphere, sabotage of pharmaceutical protocols, infiltration of mass media and development of meta-media, displacement from identity politics to body politics, questioning of the intellectual property system and pharmacological copyright regimes, democratic control of the production and commercialization of drugs at low prices\u2026<br \/>\nThis was just the beginning of an international antiretroviral revolution.<br \/>\nIn France, the tension between the imposition of condom use and the practice of bare-backing, between prophylaxis and sero-pride, between penalization of contamination and the radical defense of \u201csexual freedom,\u201d between responsibility and resistance crystallized in the antagonism between Act Up and the writer<br \/>\nGuillaume Dustan. Meanwhile, a change of pharmacological model was taking place that would come to transform the terms of the debate.<br \/>\nThe possibility o<br \/>\nf preventive treatment with antiretrovirals limiting horizontal HIV transmission is the center of the medical, pharmaceutical and economic debates today. In the 2000\u2032s, the new antiretroviral treatments operate at least on two levels : on one hand, they protect the immunity of the HIV-positive body; on the other hand, they are pharmacological tools of prevention allowing the HIV-positive body not to further pass on the virus.<br \/>\nWe are moving from a model of orthopedic prophylaxis (condom use)\u00a0 towards a model of global pharmacological prevention. At the same time, the traditional management of \u201ccontaminating bodies\u201d and \u201crisk practices\u201d is being displaced by a new (utopian\/dystopian) management of global immunity. But what was is immunity and how should it be protected?<\/p>\n<div align=\"justify\">\u00a0<\/div>\n<p align=\"justify\"><strong>B\u00e9atriz Pr\u00e9ciado<\/strong><\/p>\n[\/vc_column_text][\/vc_column][\/vc_row]","protected":false},"excerpt":{"rendered":"<p>[vc_row type=&#8221;in_container&#8221; full_screen_row_position=&#8221;middle&#8221; column_margin=&#8221;default&#8221; column_direction=&#8221;default&#8221; column_direction_tablet=&#8221;default&#8221; column_direction_phone=&#8221;default&#8221; scene_position=&#8221;center&#8221; top_margin=&#8221;3%&#8221; text_color=&#8221;dark&#8221; text_align=&#8221;left&#8221; row_border_radius=&#8221;none&#8221; row_border_radius_applies=&#8221;bg&#8221; overflow=&#8221;visible&#8221; overlay_strength=&#8221;0.3&#8243; gradient_direction=&#8221;left_to_right&#8221; shape_divider_position=&#8221;bottom&#8221; bg_image_animation=&#8221;none&#8221;&#8230;<\/p>\n","protected":false},"author":1,"featured_media":0,"parent":309,"menu_order":5,"comment_status":"closed","ping_status":"closed","template":"page-left-sidebar-parents.php","meta":{"footnotes":""},"categories":[],"tags":[],"class_list":["post-316","page","type-page","status-publish"],"aioseo_notices":[],"_links":{"self":[{"href":"https:\/\/www.lepeuplequimanque.org\/en\/wp-json\/wp\/v2\/pages\/316","targetHints":{"allow":["GET"]}}],"collection":[{"href":"https:\/\/www.lepeuplequimanque.org\/en\/wp-json\/wp\/v2\/pages"}],"about":[{"href":"https:\/\/www.lepeuplequimanque.org\/en\/wp-json\/wp\/v2\/types\/page"}],"author":[{"embeddable":true,"href":"https:\/\/www.lepeuplequimanque.org\/en\/wp-json\/wp\/v2\/users\/1"}],"replies":[{"embeddable":true,"href":"https:\/\/www.lepeuplequimanque.org\/en\/wp-json\/wp\/v2\/comments?post=316"}],"version-history":[{"count":0,"href":"https:\/\/www.lepeuplequimanque.org\/en\/wp-json\/wp\/v2\/pages\/316\/revisions"}],"up":[{"embeddable":true,"href":"https:\/\/www.lepeuplequimanque.org\/en\/wp-json\/wp\/v2\/pages\/309"}],"wp:attachment":[{"href":"https:\/\/www.lepeuplequimanque.org\/en\/wp-json\/wp\/v2\/media?parent=316"}],"wp:term":[{"taxonomy":"category","embeddable":true,"href":"https:\/\/www.lepeuplequimanque.org\/en\/wp-json\/wp\/v2\/categories?post=316"},{"taxonomy":"post_tag","embeddable":true,"href":"https:\/\/www.lepeuplequimanque.org\/en\/wp-json\/wp\/v2\/tags?post=316"}],"curies":[{"name":"wp","href":"https:\/\/api.w.org\/{rel}","templated":true}]}}