{"id":325,"date":"2012-05-05T19:52:13","date_gmt":"2012-05-05T18:52:13","guid":{"rendered":"https:\/\/www.lepeuplequimanque.org\/ethnographe\/partenaires"},"modified":"2024-03-10T11:41:39","modified_gmt":"2024-03-10T10:41:39","slug":"partenaires","status":"publish","type":"page","link":"https:\/\/www.lepeuplequimanque.org\/en\/ethnographe\/partenaires\/","title":{"rendered":"The Artist as Ethnographer &#8211; Support and Staff"},"content":{"rendered":"[vc_row type=&#8221;in_container&#8221; full_screen_row_position=&#8221;middle&#8221; column_margin=&#8221;default&#8221; column_direction=&#8221;default&#8221; column_direction_tablet=&#8221;default&#8221; column_direction_phone=&#8221;default&#8221; scene_position=&#8221;center&#8221; text_color=&#8221;dark&#8221; text_align=&#8221;left&#8221; row_border_radius=&#8221;none&#8221; row_border_radius_applies=&#8221;bg&#8221; overflow=&#8221;visible&#8221; overlay_strength=&#8221;0.3&#8243; gradient_direction=&#8221;left_to_right&#8221; shape_divider_position=&#8221;bottom&#8221; bg_image_animation=&#8221;none&#8221;][vc_column column_padding=&#8221;no-extra-padding&#8221; column_padding_tablet=&#8221;inherit&#8221; column_padding_phone=&#8221;inherit&#8221; column_padding_position=&#8221;all&#8221; column_element_direction_desktop=&#8221;default&#8221; column_element_spacing=&#8221;default&#8221; desktop_text_alignment=&#8221;default&#8221; tablet_text_alignment=&#8221;default&#8221; phone_text_alignment=&#8221;default&#8221; background_color_opacity=&#8221;1&#8243; background_hover_color_opacity=&#8221;1&#8243; column_backdrop_filter=&#8221;none&#8221; column_shadow=&#8221;none&#8221; column_border_radius=&#8221;none&#8221; column_link_target=&#8221;_self&#8221; column_position=&#8221;default&#8221; gradient_direction=&#8221;left_to_right&#8221; overlay_strength=&#8221;0.3&#8243; width=&#8221;1\/1&#8243; tablet_width_inherit=&#8221;default&#8221; animation_type=&#8221;default&#8221; bg_image_animation=&#8221;none&#8221; border_type=&#8221;simple&#8221; column_border_width=&#8221;none&#8221; column_border_style=&#8221;solid&#8221;][nectar_global_section id=&#8221;3766&#8243;][\/vc_column][\/vc_row][vc_row type=&#8221;in_container&#8221; full_screen_row_position=&#8221;middle&#8221; column_margin=&#8221;default&#8221; column_direction=&#8221;default&#8221; column_direction_tablet=&#8221;default&#8221; column_direction_phone=&#8221;default&#8221; scene_position=&#8221;center&#8221; text_color=&#8221;dark&#8221; text_align=&#8221;left&#8221; row_border_radius=&#8221;none&#8221; row_border_radius_applies=&#8221;bg&#8221; overflow=&#8221;visible&#8221; overlay_strength=&#8221;0.3&#8243; gradient_direction=&#8221;left_to_right&#8221; shape_divider_position=&#8221;bottom&#8221; bg_image_animation=&#8221;none&#8221;][vc_column column_padding=&#8221;no-extra-padding&#8221; column_padding_tablet=&#8221;inherit&#8221; column_padding_phone=&#8221;inherit&#8221; column_padding_position=&#8221;all&#8221; column_element_direction_desktop=&#8221;default&#8221; column_element_spacing=&#8221;default&#8221; desktop_text_alignment=&#8221;default&#8221; tablet_text_alignment=&#8221;default&#8221; phone_text_alignment=&#8221;default&#8221; background_color_opacity=&#8221;1&#8243; background_hover_color_opacity=&#8221;1&#8243; column_backdrop_filter=&#8221;none&#8221; column_shadow=&#8221;none&#8221; column_border_radius=&#8221;none&#8221; column_link_target=&#8221;_self&#8221; column_position=&#8221;default&#8221; gradient_direction=&#8221;left_to_right&#8221; overlay_strength=&#8221;0.3&#8243; width=&#8221;1\/4&#8243; tablet_width_inherit=&#8221;default&#8221; animation_type=&#8221;default&#8221; bg_image_animation=&#8221;none&#8221; border_type=&#8221;simple&#8221; column_border_width=&#8221;none&#8221; column_border_style=&#8221;solid&#8221;][\/vc_column][vc_column column_padding=&#8221;no-extra-padding&#8221; column_padding_tablet=&#8221;inherit&#8221; column_padding_phone=&#8221;inherit&#8221; column_padding_position=&#8221;all&#8221; column_element_direction_desktop=&#8221;default&#8221; column_element_spacing=&#8221;default&#8221; desktop_text_alignment=&#8221;default&#8221; tablet_text_alignment=&#8221;default&#8221; phone_text_alignment=&#8221;default&#8221; background_color_opacity=&#8221;1&#8243; background_hover_color_opacity=&#8221;1&#8243; column_backdrop_filter=&#8221;none&#8221; column_shadow=&#8221;none&#8221; column_border_radius=&#8221;none&#8221; column_link_target=&#8221;_self&#8221; column_position=&#8221;default&#8221; gradient_direction=&#8221;left_to_right&#8221; overlay_strength=&#8221;0.3&#8243; width=&#8221;1\/2&#8243; tablet_width_inherit=&#8221;default&#8221; animation_type=&#8221;default&#8221; bg_image_animation=&#8221;none&#8221; border_type=&#8221;simple&#8221; column_border_width=&#8221;none&#8221; column_border_style=&#8221;solid&#8221;][vc_column_text]\n<p><span class=\"lieu\"><br \/>\nThe Artist as Ethnographer<\/span><\/p>\n<p><strong>Curators<\/strong> : Aliocha Imhoff, Morad Montazami, Kantuta Quir\u00f3s,<\/p>\n<p>Event produced by the curatorial platform <em><strong>Le peuple qui manque<\/strong><\/em> in partnership with <strong>Mus\u00e9e du quai Branly<\/strong> research &amp; cultural department, and <strong>Centre Pompidou<\/strong>, National Museum of Modern Art, film department. With the support of <strong>R\u00e9gion Ile de France<\/strong>.<\/p>\n<p><center><img decoding=\"async\" class=\"noborder\" src=\"https:\/\/www.lepeuplequimanque.org\/wp-content\/gallery\/ethnographe\/partenaires.jpg\" alt=\"Partenaires\" \/><\/center><\/p>\n<p><strong>Staff:<\/strong><br \/>\n<strong>Curators<\/strong> : Kantuta Quir\u00f3s, Aliocha Imhoff, Morad Montazami<br \/>\n<strong>Simultaneous translations : <\/strong>Yves Tixier, Cindy Schaller (English\/French), Lotte Arndt (German\/French)<strong><br \/>\nTranslations : <\/strong>Sophie Cras, Mireille Quiros, Marco-Antonio Quiros<strong><br \/>\nGraphic design (booklet) : <\/strong><span class=\"gD\">Elie Colistro<\/span><\/p>\n<p><strong>We would like to particularly thank<\/strong>:<\/p>\n<p><strong>mus\u00e9e du quai Branly<\/strong><br \/>\nSt\u00e9phane Martin<br \/>\n<strong>D\u00e9partement de la Recherche<\/strong><br \/>\nAnne-Christine Taylor-Descola<br \/>\nAnna Laban<br \/>\nEsthel Abitbol<br \/>\n<strong>D\u00e9partement du D\u00e9veloppement Culturel<\/strong><br \/>\nH\u00e9l\u00e8ne Fulgence<br \/>\n<strong>Service de l\u2019Auditorium<\/strong><br \/>\nMargot Chancerelle<br \/>\n<strong>Direction de la Communication<\/strong><br \/>\nNathalie Mercier<br \/>\nP\u00f4le Relations M\u00e9dias<br \/>\nMagali Vernet<br \/>\nLisa Veran<\/p>\n<p><strong>Centre Pompidou<\/strong><br \/>\nAlain Seban<br \/>\n<strong>Mus\u00e9e National d\u2019Art Moderne<\/strong><br \/>\nAlfred Pacquement<br \/>\n<strong>D\u00e9partement FILM<\/strong><br \/>\nPhilippe-Alain Michaud<br \/>\nNatalia Klanchar, Jonathan Pouthier, Isabelle RIbadeau-Dumas<\/p>\n<p><strong>La R\u00e9gion Ile-de-France<\/strong><br \/>\nJean-Paul Huchon<br \/>\n<strong>Unit\u00e9 Soci\u00e9t\u00e9\/Culture, Tourisme, sports, loisirs &#8211; Action culturelle et arts plastiques<\/strong><br \/>\nV\u00e9ronique Martin<\/p>\n<p><strong>Thanks :<\/strong> les artistes et intervenants, Pierre Laporte Communication (Laurence Vaugeois), Cinematrix (Haruka Hama), Gl\u00e4nta (G\u00f6ran Dahlberg), Clandestino Festival (Sarah Westin), Galerie Kamel Mennour (Amandine Fuhrmann), David Zwimer (Stephanie Stockbridge Erin Carroll, Maggie Bamberg), Human Studies Film Archives &#8211; Smithsonian Institution (Karma Foley et Daisy Njoku), Leiden University (Erik de Maaker, Patricia Spyer), Juan Carlos Bendana-Pinel, Jeonju International Film Festival (Ji-hoon JO, Jinna Lee), J\u00e9r\u00f4me Valton, le Bal (Fannie Escoulen, Jeanne Veilhard), Olivier Hadouchi, France Culture (Aude Lavigne), Christine Van Assche<\/p>\n<p>\u00a0[\/vc_column_text][\/vc_column][vc_column column_padding=&#8221;no-extra-padding&#8221; column_padding_tablet=&#8221;inherit&#8221; column_padding_phone=&#8221;inherit&#8221; column_padding_position=&#8221;all&#8221; column_element_direction_desktop=&#8221;default&#8221; column_element_spacing=&#8221;default&#8221; desktop_text_alignment=&#8221;default&#8221; tablet_text_alignment=&#8221;default&#8221; phone_text_alignment=&#8221;default&#8221; background_color_opacity=&#8221;1&#8243; background_hover_color_opacity=&#8221;1&#8243; column_backdrop_filter=&#8221;none&#8221; column_shadow=&#8221;none&#8221; column_border_radius=&#8221;none&#8221; column_link_target=&#8221;_self&#8221; column_position=&#8221;default&#8221; gradient_direction=&#8221;left_to_right&#8221; overlay_strength=&#8221;0.3&#8243; width=&#8221;1\/4&#8243; tablet_width_inherit=&#8221;default&#8221; animation_type=&#8221;default&#8221; bg_image_animation=&#8221;none&#8221; border_type=&#8221;simple&#8221; column_border_width=&#8221;none&#8221; column_border_style=&#8221;solid&#8221;][\/vc_column][\/vc_row]","protected":false},"excerpt":{"rendered":"<p>[vc_row type=&#8221;in_container&#8221; full_screen_row_position=&#8221;middle&#8221; column_margin=&#8221;default&#8221; column_direction=&#8221;default&#8221; column_direction_tablet=&#8221;default&#8221; column_direction_phone=&#8221;default&#8221; scene_position=&#8221;center&#8221; text_color=&#8221;dark&#8221; text_align=&#8221;left&#8221; row_border_radius=&#8221;none&#8221; row_border_radius_applies=&#8221;bg&#8221; overflow=&#8221;visible&#8221; overlay_strength=&#8221;0.3&#8243; gradient_direction=&#8221;left_to_right&#8221; shape_divider_position=&#8221;bottom&#8221; bg_image_animation=&#8221;none&#8221;][vc_column column_padding=&#8221;no-extra-padding&#8221;&#8230;<\/p>\n","protected":false},"author":1,"featured_media":0,"parent":323,"menu_order":0,"comment_status":"closed","ping_status":"closed","template":"page-no-sidebar.php","meta":{"footnotes":""},"categories":[],"tags":[],"class_list":["post-325","page","type-page","status-publish"],"aioseo_notices":[],"_links":{"self":[{"href":"https:\/\/www.lepeuplequimanque.org\/en\/wp-json\/wp\/v2\/pages\/325","targetHints":{"allow":["GET"]}}],"collection":[{"href":"https:\/\/www.lepeuplequimanque.org\/en\/wp-json\/wp\/v2\/pages"}],"about":[{"href":"https:\/\/www.lepeuplequimanque.org\/en\/wp-json\/wp\/v2\/types\/page"}],"author":[{"embeddable":true,"href":"https:\/\/www.lepeuplequimanque.org\/en\/wp-json\/wp\/v2\/users\/1"}],"replies":[{"embeddable":true,"href":"https:\/\/www.lepeuplequimanque.org\/en\/wp-json\/wp\/v2\/comments?post=325"}],"version-history":[{"count":0,"href":"https:\/\/www.lepeuplequimanque.org\/en\/wp-json\/wp\/v2\/pages\/325\/revisions"}],"up":[{"embeddable":true,"href":"https:\/\/www.lepeuplequimanque.org\/en\/wp-json\/wp\/v2\/pages\/323"}],"wp:attachment":[{"href":"https:\/\/www.lepeuplequimanque.org\/en\/wp-json\/wp\/v2\/media?parent=325"}],"wp:term":[{"taxonomy":"category","embeddable":true,"href":"https:\/\/www.lepeuplequimanque.org\/en\/wp-json\/wp\/v2\/categories?post=325"},{"taxonomy":"post_tag","embeddable":true,"href":"https:\/\/www.lepeuplequimanque.org\/en\/wp-json\/wp\/v2\/tags?post=325"}],"curies":[{"name":"wp","href":"https:\/\/api.w.org\/{rel}","templated":true}]}}