{"id":341,"date":"2013-04-06T16:58:27","date_gmt":"2013-04-06T15:58:27","guid":{"rendered":"https:\/\/www.lepeuplequimanque.org\/fais-un-effort\/revue-de-presse"},"modified":"2024-03-10T11:32:46","modified_gmt":"2024-03-10T10:32:46","slug":"revue-de-presse","status":"publish","type":"page","link":"https:\/\/www.lepeuplequimanque.org\/en\/fais-un-effort\/revue-de-presse\/","title":{"rendered":"Excerpts from the press review"},"content":{"rendered":"[vc_row type=&#8221;in_container&#8221; full_screen_row_position=&#8221;middle&#8221; column_margin=&#8221;default&#8221; column_direction=&#8221;default&#8221; column_direction_tablet=&#8221;default&#8221; column_direction_phone=&#8221;default&#8221; scene_position=&#8221;center&#8221; text_color=&#8221;dark&#8221; text_align=&#8221;left&#8221; row_border_radius=&#8221;none&#8221; row_border_radius_applies=&#8221;bg&#8221; overflow=&#8221;visible&#8221; overlay_strength=&#8221;0.3&#8243; gradient_direction=&#8221;left_to_right&#8221; shape_divider_position=&#8221;bottom&#8221; bg_image_animation=&#8221;none&#8221;][vc_column column_padding=&#8221;no-extra-padding&#8221; column_padding_tablet=&#8221;inherit&#8221; column_padding_phone=&#8221;inherit&#8221; column_padding_position=&#8221;all&#8221; column_element_direction_desktop=&#8221;default&#8221; column_element_spacing=&#8221;default&#8221; desktop_text_alignment=&#8221;default&#8221; tablet_text_alignment=&#8221;default&#8221; phone_text_alignment=&#8221;default&#8221; background_color_opacity=&#8221;1&#8243; background_hover_color_opacity=&#8221;1&#8243; column_backdrop_filter=&#8221;none&#8221; column_shadow=&#8221;none&#8221; column_border_radius=&#8221;none&#8221; column_link_target=&#8221;_self&#8221; column_position=&#8221;default&#8221; gradient_direction=&#8221;left_to_right&#8221; overlay_strength=&#8221;0.3&#8243; width=&#8221;1\/1&#8243; tablet_width_inherit=&#8221;default&#8221; animation_type=&#8221;default&#8221; bg_image_animation=&#8221;none&#8221; border_type=&#8221;simple&#8221; column_border_width=&#8221;none&#8221; column_border_style=&#8221;solid&#8221;][nectar_global_section id=&#8221;3763&#8243;][\/vc_column][\/vc_row][vc_row type=&#8221;in_container&#8221; full_screen_row_position=&#8221;middle&#8221; column_margin=&#8221;default&#8221; column_direction=&#8221;default&#8221; column_direction_tablet=&#8221;default&#8221; column_direction_phone=&#8221;default&#8221; scene_position=&#8221;center&#8221; text_color=&#8221;dark&#8221; text_align=&#8221;left&#8221; row_border_radius=&#8221;none&#8221; row_border_radius_applies=&#8221;bg&#8221; overflow=&#8221;visible&#8221; overlay_strength=&#8221;0.3&#8243; gradient_direction=&#8221;left_to_right&#8221; shape_divider_position=&#8221;bottom&#8221; bg_image_animation=&#8221;none&#8221;][vc_column column_padding=&#8221;no-extra-padding&#8221; column_padding_tablet=&#8221;inherit&#8221; column_padding_phone=&#8221;inherit&#8221; column_padding_position=&#8221;all&#8221; column_element_direction_desktop=&#8221;default&#8221; column_element_spacing=&#8221;default&#8221; desktop_text_alignment=&#8221;default&#8221; tablet_text_alignment=&#8221;default&#8221; phone_text_alignment=&#8221;default&#8221; background_color_opacity=&#8221;1&#8243; background_hover_color_opacity=&#8221;1&#8243; column_backdrop_filter=&#8221;none&#8221; column_shadow=&#8221;none&#8221; column_border_radius=&#8221;none&#8221; column_link_target=&#8221;_self&#8221; column_position=&#8221;default&#8221; gradient_direction=&#8221;left_to_right&#8221; overlay_strength=&#8221;0.3&#8243; width=&#8221;1\/4&#8243; tablet_width_inherit=&#8221;default&#8221; animation_type=&#8221;default&#8221; bg_image_animation=&#8221;none&#8221; border_type=&#8221;simple&#8221; column_border_width=&#8221;none&#8221; column_border_style=&#8221;solid&#8221;][\/vc_column][vc_column column_padding=&#8221;no-extra-padding&#8221; column_padding_tablet=&#8221;inherit&#8221; column_padding_phone=&#8221;inherit&#8221; column_padding_position=&#8221;all&#8221; column_element_direction_desktop=&#8221;default&#8221; column_element_spacing=&#8221;default&#8221; desktop_text_alignment=&#8221;default&#8221; tablet_text_alignment=&#8221;default&#8221; phone_text_alignment=&#8221;default&#8221; background_color_opacity=&#8221;1&#8243; background_hover_color_opacity=&#8221;1&#8243; column_backdrop_filter=&#8221;none&#8221; column_shadow=&#8221;none&#8221; column_border_radius=&#8221;none&#8221; column_link_target=&#8221;_self&#8221; column_position=&#8221;default&#8221; gradient_direction=&#8221;left_to_right&#8221; overlay_strength=&#8221;0.3&#8243; width=&#8221;1\/2&#8243; tablet_width_inherit=&#8221;default&#8221; animation_type=&#8221;default&#8221; bg_image_animation=&#8221;none&#8221; border_type=&#8221;simple&#8221; column_border_width=&#8221;none&#8221; column_border_style=&#8221;solid&#8221;][vc_column_text]<strong><span style=\"font-size: medium;\"> Excerpts <span style=\"font-size: medium;\">from the press review<\/span> <\/span><\/strong><br \/>\nThis page is presenting excepts from the press review of the exhibition<br \/>\n&#8220;\u00ab Make an effort to remember. Or, failling that, invent. \u00bb&#8221; &#8211; Betonsalon, Paris 2013<\/p>\n<p><strong>Articles to read (French)<\/strong>:<\/p>\n<p>&#8211; <a href=\"https:\/\/www.microcassandre.org\/2013\/03\/invente-toi-toi-meme\/\" target=\"_blank\" rel=\"noopener\">Cassandre \/ <em>Invente-toi toi-m\u00eame<\/em> par Samuel Wahl<\/a><\/p>\n<p>&#8211; <a href=\"https:\/\/lunettesrouges.blog.lemonde.fr\/2013\/01\/29\/la-resurrection-de-justine-frank-et-autres-histoires\/\" target=\"_blank\" rel=\"noopener\">Le Monde.fr \/ Amateur d&#8217;art &#8211; Lunettes Rouges<br \/>\n<em> La r\u00e9surrection de Justine Frank et autres histoires<\/em> par Marc Lenot <\/a><\/p>\n<p>&#8211; <a title=\"Les Inrockuptibles du 16\/03\/2013 \/ Entretien par Claire Moul\u00e8ne\" href=\"https:\/\/www.lepeuplequimanque.org\/wp-content\/gallery\/herstory\/entretien-par-claire-moulene-les-inrocks.jpg\" rel=\"prettyPhoto[gallery-xcYe]\">Les Inrockuptibles du 16\/03\/2013 \/ Entretien par Claire Moul\u00e8ne<\/a><\/p>\n<p>&#8211; <a href=\"https:\/\/www.lepeuplequimanque.org\/en\/fais-un-effort\/revue-de-presse\/nouvelobs\">NouvelObs \/ Blog F\u00e9ministes en tous genres<br \/>\nLong entretien avec Kantuta Quiros &amp; Aliocha Imhoff<\/a><\/p>\n<p>&#8211; <a title=\"Artpress n\u00b0399 \/ Article par Raphael Cuir\" href=\"https:\/\/www.lepeuplequimanque.org\/wp-content\/gallery\/herstory\/artpress399-article-betonsalon-sd.jpg\" rel=\"prettyPhoto[gallery-xcYe]\">Artpress n\u00b0399 \/ Article par Raphael Cuir<\/a><\/p>\n<p>&#8211; <a href=\"https:\/\/mouvement.net\/agenda\/ou-sont-les-femmes\" target=\"_blank\" rel=\"noopener\">Mouvement \/ O\u00f9 sont les femmes<\/a><\/p>\n<p><strong>Radio \/ TV<\/strong>:<\/p>\n<p>&#8211; <a href=\"https:\/\/cherie25.fr\/programmes-4270\/programmetv\/episode\/17257-emission-du-05-03-13.html\" target=\"_blank\" rel=\"noopener\">Ch\u00e9rie 25 (TV) &#8211; Si vous voulez mon avis pr\u00e9sent\u00e9 par Isabelle Motrot \/ Emission du 05\/03\/13<\/a><\/p>\n<p>&#8211; France Culture &#8211; &#8220;Pas la peine de crier&#8221; \u00e9mission de Marie Richeux<\/p>\n<p><strong>Blogs<\/strong>:<\/p>\n<p>&#8211; <a href=\"https:\/\/lapartmanquante.wordpress.com\/2013\/04\/02\/fais-un-effort-pour-te-souvenir-ou-a-defaut-invente\/\" target=\"_blank\" rel=\"noopener\">La Part manquante \/ article<\/a><br \/>\n&#8211; <a href=\"https:\/\/www.art-thoughts.com\/2013\/03\/25\/after-linder-visit-betonsalon\/\" target=\"_blank\" rel=\"noopener\">Rebecca Park &#8211; After Linder, Visit B\u00e9tonsalon &#8211; Art Thoughts<\/a> (en)<br \/>\n&#8211; <a href=\"https:\/\/www.blogg.org\/blog-68480-billet-1450277.html\" target=\"_blank\" rel=\"noopener\">Blog de Betonsalon \/ Par Pauline K.<\/a><br \/>\n&#8211; <a href=\"https:\/\/chusmartinez2013.wordpress.com\/2013\/01\/23\/nepantleras\/\" target=\"_blank\" rel=\"noopener\">Chuz Martinez \/ Nepantleras <\/a><br \/>\n&#8211; <a href=\"https:\/\/www.paris-art.com\/evenement-culturel\/recrire-l-histoire-de-l-art-fictions-et-narrations-postfeministes\/giovanna-zapperi-iamurri-laura\/3166.html#haut\" target=\"_blank\" rel=\"noopener\">Paris-art<\/a><br \/>\n&#8211; <a href=\"https:\/\/inferno-magazine.com\/2013\/02\/15\/fais-un-effort-pour-te-souvenir-ou-a-defaut-invente-exposition-a-betonsalon\/\" target=\"_blank\" rel=\"noopener\">Revue inferno<\/a><br \/>\n&#8211; <a href=\"https:\/\/travellingfeministe.org\/blog\/?p=20\" target=\"_blank\" rel=\"noopener\">Travelling feministe<\/a><br \/>\n&#8211; <a href=\"https:\/\/www2.univ-paris8.fr\/RING\/spip.php?article2440\" target=\"_blank\" rel=\"noopener\">Ring<\/a><br \/>\n&#8211; <a href=\"https:\/\/projet.pcf.fr\/36657\" target=\"_blank\" rel=\"noopener\">La revue du projet \/ PCF<\/a><br \/>\n&#8211; <a href=\"https:\/\/culturiaasso.com\/2013\/03\/11\/agenda-culturelle-exposition-paris\/\" target=\"_blank\" rel=\"noopener\">Culturia blog<\/a><br \/>\n&#8211; <a href=\"https:\/\/foleffet.com\/Fais-un-effort-pour-te-souvenir\" target=\"_blank\" rel=\"noopener\">Foleffet.com<\/a><br \/>\n&#8211; <a href=\"https:\/\/www.laaaarge.com\/2013\/03\/fais-un-effort-pour-te-souvenir-ou.html\" target=\"_blank\" rel=\"noopener\">Laaaarge<\/a><br \/>\n&#8211; etc&#8230;<\/p>\n<p>\u00a0[\/vc_column_text][\/vc_column][vc_column column_padding=&#8221;no-extra-padding&#8221; column_padding_tablet=&#8221;inherit&#8221; column_padding_phone=&#8221;inherit&#8221; column_padding_position=&#8221;all&#8221; column_element_direction_desktop=&#8221;default&#8221; column_element_spacing=&#8221;default&#8221; desktop_text_alignment=&#8221;default&#8221; tablet_text_alignment=&#8221;default&#8221; phone_text_alignment=&#8221;default&#8221; background_color_opacity=&#8221;1&#8243; background_hover_color_opacity=&#8221;1&#8243; column_backdrop_filter=&#8221;none&#8221; column_shadow=&#8221;none&#8221; column_border_radius=&#8221;none&#8221; column_link_target=&#8221;_self&#8221; column_position=&#8221;default&#8221; gradient_direction=&#8221;left_to_right&#8221; overlay_strength=&#8221;0.3&#8243; width=&#8221;1\/4&#8243; tablet_width_inherit=&#8221;default&#8221; animation_type=&#8221;default&#8221; bg_image_animation=&#8221;none&#8221; border_type=&#8221;simple&#8221; column_border_width=&#8221;none&#8221; column_border_style=&#8221;solid&#8221;][\/vc_column][\/vc_row]","protected":false},"excerpt":{"rendered":"<p>[vc_row type=&#8221;in_container&#8221; full_screen_row_position=&#8221;middle&#8221; column_margin=&#8221;default&#8221; column_direction=&#8221;default&#8221; column_direction_tablet=&#8221;default&#8221; column_direction_phone=&#8221;default&#8221; scene_position=&#8221;center&#8221; text_color=&#8221;dark&#8221; text_align=&#8221;left&#8221; row_border_radius=&#8221;none&#8221; row_border_radius_applies=&#8221;bg&#8221; overflow=&#8221;visible&#8221; overlay_strength=&#8221;0.3&#8243; gradient_direction=&#8221;left_to_right&#8221; shape_divider_position=&#8221;bottom&#8221; bg_image_animation=&#8221;none&#8221;][vc_column column_padding=&#8221;no-extra-padding&#8221;&#8230;<\/p>\n","protected":false},"author":1,"featured_media":0,"parent":333,"menu_order":3,"comment_status":"closed","ping_status":"closed","template":"page-no-sidebar.php","meta":{"footnotes":""},"categories":[],"tags":[],"class_list":["post-341","page","type-page","status-publish"],"aioseo_notices":[],"_links":{"self":[{"href":"https:\/\/www.lepeuplequimanque.org\/en\/wp-json\/wp\/v2\/pages\/341","targetHints":{"allow":["GET"]}}],"collection":[{"href":"https:\/\/www.lepeuplequimanque.org\/en\/wp-json\/wp\/v2\/pages"}],"about":[{"href":"https:\/\/www.lepeuplequimanque.org\/en\/wp-json\/wp\/v2\/types\/page"}],"author":[{"embeddable":true,"href":"https:\/\/www.lepeuplequimanque.org\/en\/wp-json\/wp\/v2\/users\/1"}],"replies":[{"embeddable":true,"href":"https:\/\/www.lepeuplequimanque.org\/en\/wp-json\/wp\/v2\/comments?post=341"}],"version-history":[{"count":0,"href":"https:\/\/www.lepeuplequimanque.org\/en\/wp-json\/wp\/v2\/pages\/341\/revisions"}],"up":[{"embeddable":true,"href":"https:\/\/www.lepeuplequimanque.org\/en\/wp-json\/wp\/v2\/pages\/333"}],"wp:attachment":[{"href":"https:\/\/www.lepeuplequimanque.org\/en\/wp-json\/wp\/v2\/media?parent=341"}],"wp:term":[{"taxonomy":"category","embeddable":true,"href":"https:\/\/www.lepeuplequimanque.org\/en\/wp-json\/wp\/v2\/categories?post=341"},{"taxonomy":"post_tag","embeddable":true,"href":"https:\/\/www.lepeuplequimanque.org\/en\/wp-json\/wp\/v2\/tags?post=341"}],"curies":[{"name":"wp","href":"https:\/\/api.w.org\/{rel}","templated":true}]}}