{"id":354,"date":"2013-07-30T18:47:30","date_gmt":"2013-07-30T17:47:30","guid":{"rendered":"https:\/\/www.lepeuplequimanque.org\/thousand\/11-12-13"},"modified":"2023-11-08T11:22:14","modified_gmt":"2023-11-08T10:22:14","slug":"11-12-13","status":"publish","type":"page","link":"https:\/\/www.lepeuplequimanque.org\/en\/thousand\/11-12-13\/","title":{"rendered":"Wednesday, December 11, 2013 &#8211; For a Non-linear History of Mexico"},"content":{"rendered":"[vc_row type=&#8221;in_container&#8221; full_screen_row_position=&#8221;middle&#8221; column_margin=&#8221;default&#8221; column_direction=&#8221;default&#8221; column_direction_tablet=&#8221;default&#8221; column_direction_phone=&#8221;default&#8221; scene_position=&#8221;center&#8221; top_padding=&#8221;4%&#8221; constrain_group_1=&#8221;yes&#8221; bottom_padding=&#8221;4%&#8221; text_color=&#8221;dark&#8221; text_align=&#8221;left&#8221; row_border_radius=&#8221;none&#8221; row_border_radius_applies=&#8221;bg&#8221; overflow=&#8221;visible&#8221; overlay_strength=&#8221;0.3&#8243; gradient_direction=&#8221;left_to_right&#8221; shape_divider_position=&#8221;bottom&#8221; bg_image_animation=&#8221;none&#8221; gradient_type=&#8221;default&#8221; shape_type=&#8221;&#8221;][vc_column column_padding=&#8221;no-extra-padding&#8221; column_padding_tablet=&#8221;inherit&#8221; column_padding_phone=&#8221;inherit&#8221; column_padding_position=&#8221;all&#8221; column_element_direction_desktop=&#8221;default&#8221; column_element_spacing=&#8221;default&#8221; desktop_text_alignment=&#8221;default&#8221; tablet_text_alignment=&#8221;default&#8221; phone_text_alignment=&#8221;default&#8221; background_color_opacity=&#8221;1&#8243; background_hover_color_opacity=&#8221;1&#8243; column_backdrop_filter=&#8221;none&#8221; column_shadow=&#8221;none&#8221; column_border_radius=&#8221;none&#8221; column_link_target=&#8221;_self&#8221; column_position=&#8221;default&#8221; gradient_direction=&#8221;left_to_right&#8221; overlay_strength=&#8221;0.3&#8243; width=&#8221;1\/1&#8243; tablet_width_inherit=&#8221;default&#8221; animation_type=&#8221;default&#8221; bg_image_animation=&#8221;none&#8221; border_type=&#8221;simple&#8221; column_border_width=&#8221;none&#8221; column_border_style=&#8221;solid&#8221;][vc_column_text]\n<div align=\"center\">\n<h3 align=\"center\">Wednesday, December 11, 2013<\/h3>\n<h1 align=\"center\">For a non-linear history of Mexico<\/h1>\n<div align=\"center\"><strong>Centre Pompidou<\/strong><br \/>\n7pm &#8211; Cinema 2<\/div>\n<div align=\"center\">\n<p><strong><br \/>\nOliver Debroise \/ Mariana Castillo Deball \/ Monica Mayer<\/strong><\/p>\n<\/div>\n<\/div>\n<div align=\"center\">\u00a0<\/div>\n<p>Encounter with <strong>Monica Mayer<\/strong> (artist, Mexico) and <strong>Annabela Tournon<\/strong> (art historian, EHESS).<\/p>\n<p>Curated by<strong> Aliocha Imhoff &amp; Kantuta Quiros<\/strong><\/p>\n<p>&nbsp;<\/p>\n<p><span style=\"font-size: medium;\"><strong>Mariana Castillo Deball<\/strong>, <em>There is a space later in time where you are just a memory<\/em> (2010, 7 min)<\/span><\/p>\n<p>Castillo Deball\u2019s work explores material culture and the two basic forms of narrative discourse: history and story telling. Contrasting the circular temporality of the myth with the lineal temporality of the historical discourse, the artist deconstructs official narratives in favour of a personal and fragmentary perspective, where the fracture between the subject who remembers and what is remembered is widened. This video presents two narratives, the Aztec myth of the goddess Coatlicue and her daughter the moon goddess Coyolxauhqui dismembered by the sun as a punishment, and a popular traditional story about a hunter who devours himself. Both stories remit to an action where the moment of narrating implies a refiguration in time. In contrast with these narratives, images are presented of archaeological excavations in Mexico City in the 1970s; these digs took place as a result of the chance finding of a circular stone disk representing the image of the moon goddess. Contaminated by stories of dismembering and autophagy, the nationalist discourse of history devours itself, leaving behind disperse signs of absence and shreds of meaning. Mariana Castillo Deball (Mexico City, Mexico, 1975) studied visual arts at the Escuela Nacional de Artes Pl\u00e1sticas and Philosophy at Universidad Iberoamericana, both in Mexico City. Completed postgraduate studies at Jan Van Eyck Academie, Maastricht, Holland. Solo exhibitions include: Amikejo: Uqbar Foundation, MUSAC-Museo de Arte Contempor\u00e1neo de Castilla y Le\u00f3n, Le\u00f3n (2011); Museo Experimental El Eco, Mexico City (2011); Between you and the Image of you that reaches me, Museum of Latin American Art, CA (2010); Kaleidoscopic Eye, Kunsthalle St. Gallen, Switzerland (2009); Nobody Was Tomorrow, Barbara Wein Gallery, Berlin (2008); Estas Ruinas que ves, Museo de Arte Carrillo Gil, Mexico City (2006). She has received the distinctions: Cisneros Fontanals Art Foundation Grant (2006) and Prix de Rome, first place, Amsterdam (2004). Together with Irene Kopelman she is a founding member of the Uqbar Foundation. Her work is included in the Jumex and Castello di Rivoli collections.<\/p>\n<div align=\"center\"><a title=\"Mariana Castillo Deball, There is a space later in time where you are just a memory, 2010, Video still, courtesy Barbara Wien Wilma Lukatsch\" href=\"https:\/\/www.lepeuplequimanque.org\/wp-content\/gallery\/thousand\/Mariana-Castillo-Deball-There-is-a-space-later-in-time-where-you-are-just-a-memory.jpg\" rel=\"prettyPhoto[gallery-APBk]\"><img decoding=\"async\" title=\"Mariana Castillo Deball, There is a space later in time where you are just a memory, 2010, Video still, courtesy Barbara Wien Wilma Lukatsch\" src=\"https:\/\/www.lepeuplequimanque.org\/wp-content\/gallery\/thousand\/thumbs\/thumbs_Mariana-Castillo-Deball-There-is-a-space-later-in-time-where-you-are-just-a-memory.jpg\" alt=\"Mariana-Castillo-Deball-There-is-a-space-later-in-time-where-you-are-just-a-memory.jpg\" \/><\/a><br \/>\nMariana Castillo Deball, There is a space later in time where you are just a memory, 2010, Video still, courtesy Barbara Wien Wilma Lukatsch<\/div>\n<div align=\"center\">\u00a0<\/div>\n<p><span style=\"font-size: medium;\"><strong>Olivier Debroise<\/strong>, <em>Un Banquete en Tetlapayac<\/em> (1997-1998, 90 min) <\/span><\/p>\n<p>Un Banquete en Tetlapayac is Debroise&#8217;s contemporary reenactment of the events surrounding the filming of director Sergei Eisenstein&#8217;s Que Viva Mexico (1931). Eisenstein&#8217;s production was halted for some time when the lead actor went to jail for accidentally shooting his sister. During the hiatus, the crew spent time at the Hacienda Tetlapayac, watching movies, eating, drinking, debating, and dancing. Sixty-seven years later, Debroise invited a group of artists, filmmakers, and intellectuals to reconstruct what happened at the hacienda. Un Banquete is both an homage to Eisenstein&#8217;s directorial legacy and an investigation of representation, nature, and history itself.\u00a0The renowned author, art critic and curator Olivier Debroise died from a sudden heart attack in the evening of Mai 7th 2008 in Mexico City.\u00a0Debroise, born in 1952 in Jerusalem and French citizen, lived in Mexico since 1970. He became one of the most influential personalities of the Mexican art scene, due to his numerous articles and publications on modern and contemporary art in Mexico, his commitment as curator and co-curator of diverse exhibitions, as well as co-organizer and participant of several symposia.\u00a0His last large exhibition project, curated together with his friend and colleague Cuauht\u00e9moc Medina, was &#8220;La era de la discrepancia. Arte y cultura visual en M\u00e9xico, 1968-1994&#8221; (The Age of Discrepancies. Art and Visual Culture in Mexico, 1968-1994), shown in 2007 at the Museo Universitario de Ciencias y Artes (MUCA) in Mexico City. Other important exhibitions under his direction, respectively his decisive conceptual participation were: &#8220;Modernidad y modernizaci\u00f3n en el arte mexicano&#8221;, Museo Nacional de Arte, Mexico City, 1991; &#8220;The Bleeding Heart \/ El Coraz\u00f3n Sangrante&#8221;, ICA, Boston, 1991; &#8220;David Alfaro Siqueiros: Retrato de una d\u00e9cada&#8221;, Museo Nacional de Arte, Mexico City; Museum of Fine Arts, Houston; Santa Barbara Museum of Art, California; Whitechapel Gallery, London, 1997. Olivier Debroise was co-initiator, and from 1993 until 1997, director of CURARE, the art critics&#8217; and art historian&#8217;s association founded in 1991 in Mexico City, dedicated to interdisciplinary research and analysis of Mexico&#8217;s visual culture, which publishes the magazine of the same name.\u00a0Since 2004, Olivier Debroise was in charge of the collections of contemporary art of the UNAM (Universidad Nacional Aut\u00f3noma de M\u00e9xico), building up the collection, which will be shown in the Museo Universitario de Arte Contempor\u00e1neo, once the new edifice is finished.<\/p>\n<div align=\"center\"><a title=\"Olivier Debroise, Un Banquete en Tetlapayac (1997-1998), film, 90 min, Courtesy the artist\" href=\"https:\/\/www.lepeuplequimanque.org\/wp-content\/gallery\/thousand\/Olivier-Debroise-Un-Banquete-en-Tetlapayac-6.jpg\" rel=\"prettyPhoto[gallery-APBk]\"><img decoding=\"async\" title=\"Olivier Debroise, Un Banquete en Tetlapayac (1997-1998), film, 90 min, Courtesy the artist\" src=\"https:\/\/www.lepeuplequimanque.org\/wp-content\/gallery\/thousand\/thumbs\/thumbs_Olivier-Debroise-Un-Banquete-en-Tetlapayac-6.jpg\" alt=\"Olivier-Debroise-Un-Banquete-en-Tetlapayac-6.jpg\" \/><\/a><br \/>\nOlivier Debroise, Un Banquete en Tetlapayac (1997-1998), film, 90 min, Courtesy the artist<\/div>\n<div align=\"center\">\u00a0<\/div>\n<p><span style=\"font-size: medium;\"><strong> Monica Mayer<\/strong>, <em>One More Dinner\u2026 or a Banquet in TetlapaMUAC. <\/em>(2011, extraits) <\/span><\/p>\n<p>M\u00f3nica Mayer is primarily a performance artist, but she is also a feminist sociologist and\u2014together with Victor Lerma, her husband\u2014she has kept an exhaustive archive of news articles about contemporary art. It is for this reason that she curated the exhibition Una visita al archivo Olivier Debroise: entre la ficci\u00f3n y el documento at the \u201cArkheia\u201d Documentation Center of the Museo Universitario de Arte Contempor\u00e1neo (MUAC) in 2011, taking into consideration the important task of reactivating Olivier Debroise\u2019s archive. Debroise, a French citizen who lived and worked in Mexico since the age of 17, was a prolific art historian focused on Mexican art and through his research he created his own archive. Amongst the different reactivation strategies Mayer included in the exhibition was the video of a performance that seems to be nothing more than a simple dinner party amongst friends. However, on closer inspection, it proves to contain a meta-narrative related to Debroise\u2019s own methodology of research and his passion for creating his own archive. The performance recorded in the video was titled One More Dinner\u2026 or a Banquet in TetlapaMUAC (2011), an allusion to Debroise\u2019s own film, A Banquet in Tetlapayac (1997-1998). What we see in the video is a dinner Mayer organized with Debroise\u2019s closest friends and collaborators. The idea was to recall personal events that involved Debroise, recognizing his role as a researcher of Mexican art. Anecdotes about his youth, his homosexuality, and his Jewish background were discussed in order to understand the development of his research methodology, personal style, and the literary discourse of his novels, which included a historiographic perspective. The dinner took place at the Hotelito San Rafael, a cozy bed-and-breakfast belonging to Miguel Legaria and Cuca Valero, who also own the adjacent apartment where Debroise lived and died. The particularity of Debroise\u2019s archive resides in the way in which it was assembled: the accumulated material allows us to see the process by which he compiled artists\u2019 photographs and personal documents, which he then used to artistic ends\u2014such as in the writing of his novels and even as the raw material for A Banquet in Tetlapayac. This film refers directly to Sergei Eisenstein\u2019s film Que viva M\u00e9xico! (1930-1932), but flips the original on its head. Eisenstein\u2019s film can be considered a documentary or, better yet, a \u201cfilmic archive\u201d\u2014Eisenstein was never able to finish editing it the way he wanted to and, therefore, we will never know what his desired final montage for the film would have been. Divided into chapters, Que viva M\u00e9xico! was dedicated to the artists that inspired Eisenstein in his celebration of what he images as Mexican identity: David Alfaro Siqueiros, Jean Charlot, El Greco, Francisco de Goya, Jos\u00e9 Clemente Orozco, Jos\u00e9 Guadalupe Posada, and Diego Rivera. One of the locations of Que viva M\u00e9xico! was the Tetlapayac Hacienda in Apan, a small town in the state of Hidalgo. This hacienda was one of the wealthiest during the revolutionary period but by the time Eisenstein visited its owner, Alejandro Sald\u00edvar, had seen better days. The ruined and weary Don Alejandro only came to life when he sat down to eat at the head of the dinner table: his eyes sparkled at the spectacle of food and drink. He shared these moments of pleasure with Eisenstein, dining on exotic dishes such as chiles en nogada with pecans and pomegranates, oyster soup, lobster, and escamoles (ant eggs). This anecdote, among many others, shows us what shaped Eisenstein\u2019s view of Mexican history as something that had been interrupted, left incomplete: the ruined old cacique and the humiliated campesinos, who had no way of claiming the rights they were entitled to, were the product of a failed revolution. While Eisenstein focused on the folklore of Mexico, lending it a mythic quality\u2014which critics consider symptomatic of European romanticism\u2014but also trying to insert the country into a modernist discourse, Debroise in A Banquet in Tetlapayac presents an overload of constructions of the \u201cMexican.\u201d For his film, Debroise invited his friends to stand in for the historical characters that visited the Tetlapayac Hacienda while Eisenstein was staying there. Some of these visitors were asked to give speeches about Eisenstein, without specific dialogue; Debroise wanted his guests to base their performances on their own interpretations of the role they were playing. One of the main sequences of the film is a dinner. Twelve people sit at a table drinking pulque and eating chiles en nogada (what else?) and other exotic Mexican foods, discussing art, communism, and revolutionary icons. It was an act of reflection, adaptation, representation, revision, and even rejection of the roles they had been asked to perform. The dinner party in the film becomes an act of writing history\u2014once again fragmented, incoherent, and incomplete. This reenactment presents the eternal conflict of the representation of post-colonial national identity. According to the art critic Cuauht\u00e9moc Medina, A Banquet in Tetlapayac is intentionally \u201ca kitsch postcard of communism in Mexico,\u201d although Debroise\u2019s layered critical mechanisms transcend this perhaps oversimplified explanation. In her own reenactment of the banquet, M\u00f3nica Mayer and her husband both play the role of Hunter Kimbrough, Upton Sinclair\u2019s brother-in-law. Upton Sinclair was the Hollywood producer who provided financial support for the movie until Eisenstein sent him some homoerotic drawings instead of the film. Hunter Kimbrough was the administrator of the production\u2019s funds, but was also a spy sent by the Soviet Union to report on the work of its filmmakers. Mayer decided to take this role in her own video because she was not in fact a close friend of Debroise\u2019s; her role was to be the \u201cresearcher of the researcher.\u201d In this second reenactment of Eisenstein\u2019s dinner, Mayer is, in a subtle way, the agent of historical memory; this third banquet features the same food as the first two. However, the chiles en nogada here become the signifier of a substance that all the guests have in common\u2014they refer to the guest\u2019s shared responsibility to preserve Olivier Debroise\u2019s archive and to promote its relevance. In recent years, Mexico City has attracted attention as a chaotic mega-city that possesses a rich cultural history, while remaining a reasonably inexpensive place to live that is no longer provincial or even nostalgically modernist but rather pluralist and plays the role of an international platform for contemporary art and aesthetics. It is, following Mayer\u2019s reframing of Debroise\u2019s engagement with Eisenstein, our responsibility as viewers to become aware of the links between memory, documentation, and the present within today\u2019s global art landscape. (Mireille Torres, Una cena mas by Monica Mayer, 2012, in e-misferica, vol 9, On the Subject of Archive.\u00a0<a href=\"https:\/\/hemisphericinstitute.org\/hemi\/fr\/e-misferica-91\/torres\" target=\"_blank\" rel=\"noopener\">https:\/\/<wbr \/>hemisphericinstitute.org\/hemi\/<wbr \/>fr\/e-misferica-91\/torres<\/a>)<\/p>\n<div align=\"center\"><a title=\"Monica Mayer, One More Dinner\u201a or a Banquet in TetlapaMUAC., 2011, video still, Courtesy Monica Mayer\" href=\"https:\/\/www.lepeuplequimanque.org\/wp-content\/gallery\/thousand\/MonicaMayer.jpg\" rel=\"prettyPhoto[gallery-APBk]\"><img decoding=\"async\" title=\"Monica Mayer, One More Dinner\u201a or a Banquet in TetlapaMUAC., 2011, video still, Courtesy Monica Mayer\" src=\"https:\/\/www.lepeuplequimanque.org\/wp-content\/gallery\/thousand\/thumbs\/thumbs_MonicaMayer.jpg\" alt=\"MonicaMayer.jpg\" \/><\/a><br \/>\nMonica Mayer, One More Dinner\u201a or a Banquet in TetlapaMUAC., 2011, video still, Courtesy Monica Mayer<\/div>\n<div align=\"center\">\u00a0<\/div>\n<div align=\"center\">\u00a0<\/div>\n<p><strong>Text: <\/strong><strong>Olivier Debroise 1952 \u2013 2008 : Shock Waves <\/strong><strong>Text by Cuauht\u00e9moc Medina <\/strong><\/p>\n<p>Some lives can\u2019t fit in a single lifetime; they challenge our expectations about how many stories could possibly be provoked, contained, told and thought by a single individual. Olivier Debroise was one of the most ferocious art critics and curators in Mexico, a homosexual novelist who explored the intersections of history, violence and desire, and a cultural agent who was equally devastating in destroying myths and sustaining institutional transformations; and this is only the beginning. His death has created a massive commotion, because Debroise did not merely treat culture as his profession. He was a potent force within a multitude of critical circles that extend across disciplines, iconographic camps, academic circuits, and creative trajectories, and his loss has permanent ramifications for all those that he touched. Tempestuous, brilliant, and tireless, Olivier Debroise was a representative of an era in which fixed concepts of identity\u2014personal, professional, and political\u2014lost meaning, giving way to a contemporaneity in which the past is always active, and radicalism functions without need of dogmas. In a world of organic intellectuals and fossilized academics, Olivier saw the opportunity to treat culture like an adventure series within the cycle of upsets that was the twentieth century. What follows is an incredible, though incomplete, list of the roles he played, shots he fired, and crossfire in which he was caught: &#8211; A heterodox historian who beginning in the late 1970s bombarded the official narrative of Mexican modernism, exploring the cubist structure underlying Diego Rivera\u2019s work (Diego de Montparnasse, 1979), chronicling the marginal artistic circuits of the 1920s and \u201930s (Figuras en el tr\u00f3pico, 1982), dissecting the cadaver of the \u201cmass individual\u201d in Siqueiros\u2019s painting (Portrait of a Decade, 1997), and articulating a polemical geneaology of contemporary art (Age of Discrepancies, 2007). &#8211; An anti-psychiatric activist who worked with F\u00e9lix Guattari and Suely Rolnik. &#8211; The inventor of the notion of the curator as a leftist cultural politician, a critical virus of globalization, and an agent of continuous intellectual effervescence. The founder and ideologue of Curare (1991-1997), the Camara Nacional de Industrias Art\u00edsticas (National Chamber of Art Industries, CANAIA) (2001-2004), Teratoma (2000-2008), and more recently, the curator responsible for reactivating the neglected task of forming public collections of contemporary art in Mexico through his work at the MUAC (University Contemporary Art Museum) of the UNAM (National Autonomous University). &#8211; The experimental filmmaker who, having worked on Jodorowsky\u2019s La Monta\u00f1a Sagrada, absorbed the actoral improvisation of Claude Lelouch and the intellectual poetics of Godard and Pasolini, and succeeded in producing one of the most audacious feature-length experimental films ever:Un Banquete en Tetlapayac (A Banquet in Tetlapayac, 1997-1998), a re-interpretation and tableau vivant that addresses the paradoxes of Mexicanism, communism and homosexuality within Sergei Eisenstein\u2019s \u00a1Qu\u00e9 viva M\u00e9xico! (1931-2). &#8211; The travelling companion of three or four generations of artists: from Enrique Guzm\u00e1n and Javier de la Garza to Rub\u00e9n Ortiz or Miguel Calder\u00f3n; from Carla Rippey, Adolfo Pati\u00f1o and Mario Rangel to Francis Al\u00ffs, Silvia Gruner and Melanie Smith; from Lola Alvarez Bravo to Claudia Fern\u00e1ndez and Miguel Ventura, etc., etc. &#8211; The axis of a series of unthinkable theoretical, geographic, and literary maps and axes: from Carlos Monsiv\u00e1is and Luis Zapata to Susan-Buck Morss and Ivo Mesquita; from Sweden to Patagonia and Los Angeles; from Sovietology to Nomadism; from Tijuana\/San Diego to the sixteenth-century Chichimec border wars. &#8211; Intellectual accomplist; institutional conspirator; bureaucratic saboteur; infatigable smoker and seducer. Olivier frequently insisted that though he was born in Jerusalem in 1952, it was when that city was a part of Palestine. At 17, he deserted his parents\u2019 diplomatic circuit to settle in Mexico, which was, for him, the site of commitment and liberty. In his last moments, Olivier Debroise was accumulating new and unfinished projects. His death was sudden and unpredictable\u2014as impulsive as Olivier himself.<br \/>\nTranslated by Jennifer Josten.<\/p>\n<p>This evening is supported by the <strong>Institut Culturel du Mexique<\/strong><\/p>\n<p><strong> <img decoding=\"async\" class=\"noborder\" title=\"ICM1-pt.jpg\" src=\"https:\/\/www.lepeuplequimanque.org\/wp-content\/gallery\/thousand\/ICM1-pt.jpg\" alt=\"ICM1-pt.jpg\" \/> <\/strong><\/p>\n<div align=\"right\"><a href=\"https:\/\/www.lepeuplequimanque.org\/en\/thousand\/18-12-13\">&#8230;next<\/a><\/div>\n<div id=\"gtx-trans\" style=\"position: absolute; left: 593px; top: 399.672px;\">\n<div class=\"gtx-trans-icon\">\u00a0<\/div>\n<\/div>\n[\/vc_column_text][\/vc_column][\/vc_row]","protected":false},"excerpt":{"rendered":"<p>[vc_row type=&#8221;in_container&#8221; full_screen_row_position=&#8221;middle&#8221; column_margin=&#8221;default&#8221; column_direction=&#8221;default&#8221; column_direction_tablet=&#8221;default&#8221; column_direction_phone=&#8221;default&#8221; scene_position=&#8221;center&#8221; top_padding=&#8221;4%&#8221; constrain_group_1=&#8221;yes&#8221; bottom_padding=&#8221;4%&#8221; text_color=&#8221;dark&#8221; text_align=&#8221;left&#8221; row_border_radius=&#8221;none&#8221; row_border_radius_applies=&#8221;bg&#8221; overflow=&#8221;visible&#8221; overlay_strength=&#8221;0.3&#8243; gradient_direction=&#8221;left_to_right&#8221;&#8230;<\/p>\n","protected":false},"author":1,"featured_media":0,"parent":348,"menu_order":6,"comment_status":"closed","ping_status":"closed","template":"page-left-sidebar-parents.php","meta":{"footnotes":""},"categories":[],"tags":[],"class_list":["post-354","page","type-page","status-publish"],"aioseo_notices":[],"_links":{"self":[{"href":"https:\/\/www.lepeuplequimanque.org\/en\/wp-json\/wp\/v2\/pages\/354","targetHints":{"allow":["GET"]}}],"collection":[{"href":"https:\/\/www.lepeuplequimanque.org\/en\/wp-json\/wp\/v2\/pages"}],"about":[{"href":"https:\/\/www.lepeuplequimanque.org\/en\/wp-json\/wp\/v2\/types\/page"}],"author":[{"embeddable":true,"href":"https:\/\/www.lepeuplequimanque.org\/en\/wp-json\/wp\/v2\/users\/1"}],"replies":[{"embeddable":true,"href":"https:\/\/www.lepeuplequimanque.org\/en\/wp-json\/wp\/v2\/comments?post=354"}],"version-history":[{"count":0,"href":"https:\/\/www.lepeuplequimanque.org\/en\/wp-json\/wp\/v2\/pages\/354\/revisions"}],"up":[{"embeddable":true,"href":"https:\/\/www.lepeuplequimanque.org\/en\/wp-json\/wp\/v2\/pages\/348"}],"wp:attachment":[{"href":"https:\/\/www.lepeuplequimanque.org\/en\/wp-json\/wp\/v2\/media?parent=354"}],"wp:term":[{"taxonomy":"category","embeddable":true,"href":"https:\/\/www.lepeuplequimanque.org\/en\/wp-json\/wp\/v2\/categories?post=354"},{"taxonomy":"post_tag","embeddable":true,"href":"https:\/\/www.lepeuplequimanque.org\/en\/wp-json\/wp\/v2\/tags?post=354"}],"curies":[{"name":"wp","href":"https:\/\/api.w.org\/{rel}","templated":true}]}}