{"id":362,"date":"2013-10-26T17:35:33","date_gmt":"2013-10-26T16:35:33","guid":{"rendered":"https:\/\/www.lepeuplequimanque.org\/thousand\/14-10-13"},"modified":"2023-11-08T11:33:40","modified_gmt":"2023-11-08T10:33:40","slug":"14-10-13","status":"publish","type":"page","link":"https:\/\/www.lepeuplequimanque.org\/en\/thousand\/14-10-13\/","title":{"rendered":"Monday, October 14, 2013 &#8211; Afrofuturism: speculative fictions and stories of the future"},"content":{"rendered":"[vc_row type=&#8221;in_container&#8221; full_screen_row_position=&#8221;middle&#8221; column_margin=&#8221;default&#8221; column_direction=&#8221;default&#8221; column_direction_tablet=&#8221;default&#8221; column_direction_phone=&#8221;default&#8221; scene_position=&#8221;center&#8221; top_padding=&#8221;4%&#8221; constrain_group_1=&#8221;yes&#8221; bottom_padding=&#8221;4%&#8221; text_color=&#8221;dark&#8221; text_align=&#8221;left&#8221; row_border_radius=&#8221;none&#8221; row_border_radius_applies=&#8221;bg&#8221; overflow=&#8221;visible&#8221; overlay_strength=&#8221;0.3&#8243; gradient_direction=&#8221;left_to_right&#8221; shape_divider_position=&#8221;bottom&#8221; bg_image_animation=&#8221;none&#8221; gradient_type=&#8221;default&#8221; shape_type=&#8221;&#8221;][vc_column column_padding=&#8221;no-extra-padding&#8221; column_padding_tablet=&#8221;inherit&#8221; column_padding_phone=&#8221;inherit&#8221; column_padding_position=&#8221;all&#8221; column_element_direction_desktop=&#8221;default&#8221; column_element_spacing=&#8221;default&#8221; desktop_text_alignment=&#8221;default&#8221; tablet_text_alignment=&#8221;default&#8221; phone_text_alignment=&#8221;default&#8221; background_color_opacity=&#8221;1&#8243; background_hover_color_opacity=&#8221;1&#8243; column_backdrop_filter=&#8221;none&#8221; column_shadow=&#8221;none&#8221; column_border_radius=&#8221;none&#8221; column_link_target=&#8221;_self&#8221; column_position=&#8221;default&#8221; gradient_direction=&#8221;left_to_right&#8221; overlay_strength=&#8221;0.3&#8243; width=&#8221;1\/1&#8243; tablet_width_inherit=&#8221;default&#8221; animation_type=&#8221;default&#8221; bg_image_animation=&#8221;none&#8221; border_type=&#8221;simple&#8221; column_border_width=&#8221;none&#8221; column_border_style=&#8221;solid&#8221;][vc_column_text]\n<h3 align=\"center\">Monday, October 14, 2013<\/h3>\n<h1 align=\"center\">Afrofuturism: speculative fictions and stories of the future<\/h1>\n<div align=\"center\"><strong>Le Cin\u00e9matographe, Nantes<\/strong><br \/>\n8:30pm<\/div>\n<div align=\"center\">\u00a0<\/div>\n<div align=\"center\"><a title=\"The Last Angel of History - John Akomfrah &amp; The Black Audio Film Collective - GB, 1995, courtesy de l'artiste\" href=\"https:\/\/www.lepeuplequimanque.org\/wp-content\/gallery\/thousand\/angelb.jpeg\" rel=\"prettyPhoto[gallery-7qtl]\"><img decoding=\"async\" title=\"The Last Angel of History - John Akomfrah &amp; The Black Audio Film Collective - GB, 1995, courtesy de l\" src=\"https:\/\/www.lepeuplequimanque.org\/wp-content\/gallery\/thousand\/angelb.jpeg\" alt=\"angelb.jpeg\" \/><\/a><br \/>\nThe Last Angel of History &#8211; John Akomfrah &amp; The Black Audio Film Collective &#8211; GB, 1995, courtesy de l&#8217;artiste<\/div>\n<div align=\"center\">\u00a0<\/div>\n<p>In the presence of Kantuta Quiros (curator)<\/p>\n<p><span style=\"font-size: medium;\"><strong>John Akomfrah &amp; The Black Audio Film Collective\u00a0 <\/strong>&#8211; <em>The Last Angel of History<\/em> (GB, 1995, 45min, VOSTF)<\/span><\/p>\n<div align=\"justify\">\n<p><em>They say that History repeats itself.<br \/>\nBut History is only his story<br \/>\nYou haven\u2019t heard my story yet<br \/>\nMy story is different from his story<br \/>\nMy story is not part of History<br \/>\nBecause History repeats itself<br \/>\nbut my story is endless<br \/>\nAnd never repeat itself (&#8230;)<br \/>\nI\u2019m more part of the Mystery<br \/>\nWich is my story <\/em><br \/>\n(Sun Ra)<\/p>\n<p>&#8220;Prototheorized as early as the 1950s-70s by musicians such as Sun Ra and George Clinton, and since the 1990s by theorists (Kodwo Eshun, Greg Tate, Mark Dery) and science-fiction writers (Samuel R. Delaney, Octavia Butler), Afrofuturism has been revived in exhibitions such as the Studio Museum of Harlem&#8217;s recent The Shadow Took Shook. Delaney, Octavia Butler), Afrofuturism has been revived in exhibitions such as, recently, at the Studio Museum of Harlem, The Shadow Took Shape (2013-2014) or at Arnolfini, Superpower: Africa in Science Fiction (2012), revived by the emergence of a cinematic corpus of African Sci-fi and artists&#8217; work.<br \/>\nThroughout modern history, Africa, as &#8220;geoesthetic fiction&#8221;, has been constructed by colonial discourses as anhistorical. Today, while it continues to be regularly thought of as allochronic, it remains the object of chronopolitical projections. Afrofuturism as a philosophy of history is not so much interested in reversing this archetype (reconstructing an archaeology of the past and a history for Africa and its diaspora) as it is in deliberately choosing the future as the site for historical action. Looking back at the history of Afrofuturism, the film The Last Angel of History (1995) by London-based Black Audio Film Collective and filmmaker John Akomfrah proposes a mythology of the future, creating links between black culture, music, exile and the African conquest of space, and prospective history. This cinematic essay posits spatial and temporal utopia and science fiction both as alternatives for Africans and the diaspora, and as metaphors for the &#8220;Afropolitan&#8221; experience of forced displacement, migration and cultural alienation.<br \/>\nAs Kodwo Eshun reminds us, &#8220;by creating temporal complications and anachronistic episodes that disrupt the linear time of progress, these futurisms adjust the temporal logics that condemn black subjects to prehistory. Chronopolitically speaking, these revisionist historicities can be understood as a series of powerful competing futures that infiltrate the present at different levels.&#8221; Kantuta Quiros and Alyosha Imhoff<\/p>\n<p>Carte blanche to Aliocha Imhoff &amp; Kantuta Quiros, as part of the Mille ans d&#8217;histoire non-lin\u00e9aire event, the Cin\u00e9matographe&#8217;s Contrechamp sessions and the L&#8217;artiste en historien seminar, proposed by Kantuta Quiros at the Ecole Sup\u00e9rieure des Beaux-Arts de Nantes M\u00e9tropole, at the invitation of Emmanuelle Ch\u00e9rel.<\/p>\n<p><span class=\"artiste\">Le Cin\u00e9matographe<\/span> &#8211; <a class=\"carte\" href=\"https:\/\/maps.google.fr\/maps\/ms?msa=0&amp;msid=209469803810563160703.0004e2ce19541cd89230d&amp;hl=fr&amp;ie=UTF8&amp;t=m&amp;ll=47.227029,-1.549845&amp;spn=0.027978,0.054932&amp;z=14&amp;iwloc=0004e2ce19555cf5b5a89&amp;output=embed\">Plan<\/a><br \/>\n<span class=\"names2\">12bis Rue des Carm\u00e9lites &#8211; 44000 Nantes<br \/>\n<a href=\"https:\/\/www.lecinematographe.com\/\" target=\"_blank\" rel=\"noopener\">www.lecinematographe.com\/<\/a><\/span><\/p>\n<\/div>\n<div id=\"gtx-trans\" style=\"position: absolute; left: 733px; top: -5.78125px;\">\n<div class=\"gtx-trans-icon\">\u00a0<\/div>\n<\/div>\n[\/vc_column_text][\/vc_column][\/vc_row]","protected":false},"excerpt":{"rendered":"<p>[vc_row type=&#8221;in_container&#8221; full_screen_row_position=&#8221;middle&#8221; column_margin=&#8221;default&#8221; column_direction=&#8221;default&#8221; column_direction_tablet=&#8221;default&#8221; column_direction_phone=&#8221;default&#8221; scene_position=&#8221;center&#8221; top_padding=&#8221;4%&#8221; constrain_group_1=&#8221;yes&#8221; bottom_padding=&#8221;4%&#8221; text_color=&#8221;dark&#8221; text_align=&#8221;left&#8221; row_border_radius=&#8221;none&#8221; row_border_radius_applies=&#8221;bg&#8221; overflow=&#8221;visible&#8221; overlay_strength=&#8221;0.3&#8243; gradient_direction=&#8221;left_to_right&#8221;&#8230;<\/p>\n","protected":false},"author":1,"featured_media":0,"parent":348,"menu_order":8,"comment_status":"closed","ping_status":"closed","template":"page-left-sidebar-parents.php","meta":{"footnotes":""},"categories":[],"tags":[],"class_list":["post-362","page","type-page","status-publish"],"aioseo_notices":[],"_links":{"self":[{"href":"https:\/\/www.lepeuplequimanque.org\/en\/wp-json\/wp\/v2\/pages\/362","targetHints":{"allow":["GET"]}}],"collection":[{"href":"https:\/\/www.lepeuplequimanque.org\/en\/wp-json\/wp\/v2\/pages"}],"about":[{"href":"https:\/\/www.lepeuplequimanque.org\/en\/wp-json\/wp\/v2\/types\/page"}],"author":[{"embeddable":true,"href":"https:\/\/www.lepeuplequimanque.org\/en\/wp-json\/wp\/v2\/users\/1"}],"replies":[{"embeddable":true,"href":"https:\/\/www.lepeuplequimanque.org\/en\/wp-json\/wp\/v2\/comments?post=362"}],"version-history":[{"count":0,"href":"https:\/\/www.lepeuplequimanque.org\/en\/wp-json\/wp\/v2\/pages\/362\/revisions"}],"up":[{"embeddable":true,"href":"https:\/\/www.lepeuplequimanque.org\/en\/wp-json\/wp\/v2\/pages\/348"}],"wp:attachment":[{"href":"https:\/\/www.lepeuplequimanque.org\/en\/wp-json\/wp\/v2\/media?parent=362"}],"wp:term":[{"taxonomy":"category","embeddable":true,"href":"https:\/\/www.lepeuplequimanque.org\/en\/wp-json\/wp\/v2\/categories?post=362"},{"taxonomy":"post_tag","embeddable":true,"href":"https:\/\/www.lepeuplequimanque.org\/en\/wp-json\/wp\/v2\/tags?post=362"}],"curies":[{"name":"wp","href":"https:\/\/api.w.org\/{rel}","templated":true}]}}