{"id":473,"date":"2014-04-09T23:32:41","date_gmt":"2014-04-09T22:32:41","guid":{"rendered":"https:\/\/www.lepeuplequimanque.org\/?page_id=473"},"modified":"2024-03-10T11:14:44","modified_gmt":"2024-03-10T10:14:44","slug":"ana-borralho-joao-galante","status":"publish","type":"page","link":"https:\/\/www.lepeuplequimanque.org\/en\/distribution\/ana-borralho-joao-galante\/","title":{"rendered":"Ana Borralho &#038; Jo\u00e3o Galante"},"content":{"rendered":"<p class=\"qtranxs-available-languages-message qtranxs-available-languages-message-en\">Sorry, this entry is only available in <a href=\"https:\/\/www.lepeuplequimanque.org\/fr\/wp-json\/wp\/v2\/pages\/473\" class=\"qtranxs-available-language-link qtranxs-available-language-link-fr\" title=\"Fran\u00e7ais\">Fran\u00e7ais<\/a>.<\/p>En 2000, Ana Borralho a particip\u00e9 au workshop\u00a0<em>Gender Behaviour and Codification of Gesture<\/em>\u00a0de Diane Torr. Ce travail a consid\u00e9rablement influenc\u00e9 leurs r\u00e9alisations.<\/p>\n<table>\n<tbody>\n<tr>\n<td><a href=\"https:\/\/www.lepeuplequimanque.org\/wp-content\/plugins\/wp-shopping-cart\/product_images\/Mistermissmissmister3.jpg\" rel=\"prettyPhoto[gallery-GB1k]\"><img decoding=\"async\" id=\"product_image_33\" title=\"Mistermissmissmister \" alt=\"Mistermissmissmister \" src=\"https:\/\/www.lepeuplequimanque.org\/wp-content\/plugins\/wp-shopping-cart\/product_images\/thumbnails\/Mistermissmissmister3.jpg\" \/><\/a><\/td>\n<td><strong>Mistermissmissmister\u00a0<\/strong>de\u00a0Ana Borralho &amp; Jo\u00e3o Galante\u00a0(2002, 11 min)<\/p>\n<p>Aliment\u00e9e par la sym\u00e9trie masculin\/f\u00e9minin qui r\u00e9gule l\u2019identit\u00e9 sociale et sexuelle, cette performance se base sur le d\u00e9sir d\u2019\u00e9changer avec chacun des spectateurs une \u00e9motion forte provoqu\u00e9e un \u00ab renversement des genres \u00bb.<\/p>\n<p>Prix de location:\u00a050.00 \u20ac<\/td>\n<\/tr>\n<tr>\n<td><a href=\"https:\/\/www.lepeuplequimanque.org\/wp-content\/plugins\/wp-shopping-cart\/product_images\/sexyMF-1.jpg\" rel=\"prettyPhoto[gallery-GB1k]\"><img decoding=\"async\" id=\"product_image_34\" title=\"SexyMF\" alt=\"SexyMF\" src=\"https:\/\/www.lepeuplequimanque.org\/wp-content\/plugins\/wp-shopping-cart\/product_images\/thumbnails\/sexyMF-1.jpg\" \/><\/a><\/td>\n<td><strong>SexyMF\u00a0<\/strong>de\u00a0Ana Borralho &amp; Jo\u00e3o Galante\u00a0(2006, 12 min)<\/p>\n<p>Sexy MF est bas\u00e9 sur un imaginaire \u00e9rotique, questionnant les asym\u00e9tries qui r\u00e9gulent les identit\u00e9s sociales, et les d\u00e9finitions homme\/femme, qui provoque de fortes \u00e9motions chez le spectateur en le\/la confrontant avec des personnages dont les corps sont compl\u00e8tement expos\u00e9s et qui font montre d&#8217;une ambiguit\u00e9 genre\/sexe \u00e9vidente.<\/p>\n<p>Prix de location:\u00a050.00 \u20ac<\/td>\n<\/tr>\n<\/tbody>\n<\/table>","protected":false},"excerpt":{"rendered":"<p>Sorry, this entry is only available in Fran\u00e7ais.En 2000, Ana Borralho a particip\u00e9 au workshop\u00a0Gender Behaviour and Codification&#8230;<\/p>\n","protected":false},"author":1,"featured_media":0,"parent":184,"menu_order":3,"comment_status":"open","ping_status":"closed","template":"page-no-sidebar.php","meta":{"footnotes":""},"categories":[],"tags":[],"class_list":["post-473","page","type-page","status-publish"],"aioseo_notices":[],"_links":{"self":[{"href":"https:\/\/www.lepeuplequimanque.org\/en\/wp-json\/wp\/v2\/pages\/473","targetHints":{"allow":["GET"]}}],"collection":[{"href":"https:\/\/www.lepeuplequimanque.org\/en\/wp-json\/wp\/v2\/pages"}],"about":[{"href":"https:\/\/www.lepeuplequimanque.org\/en\/wp-json\/wp\/v2\/types\/page"}],"author":[{"embeddable":true,"href":"https:\/\/www.lepeuplequimanque.org\/en\/wp-json\/wp\/v2\/users\/1"}],"replies":[{"embeddable":true,"href":"https:\/\/www.lepeuplequimanque.org\/en\/wp-json\/wp\/v2\/comments?post=473"}],"version-history":[{"count":0,"href":"https:\/\/www.lepeuplequimanque.org\/en\/wp-json\/wp\/v2\/pages\/473\/revisions"}],"up":[{"embeddable":true,"href":"https:\/\/www.lepeuplequimanque.org\/en\/wp-json\/wp\/v2\/pages\/184"}],"wp:attachment":[{"href":"https:\/\/www.lepeuplequimanque.org\/en\/wp-json\/wp\/v2\/media?parent=473"}],"wp:term":[{"taxonomy":"category","embeddable":true,"href":"https:\/\/www.lepeuplequimanque.org\/en\/wp-json\/wp\/v2\/categories?post=473"},{"taxonomy":"post_tag","embeddable":true,"href":"https:\/\/www.lepeuplequimanque.org\/en\/wp-json\/wp\/v2\/tags?post=473"}],"curies":[{"name":"wp","href":"https:\/\/api.w.org\/{rel}","templated":true}]}}