{"id":81,"date":"2007-01-05T02:08:39","date_gmt":"2007-01-05T00:08:39","guid":{"rendered":"https:\/\/www.lepeuplequimanque.org\/?page_id=81"},"modified":"2023-11-02T04:16:08","modified_gmt":"2023-11-02T03:16:08","slug":"acces","status":"publish","type":"page","link":"https:\/\/www.lepeuplequimanque.org\/en\/festival-queer-2007\/acces\/","title":{"rendered":"Acc\u00e8s \/ Tarifs"},"content":{"rendered":"<div align=\"center\">\n<p><font size=\"5\">Tarifs <\/font><br \/>\n    <br \/>5 \u20ac \/ S\u00e9ance<br \/>\n    <br \/>ou<br \/>\n    <br \/>40 \u20ac Pass Festival<br \/>\n    <br \/>R\u00e9servation des Pass:<br \/>\n    <br \/><a href=\"mailto:reservationpass%5bat%5dlepeuplequimanque.org?body=Merci%20de%20remplacer%20le%20%5Bat%5D%20par%20un%20@\"><br \/>\n    <img decoding=\"async\" border=\"0\" src=\"https:\/\/www.lepeuplequimanque.org\/files\/images\/lepeuplequimanque_emailpass.jpg\" \/><\/a><\/p>\n<p><font size=\"+2\">Cin\u00e9ma l&#8217;Entrep\u00f4t<\/font><br \/>\n    <br \/>7\/9 rue Francis de Pressens\u00e9 75014 Paris\n  <\/p>\n<\/div>\n<p>\n  <img decoding=\"async\" vspace=\"5\" hspace=\"5\" align=\"left\" src=\"https:\/\/www.lepeuplequimanque.org\/wp-content\/uploads\/2007\/01\/plan.jpg\" id=\"image82\" alt=\"plan.jpg\" \/> Par le <strong>METRO<\/strong> :<br \/>\n  <br \/>ligne 13 \u2022 Pern\u00e9ty\n<\/p>\n<p>Par le <strong>BUS<\/strong> :<br \/>\n  <br \/>ligne 62 \u2022 Plaisance &#8211; H\u00f4pital St-Joseph<br \/>\n  <br \/>ligne 91 \u2022 Place de Catalogne\n<\/p>\n<p><strong>PARKINGS PUBLICS<\/strong> :<br \/>\n  <br \/>Rue du Commandant Mouchotte<br \/>\n  <br \/>All\u00e9e de chef d\u2019escadron de Guillebon\n<\/p>\n<p><a href=\"https:\/\/www.lentrepot.fr\/\" target=\"_blank\" rel=\"noopener\">https:\/\/www.lentrepot.fr<\/a><strong> <\/strong>\n<\/p>\n<p>t\u00e9l. : 01 45 40 07 50\n<\/p>\n<div align=\"left\"><a href=\"mailto:lepeuplequimanque%5bat%5dgmail.com?body=Merci%20de%20remplacer%20le%20%5Bat%5D%20par%20un%20@\"><img decoding=\"async\" border=\"0\" src=\"https:\/\/www.lepeuplequimanque.org\/files\/images\/lepeuplequimanque_email.jpg\" \/><\/a>\n<\/div>","protected":false},"excerpt":{"rendered":"<p>Tarifs 5 \u20ac \/ S\u00e9ance ou 40 \u20ac Pass Festival R\u00e9servation des Pass: Cin\u00e9ma l&#8217;Entrep\u00f4t 7\/9 rue Francis&#8230;<\/p>\n","protected":false},"author":1,"featured_media":0,"parent":80,"menu_order":8,"comment_status":"closed","ping_status":"closed","template":"page-left-sidebar-parents.php","meta":{"footnotes":""},"categories":[],"tags":[],"class_list":["post-81","page","type-page","status-publish"],"aioseo_notices":[],"_links":{"self":[{"href":"https:\/\/www.lepeuplequimanque.org\/en\/wp-json\/wp\/v2\/pages\/81","targetHints":{"allow":["GET"]}}],"collection":[{"href":"https:\/\/www.lepeuplequimanque.org\/en\/wp-json\/wp\/v2\/pages"}],"about":[{"href":"https:\/\/www.lepeuplequimanque.org\/en\/wp-json\/wp\/v2\/types\/page"}],"author":[{"embeddable":true,"href":"https:\/\/www.lepeuplequimanque.org\/en\/wp-json\/wp\/v2\/users\/1"}],"replies":[{"embeddable":true,"href":"https:\/\/www.lepeuplequimanque.org\/en\/wp-json\/wp\/v2\/comments?post=81"}],"version-history":[{"count":0,"href":"https:\/\/www.lepeuplequimanque.org\/en\/wp-json\/wp\/v2\/pages\/81\/revisions"}],"up":[{"embeddable":true,"href":"https:\/\/www.lepeuplequimanque.org\/en\/wp-json\/wp\/v2\/pages\/80"}],"wp:attachment":[{"href":"https:\/\/www.lepeuplequimanque.org\/en\/wp-json\/wp\/v2\/media?parent=81"}],"wp:term":[{"taxonomy":"category","embeddable":true,"href":"https:\/\/www.lepeuplequimanque.org\/en\/wp-json\/wp\/v2\/categories?post=81"},{"taxonomy":"post_tag","embeddable":true,"href":"https:\/\/www.lepeuplequimanque.org\/en\/wp-json\/wp\/v2\/tags?post=81"}],"curies":[{"name":"wp","href":"https:\/\/api.w.org\/{rel}","templated":true}]}}