{"id":97,"date":"2007-02-20T16:49:38","date_gmt":"2007-02-20T14:49:38","guid":{"rendered":"https:\/\/www.lepeuplequimanque.org\/festival\/lundi-19-mars\/"},"modified":"2023-11-04T15:13:52","modified_gmt":"2023-11-04T14:13:52","slug":"lundi-19-mars","status":"publish","type":"page","link":"https:\/\/www.lepeuplequimanque.org\/en\/festival-queer-2007\/lundi-19-mars\/","title":{"rendered":"\u2013&gt; Lundi 19 Mars Se r\u00e9approprier l\u2019\u00e9nonciation"},"content":{"rendered":"<p align=\"center\"><font size=\"5\">Lundi 19 Mars<br \/>\n  <br \/>Se r\u00e9approprier l\u2019\u00e9nonciation<\/font>\n<\/p>\n<div align=\"center\"><font size=\"5\">20h&nbsp; <\/font><br \/>\n  \n<\/div>\n<div align=\"center\"><font size=\"4\">Se dire, se d\u00e9faire<br \/>\n  <br \/>de Kantuta Quir\u00f3s et Violeta Salvatierra <\/font><br \/>\n  <br \/>(France, 2007, Dv, 111\u2019)<br \/>\n  <br \/><strong><font color=\"#cc0066\">In\u00e9dit<\/font><\/strong><br \/>\n  \n<\/div>\n<p><font color=\"#cc0066\"><strong>En pr\u00e9sence des r\u00e9alisatrices<\/strong><\/font><br \/>\n  <br \/><a href=\"https:\/\/www.lepeuplequimanque.org\/festivalqueer\/images\/hd\/sediresedefaire.jpg\" rel=\"prettyPhoto[gallery-YGxs]\"><br \/>\n  <img decoding=\"async\" hspace=\"5\" border=\"0\" align=\"left\" vspace=\"5\" src=\"https:\/\/www.lepeuplequimanque.org\/festivalqueer\/images\/sediresedefaire.jpg\" \/><\/a> \u00ab K. et V. \u00e0 B.P. : Nous allons te passer une&nbsp; commande : pourrais-tu penser \u00e0 composer un petit portrait de toi, sous forme t\u00e9l\u00e9grammatique, d\u2019\u00e9nonc\u00e9s brefs pour cette prochaine s\u00e9ance ? Nous voulons revenir sur cette question du coming-out. Voir ce que se dire peut provoquer \u00e0 l\u2019int\u00e9rieur du film. Nous allons \u00e9galement faire de m\u00eame et nous verrons si au cours du tournage, il est possible de faire se croiser, s\u2019entrecroiser ces diff\u00e9rents textes proclamatifs. Ils d\u00e9rivent \u00e0 la fois d\u2019une volont\u00e9 de d\u00e9construction du coming out, en tant qu\u2019affirmation d\u2019une identit\u00e9, et \u00e0 la fois d\u2019un d\u00e9sir d\u2019expression d\u2019une multiplicit\u00e9 d\u00e9sirante, (fantasme, proc\u00e9d\u00e9s amoureux, perception de soi). Il s\u2019agit de sortir d\u2019un encadrement grossier et subjectiviste de l\u2019identit\u00e9, pour la rapprocher de la complexit\u00e9 et des multiples \u00e9nigmes qui r\u00e9gissent nos d\u00e9sirs, nos amours, notre perception de nous m\u00eame et de l\u2019autre dans les agencements sexuels, amoureux, sensoriels. \u00bb<br \/>\n  <br \/>A partir de la rencontre avec la philosophe et activiste Queer Beatriz Preciado, un film, commence \u00e0 se construire comme trace composite d\u2019un parcours collectif qui d\u00e9monte les pr\u00e9suppos\u00e9s identitaires de chacun des personnages. Film initiatique jusqu\u2019au vertige, aux incarnations plurielles, il ne se limite pas au simple portrait de la philosophe, dont l\u2019apport \u00e0 la pens\u00e9e Queer, est aujourd\u2019hui, par tous, reconnu.<\/p>\n<div align=\"center\"><font size=\"5\">22h30<\/font><br \/>\n  <br \/><font size=\"4\">Venus Boyz de Gabriel Baur <\/font><br \/>\n  <br \/>(Suisse, 2002, 35mm, 102\u2019)<br \/>\n  \n<\/div>\n<p><a href=\"https:\/\/www.lepeuplequimanque.org\/festivalqueer\/images\/hd\/venusboyz.jpg\" rel=\"prettyPhoto[gallery-YGxs]\"><br \/>\n  <img decoding=\"async\" hspace=\"5\" border=\"0\" align=\"left\" vspace=\"5\" src=\"https:\/\/www.lepeuplequimanque.org\/festivalqueer\/images\/venusboyz.jpg\" \/><\/a> Odyss\u00e9e bouleversante dans les mondes transgenr\u00e9s o\u00f9 on explore la r\u00e9appropriation identitaire, qu\u2019op\u00e8rent les drag king et les transgenres FTM. La masculinit\u00e9 et la transformation en tant que performance, subversion ou n\u00e9cessit\u00e9 existentielle. Un film intime sur des personnes qui cr\u00e9ent des identit\u00e9s sexuelles interm\u00e9diaires. De l\u2019expressive Bridge qui joue d\u2019une fa\u00e7on tr\u00e8s th\u00e9\u00e2tralis\u00e9e avec les diff\u00e9rents niveaux de masculinit\u00e9 et f\u00e9minit\u00e9 \u00e0 Diane Torr qui enseigne les codes performatifs de la masculinit\u00e9 dans des ateliers afin de faire prendre conscience aux femmes de la th\u00e9\u00e2tralit\u00e9 des comportements masculins, de leur rapport \u00e0 l\u2019espace, etc., en passant par Del LaGraceVolcano qui s\u2019est compos\u00e9 en d\u00e9miurge un appara\u00eetre corporel insituable et hybride, \u00ab cyborg \u00bb.<\/p>\n<p>&nbsp;\n<\/p>","protected":false},"excerpt":{"rendered":"<p>Lundi 19 Mars Se r\u00e9approprier l\u2019\u00e9nonciation 20h&nbsp; Se dire, se d\u00e9faire de Kantuta Quir\u00f3s et Violeta Salvatierra (France,&#8230;<\/p>\n","protected":false},"author":1,"featured_media":0,"parent":80,"menu_order":4,"comment_status":"closed","ping_status":"closed","template":"page-left-sidebar-parents.php","meta":{"footnotes":""},"categories":[],"tags":[],"class_list":["post-97","page","type-page","status-publish"],"aioseo_notices":[],"_links":{"self":[{"href":"https:\/\/www.lepeuplequimanque.org\/en\/wp-json\/wp\/v2\/pages\/97","targetHints":{"allow":["GET"]}}],"collection":[{"href":"https:\/\/www.lepeuplequimanque.org\/en\/wp-json\/wp\/v2\/pages"}],"about":[{"href":"https:\/\/www.lepeuplequimanque.org\/en\/wp-json\/wp\/v2\/types\/page"}],"author":[{"embeddable":true,"href":"https:\/\/www.lepeuplequimanque.org\/en\/wp-json\/wp\/v2\/users\/1"}],"replies":[{"embeddable":true,"href":"https:\/\/www.lepeuplequimanque.org\/en\/wp-json\/wp\/v2\/comments?post=97"}],"version-history":[{"count":0,"href":"https:\/\/www.lepeuplequimanque.org\/en\/wp-json\/wp\/v2\/pages\/97\/revisions"}],"up":[{"embeddable":true,"href":"https:\/\/www.lepeuplequimanque.org\/en\/wp-json\/wp\/v2\/pages\/80"}],"wp:attachment":[{"href":"https:\/\/www.lepeuplequimanque.org\/en\/wp-json\/wp\/v2\/media?parent=97"}],"wp:term":[{"taxonomy":"category","embeddable":true,"href":"https:\/\/www.lepeuplequimanque.org\/en\/wp-json\/wp\/v2\/categories?post=97"},{"taxonomy":"post_tag","embeddable":true,"href":"https:\/\/www.lepeuplequimanque.org\/en\/wp-json\/wp\/v2\/tags?post=97"}],"curies":[{"name":"wp","href":"https:\/\/api.w.org\/{rel}","templated":true}]}}