{"id":99,"date":"2007-02-20T17:39:12","date_gmt":"2007-02-20T15:39:12","guid":{"rendered":"https:\/\/www.lepeuplequimanque.org\/festival\/mercredi-21-mars\/"},"modified":"2023-11-04T15:19:12","modified_gmt":"2023-11-04T14:19:12","slug":"mercredi-21-mars","status":"publish","type":"page","link":"https:\/\/www.lepeuplequimanque.org\/en\/festival-queer-2007\/mercredi-21-mars\/","title":{"rendered":"\u2013&gt; Mercredi 21 Mars Cin\u00e9ma cyborg"},"content":{"rendered":"<p align=\"center\"><font size=\"5\">Mercredi 21 Mars<br \/>\n  <br \/><font size=\"4\">Cloture<\/font><\/font>\n<\/p>\n<div align=\"center\"><font size=\"5\">20h<\/font><br \/>\n  <br \/><font size=\"4\">Cin\u00e9ma cyborg<\/font><br \/>\n  \n<\/div>\n<div align=\"justify\">\n  <br \/>\u00ab Pour que l\u2019humain soit humain, il doit \u00eatre en relation avec ce qui est non-humain, avec ce qui certes est hors de lui, mais dans son prolongement, en vertu de son implication dans la vie. Cette relation avec ce qu\u2019il n\u2019est pas constitue l\u2019\u00eatre humain en tant que vivant, de sorte que l\u2019humain exc\u00e8de sa fronti\u00e8re dans l\u2019effort m\u00eame qui vise \u00e0 l\u2019\u00e9tablir. (\u2026) Il serait absurde de croire que la vie est pleinement possible sans d\u00e9pendance \u00e0 l\u2019\u00e9gard de la technologie, ce qui sugg\u00e8re que l\u2019humain, l\u2019animalit\u00e9, d\u00e9pend de la technologie pour vivre. En ce sens, nous pensons dans le cadre du cyborg lorsque nous remettons en question le statut de l\u2019humain et celui de la vie. \u00bb Judith Butler, D\u00e9faire le genre<br \/>\n  \n<\/div>\n<p>\n  \n<\/p>\n<div align=\"center\"><font size=\"4\">Dandy dust de Hans Scheirl <\/font><br \/>\n  <br \/>(Autriche, 94\u2019, vid\u00e9o, 1992- 1998)<br \/>\n  <br \/><font color=\"#cc0066\"><strong><\/strong><\/font><br \/>\n  \n<\/div>\n<div align=\"justify\">\n<p>\n  <img decoding=\"async\" hspace=\"5\" border=\"0\" align=\"left\" vspace=\"5\" src=\"https:\/\/www.lepeuplequimanque.org\/festivalqueer\/images\/dandydust.jpg\" \/>\u00ab La plan\u00e8te 3075 est un \u00eatre cybern\u00e9tique et hermaphrodite. Dans sa vessie, les habitants humano\u00efdes \u00e9changent des fluides vitaux entre eux et avec le corps qui les accueille. De nombreux \u00e9ons tournent en \u00e9ternelles boucles.&nbsp; D\u00e9sormais Dust fait enti\u00e8rement partie de cette structure poly-orgiastique. \u00bb Le narrateur de Dandy Dust<br \/>\n  <br \/>Une personnalit\u00e9 cyborg, schiz\u00e9e, gender-fluid, passe en trombe \u00e0 travers le temps pour collecter ses MOIs dans une lutte contre une super-m\u00e8re hant\u00e9e par sa g\u00e9n\u00e9alogie. Inspir\u00e9 par Hong Kong, les s\u00e9ries de live-action tir\u00e9es des mangas japonais, les splatter films (films d\u2019horreur), le queer underground, le f\u00e9minisme et l\u2019Actionnisme viennois, Dandy Dust est un bijou de long-m\u00e9trage, transgenre, science-fictionnesque, dont l\u2019hybridation entre les genres n\u2019a d\u2019\u00e9gales que la sophistication et la beaut\u00e9 des proc\u00e9d\u00e9s de fabrication, un travail somptueux autour des couleurs et des mati\u00e8res, un sens de l\u2019exag\u00e9ration le plus camp et la po\u00e9tique et violente crudit\u00e9 d\u2019un univers sexuel prolif\u00e9rant.<br \/>\n  <br \/>Hans Scheirl est cin\u00e9aste, peintre et \u00e9crivain anglo-autrichien. Il a particip\u00e9 notamment aux films Venus Boyz et Pansexual Public porn que nous projetons pendant ce festival. Il est auteur de The Manifesto for The Dada of the Cyborg-Embrio.\n  <\/p>\n<p><font color=\"#cc0066\"><strong>Nous nous retrouverons autour d&#8217;un verre offert par le festival \u00e0 l&#8217;issue de la projection !<\/strong><\/font>\n<\/p>\n<\/div>\n<p>&nbsp;\n<\/p>","protected":false},"excerpt":{"rendered":"<p>Mercredi 21 Mars Cloture 20h Cin\u00e9ma cyborg \u00ab Pour que l\u2019humain soit humain, il doit \u00eatre en relation&#8230;<\/p>\n","protected":false},"author":1,"featured_media":0,"parent":80,"menu_order":6,"comment_status":"closed","ping_status":"closed","template":"page-left-sidebar-parents.php","meta":{"footnotes":""},"categories":[],"tags":[],"class_list":["post-99","page","type-page","status-publish"],"aioseo_notices":[],"_links":{"self":[{"href":"https:\/\/www.lepeuplequimanque.org\/en\/wp-json\/wp\/v2\/pages\/99","targetHints":{"allow":["GET"]}}],"collection":[{"href":"https:\/\/www.lepeuplequimanque.org\/en\/wp-json\/wp\/v2\/pages"}],"about":[{"href":"https:\/\/www.lepeuplequimanque.org\/en\/wp-json\/wp\/v2\/types\/page"}],"author":[{"embeddable":true,"href":"https:\/\/www.lepeuplequimanque.org\/en\/wp-json\/wp\/v2\/users\/1"}],"replies":[{"embeddable":true,"href":"https:\/\/www.lepeuplequimanque.org\/en\/wp-json\/wp\/v2\/comments?post=99"}],"version-history":[{"count":0,"href":"https:\/\/www.lepeuplequimanque.org\/en\/wp-json\/wp\/v2\/pages\/99\/revisions"}],"up":[{"embeddable":true,"href":"https:\/\/www.lepeuplequimanque.org\/en\/wp-json\/wp\/v2\/pages\/80"}],"wp:attachment":[{"href":"https:\/\/www.lepeuplequimanque.org\/en\/wp-json\/wp\/v2\/media?parent=99"}],"wp:term":[{"taxonomy":"category","embeddable":true,"href":"https:\/\/www.lepeuplequimanque.org\/en\/wp-json\/wp\/v2\/categories?post=99"},{"taxonomy":"post_tag","embeddable":true,"href":"https:\/\/www.lepeuplequimanque.org\/en\/wp-json\/wp\/v2\/tags?post=99"}],"curies":[{"name":"wp","href":"https:\/\/api.w.org\/{rel}","templated":true}]}}